{"id":29990,"date":"2025-12-25T09:33:53","date_gmt":"2025-12-25T01:33:53","guid":{"rendered":"https:\/\/ulpmat.com\/product\/carbonate-de-nickelii\/"},"modified":"2025-12-25T09:33:53","modified_gmt":"2025-12-25T01:33:53","slug":"carbonate-de-nickelii","status":"publish","type":"product","link":"https:\/\/ulpmat.com\/fr\/produit\/carbonate-de-nickelii\/","title":{"rendered":"Carbonate de nickel(II)"},"content":{"rendered":"<h2><span style=\"font-size: 14pt;\">Pr\u00e9sentation de la poudre de carbonate de nickel<\/span><\/h2>\n<p>La poudre<br \/>\n<span style=\"color: #0000ff;\"><a style=\"color: #0000ff;\" href=\"https:\/\/ulpmat.com\/fr\/recherche\/?type=name&#038;keyword=Nickel%28II%29+carbonate\">de carbonate de nickel<\/a><\/span><br \/>\nest un carbonate de nickel de haute puret\u00e9 largement utilis\u00e9 dans la pr\u00e9paration de catalyseurs, les pr\u00e9curseurs de nickel et la recherche et le d\u00e9veloppement de mat\u00e9riaux fonctionnels.<\/p>\n<p>Nous proposons de la poudre NiCO3 dans diff\u00e9rentes puret\u00e9s et tailles de particules, et nous vous aidons \u00e0 optimiser la formulation des mat\u00e9riaux et vous conseillons sur les processus. Veuillez <span style=\"color: #0000ff;\"><a style=\"color: #0000ff;\" href=\"https:\/\/ulpmat.com\/fr\/contactez-nous\/\">nous contacter<\/a><\/span><br \/>\npour obtenir des sp\u00e9cifications d\u00e9taill\u00e9es et des devis.<\/p>\n<h2><span style=\"font-size: 14pt;\">Points forts du produit<\/span><\/h2>\n<p>Haute puret\u00e9 et stabilit\u00e9<br \/>\nDistribution uniforme de la poudre<br \/>\nBonne performance de d\u00e9composition thermique<br \/>\nConversion facile en nickel m\u00e9tallique<br \/>\nCoh\u00e9rence fiable des lots<br \/>\nStock suffisant, produits personnalisables disponibles<br \/>\nForte adaptabilit\u00e9 des processus<\/p>\n<h2><span style=\"font-size: 14pt;\">Applications de la poudre de carbonate de nickel<\/span><\/h2>\n<p>Pr\u00e9paration de catalyseurs : la poudre de NiCO3 peut \u00eatre utilis\u00e9e pour pr\u00e9parer divers catalyseurs, am\u00e9liorant ainsi l&rsquo;activit\u00e9 et la s\u00e9lectivit\u00e9 catalytiques.<br \/>\nPr\u00e9curseur de nickel : convient comme pr\u00e9curseur pour la pr\u00e9paration du nickel, garantissant une d\u00e9composition thermique uniforme et une puret\u00e9 m\u00e9tallique.<br \/>\nD\u00e9veloppement de mat\u00e9riaux fonctionnels : peut \u00eatre utilis\u00e9 pour pr\u00e9parer des couches fonctionnelles dans des mat\u00e9riaux \u00e9lectroniques et des mat\u00e9riaux composites, am\u00e9liorant la conductivit\u00e9 ou les propri\u00e9t\u00e9s magn\u00e9tiques.<br \/>\nRecherche scientifique et \u00e9tude des mat\u00e9riaux : la poudre convient \u00e0 la recherche et au d\u00e9veloppement en laboratoire et \u00e0 l&rsquo;exploration de nouveaux mat\u00e9riaux, utilis\u00e9e pour l&rsquo;\u00e9valuation des performances et l&rsquo;optimisation des processus.<\/p>\n<h2><span style=\"color: #0000ff;\"><a style=\"color: #0000ff;\" href=\"https:\/\/ulpmat.com\/fr\/societe\/faq\/\"><span style=\"font-size: 14pt;\">FAQ<\/span><\/a><\/span><\/h2>\n<p>Q1 : Dans quels domaines la poudre de NiCO\u2083 est-elle principalement utilis\u00e9e ?<br \/>\nA1 : Couramment utilis\u00e9e dans les catalyseurs, les pr\u00e9curseurs de nickel, les mat\u00e9riaux fonctionnels et les exp\u00e9riences de recherche scientifique.<\/p>\n<p>Q2 : Quelles sont les conditions requises pour le stockage de la poudre ?<br \/>\nA2 : Il est recommand\u00e9 de la stocker dans un endroit sec et herm\u00e9tique, en \u00e9vitant l&rsquo;humidit\u00e9 et une exposition prolong\u00e9e \u00e0 l&rsquo;air.<\/p>\n<p>Q3 : La poudre de NiCO\u2083 doit-elle \u00eatre trait\u00e9e avant utilisation ?<br \/>\nA3 : Elle peut g\u00e9n\u00e9ralement \u00eatre utilis\u00e9e directement. Elle peut \u00eatre dispers\u00e9e ou dissoute en fonction des exigences du processus.<\/p>\n<p>Q4 : En quoi le NiCO\u2083 diff\u00e8re-t-il des autres compos\u00e9s de nickel ?<br \/>\nA4 : Le NiCO\u2083 est du carbonate de nickel, qui est thermod\u00e9gradable. Il peut \u00eatre utilis\u00e9 comme pr\u00e9curseur de nickel ou comme catalyseur, et ses propri\u00e9t\u00e9s diff\u00e8rent de celles des oxydes ou des borures.<\/p>\n<h2><span style=\"font-size: 14pt;\">Rapport<\/span><\/h2>\n<p>Chaque lot est fourni avec :<br \/>\n<span style=\"color: #0000ff;\"><a style=\"color: #0000ff;\" href=\"https:\/\/ulpmat.com\/fr\/documents\/certificat-danalyse\/\"><u>Certificat d&rsquo;analyse (COA)<\/u><\/a><\/span><\/p>\n<p><span style=\"color: #0000ff;\"><a style=\"color: #0000ff;\" href=\"https:\/\/ulpmat.com\/fr\/documents\/fiche-technique\/\"><u>Fiche technique (TDS)<\/u><\/a><\/span><\/p>\n<p><span style=\"color: #0000ff;\"><a style=\"color: #0000ff;\" href=\"https:\/\/ulpmat.com\/fr\/documents\/fiche-de-donnees-de-securite\/\"><u>Fiche de donn\u00e9es de s\u00e9curit\u00e9 (MSDS)<\/u><\/a><\/span><br \/>\nRapports d&rsquo;essais effectu\u00e9s par des tiers disponibles sur demande<\/p>\n<h2><span style=\"font-size: 14pt;\">Pourquoi nous choisir ?<\/span><\/h2>\n<p>Nous avons une grande exp\u00e9rience dans la fourniture de carbonates de nickel et de poudres fonctionnelles. Nous fournissons de la poudre de NiCO3 de haute puret\u00e9 dans des sp\u00e9cifications personnalis\u00e9es, associ\u00e9e \u00e0 une assistance technique compl\u00e8te, afin d&rsquo;aider nos clients \u00e0 obtenir des propri\u00e9t\u00e9s mat\u00e9rielles stables et efficaces dans la pr\u00e9paration de catalyseurs, les pr\u00e9curseurs de nickel et les exp\u00e9riences de recherche scientifique.<\/p>\n","protected":false},"excerpt":{"rendered":"<p>Pr\u00e9sentation de la poudre de carbonate de nickel La poudre de carbonate de nickel est un carbonate de nickel de haute puret\u00e9 largement utilis\u00e9 dans la pr\u00e9paration de catalyseurs, les pr\u00e9curseurs de nickel et la recherche et le d\u00e9veloppement de mat\u00e9riaux fonctionnels. Nous proposons de la poudre NiCO3 dans diff\u00e9rentes puret\u00e9s et tailles de particules, [&hellip;]<\/p>\n","protected":false},"featured_media":29991,"template":"","meta":{"_acf_changed":false},"product_brand":[132],"product_cat":[1184],"product_tag":[2747],"class_list":{"0":"post-29990","1":"product","2":"type-product","3":"status-publish","4":"has-post-thumbnail","6":"product_brand-ulpmat","7":"product_cat-autres-acides","8":"product_tag-carbonate-de-nickelii-poudre","10":"first","11":"instock","12":"shipping-taxable","13":"product-type-variable"},"acf":[],"_links":{"self":[{"href":"https:\/\/ulpmat.com\/fr\/wp-json\/wp\/v2\/product\/29990","targetHints":{"allow":["GET"]}}],"collection":[{"href":"https:\/\/ulpmat.com\/fr\/wp-json\/wp\/v2\/product"}],"about":[{"href":"https:\/\/ulpmat.com\/fr\/wp-json\/wp\/v2\/types\/product"}],"wp:featuredmedia":[{"embeddable":true,"href":"https:\/\/ulpmat.com\/fr\/wp-json\/wp\/v2\/media\/29991"}],"wp:attachment":[{"href":"https:\/\/ulpmat.com\/fr\/wp-json\/wp\/v2\/media?parent=29990"}],"wp:term":[{"taxonomy":"product_brand","embeddable":true,"href":"https:\/\/ulpmat.com\/fr\/wp-json\/wp\/v2\/product_brand?post=29990"},{"taxonomy":"product_cat","embeddable":true,"href":"https:\/\/ulpmat.com\/fr\/wp-json\/wp\/v2\/product_cat?post=29990"},{"taxonomy":"product_tag","embeddable":true,"href":"https:\/\/ulpmat.com\/fr\/wp-json\/wp\/v2\/product_tag?post=29990"}],"curies":[{"name":"wp","href":"https:\/\/api.w.org\/{rel}","templated":true}]}}