{"id":29798,"date":"2025-12-25T09:33:56","date_gmt":"2025-12-25T01:33:56","guid":{"rendered":"https:\/\/ulpmat.com\/product\/chromite-de-nickel-oxyde-de-nickel-et-de-chrome\/"},"modified":"2025-12-25T09:33:56","modified_gmt":"2025-12-25T01:33:56","slug":"chromite-de-nickel-oxyde-de-nickel-et-de-chrome","status":"publish","type":"product","link":"https:\/\/ulpmat.com\/fr\/produit\/chromite-de-nickel-oxyde-de-nickel-et-de-chrome\/","title":{"rendered":"Chromite de nickel (oxyde de nickel et de chrome)"},"content":{"rendered":"<h2><span style=\"font-size: 14pt;\">Pr\u00e9sentation de la poudre d&rsquo;oxyde de nickel-chrome<\/span><\/h2>\n<p>La poudre<br \/>\n<span style=\"color: #0000ff;\"><a style=\"color: #0000ff;\" href=\"https:\/\/ulpmat.com\/fr\/recherche\/?type=name&#038;keyword=Nickel+Chromium+Oxide\">d&rsquo;oxyde de nickel-chrome<\/a><\/span><br \/>\nest un oxyde de nickel-chrome de haute puret\u00e9 largement utilis\u00e9 dans la pr\u00e9paration de mat\u00e9riaux c\u00e9ramiques, d&rsquo;\u00e9lectrodes et de rev\u00eatements fonctionnels.<\/p>\n<p>Nous proposons de la poudre NiCr2O4 dans diff\u00e9rentes tailles de particules et diff\u00e9rents degr\u00e9s de puret\u00e9, et nous prenons en charge la personnalisation des mat\u00e9riaux et l&rsquo;optimisation des processus. Veuillez <span style=\"color: #0000ff;\"><a style=\"color: #0000ff;\" href=\"https:\/\/ulpmat.com\/fr\/contactez-nous\/\">nous contacter<\/a><\/span><br \/>\npour obtenir des sp\u00e9cifications d\u00e9taill\u00e9es et des devis.<\/p>\n<h2><span style=\"font-size: 14pt;\">Points forts du produit<\/span><\/h2>\n<p>Haute puret\u00e9 et stabilit\u00e9<br \/>\nDistribution uniforme de la poudre<br \/>\nExcellente stabilit\u00e9 thermique<br \/>\nPropri\u00e9t\u00e9s chimiques stables<br \/>\nFacile \u00e0 utiliser pour les applications c\u00e9ramiques et de rev\u00eatement<br \/>\nEmballage personnalisable et quantit\u00e9 minimale de commande<br \/>\nCoh\u00e9rence fiable des lots<\/p>\n<h2><span style=\"font-size: 14pt;\">Applications de la poudre d&rsquo;oxyde de nickel-chrome<\/span><\/h2>\n<p>Mat\u00e9riaux c\u00e9ramiques : la poudre NiCr2O4 peut \u00eatre utilis\u00e9e dans la pr\u00e9paration de c\u00e9ramiques fonctionnelles afin d&rsquo;am\u00e9liorer la conductivit\u00e9 et la stabilit\u00e9 thermique des mat\u00e9riaux.<br \/>\nMat\u00e9riaux pour \u00e9lectrodes : convient \u00e0 la pr\u00e9paration d&rsquo;\u00e9lectrodes \u00e9lectrochimiques et de couches conductrices, garantissant une bonne conductivit\u00e9 et une bonne stabilit\u00e9.<br \/>\nRev\u00eatements fonctionnels : Peut \u00eatre utilis\u00e9e dans des rev\u00eatements r\u00e9sistants aux temp\u00e9ratures \u00e9lev\u00e9es ou \u00e0 la corrosion afin d&rsquo;am\u00e9liorer la durabilit\u00e9 de la surface et la stabilit\u00e9 chimique.<br \/>\nRecherche scientifique et d\u00e9veloppement de nouveaux mat\u00e9riaux : La poudre convient \u00e0 la recherche en laboratoire et au d\u00e9veloppement de nouveaux mat\u00e9riaux fonctionnels pour l&rsquo;\u00e9valuation des performances et l&rsquo;optimisation des processus.<\/p>\n<h2><span style=\"color: #0000ff;\"><a style=\"color: #0000ff;\" href=\"https:\/\/ulpmat.com\/fr\/societe\/faq\/\"><span style=\"font-size: 14pt;\">FAQ<\/span><\/a><\/span><\/h2>\n<p>Q1 : Dans quels domaines la poudre NiCr2O4 est-elle principalement utilis\u00e9e ?<br \/>\nA1 : Couramment utilis\u00e9e dans les mat\u00e9riaux c\u00e9ramiques, les \u00e9lectrodes, les rev\u00eatements fonctionnels et les exp\u00e9riences de recherche scientifique.<\/p>\n<p>Q2 : Comment la poudre se comporte-t-elle \u00e0 haute temp\u00e9rature ?<br \/>\nR2 : Elle pr\u00e9sente une excellente stabilit\u00e9 thermique et chimique et peut \u00eatre utilis\u00e9e pendant de longues p\u00e9riodes dans des environnements \u00e0 haute temp\u00e9rature.<\/p>\n<p>Q3 : La poudre de NiCr\u2082O\u2084 doit-elle \u00eatre trait\u00e9e avant utilisation ?<br \/>\nR3 : Elle peut g\u00e9n\u00e9ralement \u00eatre utilis\u00e9e directement, mais peut \u00eatre dispers\u00e9e ou m\u00e9lang\u00e9e selon les exigences du processus.<\/p>\n<p>Q4 : Quelles sont les diff\u00e9rences entre le NiCr\u2082O\u2084 et les autres compos\u00e9s de nickel-chrome ?<br \/>\nR4 : Le NiCr\u2082O\u2084 est un oxyde pr\u00e9sentant une stabilit\u00e9 thermique et chimique \u00e9lev\u00e9e, adapt\u00e9 aux applications c\u00e9ramiques et aux rev\u00eatements \u00e0 haute temp\u00e9rature, plut\u00f4t qu&rsquo;aux mat\u00e9riaux non m\u00e9talliques ou carbonat\u00e9s.<\/p>\n<h2><span style=\"font-size: 14pt;\">Rapport<\/span><\/h2>\n<p>Chaque lot est fourni avec :<br \/>\n<span style=\"color: #0000ff;\"><a style=\"color: #0000ff;\" href=\"https:\/\/ulpmat.com\/fr\/documents\/certificat-danalyse\/\"><u>Certificat d&rsquo;analyse (COA)<\/u><\/a><\/span><\/p>\n<p><span style=\"color: #0000ff;\"><a style=\"color: #0000ff;\" href=\"https:\/\/ulpmat.com\/fr\/documents\/fiche-technique\/\"><u>Fiche technique (TDS)<\/u><\/a><\/span><\/p>\n<p><span style=\"color: #0000ff;\"><a style=\"color: #0000ff;\" href=\"https:\/\/ulpmat.com\/fr\/documents\/fiche-de-donnees-de-securite\/\"><u>Fiche de donn\u00e9es de s\u00e9curit\u00e9 (MSDS)<\/u><\/a><\/span><br \/>\nRapports d&rsquo;essais effectu\u00e9s par des tiers disponibles sur demande<\/p>\n<h2><span style=\"font-size: 14pt;\">Pourquoi nous choisir ?<\/span><\/h2>\n<p>Nous avons une grande exp\u00e9rience dans la fourniture d&rsquo;oxydes de nickel-chrome et de poudres fonctionnelles. Nous proposons des poudres NiCr\u2082O\u2084 de haute puret\u00e9 et haute performance dans des sp\u00e9cifications personnalis\u00e9es, ainsi qu&rsquo;une assistance technique compl\u00e8te, afin d&rsquo;aider nos clients \u00e0 obtenir des propri\u00e9t\u00e9s mat\u00e9rielles stables et efficaces dans les applications c\u00e9ramiques, \u00e9lectrodes et rev\u00eatements fonctionnels.<\/p>\n","protected":false},"excerpt":{"rendered":"<p>Pr\u00e9sentation de la poudre d&rsquo;oxyde de nickel-chrome La poudre d&rsquo;oxyde de nickel-chrome est un oxyde de nickel-chrome de haute puret\u00e9 largement utilis\u00e9 dans la pr\u00e9paration de mat\u00e9riaux c\u00e9ramiques, d&rsquo;\u00e9lectrodes et de rev\u00eatements fonctionnels. Nous proposons de la poudre NiCr2O4 dans diff\u00e9rentes tailles de particules et diff\u00e9rents degr\u00e9s de puret\u00e9, et nous prenons en charge la [&hellip;]<\/p>\n","protected":false},"featured_media":29799,"template":"","meta":{"_acf_changed":false},"product_brand":[132],"product_cat":[1184],"product_tag":[2711],"class_list":{"0":"post-29798","1":"product","2":"type-product","3":"status-publish","4":"has-post-thumbnail","6":"product_brand-ulpmat","7":"product_cat-autres-acides","8":"product_tag-poudre-de-chromite-de-nickel-oxyde-de-nickel-et-de-chrome","10":"first","11":"instock","12":"shipping-taxable","13":"product-type-variable"},"acf":[],"_links":{"self":[{"href":"https:\/\/ulpmat.com\/fr\/wp-json\/wp\/v2\/product\/29798","targetHints":{"allow":["GET"]}}],"collection":[{"href":"https:\/\/ulpmat.com\/fr\/wp-json\/wp\/v2\/product"}],"about":[{"href":"https:\/\/ulpmat.com\/fr\/wp-json\/wp\/v2\/types\/product"}],"wp:featuredmedia":[{"embeddable":true,"href":"https:\/\/ulpmat.com\/fr\/wp-json\/wp\/v2\/media\/29799"}],"wp:attachment":[{"href":"https:\/\/ulpmat.com\/fr\/wp-json\/wp\/v2\/media?parent=29798"}],"wp:term":[{"taxonomy":"product_brand","embeddable":true,"href":"https:\/\/ulpmat.com\/fr\/wp-json\/wp\/v2\/product_brand?post=29798"},{"taxonomy":"product_cat","embeddable":true,"href":"https:\/\/ulpmat.com\/fr\/wp-json\/wp\/v2\/product_cat?post=29798"},{"taxonomy":"product_tag","embeddable":true,"href":"https:\/\/ulpmat.com\/fr\/wp-json\/wp\/v2\/product_tag?post=29798"}],"curies":[{"name":"wp","href":"https:\/\/api.w.org\/{rel}","templated":true}]}}