{"id":29576,"date":"2025-12-25T09:34:03","date_gmt":"2025-12-25T01:34:03","guid":{"rendered":"https:\/\/ulpmat.com\/product\/fluorure-de-nickel\/"},"modified":"2025-12-25T09:34:03","modified_gmt":"2025-12-25T01:34:03","slug":"fluorure-de-nickel","status":"publish","type":"product","link":"https:\/\/ulpmat.com\/fr\/produit\/fluorure-de-nickel\/","title":{"rendered":"Fluorure de nickel"},"content":{"rendered":"<h2><span style=\"font-size: 14pt;\">Pr\u00e9sentation de la poudre de fluorure de nickel<\/span><\/h2>\n<p>La poudre<br \/>\n<span style=\"color: #0000ff;\"><a style=\"color: #0000ff;\" href=\"https:\/\/ulpmat.com\/fr\/recherche\/?type=name&#038;keyword=Nickel+fluoride\">de fluorure de nickel<\/a><\/span><br \/>\nest un sel de nickel inorganique important, principalement utilis\u00e9 dans la pr\u00e9paration de mat\u00e9riaux fonctionnels, la synth\u00e8se chimique et les proc\u00e9d\u00e9s de rev\u00eatement avanc\u00e9s.<\/p>\n<p>Nous pouvons fournir de mani\u00e8re stable de la poudre de fluorure de nickel de diff\u00e9rentes puret\u00e9s et tailles de particules, et r\u00e9pondre \u00e0 des besoins personnalis\u00e9s. N&rsquo;h\u00e9sitez pas \u00e0 <span style=\"color: #0000ff;\"><a style=\"color: #0000ff;\" href=\"https:\/\/ulpmat.com\/fr\/contactez-nous\/\">nous contacter<\/a><\/span><br \/>\npour obtenir des informations <span style=\"color: #0000ff;\"><a style=\"color: #0000ff;\" href=\"https:\/\/ulpmat.com\/fr\/service\/support-technique\/\">techniques<\/a><\/span><br \/>\net des devis.<\/p>\n<h2><span style=\"font-size: 14pt;\">Points forts du produit<\/span><\/h2>\n<p>Composition chimique stable<br \/>\nR\u00e9partition uniforme des particules<br \/>\nContr\u00f4le strict des impuret\u00e9s m\u00e9talliques<br \/>\nConvient aux processus chimiques fins<br \/>\nBonne coh\u00e9rence des lots<br \/>\nUtilisable dans divers syst\u00e8mes \u00e0 haute temp\u00e9rature ou de r\u00e9action<\/p>\n<h2><span style=\"font-size: 14pt;\">Applications de la poudre de fluorure de nickel<\/span><\/h2>\n<p>Synth\u00e8se de mat\u00e9riaux fonctionnels : ce mat\u00e9riau est souvent utilis\u00e9 comme pr\u00e9curseur de compos\u00e9s fonctionnels contenant du nickel pour pr\u00e9parer des mat\u00e9riaux inorganiques ayant des propri\u00e9t\u00e9s \u00e9lectriques ou magn\u00e9tiques sp\u00e9cifiques.<br \/>\nCatalyse et interm\u00e9diaires de r\u00e9actions chimiques : dans divers syst\u00e8mes de r\u00e9action \u00e0 base de nickel ou de fluoration, il peut participer au processus de r\u00e9action en tant que r\u00e9actif stable ou interm\u00e9diaire cl\u00e9.<br \/>\nTraitements de surface et processus de rev\u00eatement : dans certains processus de modification de surface m\u00e9tallique et de rev\u00eatement sp\u00e9cial, il est utilis\u00e9 pour introduire des \u00e9l\u00e9ments de nickel et de fluor afin d&rsquo;am\u00e9liorer la r\u00e9sistance \u00e0 la corrosion ou les propri\u00e9t\u00e9s structurelles.<br \/>\nRecherche scientifique et applications en laboratoire : largement utilis\u00e9 en chimie inorganique, en science des mat\u00e9riaux et dans la recherche sur les m\u00e9canismes de r\u00e9action dans les universit\u00e9s et les instituts de recherche.<\/p>\n<h2><span style=\"color: #0000ff;\"><a style=\"color: #0000ff;\" href=\"https:\/\/ulpmat.com\/fr\/societe\/faq\/\"><span style=\"font-size: 14pt;\">FAQ<\/span><\/a><\/span><\/h2>\n<p>Q1 : La poudre de fluorure de nickel est-elle hygroscopique ?<br \/>\nA1 : Ce produit est chimiquement stable \u00e0 temp\u00e9rature ambiante, mais il est recommand\u00e9 de le conserver dans un r\u00e9cipient herm\u00e9tique dans un environnement sec afin de maintenir des performances optimales.<\/p>\n<p>Q2 : Peut-il \u00eatre utilis\u00e9 dans des syst\u00e8mes de r\u00e9action \u00e0 haute temp\u00e9rature ?<br \/>\nR2 : Dans des conditions de traitement appropri\u00e9es, il peut \u00eatre utilis\u00e9 dans des applications \u00e0 haute temp\u00e9rature. La plage de temp\u00e9rature sp\u00e9cifique doit \u00eatre \u00e9valu\u00e9e en fonction du syst\u00e8me de r\u00e9action r\u00e9el.<\/p>\n<p>Q3 : Le produit prend-il en charge diff\u00e9rentes sp\u00e9cifications de taille de particules ?<br \/>\nR3 : Oui, nous pouvons fournir des solutions de produits avec diff\u00e9rentes plages de taille de particules en fonction des exigences de l&rsquo;application.<\/p>\n<p>Q4 : Est-il adapt\u00e9 \u00e0 une utilisation \u00e0 des fins de recherche ?<br \/>\nR4 : Oui, la puret\u00e9 et la consistance du produit r\u00e9pondent aux exigences de la plupart des applications en laboratoire et en R&amp;D.<\/p>\n<h2><span style=\"font-size: 14pt;\">Rapports<\/span><\/h2>\n<p>Chaque lot est fourni avec :<br \/>\n<span style=\"color: #0000ff;\"><a style=\"color: #0000ff;\" href=\"https:\/\/ulpmat.com\/fr\/documents\/certificat-danalyse\/\"><u>Certificat d&rsquo;analyse (COA)<\/u><\/a><\/span><\/p>\n<p><span style=\"color: #0000ff;\"><a style=\"color: #0000ff;\" href=\"https:\/\/ulpmat.com\/fr\/documents\/fiche-technique\/\"><u>Fiche technique (TDS)<\/u><\/a><\/span><\/p>\n<p><span style=\"color: #0000ff;\"><a style=\"color: #0000ff;\" href=\"https:\/\/ulpmat.com\/fr\/documents\/fiche-de-donnees-de-securite\/\"><u>Fiche de donn\u00e9es de s\u00e9curit\u00e9 (MSDS)<\/u><\/a><\/span><br \/>\nRapports d&rsquo;essais effectu\u00e9s par des tiers disponibles sur demande<\/p>\n<h2><span style=\"font-size: 14pt;\">Pourquoi nous choisir ?<\/span><\/h2>\n<p>Nous nous concentrons sur la stabilit\u00e9 de l&rsquo;approvisionnement et le contr\u00f4le de la qualit\u00e9 des mati\u00e8res premi\u00e8res chimiques inorganiques, nous mettons l&rsquo;accent sur la transparence des param\u00e8tres <span style=\"color: #0000ff;\"><a style=\"color: #0000ff;\" href=\"https:\/\/ulpmat.com\/fr\/service\/support-technique\/\">techniques<\/a><\/span><br \/>\net la gestion de la coh\u00e9rence des lots, et nous sommes en mesure de fournir \u00e0 nos clients des m<\/p>\n","protected":false},"excerpt":{"rendered":"<p>Pr\u00e9sentation de la poudre de fluorure de nickel La poudre de fluorure de nickel est un sel de nickel inorganique important, principalement utilis\u00e9 dans la pr\u00e9paration de mat\u00e9riaux fonctionnels, la synth\u00e8se chimique et les proc\u00e9d\u00e9s de rev\u00eatement avanc\u00e9s. Nous pouvons fournir de mani\u00e8re stable de la poudre de fluorure de nickel de diff\u00e9rentes puret\u00e9s et [&hellip;]<\/p>\n","protected":false},"featured_media":29577,"template":"","meta":{"_acf_changed":false},"product_brand":[132],"product_cat":[313],"product_tag":[2651],"class_list":{"0":"post-29576","1":"product","2":"type-product","3":"status-publish","4":"has-post-thumbnail","6":"product_brand-ulpmat","7":"product_cat-materiaux-halogenes","8":"product_tag-poudre-de-fluorure-de-nickel","10":"first","11":"instock","12":"shipping-taxable","13":"product-type-variable"},"acf":[],"_links":{"self":[{"href":"https:\/\/ulpmat.com\/fr\/wp-json\/wp\/v2\/product\/29576","targetHints":{"allow":["GET"]}}],"collection":[{"href":"https:\/\/ulpmat.com\/fr\/wp-json\/wp\/v2\/product"}],"about":[{"href":"https:\/\/ulpmat.com\/fr\/wp-json\/wp\/v2\/types\/product"}],"wp:featuredmedia":[{"embeddable":true,"href":"https:\/\/ulpmat.com\/fr\/wp-json\/wp\/v2\/media\/29577"}],"wp:attachment":[{"href":"https:\/\/ulpmat.com\/fr\/wp-json\/wp\/v2\/media?parent=29576"}],"wp:term":[{"taxonomy":"product_brand","embeddable":true,"href":"https:\/\/ulpmat.com\/fr\/wp-json\/wp\/v2\/product_brand?post=29576"},{"taxonomy":"product_cat","embeddable":true,"href":"https:\/\/ulpmat.com\/fr\/wp-json\/wp\/v2\/product_cat?post=29576"},{"taxonomy":"product_tag","embeddable":true,"href":"https:\/\/ulpmat.com\/fr\/wp-json\/wp\/v2\/product_tag?post=29576"}],"curies":[{"name":"wp","href":"https:\/\/api.w.org\/{rel}","templated":true}]}}