{"id":29462,"date":"2025-12-25T09:34:05","date_gmt":"2025-12-25T01:34:05","guid":{"rendered":"https:\/\/ulpmat.com\/product\/ferrite-de-nickel-oxyde-de-fer-et-de-nickel-2\/"},"modified":"2025-12-25T09:34:05","modified_gmt":"2025-12-25T01:34:05","slug":"ferrite-de-nickel-oxyde-de-fer-et-de-nickel-2","status":"publish","type":"product","link":"https:\/\/ulpmat.com\/fr\/produit\/ferrite-de-nickel-oxyde-de-fer-et-de-nickel-2\/","title":{"rendered":"Ferrite de nickel (oxyde de fer et de nickel)"},"content":{"rendered":"<h2><span style=\"font-size: 14pt;\">Poudre de ferrite de nickel Pr\u00e9sentation<\/span><\/h2>\n<p>La poudre<br \/>\n<span style=\"color: #0000ff;\"><a style=\"color: #0000ff;\" href=\"https:\/\/ulpmat.com\/fr\/recherche\/?type=name&#038;keyword=Nickel+ferrite\">de ferrite de nickel<\/a><\/span><br \/>\nest un mat\u00e9riau \u00e0 base d&rsquo;oxyde de nickel et de fer \u00e0 structure spinelle, couramment utilis\u00e9 dans la recherche sur les mat\u00e9riaux magn\u00e9tiques et les applications fonctionnelles des oxydes.<\/p>\n<p>Nous pouvons fournir de mani\u00e8re stable de la poudre NiFe2O4 dans diff\u00e9rentes tailles de particules et diff\u00e9rents degr\u00e9s de puret\u00e9, ce qui permet de choisir les sp\u00e9cifications en fonction de l&rsquo;application. Veuillez <span style=\"color: #0000ff;\"><a style=\"color: #0000ff;\" href=\"https:\/\/ulpmat.com\/fr\/contactez-nous\/\">nous contacter<\/a><\/span><br \/>\npour obtenir des informations d\u00e9taill\u00e9es.<\/p>\n<h2><span style=\"font-size: 14pt;\">Points forts du produit<\/span><\/h2>\n<p>Structure spinelle stable<br \/>\nPropri\u00e9t\u00e9s magn\u00e9tiques uniformes<br \/>\nBonne dispersibilit\u00e9 de la poudre<br \/>\nMorphologie des particules contr\u00f4lable<br \/>\nConvient \u00e0 divers proc\u00e9d\u00e9s de frittage Conditionnement et tailles de lots<br \/>\n<span style=\"color: #0000ff;\"><a style=\"color: #0000ff;\" href=\"https:\/\/ulpmat.com\/fr\/service\/personnalisation\/\">personnalisables<\/a><\/span><\/p>\n<p>Coh\u00e9rence fiable des lots<\/p>\n<h2><span style=\"font-size: 14pt;\">Applications de la poudre de ferrite de nickel<\/span><\/h2>\n<p>Mat\u00e9riaux \u00e0 base d&rsquo;oxyde magn\u00e9tique : couramment utilis\u00e9s comme mati\u00e8re premi\u00e8re de base pour les mat\u00e9riaux magn\u00e9tiques doux ou ferrites, pour l&rsquo;\u00e9tude des caract\u00e9ristiques de r\u00e9ponse magn\u00e9tique et la r\u00e9gulation des performances des mat\u00e9riaux.<br \/>\nC\u00e9ramiques \u00e9lectroniques et fonctionnelles : peut \u00eatre utilis\u00e9 dans les c\u00e9ramiques fonctionnelles ou les syst\u00e8mes de mat\u00e9riaux li\u00e9s \u00e0 l&rsquo;\u00e9lectronique pour optimiser les propri\u00e9t\u00e9s magn\u00e9tiques et \u00e9lectriques globales des mat\u00e9riaux.<br \/>\nRecherche sur la catalyse et les supports fonctionnels : utilis\u00e9 comme mat\u00e9riau oxyde structurellement stable dans certaines recherches sur la catalyse ou les supports fonctionnels.<br \/>\nRecherche scientifique et recherche en laboratoire : convient \u00e0 la recherche fondamentale sur le magn\u00e9tisme des oxydes, l&rsquo;\u00e9volution structurelle et la modification des mat\u00e9riaux dans les universit\u00e9s et les instituts de recherche.<\/p>\n<h2><span style=\"color: #0000ff;\"><a style=\"color: #0000ff;\" href=\"https:\/\/ulpmat.com\/fr\/societe\/faq\/\"><span style=\"font-size: 14pt;\">FAQ<\/span><\/a><\/span><\/h2>\n<p>Q1 : \u00c0 quel type de structure mat\u00e9rielle appartient la poudre de NiFe2O4 ?<br \/>\nA1 : Ce mat\u00e9riau est un oxyde de nickel-fer \u00e0 structure spinelle typique, dot\u00e9 d&rsquo;une bonne stabilit\u00e9 structurelle.<\/p>\n<p>Q2 : Convient-il au frittage \u00e0 haute temp\u00e9rature ?<br \/>\nA2 : Dans des conditions de traitement appropri\u00e9es, il convient au frittage \u00e0 haute temp\u00e9rature. La temp\u00e9rature sp\u00e9cifique doit \u00eatre d\u00e9termin\u00e9e en fonction du syst\u00e8me d&rsquo;application.<\/p>\n<p>Q3 : La taille des particules de poudre peut-elle \u00eatre s\u00e9lectionn\u00e9e ?<br \/>\nA3 : Oui, nous proposons des produits avec diff\u00e9rentes gammes de tailles de particules afin de r\u00e9pondre \u00e0 diff\u00e9rents besoins en mati\u00e8re de traitement et de recherche.<\/p>\n<p>Q4 : Convient-il aux exp\u00e9riences de niveau recherche ?<br \/>\nA4 : Oui, la puret\u00e9 du produit et la coh\u00e9rence des lots r\u00e9pondent aux besoins de la plupart des recherches en laboratoire.<\/p>\n<h2><span style=\"font-size: 14pt;\">Rapports<\/span><\/h2>\n<p>Chaque lot est fourni avec :<br \/>\n<span style=\"color: #0000ff;\"><a style=\"color: #0000ff;\" href=\"https:\/\/ulpmat.com\/fr\/documents\/certificat-danalyse\/\"><u>Certificat d&rsquo;analyse (COA)<\/u><\/a><\/span><\/p>\n<p><span style=\"color: #0000ff;\"><a style=\"color: #0000ff;\" href=\"https:\/\/ulpmat.com\/fr\/documents\/fiche-technique\/\"><u>Fiche technique (TDS)<\/u><\/a><\/span><\/p>\n<p><span style=\"color: #0000ff;\"><a style=\"color: #0000ff;\" href=\"https:\/\/ulpmat.com\/fr\/documents\/fiche-de-donnees-de-securite\/\"><u>Fiche de donn\u00e9es de s\u00e9curit\u00e9 (MSDS)<\/u><\/a><\/span><br \/>\nRapports d&rsquo;essais effectu\u00e9s par des tiers disponibles sur demande<\/p>\n<h2><span style=\"font-size: 14pt;\">Pourquoi nous choisir ?<\/span><\/h2>\n<p>Nous nous concentrons sur le contr\u00f4le de la qualit\u00e9 et l&rsquo;approvisionnement stable de poudres d&rsquo;oxydes fonctionnels, en mettant l&rsquo;accent sur la coh\u00e9rence structurelle et l&rsquo;adaptabilit\u00e9 des applications, et pouvons fournir un soutien fiable en mati\u00e8re de mat\u00e9riaux aux clients dans le domaine de <span style=\"color: #0000ff;\"><a style=\"color: #0000ff;\" href=\"https:\/\/ulpmat.com\/fr\/societe\/rd\/\">la R&amp;D<\/a><\/span><br \/>\net des applications.<\/p>\n","protected":false},"excerpt":{"rendered":"<p>Poudre de ferrite de nickel Pr\u00e9sentation La poudre de ferrite de nickel est un mat\u00e9riau \u00e0 base d&rsquo;oxyde de nickel et de fer \u00e0 structure spinelle, couramment utilis\u00e9 dans la recherche sur les mat\u00e9riaux magn\u00e9tiques et les applications fonctionnelles des oxydes. Nous pouvons fournir de mani\u00e8re stable de la poudre NiFe2O4 dans diff\u00e9rentes tailles de [&hellip;]<\/p>\n","protected":false},"featured_media":29463,"template":"","meta":{"_acf_changed":false},"product_brand":[132],"product_cat":[1184],"product_tag":[2627],"class_list":{"0":"post-29462","1":"product","2":"type-product","3":"status-publish","4":"has-post-thumbnail","6":"product_brand-ulpmat","7":"product_cat-autres-acides","8":"product_tag-poudre-de-ferrite-de-nickel-oxyde-de-fer-et-de-nickel","10":"first","11":"instock","12":"shipping-taxable","13":"product-type-variable"},"acf":[],"_links":{"self":[{"href":"https:\/\/ulpmat.com\/fr\/wp-json\/wp\/v2\/product\/29462","targetHints":{"allow":["GET"]}}],"collection":[{"href":"https:\/\/ulpmat.com\/fr\/wp-json\/wp\/v2\/product"}],"about":[{"href":"https:\/\/ulpmat.com\/fr\/wp-json\/wp\/v2\/types\/product"}],"wp:featuredmedia":[{"embeddable":true,"href":"https:\/\/ulpmat.com\/fr\/wp-json\/wp\/v2\/media\/29463"}],"wp:attachment":[{"href":"https:\/\/ulpmat.com\/fr\/wp-json\/wp\/v2\/media?parent=29462"}],"wp:term":[{"taxonomy":"product_brand","embeddable":true,"href":"https:\/\/ulpmat.com\/fr\/wp-json\/wp\/v2\/product_brand?post=29462"},{"taxonomy":"product_cat","embeddable":true,"href":"https:\/\/ulpmat.com\/fr\/wp-json\/wp\/v2\/product_cat?post=29462"},{"taxonomy":"product_tag","embeddable":true,"href":"https:\/\/ulpmat.com\/fr\/wp-json\/wp\/v2\/product_tag?post=29462"}],"curies":[{"name":"wp","href":"https:\/\/api.w.org\/{rel}","templated":true}]}}