{"id":29438,"date":"2025-12-25T09:34:30","date_gmt":"2025-12-25T01:34:30","guid":{"rendered":"https:\/\/ulpmat.com\/product\/ferrite-de-nickel-oxyde-de-fer-et-de-nickel\/"},"modified":"2025-12-25T09:34:30","modified_gmt":"2025-12-25T01:34:30","slug":"ferrite-de-nickel-oxyde-de-fer-et-de-nickel","status":"publish","type":"product","link":"https:\/\/ulpmat.com\/fr\/produit\/ferrite-de-nickel-oxyde-de-fer-et-de-nickel\/","title":{"rendered":"Ferrite de nickel (oxyde de fer et de nickel)"},"content":{"rendered":"<h2><span style=\"font-size: 14pt;\">Cible de pulv\u00e9risation en oxyde de nickel-fer Pr\u00e9sentation<\/span><\/h2>\n<p>Les cibles de pulv\u00e9risation<br \/>\n<span style=\"color: #0000ff;\"><a style=\"color: #0000ff;\" href=\"https:\/\/ulpmat.com\/fr\/recherche\/?type=name&#038;keyword=Nickel+Iron+Oxide\">en oxyde de nickel-fer<\/a><\/span><br \/>\nsont des cibles en oxyde \u00e0 structure spinelle principalement utilis\u00e9es pour le d\u00e9p\u00f4t de films minces d&rsquo;oxyde magn\u00e9tique et de couches fonctionnelles associ\u00e9es.<\/p>\n<p>Nous proposons des cibles de pulv\u00e9risation en NiFe2O4 \u00e0 haute densit\u00e9 et \u00e0 composition stable, dont la taille et la structure peuvent \u00eatre personnalis\u00e9es. Veuillez <span style=\"color: #0000ff;\"><a style=\"color: #0000ff;\" href=\"https:\/\/ulpmat.com\/fr\/contactez-nous\/\">nous contacter<\/a><\/span><br \/>\npour obtenir les param\u00e8tres techniques.<\/p>\n<h2><span style=\"font-size: 14pt;\">Points forts du produit<\/span><\/h2>\n<p>Structure en phase spinelle stable<br \/>\nDensit\u00e9 \u00e9lev\u00e9e de la cible<br \/>\nBonne coh\u00e9rence de la composition du film<br \/>\nConvient aux processus de pulv\u00e9risation d&rsquo;oxyde<br \/>\nBonne stabilit\u00e9 thermique<br \/>\n<span style=\"color: #0000ff;\"><a style=\"color: #0000ff;\" href=\"https:\/\/ulpmat.com\/fr\/service\/collage-des-cibles\/\">Liaison<\/a><\/span><br \/>\net plans arri\u00e8re personnalisables<br \/>\nTraitement personnalis\u00e9 pris en charge<\/p>\n<h2><span style=\"font-size: 14pt;\">Applications de la cible de pulv\u00e9risation en oxyde de nickel-fer<\/span><\/h2>\n<p>Films minces d&rsquo;oxyde magn\u00e9tique : couramment utilis\u00e9s pour le d\u00e9p\u00f4t de films minces magn\u00e9tiques \u00e0 base de ferrite, adapt\u00e9s aux applications n\u00e9cessitant une stabilit\u00e9 et une r\u00e9p\u00e9tabilit\u00e9 \u00e9lev\u00e9es de la r\u00e9ponse magn\u00e9tique.<br \/>\nDispositifs \u00e9lectroniques et fonctionnels : utilis\u00e9s pour former des couches fonctionnelles d&rsquo;oxyde avec des propri\u00e9t\u00e9s magn\u00e9to\u00e9lectriques sp\u00e9cifiques dans certains dispositifs \u00e9lectroniques et mat\u00e9riaux fonctionnels.<br \/>\nMat\u00e9riaux de d\u00e9tection et de contr\u00f4le magn\u00e9tique : peuvent \u00eatre utilis\u00e9s dans la pr\u00e9paration de films minces de mat\u00e9riaux magn\u00e9tiquement sensibles ou de contr\u00f4le connexes, r\u00e9pondant aux exigences en mati\u00e8re de structure et de performances contr\u00f4lables des films.<br \/>\nRecherche et d\u00e9veloppement de proc\u00e9d\u00e9s : convient \u00e0 une utilisation exp\u00e9rimentale dans les instituts de recherche pour le contr\u00f4le de la structure des films minces d&rsquo;oxyde, l&rsquo;optimisation des param\u00e8tres de pulv\u00e9risation et l&rsquo;exploration de nouveaux mat\u00e9riaux.<\/p>\n<h2><span style=\"color: #0000ff;\"><a style=\"color: #0000ff;\" href=\"https:\/\/ulpmat.com\/fr\/societe\/faq\/\"><span style=\"font-size: 14pt;\">FAQ<\/span><\/a><\/span><\/h2>\n<p>Q1 : Quelle m\u00e9thode de pulv\u00e9risation convient aux cibles de pulv\u00e9risation NiFe2O4 ?<br \/>\nA1 : Peut \u00eatre utilis\u00e9 dans les proc\u00e9d\u00e9s de pulv\u00e9risation magn\u00e9tron conventionnels. La m\u00e9thode sp\u00e9cifique doit \u00eatre confirm\u00e9e en fonction des conditions de l&rsquo;\u00e9quipement.<\/p>\n<p>Q2 : La cible n\u00e9cessite-t-elle un pr\u00e9traitement sp\u00e9cial ?<br \/>\nA2 : En g\u00e9n\u00e9ral, aucun pr\u00e9traitement complexe n&rsquo;est n\u00e9cessaire ; le fonctionnement conventionnel de la cible d&rsquo;oxyde est suffisant.<\/p>\n<p>Q3 : La composition du film d\u00e9pos\u00e9 est-elle stable ?<br \/>\nA3 : Dans des conditions de processus raisonnables, la composition du film reste tr\u00e8s similaire \u00e0 celle de la cible.<\/p>\n<p>Q4 : Proposez-vous des sp\u00e9cifications de petite taille pour la recherche ?<br \/>\nA4 : Oui, nous pouvons fournir diff\u00e9rentes options de taille adapt\u00e9es aux phases de R&amp;D et d&rsquo;exp\u00e9rimentation.<\/p>\n<h2><span style=\"font-size: 14pt;\">Rapports<\/span><\/h2>\n<p>Chaque lot est fourni avec :<br \/>\n<span style=\"color: #0000ff;\"><a style=\"color: #0000ff;\" href=\"https:\/\/ulpmat.com\/fr\/documents\/certificat-danalyse\/\"><u>Certificat d&rsquo;analyse (COA)<\/u><\/a><\/span><\/p>\n<p><span style=\"color: #0000ff;\"><a style=\"color: #0000ff;\" href=\"https:\/\/ulpmat.com\/fr\/documents\/fiche-technique\/\"><u>Fiche technique (TDS)<\/u><\/a><\/span><\/p>\n<p><span style=\"color: #0000ff;\"><a style=\"color: #0000ff;\" href=\"https:\/\/ulpmat.com\/fr\/documents\/fiche-de-donnees-de-securite\/\"><u>Fiche de donn\u00e9es de s\u00e9curit\u00e9 (MSDS)<\/u><\/a><\/span><br \/>\nRapport d&rsquo;inspection des dimensions<br \/>\nRapports d&rsquo;essais effectu\u00e9s par des tiers disponibles sur demande<\/p>\n<h2><span style=\"font-size: 14pt;\">Pourquoi nous choisir ?<\/span><\/h2>\n<p>Nous avons une grande exp\u00e9rience dans la pr\u00e9paration et le traitement des cibles de pulv\u00e9risation d&rsquo;oxyde, en mettant l&rsquo;accent sur la stabilit\u00e9 structurelle, l&rsquo;adaptabilit\u00e9 des processus et la coh\u00e9rence de la qualit\u00e9, ce qui permet d&rsquo;apporter un soutien fiable aux applications de films minces magn\u00e9tiques et de dispositifs fonctionnels.<\/p>\n","protected":false},"excerpt":{"rendered":"<p>Cible de pulv\u00e9risation en oxyde de nickel-fer Pr\u00e9sentation Les cibles de pulv\u00e9risation en oxyde de nickel-fer sont des cibles en oxyde \u00e0 structure spinelle principalement utilis\u00e9es pour le d\u00e9p\u00f4t de films minces d&rsquo;oxyde magn\u00e9tique et de couches fonctionnelles associ\u00e9es. Nous proposons des cibles de pulv\u00e9risation en NiFe2O4 \u00e0 haute densit\u00e9 et \u00e0 composition stable, dont [&hellip;]<\/p>\n","protected":false},"featured_media":29439,"template":"","meta":{"_acf_changed":false},"product_brand":[132],"product_cat":[449],"product_tag":[2621],"class_list":{"0":"post-29438","1":"product","2":"type-product","3":"status-publish","4":"has-post-thumbnail","6":"product_brand-ulpmat","7":"product_cat-cible-de-pulverisation-ceramique","8":"product_tag-cible-de-pulverisation-de-ferrite-de-nickel-oxyde-de-fer-et-de-nickel","10":"first","11":"instock","12":"shipping-taxable","13":"product-type-variable"},"acf":[],"_links":{"self":[{"href":"https:\/\/ulpmat.com\/fr\/wp-json\/wp\/v2\/product\/29438","targetHints":{"allow":["GET"]}}],"collection":[{"href":"https:\/\/ulpmat.com\/fr\/wp-json\/wp\/v2\/product"}],"about":[{"href":"https:\/\/ulpmat.com\/fr\/wp-json\/wp\/v2\/types\/product"}],"wp:featuredmedia":[{"embeddable":true,"href":"https:\/\/ulpmat.com\/fr\/wp-json\/wp\/v2\/media\/29439"}],"wp:attachment":[{"href":"https:\/\/ulpmat.com\/fr\/wp-json\/wp\/v2\/media?parent=29438"}],"wp:term":[{"taxonomy":"product_brand","embeddable":true,"href":"https:\/\/ulpmat.com\/fr\/wp-json\/wp\/v2\/product_brand?post=29438"},{"taxonomy":"product_cat","embeddable":true,"href":"https:\/\/ulpmat.com\/fr\/wp-json\/wp\/v2\/product_cat?post=29438"},{"taxonomy":"product_tag","embeddable":true,"href":"https:\/\/ulpmat.com\/fr\/wp-json\/wp\/v2\/product_tag?post=29438"}],"curies":[{"name":"wp","href":"https:\/\/api.w.org\/{rel}","templated":true}]}}