{"id":29090,"date":"2025-12-25T09:34:34","date_gmt":"2025-12-25T01:34:34","guid":{"rendered":"https:\/\/ulpmat.com\/product\/sulfure-de-nickel-ii\/"},"modified":"2025-12-25T09:34:34","modified_gmt":"2025-12-25T01:34:34","slug":"sulfure-de-nickel-ii","status":"publish","type":"product","link":"https:\/\/ulpmat.com\/fr\/produit\/sulfure-de-nickel-ii\/","title":{"rendered":"Sulfure de nickel (II)"},"content":{"rendered":"<h2><span style=\"font-size: 14pt;\">Aper\u00e7u de la poudre de sulfure de nickel (II)<\/span><\/h2>\n<p><span style=\"color: #0000ff;\"><a style=\"color: #0000ff;\" href=\"https:\/\/ulpmat.com\/fr\/recherche\/?type=name&#038;keyword=Nickel+%28II%29+sulfide\">La poudre de sulfure de nickel (II)<\/a> <\/span>est un sulfure de nickel de haute puret\u00e9 largement utilis\u00e9 dans la pr\u00e9paration d&rsquo;\u00e9lectrodes, de dispositifs \u00e9lectrochimiques, de catalyseurs et de couches minces fonctionnelles.<\/p>\n<p>Nous proposons de la poudre de NiS avec une taille de particule uniforme et une stabilit\u00e9 chimique pour r\u00e9pondre aux exigences de divers processus. N&rsquo;h\u00e9sitez pas \u00e0 <span style=\"color: #0000ff;\"><a style=\"color: #0000ff;\" href=\"https:\/\/ulpmat.com\/fr\/contactez-nous\/\">nous contacter<\/a><\/span> pour obtenir des informations <span style=\"color: #0000ff;\"><a style=\"color: #0000ff;\" href=\"https:\/\/ulpmat.com\/fr\/service\/support-technique\/\">techniques<\/a><\/span> techniques d\u00e9taill\u00e9es.<\/p>\n<h2><span style=\"font-size: 14pt;\">Points forts du produit<\/span><\/h2>\n<p>Sulfure de nickel de haute puret\u00e9<br \/>\nPoudre uniforme<br \/>\nFacile \u00e0 disperser et \u00e0 traiter<br \/>\nExcellente conductivit\u00e9 \u00e9lectrique<br \/>\nBonne stabilit\u00e9 thermique<br \/>\nCoh\u00e9rence fiable des lots<br \/>\n<span style=\"color: #0000ff;\"><a style=\"color: #0000ff;\" href=\"https:\/\/ulpmat.com\/fr\/service\/personnalisation\/\">Personnalisable<\/a> <\/span>personnalisables<br \/>\nFaible quantit\u00e9 minimale de commande, stock important<\/p>\n<h2><span style=\"font-size: 14pt;\">Applications du sulfure de nickel (II) en poudre<\/span><\/h2>\n<p>Mat\u00e9riaux pour \u00e9lectrodes : Convient \u00e0 la pr\u00e9paration d&rsquo;\u00e9lectrodes \u00e0 haute performance, am\u00e9liorant l&rsquo;efficacit\u00e9 de la r\u00e9action \u00e9lectrochimique et la stabilit\u00e9 du cycle.<br \/>\n<span style=\"color: #0000ff;\"><a style=\"color: #0000ff;\" href=\"https:\/\/ulpmat.com\/fr\/candidature\/materiaux-optiques\/\">Dispositifs opto\u00e9lectroniques<\/a> <\/span>et \u00e9lectroniques : Utilis\u00e9s dans les cellules solaires ou les films minces \u00e9lectroniques fonctionnels pour am\u00e9liorer la conductivit\u00e9 et l&rsquo;efficacit\u00e9 de la conversion photo\u00e9lectrique.<br \/>\nMat\u00e9riaux catalytiques : En tant que catalyseurs ou supports, ils am\u00e9liorent la vitesse et la s\u00e9lectivit\u00e9 des r\u00e9actions chimiques.<br \/>\nRecherche et d\u00e9veloppement de proc\u00e9d\u00e9s : Convient aux instituts de recherche pour les essais de performance des poudres, la modification des mat\u00e9riaux et les exp\u00e9riences sur les nouveaux proc\u00e9d\u00e9s.<\/p>\n<h2><span style=\"color: #0000ff;\"><a style=\"color: #0000ff;\" href=\"https:\/\/ulpmat.com\/fr\/societe\/faq\/\"><span style=\"font-size: 14pt;\">Foire aux questions<\/span><\/a><\/span><\/h2>\n<p>Q1 : La taille des particules de la poudre de NiS peut-elle \u00eatre personnalis\u00e9e ?<br \/>\nR1 : Oui, nous fournissons des poudres de diff\u00e9rentes tailles en fonction des exigences du processus et de l&rsquo;application.<\/p>\n<p>Q2 : La poudre est-elle facilement oxydable ou d\u00e9composable ?<br \/>\nR2 : Elle est chimiquement stable dans des conditions s\u00e8ches \u00e0 temp\u00e9rature ambiante. Un stockage scell\u00e9 est recommand\u00e9 pour \u00e9viter l&rsquo;absorption d&rsquo;humidit\u00e9.<\/p>\n<p>Q3 : La poudre de NiS convient-elle \u00e0 la pr\u00e9paration de catalyseurs ?<br \/>\nR3 : Oui, sa grande puret\u00e9 et son uniformit\u00e9 sont b\u00e9n\u00e9fiques pour la pr\u00e9paration de catalyseurs et de films catalytiques.<\/p>\n<p>Q4 : Peut-on l&rsquo;utiliser dans les \u00e9lectrodes et les dispositifs opto\u00e9lectroniques ?<br \/>\nR4 : Oui, elle peut am\u00e9liorer la conductivit\u00e9 et les performances \u00e9lectrochimiques des dispositifs.<\/p>\n<h2><span style=\"font-size: 14pt;\">Rapport<\/span><\/h2>\n<p>Chaque lot est fourni avec :<br \/>\n<span style=\"color: #0000ff;\"><a style=\"color: #0000ff;\" href=\"https:\/\/ulpmat.com\/fr\/documents\/certificat-danalyse\/\"><u>Un certificat d&rsquo;analyse (COA)<\/u><\/a><\/span><br \/>\n<span style=\"color: #0000ff;\"><a style=\"color: #0000ff;\" href=\"https:\/\/ulpmat.com\/fr\/documents\/fiche-technique\/\"><u>Fiche technique (TDS)<\/u><\/a><\/span><br \/>\n<span style=\"color: #0000ff;\"><a style=\"color: #0000ff;\" href=\"https:\/\/ulpmat.com\/fr\/documents\/fiche-de-donnees-de-securite\/\"><u>Fiche de donn\u00e9es de s\u00e9curit\u00e9 (FDS)<\/u><\/a><\/span><br \/>\nRapports de tests effectu\u00e9s par des tiers disponibles sur demande<\/p>\n<h2><span style=\"font-size: 14pt;\">Pourquoi nous choisir ?<\/span><\/h2>\n<p>Nous sommes sp\u00e9cialis\u00e9s dans la recherche et la fourniture de poudre de NiS de haute puret\u00e9, en mettant l&rsquo;accent sur l&rsquo;uniformit\u00e9 de la poudre, la stabilit\u00e9 chimique et la compatibilit\u00e9 des processus, fournissant un support mat\u00e9riel fiable pour les mat\u00e9riaux d&rsquo;\u00e9lectrodes, les dispositifs opto\u00e9lectroniques et les applications catalytiques.<\/p>\n","protected":false},"excerpt":{"rendered":"<p>Aper\u00e7u de la poudre de sulfure de nickel (II) La poudre de sulfure de nickel (II) est un sulfure de nickel de haute puret\u00e9 largement utilis\u00e9 dans la pr\u00e9paration d&rsquo;\u00e9lectrodes, de dispositifs \u00e9lectrochimiques, de catalyseurs et de couches minces fonctionnelles. Nous proposons de la poudre de NiS avec une taille de particule uniforme et une [&hellip;]<\/p>\n","protected":false},"featured_media":29091,"template":"","meta":{"_acf_changed":false},"product_brand":[132],"product_cat":[668,1087],"product_tag":[2543],"class_list":{"0":"post-29090","1":"product","2":"type-product","3":"status-publish","4":"has-post-thumbnail","6":"product_brand-ulpmat","7":"product_cat-materiaux-de-chalcogenure","8":"product_cat-materiaux-de-chalcogenure-fr","9":"product_tag-sulfure-de-nickel-ii-poudre","11":"first","12":"instock","13":"shipping-taxable","14":"product-type-variable"},"acf":[],"_links":{"self":[{"href":"https:\/\/ulpmat.com\/fr\/wp-json\/wp\/v2\/product\/29090","targetHints":{"allow":["GET"]}}],"collection":[{"href":"https:\/\/ulpmat.com\/fr\/wp-json\/wp\/v2\/product"}],"about":[{"href":"https:\/\/ulpmat.com\/fr\/wp-json\/wp\/v2\/types\/product"}],"wp:featuredmedia":[{"embeddable":true,"href":"https:\/\/ulpmat.com\/fr\/wp-json\/wp\/v2\/media\/29091"}],"wp:attachment":[{"href":"https:\/\/ulpmat.com\/fr\/wp-json\/wp\/v2\/media?parent=29090"}],"wp:term":[{"taxonomy":"product_brand","embeddable":true,"href":"https:\/\/ulpmat.com\/fr\/wp-json\/wp\/v2\/product_brand?post=29090"},{"taxonomy":"product_cat","embeddable":true,"href":"https:\/\/ulpmat.com\/fr\/wp-json\/wp\/v2\/product_cat?post=29090"},{"taxonomy":"product_tag","embeddable":true,"href":"https:\/\/ulpmat.com\/fr\/wp-json\/wp\/v2\/product_tag?post=29090"}],"curies":[{"name":"wp","href":"https:\/\/api.w.org\/{rel}","templated":true}]}}