{"id":26346,"date":"2025-09-30T16:33:17","date_gmt":"2025-09-30T08:33:17","guid":{"rendered":"https:\/\/ulpmat.com\/product\/oxyde-de-bismuth-2\/"},"modified":"2025-09-30T16:33:17","modified_gmt":"2025-09-30T08:33:17","slug":"oxyde-de-bismuth-2","status":"publish","type":"product","link":"https:\/\/ulpmat.com\/fr\/produit\/oxyde-de-bismuth-2\/","title":{"rendered":"Oxyde de bismuth"},"content":{"rendered":"<h2><span style=\"font-size: 14pt;\">Poudre d&rsquo;oxyde de bismuth Aper\u00e7u<\/span><\/h2>\n<p><span style=\"color: #0000ff;\"><a style=\"color: #0000ff;\" href=\"https:\/\/ulpmat.com\/fr\/recherche\/?type=name&#038;keyword=BI2o3\">La poudre d&rsquo;oxyde de bismuth<\/a> <\/span>est un mat\u00e9riau fonctionnel de haute performance largement utilis\u00e9 dans l&rsquo;\u00e9lectronique, la c\u00e9ramique, la catalyse et d&rsquo;autres domaines. Gr\u00e2ce \u00e0 ses propri\u00e9t\u00e9s chimiques et physiques uniques, la poudre d&rsquo;oxyde de bismuth donne de bons r\u00e9sultats dans des applications techniques telles que le d\u00e9p\u00f4t de couches minces, la catalyse, les capteurs de gaz, etc. Elle pr\u00e9sente une grande puret\u00e9, une excellente stabilit\u00e9 et des propri\u00e9t\u00e9s \u00e9lectroniques ajustables, ce qui lui permet de r\u00e9pondre \u00e0 de nombreux besoins de l&rsquo;industrie de haute technologie.<\/p>\n<p>Nous nous engageons \u00e0 fournir \u00e0 nos clients des poudres d&rsquo;oxyde de bismuth personnalis\u00e9es et de haute performance pour r\u00e9pondre aux besoins de diverses applications industrielles. Nous fournissons \u00e9galement un service apr\u00e8s-vente complet, si vous avez des questions sur l&rsquo;utilisation, n&rsquo;h\u00e9sitez pas \u00e0 nous contacter<span style=\"color: #0000ff;\"><a style=\"color: #0000ff;\" href=\"https:\/\/ulpmat.com\/fr\/contactez-nous\/\"> n&rsquo;h\u00e9sitez pas \u00e0 nous contacter.<\/a><\/span><\/p>\n<h2><span style=\"font-size: 14pt;\">Points forts du produit<\/span><\/h2>\n<p>Puret\u00e9 : 99,9 % \u00e0 99,9995 %<br \/>\nTaille des particules : poudre fine pour garantir une dispersion uniforme<br \/>\nStabilit\u00e9 chimique : tr\u00e8s stable \u00e0 haute temp\u00e9rature et dans un environnement chimique, convient \u00e0 diverses applications exigeantes<br \/>\nEmballage : <span style=\"color: #0000ff;\"><a style=\"color: #0000ff;\" href=\"https:\/\/ulpmat.com\/fr\/service\/personnalisation\/\">personnalisable<\/a><\/span><br \/>\nExcellente conductivit\u00e9 et propri\u00e9t\u00e9s optiques : offre de bonnes propri\u00e9t\u00e9s opto\u00e9lectroniques, convient aux rev\u00eatements optiques et aux dispositifs \u00e9lectroniques<br \/>\nSurface sp\u00e9cifique \u00e9lev\u00e9e : propice aux r\u00e9actions catalytiques et \u00e0 l&rsquo;adsorption de gaz<\/p>\n<h2><span style=\"font-size: 14pt;\">Applications de la poudre d&rsquo;oxyde de bismuth<\/span><\/h2>\n<p><span style=\"color: #0000ff;\"><a style=\"color: #0000ff;\" href=\"https:\/\/ulpmat.com\/fr\/candidature\/materiaux-semi-conducteurs\/\">Semi-conducteurs<\/a><\/span>: La poudre d&rsquo;oxyde de bismuth pr\u00e9sente une bonne conductivit\u00e9 et une bonne stabilit\u00e9 lors du d\u00e9p\u00f4t de couches minces. Elle est largement utilis\u00e9e dans les dispositifs opto\u00e9lectroniques et les mat\u00e9riaux semi-conducteurs.<\/p>\n<p><span style=\"color: #0000ff;\"><a style=\"color: #0000ff;\" href=\"https:\/\/ulpmat.com\/fr\/candidature\/materiaux-optiques\/\">Rev\u00eatement optique :<\/a><\/span> Utilis\u00e9 comme mat\u00e9riau de rev\u00eatement optique, il poss\u00e8de d&rsquo;excellentes propri\u00e9t\u00e9s optiques, en particulier dans la couche r\u00e9fl\u00e9chissante et la couche filtrante des lentilles et des composants optiques.<\/p>\n<p>Catalyseur : Bi2O3 poss\u00e8de d&rsquo;excellentes propri\u00e9t\u00e9s catalytiques et est largement utilis\u00e9 dans la purification des gaz d&rsquo;\u00e9chappement des automobiles, la protection de l&rsquo;environnement, les capteurs de gaz et d&rsquo;autres domaines.<\/p>\n<p>Capteur de gaz : En raison de ses bonnes propri\u00e9t\u00e9s \u00e9lectriques et de ses caract\u00e9ristiques de r\u00e9ponse, la poudre d&rsquo;oxyde de bismuth est souvent utilis\u00e9e dans les capteurs de gaz \u00e0 haute sensibilit\u00e9, en particulier pour la d\u00e9tection des gaz toxiques et des polluants.<\/p>\n<p>Mat\u00e9riaux c\u00e9ramiques : Dans les c\u00e9ramiques \u00e0 haute performance, l&rsquo;oxyde de bismuth peut am\u00e9liorer de mani\u00e8re significative la stabilit\u00e9 thermique, la r\u00e9sistance m\u00e9canique et la r\u00e9sistance \u00e0 la corrosion chimique des c\u00e9ramiques, et il est utilis\u00e9 dans les c\u00e9ramiques \u00e0 haute temp\u00e9rature et les c\u00e9ramiques \u00e9lectriques.<\/p>\n<h2><span style=\"font-size: 14pt;\">Rapport<\/span><\/h2>\n<p>Nous fournissons des certificats d&rsquo;analyse, des fiches de donn\u00e9es de s\u00e9curit\u00e9 et d&rsquo;autres rapports pertinents pour chaque lot de marchandises. En outre, nous prenons \u00e9galement en charge les tests effectu\u00e9s par des tiers afin d&rsquo;am\u00e9liorer l&rsquo;assurance qualit\u00e9.<\/p>\n","protected":false},"excerpt":{"rendered":"<p>Poudre d&rsquo;oxyde de bismuth Aper\u00e7u La poudre d&rsquo;oxyde de bismuth est un mat\u00e9riau fonctionnel de haute performance largement utilis\u00e9 dans l&rsquo;\u00e9lectronique, la c\u00e9ramique, la catalyse et d&rsquo;autres domaines. Gr\u00e2ce \u00e0 ses propri\u00e9t\u00e9s chimiques et physiques uniques, la poudre d&rsquo;oxyde de bismuth donne de bons r\u00e9sultats dans des applications techniques telles que le d\u00e9p\u00f4t de couches [&hellip;]<\/p>\n","protected":false},"featured_media":13760,"template":"","meta":{"_acf_changed":false},"product_brand":[132],"product_cat":[335],"product_tag":[],"class_list":{"0":"post-26346","1":"product","2":"type-product","3":"status-publish","4":"has-post-thumbnail","6":"product_brand-ulpmat","7":"product_cat-oxydes","9":"first","10":"instock","11":"shipping-taxable","12":"product-type-variable"},"acf":[],"_links":{"self":[{"href":"https:\/\/ulpmat.com\/fr\/wp-json\/wp\/v2\/product\/26346","targetHints":{"allow":["GET"]}}],"collection":[{"href":"https:\/\/ulpmat.com\/fr\/wp-json\/wp\/v2\/product"}],"about":[{"href":"https:\/\/ulpmat.com\/fr\/wp-json\/wp\/v2\/types\/product"}],"wp:featuredmedia":[{"embeddable":true,"href":"https:\/\/ulpmat.com\/fr\/wp-json\/wp\/v2\/media\/13760"}],"wp:attachment":[{"href":"https:\/\/ulpmat.com\/fr\/wp-json\/wp\/v2\/media?parent=26346"}],"wp:term":[{"taxonomy":"product_brand","embeddable":true,"href":"https:\/\/ulpmat.com\/fr\/wp-json\/wp\/v2\/product_brand?post=26346"},{"taxonomy":"product_cat","embeddable":true,"href":"https:\/\/ulpmat.com\/fr\/wp-json\/wp\/v2\/product_cat?post=26346"},{"taxonomy":"product_tag","embeddable":true,"href":"https:\/\/ulpmat.com\/fr\/wp-json\/wp\/v2\/product_tag?post=26346"}],"curies":[{"name":"wp","href":"https:\/\/api.w.org\/{rel}","templated":true}]}}