{"id":26208,"date":"2025-10-10T15:22:58","date_gmt":"2025-10-10T07:22:58","guid":{"rendered":"https:\/\/ulpmat.com\/product\/oxyde-de-plomb\/"},"modified":"2025-10-10T15:22:58","modified_gmt":"2025-10-10T07:22:58","slug":"oxyde-de-plomb","status":"publish","type":"product","link":"https:\/\/ulpmat.com\/fr\/produit\/oxyde-de-plomb\/","title":{"rendered":"Oxyde de plomb"},"content":{"rendered":"<h2><span style=\"font-size: 14pt;\">Poudre d&rsquo;oxyde de plomb Aper\u00e7u<\/span><\/h2>\n<p><span style=\"color: #0000ff;\"><a style=\"color: #0000ff;\" href=\"https:\/\/ulpmat.com\/fr\/recherche\/?type=name&#038;keyword=Lead+oxide\">L&rsquo;o<\/a><\/span><span style=\"color: #0000ff;\"><a style=\"color: #0000ff;\" href=\"https:\/\/ulpmat.com\/fr\/recherche\/?type=name&#038;keyword=Lead+oxide\">xide<\/a> <\/span>est un oxyde de plomb de haute performance largement utilis\u00e9 dans les c\u00e9ramiques, les rev\u00eatements, le caoutchouc, le verre et d&rsquo;autres industries chimiques. Ses propri\u00e9t\u00e9s physiques et chimiques stables en font une mati\u00e8re premi\u00e8re importante dans de nombreux domaines.<\/p>\n<p>Nous fournissons des poudres de monoxyde de plomb avec diff\u00e9rentes sp\u00e9cifications et r\u00e9partitions granulom\u00e9triques afin de r\u00e9pondre aux diverses exigences techniques. En fonction de vos besoins sp\u00e9cifiques, nous pouvons \u00e9galement fournir <span style=\"color: #0000ff;\"><a style=\"color: #0000ff;\" href=\"https:\/\/ulpmat.com\/fr\/service\/personnalisation\/\">des services personnalis\u00e9s<\/a> <\/span>pour garantir les meilleures <span style=\"color: #0000ff;\"><a style=\"color: #0000ff;\" href=\"https:\/\/ulpmat.com\/fr\/service\/support-technique\/\">performance.<\/a><\/span><\/p>\n<h2><span style=\"font-size: 14pt;\">Points forts du produit<\/span><\/h2>\n<p>Puret\u00e9 : 99,9<br \/>\nGrande stabilit\u00e9 chimique, convient \u00e0 diverses applications industrielles<br \/>\nEmballage personnalisable<br \/>\nTaille et distribution des particules de poudre personnalisables<br \/>\nConvient aux c\u00e9ramiques, aux rev\u00eatements, au caoutchouc, au verre et \u00e0 d&rsquo;autres domaines<\/p>\n<h2><span style=\"font-size: 14pt;\">Applications de la poudre d&rsquo;oxyde de plomb<\/span><\/h2>\n<p>C\u00e9ramiques : utilis\u00e9es dans les \u00e9maux, les rev\u00eatements c\u00e9ramiques, etc. dans la production de c\u00e9ramiques pour am\u00e9liorer leur duret\u00e9 et leur r\u00e9sistance \u00e0 l&rsquo;usure.<br \/>\nRev\u00eatements : En tant que pigments et additifs dans les rev\u00eatements, il permet d&rsquo;obtenir une couleur et une adh\u00e9rence excellentes.<br \/>\nCaoutchouc : utilis\u00e9 dans l&rsquo;industrie du caoutchouc comme vulcanisateur et stabilisateur pour am\u00e9liorer la durabilit\u00e9 et la r\u00e9sistance du caoutchouc.<br \/>\nVerre : Utilis\u00e9 dans la production de verre sp\u00e9cial, il offre d&rsquo;excellentes propri\u00e9t\u00e9s optiques et une grande stabilit\u00e9 thermique.<br \/>\nIndustrie chimique : Interm\u00e9diaire chimique, utilis\u00e9 dans d&rsquo;autres r\u00e9actions chimiques et dans la synth\u00e8se.<\/p>\n<h2><span style=\"font-size: 14pt;\">Rapports<\/span><\/h2>\n<p>Nous fournissons <span style=\"color: #0000ff;\"><a style=\"color: #0000ff;\" href=\"https:\/\/ulpmat.com\/fr\/service\/analyse-chimique\/\">Un certificat d&rsquo;analyse (COA)<\/a><\/span> Fiche de donn\u00e9es de s\u00e9curit\u00e9 (MSDS) et d&rsquo;autres rapports pertinents pour chaque lot de poudre de PbO. En outre, nous prenons \u00e9galement en charge les tests effectu\u00e9s par des tiers afin d&rsquo;am\u00e9liorer l&rsquo;assurance qualit\u00e9 et de garantir la stabilit\u00e9 et la fiabilit\u00e9 du produit.<\/p>\n","protected":false},"excerpt":{"rendered":"<p>Poudre d&rsquo;oxyde de plomb Aper\u00e7u L&rsquo;oxide est un oxyde de plomb de haute performance largement utilis\u00e9 dans les c\u00e9ramiques, les rev\u00eatements, le caoutchouc, le verre et d&rsquo;autres industries chimiques. Ses propri\u00e9t\u00e9s physiques et chimiques stables en font une mati\u00e8re premi\u00e8re importante dans de nombreux domaines. Nous fournissons des poudres de monoxyde de plomb avec diff\u00e9rentes [&hellip;]<\/p>\n","protected":false},"featured_media":14199,"template":"","meta":{"_acf_changed":false},"product_brand":[132],"product_cat":[335],"product_tag":[],"class_list":{"0":"post-26208","1":"product","2":"type-product","3":"status-publish","4":"has-post-thumbnail","6":"product_brand-ulpmat","7":"product_cat-oxydes","9":"first","10":"instock","11":"shipping-taxable","12":"product-type-variable"},"acf":[],"_links":{"self":[{"href":"https:\/\/ulpmat.com\/fr\/wp-json\/wp\/v2\/product\/26208","targetHints":{"allow":["GET"]}}],"collection":[{"href":"https:\/\/ulpmat.com\/fr\/wp-json\/wp\/v2\/product"}],"about":[{"href":"https:\/\/ulpmat.com\/fr\/wp-json\/wp\/v2\/types\/product"}],"wp:featuredmedia":[{"embeddable":true,"href":"https:\/\/ulpmat.com\/fr\/wp-json\/wp\/v2\/media\/14199"}],"wp:attachment":[{"href":"https:\/\/ulpmat.com\/fr\/wp-json\/wp\/v2\/media?parent=26208"}],"wp:term":[{"taxonomy":"product_brand","embeddable":true,"href":"https:\/\/ulpmat.com\/fr\/wp-json\/wp\/v2\/product_brand?post=26208"},{"taxonomy":"product_cat","embeddable":true,"href":"https:\/\/ulpmat.com\/fr\/wp-json\/wp\/v2\/product_cat?post=26208"},{"taxonomy":"product_tag","embeddable":true,"href":"https:\/\/ulpmat.com\/fr\/wp-json\/wp\/v2\/product_tag?post=26208"}],"curies":[{"name":"wp","href":"https:\/\/api.w.org\/{rel}","templated":true}]}}