{"id":26190,"date":"2025-10-10T15:22:58","date_gmt":"2025-10-10T07:22:58","guid":{"rendered":"https:\/\/ulpmat.com\/product\/iodure-de-plomb\/"},"modified":"2025-10-10T15:22:58","modified_gmt":"2025-10-10T07:22:58","slug":"iodure-de-plomb","status":"publish","type":"product","link":"https:\/\/ulpmat.com\/fr\/produit\/iodure-de-plomb\/","title":{"rendered":"Iodure de plomb"},"content":{"rendered":"<h2><span style=\"font-size: 14pt;\">Cible de pulv\u00e9risation de l&rsquo;iodure de plomb Vue d&rsquo;ensemble<\/span><\/h2>\n<p><span style=\"color: #0000ff;\"><a style=\"color: #0000ff;\" href=\"https:\/\/ulpmat.com\/fr\/recherche\/?type=name&#038;keyword=Lead+Iodide\">Les cibles de pulv\u00e9risation de l&rsquo;iodure de plomb<\/a> <\/span>sont des mat\u00e9riaux de haute performance con\u00e7us pour les processus de d\u00e9p\u00f4t de couches minces, avec une excellente conductivit\u00e9, une stabilit\u00e9 thermique et une bonne stabilit\u00e9 chimique. D&rsquo;une puret\u00e9 pouvant atteindre 99,99 %, elles garantissent l&rsquo;uniformit\u00e9 et la forte adh\u00e9rence des couches minces et sont largement utilis\u00e9es dans les domaines de l&rsquo;opto\u00e9lectronique et des semi-conducteurs.<\/p>\n<p>Nous proposons des cibles de pulv\u00e9risation d&rsquo;iodure de plomb de diff\u00e9rentes formes et tailles, y compris rondes et rectangulaires, et nous pouvons les personnaliser en fonction de vos besoins sp\u00e9cifiques. Nous fournissons \u00e9galement un service apr\u00e8s-vente complet, si vous avez des questions sur l&rsquo;utilisation, n&rsquo;h\u00e9sitez pas \u00e0 <span style=\"color: #0000ff;\"><a style=\"color: #0000ff;\" href=\"https:\/\/ulpmat.com\/fr\/contactez-nous\/\">nous contacter<\/a><\/span>.<\/p>\n<h2><span style=\"font-size: 14pt;\">Points forts du produit<\/span><\/h2>\n<p>Puret\u00e9 : 99,99 %<br \/>\nDensit\u00e9 \u00e9lev\u00e9e, garantissant un d\u00e9p\u00f4t uniforme de couches minces<br \/>\n<span style=\"color: #0000ff;\"><a style=\"color: #0000ff;\" href=\"https:\/\/ulpmat.com\/fr\/service\/collage-des-cibles\/\">Service de collage de cibles disponible<\/a><\/span><br \/>\n<span style=\"color: #0000ff;\"><a style=\"color: #0000ff;\" href=\"https:\/\/ulpmat.com\/fr\/service\/personnalisation\/\">Taille et forme personnalisables<\/a><\/span><br \/>\nConvient aux mat\u00e9riaux opto\u00e9lectroniques, aux cellules solaires \u00e0 couche mince, aux appareils \u00e9lectroniques, etc.<\/p>\n<h2><span style=\"font-size: 14pt;\">Applications de la cible de pulv\u00e9risation d&rsquo;iodure de plomb<\/span><\/h2>\n<p>Semi-conducteurs : En raison de leur excellente conductivit\u00e9 et de leurs propri\u00e9t\u00e9s opto\u00e9lectroniques, elles sont largement utilis\u00e9es dans les dispositifs semi-conducteurs.<br \/>\nMat\u00e9riaux opto\u00e9lectroniques : Utilis\u00e9s comme mat\u00e9riaux pour cellules solaires en couches minces, ils offrent une grande efficacit\u00e9 dans la conversion photo\u00e9lectrique.<br \/>\nDispositifs \u00e9lectroniques : Dans l&#8217;emballage et les mat\u00e9riaux d&rsquo;\u00e9lectrode des dispositifs \u00e9lectroniques, ils pr\u00e9sentent une bonne conductivit\u00e9 et une bonne stabilit\u00e9.<br \/>\nD\u00e9p\u00f4t de couches minces : Dans les rev\u00eatements opto\u00e9lectroniques et optiques, ils fournissent des rev\u00eatements en couches minces de haute qualit\u00e9.<\/p>\n<h2><span style=\"font-size: 14pt;\">Rapports<\/span><\/h2>\n<p>Nous fournissons<span style=\"color: #0000ff;\"><a style=\"color: #0000ff;\" href=\"https:\/\/ulpmat.com\/fr\/service\/analyse-chimique\/\"> Un certificat d&rsquo;analyse (COA)<\/a><\/span>une fiche de donn\u00e9es de s\u00e9curit\u00e9 (MSDS) et d&rsquo;autres rapports pertinents pour chaque lot de cibles de pulv\u00e9risation PbI2. En outre, nous prenons \u00e9galement en charge les tests effectu\u00e9s par des tiers afin d&rsquo;am\u00e9liorer l&rsquo;assurance qualit\u00e9 et de garantir la stabilit\u00e9 et la fiabilit\u00e9 des produits.<\/p>\n","protected":false},"excerpt":{"rendered":"<p>Cible de pulv\u00e9risation de l&rsquo;iodure de plomb Vue d&rsquo;ensemble Les cibles de pulv\u00e9risation de l&rsquo;iodure de plomb sont des mat\u00e9riaux de haute performance con\u00e7us pour les processus de d\u00e9p\u00f4t de couches minces, avec une excellente conductivit\u00e9, une stabilit\u00e9 thermique et une bonne stabilit\u00e9 chimique. D&rsquo;une puret\u00e9 pouvant atteindre 99,99 %, elles garantissent l&rsquo;uniformit\u00e9 et la [&hellip;]<\/p>\n","protected":false},"featured_media":14192,"template":"","meta":{"_acf_changed":false},"product_brand":[132],"product_cat":[449],"product_tag":[2033,2038,2036,2037,2034,2032,2035,2031,2030],"class_list":{"0":"post-26190","1":"product","2":"type-product","3":"status-publish","4":"has-post-thumbnail","6":"product_brand-ulpmat","7":"product_cat-cible-de-pulverisation-ceramique","8":"product_tag-acheter-iodure-de-plomb","9":"product_tag-fabricants-diodure-de-plomb","10":"product_tag-fournisseurs-diodure-de-plomb","11":"product_tag-iodure-de-plomb-a-vendre","12":"product_tag-iodure-de-plomb-de-chine","13":"product_tag-iodure-de-plomb-fabricants-chine","14":"product_tag-iodure-de-plomb-personnalise","15":"product_tag-pbi2","16":"product_tag-prix-de-liodure-de-plomb","18":"first","19":"instock","20":"shipping-taxable","21":"product-type-variable"},"acf":[],"_links":{"self":[{"href":"https:\/\/ulpmat.com\/fr\/wp-json\/wp\/v2\/product\/26190","targetHints":{"allow":["GET"]}}],"collection":[{"href":"https:\/\/ulpmat.com\/fr\/wp-json\/wp\/v2\/product"}],"about":[{"href":"https:\/\/ulpmat.com\/fr\/wp-json\/wp\/v2\/types\/product"}],"wp:featuredmedia":[{"embeddable":true,"href":"https:\/\/ulpmat.com\/fr\/wp-json\/wp\/v2\/media\/14192"}],"wp:attachment":[{"href":"https:\/\/ulpmat.com\/fr\/wp-json\/wp\/v2\/media?parent=26190"}],"wp:term":[{"taxonomy":"product_brand","embeddable":true,"href":"https:\/\/ulpmat.com\/fr\/wp-json\/wp\/v2\/product_brand?post=26190"},{"taxonomy":"product_cat","embeddable":true,"href":"https:\/\/ulpmat.com\/fr\/wp-json\/wp\/v2\/product_cat?post=26190"},{"taxonomy":"product_tag","embeddable":true,"href":"https:\/\/ulpmat.com\/fr\/wp-json\/wp\/v2\/product_tag?post=26190"}],"curies":[{"name":"wp","href":"https:\/\/api.w.org\/{rel}","templated":true}]}}