{"id":25587,"date":"2025-10-16T13:56:07","date_gmt":"2025-10-16T05:56:07","guid":{"rendered":"https:\/\/ulpmat.com\/product\/carbure-de-tungstene\/"},"modified":"2025-10-16T13:56:07","modified_gmt":"2025-10-16T05:56:07","slug":"carbure-de-tungstene","status":"publish","type":"product","link":"https:\/\/ulpmat.com\/fr\/produit\/carbure-de-tungstene\/","title":{"rendered":"Carbure de tungst\u00e8ne"},"content":{"rendered":"<h2><span style=\"font-size: 14pt;\">Cibles de pulv\u00e9risation en carbure de tungst\u00e8ne Vue d&rsquo;ensemble<\/span><\/h2>\n<p><span style=\"color: #0000ff;\"><a style=\"color: #0000ff;\" href=\"https:\/\/ulpmat.com\/fr\/recherche\/?type=name&#038;keyword=Tungsten+Carbide\"> Les cibles de pulv\u00e9risation en carbure de tungst\u00e8ne<\/a> <\/span>sont des mat\u00e9riaux de haute performance con\u00e7us pour les processus de d\u00e9p\u00f4t de couches dures et de films fonctionnels. D&rsquo;une puret\u00e9 allant jusqu&rsquo;\u00e0 99,9 %, elles pr\u00e9sentent une densit\u00e9 et une r\u00e9sistance m\u00e9canique excellentes, garantissant une formation uniforme du film, une forte adh\u00e9rence et une teneur en impuret\u00e9s extr\u00eamement faible.<\/p>\n<p>Nous proposons des cibles de pulv\u00e9risation en carbure de tungst\u00e8ne dans une vari\u00e9t\u00e9 de formes et de tailles, y compris rondes et rectangulaires, et nous pouvons les adapter \u00e0 vos besoins sp\u00e9cifiques. Nous fournissons \u00e9galement un service apr\u00e8s-vente complet &#8211; si vous avez des questions sur l&rsquo;utilisation, n&rsquo;h\u00e9sitez pas \u00e0 <span style=\"color: #0000ff;\"><a style=\"color: #0000ff;\" href=\"https:\/\/ulpmat.com\/fr\/contactez-nous\/\">n&rsquo;h\u00e9sitez pas \u00e0 nous contacter<\/a><\/span>.<\/p>\n<h2><span style=\"font-size: 14pt;\">Points forts du produit<\/span><\/h2>\n<p>Puret\u00e9 : 99,9<br \/>\nDensit\u00e9 \u00e9lev\u00e9e, garantissant un d\u00e9p\u00f4t uniforme du film<br \/>\nExcellente duret\u00e9 et r\u00e9sistance \u00e0 l&rsquo;usure<br \/>\n<span style=\"color: #0000ff;\"><a style=\"color: #0000ff;\" href=\"https:\/\/ulpmat.com\/fr\/service\/personnalisation\/\">Taille et forme<\/a> <\/span>taille et forme<br \/>\nService de collage de cibles disponible<br \/>\nConvient aux rev\u00eatements durs, aux appareils \u00e9lectroniques et aux films r\u00e9sistants \u00e0 l&rsquo;usure<\/p>\n<h2><span style=\"font-size: 14pt;\">Applications des cibles de pulv\u00e9risation en carbure de tungst\u00e8ne<\/span><\/h2>\n<p>Rev\u00eatements durs : Utilis\u00e9s sur les surfaces des pi\u00e8ces m\u00e9caniques, des outils de coupe et des moules pour am\u00e9liorer de mani\u00e8re significative la r\u00e9sistance \u00e0 l&rsquo;usure et la dur\u00e9e de vie.<br \/>\n\u00c9lectronique : Former des couches fonctionnelles de haute duret\u00e9 et de bonne conductivit\u00e9 dans les semi-conducteurs et les composants \u00e9lectroniques.<br \/>\nFilms r\u00e9sistants \u00e0 l&rsquo;usure : Convient aux rev\u00eatements protecteurs r\u00e9sistants \u00e0 l&rsquo;usure pour l&rsquo;automobile, l&rsquo;aviation et les \u00e9quipements industriels.<br \/>\nRev\u00eatements d\u00e9coratifs : Finitions esth\u00e9tiques et durables pour la bijouterie, l&rsquo;horlogerie et l&rsquo;\u00e9lectronique.<\/p>\n<h2><span style=\"font-size: 14pt;\">Rapports<\/span><\/h2>\n<p>Nous fournissons <span style=\"color: #0000ff;\"><a style=\"color: #0000ff;\" href=\"https:\/\/ulpmat.com\/fr\/service\/analyse-chimique\/\">Des certificats d&rsquo;analyse (COA), des fiches de donn\u00e9es de s\u00e9curit\u00e9 (MSDS) et d&rsquo;autres rapports pertinents pour chaque envoi<\/a><\/span>), la fiche de donn\u00e9es de s\u00e9curit\u00e9 (FDS) et d&rsquo;autres rapports pertinents pour chaque exp\u00e9dition. En outre, nous prenons \u00e9galement en charge les tests effectu\u00e9s par des tiers pour une meilleure assurance qualit\u00e9.<\/p>\n","protected":false},"excerpt":{"rendered":"<p>Cibles de pulv\u00e9risation en carbure de tungst\u00e8ne Vue d&rsquo;ensemble Les cibles de pulv\u00e9risation en carbure de tungst\u00e8ne sont des mat\u00e9riaux de haute performance con\u00e7us pour les processus de d\u00e9p\u00f4t de couches dures et de films fonctionnels. D&rsquo;une puret\u00e9 allant jusqu&rsquo;\u00e0 99,9 %, elles pr\u00e9sentent une densit\u00e9 et une r\u00e9sistance m\u00e9canique excellentes, garantissant une formation uniforme [&hellip;]<\/p>\n","protected":false},"featured_media":18653,"template":"","meta":{"_acf_changed":false},"product_brand":[132],"product_cat":[449],"product_tag":[],"class_list":{"0":"post-25587","1":"product","2":"type-product","3":"status-publish","4":"has-post-thumbnail","6":"product_brand-ulpmat","7":"product_cat-cible-de-pulverisation-ceramique","9":"first","10":"instock","11":"shipping-taxable","12":"product-type-variable"},"acf":[],"_links":{"self":[{"href":"https:\/\/ulpmat.com\/fr\/wp-json\/wp\/v2\/product\/25587","targetHints":{"allow":["GET"]}}],"collection":[{"href":"https:\/\/ulpmat.com\/fr\/wp-json\/wp\/v2\/product"}],"about":[{"href":"https:\/\/ulpmat.com\/fr\/wp-json\/wp\/v2\/types\/product"}],"wp:featuredmedia":[{"embeddable":true,"href":"https:\/\/ulpmat.com\/fr\/wp-json\/wp\/v2\/media\/18653"}],"wp:attachment":[{"href":"https:\/\/ulpmat.com\/fr\/wp-json\/wp\/v2\/media?parent=25587"}],"wp:term":[{"taxonomy":"product_brand","embeddable":true,"href":"https:\/\/ulpmat.com\/fr\/wp-json\/wp\/v2\/product_brand?post=25587"},{"taxonomy":"product_cat","embeddable":true,"href":"https:\/\/ulpmat.com\/fr\/wp-json\/wp\/v2\/product_cat?post=25587"},{"taxonomy":"product_tag","embeddable":true,"href":"https:\/\/ulpmat.com\/fr\/wp-json\/wp\/v2\/product_tag?post=25587"}],"curies":[{"name":"wp","href":"https:\/\/api.w.org\/{rel}","templated":true}]}}