{"id":25511,"date":"2025-10-16T13:56:09","date_gmt":"2025-10-16T05:56:09","guid":{"rendered":"https:\/\/ulpmat.com\/product\/tungstene-nickel-alliage-de-fer-2\/"},"modified":"2025-10-16T13:56:09","modified_gmt":"2025-10-16T05:56:09","slug":"tungstene-nickel-alliage-de-fer-2","status":"publish","type":"product","link":"https:\/\/ulpmat.com\/fr\/produit\/tungstene-nickel-alliage-de-fer-2\/","title":{"rendered":"Tungst\u00e8ne Nickel Alliage de fer"},"content":{"rendered":"<h2><span style=\"font-size: 14pt;\">Poudre d&rsquo;alliage de tungst\u00e8ne, de nickel et de fer Vue d&rsquo;ensemble<\/span><\/h2>\n<p><span style=\"color: #0000ff;\"><a style=\"color: #0000ff;\" href=\"https:\/\/ulpmat.com\/fr\/recherche\/?type=name&#038;keyword=Tungsten+Nickel+Iron\">La poudre d&rsquo;alliage tungst\u00e8ne nickel fer<\/a> <\/span>est un mat\u00e9riau m\u00e9tallique polyvalent pr\u00e9sentant une densit\u00e9 \u00e9lev\u00e9e, une grande r\u00e9sistance et une excellente usinabilit\u00e9. Il est largement utilis\u00e9 dans la fabrication de composants de haute performance, la protection contre les radiations, l&rsquo;arm\u00e9e et l&rsquo;a\u00e9rospatiale.<\/p>\n<p>Nous fournissons de la poudre d&rsquo;alliage de tungst\u00e8ne, de nickel et de fer dans une vari\u00e9t\u00e9 de tailles de particules, adapt\u00e9e \u00e0 la fabrication additive au laser (impression 3D), \u00e0 la pulv\u00e9risation thermique, \u00e0 la m\u00e9tallurgie des poudres et \u00e0 d&rsquo;autres processus. Le produit a une bonne fluidit\u00e9 et une bonne densit\u00e9 en vrac, ce qui est pratique pour un formage et un frittage efficaces.<\/p>\n<h2><span style=\"font-size: 14pt;\">Points forts du produit<\/span><\/h2>\n<p>Densit\u00e9 \u00e9lev\u00e9e : \u226517,0 g\/cm\u00b3<br \/>\nBonne sph\u00e9ricit\u00e9 et fluidit\u00e9<br \/>\nCompatible avec une vari\u00e9t\u00e9 de technologies de frittage et de fabrication additive<br \/>\n<span style=\"color: #0000ff;\"><a style=\"color: #0000ff;\" href=\"https:\/\/ulpmat.com\/fr\/service\/personnalisation\/\">Personnalisable<\/a> <\/span>personnalisable<br \/>\nLa taille des particules peut \u00eatre personnalis\u00e9e sur demande<\/p>\n<h2><span style=\"font-size: 14pt;\">Applications de la poudre d&rsquo;alliage de tungst\u00e8ne nickel fer<\/span><\/h2>\n<p>Blindage et protection contre les radiations : En raison de sa densit\u00e9 \u00e9lev\u00e9e, c&rsquo;est un mat\u00e9riau id\u00e9al pour la m\u00e9decine nucl\u00e9aire, les dispositifs de protection contre les rayons X et les rayons gamma.<br \/>\nA\u00e9rospatiale et arm\u00e9e : Il est utilis\u00e9 pour les composants \u00e0 haute r\u00e9sistance, r\u00e9sistants aux chocs, tels que les contrepoids, les pi\u00e8ces de masse inertielle et les noyaux de perforation des armures.<br \/>\nM\u00e9tallurgie des poudres et moulage par injection (MIM) : Fabrication de pi\u00e8ces r\u00e9sistantes \u00e0 la corrosion et \u00e0 haute performance m\u00e9canique.<br \/>\nFabrication additive (impression 3D) : Convient aux proc\u00e9d\u00e9s d&rsquo;impression des m\u00e9taux tels que SLM, EBM et DED pour la fabrication de pi\u00e8ces personnalis\u00e9es aux structures complexes.<\/p>\n<h2><span style=\"font-size: 14pt;\">Rapports<\/span><\/h2>\n<p>Nous fournissons des rapports d\u00e9taill\u00e9s <span style=\"color: #0000ff;\"><a style=\"color: #0000ff;\" href=\"https:\/\/ulpmat.com\/fr\/service\/analyse-chimique\/\">Certificat d&rsquo;analyse (COA)<\/a><\/span>des fiches de donn\u00e9es de s\u00e9curit\u00e9 et d&rsquo;autres rapports d&rsquo;analyse pour chaque lot de poudre. Nous pouvons \u00e9galement fournir des services d&rsquo;essai par des tiers sur demande afin de garantir la fiabilit\u00e9 et la coh\u00e9rence des mat\u00e9riaux.<\/p>\n","protected":false},"excerpt":{"rendered":"<p>Poudre d&rsquo;alliage de tungst\u00e8ne, de nickel et de fer Vue d&rsquo;ensemble La poudre d&rsquo;alliage tungst\u00e8ne nickel fer est un mat\u00e9riau m\u00e9tallique polyvalent pr\u00e9sentant une densit\u00e9 \u00e9lev\u00e9e, une grande r\u00e9sistance et une excellente usinabilit\u00e9. Il est largement utilis\u00e9 dans la fabrication de composants de haute performance, la protection contre les radiations, l&rsquo;arm\u00e9e et l&rsquo;a\u00e9rospatiale. Nous fournissons [&hellip;]<\/p>\n","protected":false},"featured_media":18539,"template":"","meta":{"_acf_changed":false},"product_brand":[132],"product_cat":[276],"product_tag":[],"class_list":{"0":"post-25511","1":"product","2":"type-product","3":"status-publish","4":"has-post-thumbnail","6":"product_brand-ulpmat","7":"product_cat-metaux-purs-et-alliages","9":"first","10":"instock","11":"shipping-taxable","12":"product-type-variable"},"acf":[],"_links":{"self":[{"href":"https:\/\/ulpmat.com\/fr\/wp-json\/wp\/v2\/product\/25511","targetHints":{"allow":["GET"]}}],"collection":[{"href":"https:\/\/ulpmat.com\/fr\/wp-json\/wp\/v2\/product"}],"about":[{"href":"https:\/\/ulpmat.com\/fr\/wp-json\/wp\/v2\/types\/product"}],"wp:featuredmedia":[{"embeddable":true,"href":"https:\/\/ulpmat.com\/fr\/wp-json\/wp\/v2\/media\/18539"}],"wp:attachment":[{"href":"https:\/\/ulpmat.com\/fr\/wp-json\/wp\/v2\/media?parent=25511"}],"wp:term":[{"taxonomy":"product_brand","embeddable":true,"href":"https:\/\/ulpmat.com\/fr\/wp-json\/wp\/v2\/product_brand?post=25511"},{"taxonomy":"product_cat","embeddable":true,"href":"https:\/\/ulpmat.com\/fr\/wp-json\/wp\/v2\/product_cat?post=25511"},{"taxonomy":"product_tag","embeddable":true,"href":"https:\/\/ulpmat.com\/fr\/wp-json\/wp\/v2\/product_tag?post=25511"}],"curies":[{"name":"wp","href":"https:\/\/api.w.org\/{rel}","templated":true}]}}