{"id":25499,"date":"2025-10-16T13:56:10","date_gmt":"2025-10-16T05:56:10","guid":{"rendered":"https:\/\/ulpmat.com\/product\/tungstene-nickel-alliage-de-fer\/"},"modified":"2025-10-16T13:56:10","modified_gmt":"2025-10-16T05:56:10","slug":"tungstene-nickel-alliage-de-fer","status":"publish","type":"product","link":"https:\/\/ulpmat.com\/fr\/produit\/tungstene-nickel-alliage-de-fer\/","title":{"rendered":"Tungst\u00e8ne Nickel Alliage de fer"},"content":{"rendered":"<h2><span style=\"font-size: 14pt;\">Poudre d&rsquo;alliage de tungst\u00e8ne, de nickel et de fer Vue d&rsquo;ensemble<\/span><\/h2>\n<p><span style=\"color: #0000ff;\"><a style=\"color: #0000ff;\" href=\"https:\/\/ulpmat.com\/fr\/recherche\/?type=name&#038;keyword=Tungsten+Nickel+Iron\">Les cibles de pulv\u00e9risation de l&rsquo;alliage tungst\u00e8ne-nickel-fer<\/a><\/span> sont des alliages con\u00e7us pour les processus de d\u00e9p\u00f4t de couches minces \u00e0 haute performance. Elles ont une composition uniforme, une densit\u00e9 et des propri\u00e9t\u00e9s m\u00e9caniques excellentes, garantissant la formation d&rsquo;un film uniforme, une forte adh\u00e9rence et une teneur en impuret\u00e9s extr\u00eamement faible.<\/p>\n<p>Nous fournissons une vari\u00e9t\u00e9 de tailles et de formes de cibles de pulv\u00e9risation en alliage tungst\u00e8ne nickel fer, y compris rondes et rectangulaires, qui peuvent \u00eatre personnalis\u00e9es en fonction des besoins sp\u00e9cifiques du client. En m\u00eame temps, nous fournissons des services complets de <span style=\"color: #0000ff;\"><a style=\"color: #0000ff;\" href=\"https:\/\/ulpmat.com\/fr\/service\/service-apres-vente\/\">apr\u00e8s-vente<\/a><\/span> apr\u00e8s-vente, n&rsquo;h\u00e9sitez pas \u00e0 nous <span style=\"color: #0000ff;\"><a style=\"color: #0000ff;\" href=\"https:\/\/ulpmat.com\/fr\/contactez-nous\/\">n&rsquo;h\u00e9sitez pas \u00e0 nous contacter<\/a><\/span> pour r\u00e9soudre tout probl\u00e8me d&rsquo;utilisation.<\/p>\n<h2><span style=\"font-size: 14pt;\">Points forts du produit<\/span><\/h2>\n<p>Composition uniforme pour garantir des performances stables<br \/>\nDensit\u00e9 \u00e9lev\u00e9e pour assurer un d\u00e9p\u00f4t uniforme des couches minces<br \/>\nTaille et forme personnalisables pour r\u00e9pondre aux diff\u00e9rentes exigences des processus<br \/>\nUn service de fixation des cibles peut \u00eatre fourni<br \/>\nApplicable \u00e0 la fabrication de semi-conducteurs, \u00e0 la pr\u00e9paration de mat\u00e9riaux magn\u00e9tiques, aux appareils \u00e9lectroniques et \u00e0 d&rsquo;autres domaines<\/p>\n<h2><span style=\"font-size: 14pt;\">Application de la poudre d&rsquo;alliage de tungst\u00e8ne, de nickel et de fer <\/span><\/h2>\n<p><span style=\"color: #0000ff;\"><a style=\"color: #0000ff;\" href=\"https:\/\/ulpmat.com\/fr\/candidature\/materiaux-semi-conducteurs\/\">Semi-conducteurs<\/a><\/span> l&rsquo;industrie des semi-conducteurs : Utilisation pour la fabrication de couches d&rsquo;interconnexion \u00e0 haute performance et de films r\u00e9sistants \u00e0 l&rsquo;usure<br \/>\nMat\u00e9riaux magn\u00e9tiques : Mati\u00e8re premi\u00e8re essentielle pour les mat\u00e9riaux magn\u00e9tiques en couches minces, convenant aux disques durs et aux capteurs<br \/>\nAppareils \u00e9lectroniques : Utilis\u00e9s pour fabriquer des couches d&rsquo;\u00e9lectrodes r\u00e9sistantes \u00e0 l&rsquo;usure et \u00e0 la corrosion et des films de protection<br \/>\nRev\u00eatements \u00e0 haute temp\u00e9rature : Convient \u00e0 la pr\u00e9paration de rev\u00eatements fonctionnels dans des environnements sous vide \u00e0 haute temp\u00e9rature<\/p>\n<h2><span style=\"font-size: 14pt;\">Rapport<\/span><\/h2>\n<p>Chaque lot de produits est accompagn\u00e9 d&rsquo;un<span style=\"color: #0000ff;\"><a style=\"color: #0000ff;\" href=\"https:\/\/ulpmat.com\/fr\/service\/analyse-chimique\/\"> certificat d&rsquo;analyse (COA)<\/a><\/span>d&rsquo;une fiche de donn\u00e9es de s\u00e9curit\u00e9 (FDS) et des rapports d&rsquo;inspection de la qualit\u00e9 correspondants. Nous prenons \u00e9galement en charge les tests effectu\u00e9s par des tiers afin de garantir que la qualit\u00e9 et les performances des produits r\u00e9pondent aux exigences \u00e9lev\u00e9es des clients.<\/p>\n","protected":false},"excerpt":{"rendered":"<p>Poudre d&rsquo;alliage de tungst\u00e8ne, de nickel et de fer Vue d&rsquo;ensemble Les cibles de pulv\u00e9risation de l&rsquo;alliage tungst\u00e8ne-nickel-fer sont des alliages con\u00e7us pour les processus de d\u00e9p\u00f4t de couches minces \u00e0 haute performance. Elles ont une composition uniforme, une densit\u00e9 et des propri\u00e9t\u00e9s m\u00e9caniques excellentes, garantissant la formation d&rsquo;un film uniforme, une forte adh\u00e9rence et [&hellip;]<\/p>\n","protected":false},"featured_media":18521,"template":"","meta":{"_acf_changed":false},"product_brand":[132],"product_cat":[560],"product_tag":[],"class_list":{"0":"post-25499","1":"product","2":"type-product","3":"status-publish","4":"has-post-thumbnail","6":"product_brand-ulpmat","7":"product_cat-cible-de-pulverisation-dalliage","9":"first","10":"instock","11":"shipping-taxable","12":"product-type-variable"},"acf":[],"_links":{"self":[{"href":"https:\/\/ulpmat.com\/fr\/wp-json\/wp\/v2\/product\/25499","targetHints":{"allow":["GET"]}}],"collection":[{"href":"https:\/\/ulpmat.com\/fr\/wp-json\/wp\/v2\/product"}],"about":[{"href":"https:\/\/ulpmat.com\/fr\/wp-json\/wp\/v2\/types\/product"}],"wp:featuredmedia":[{"embeddable":true,"href":"https:\/\/ulpmat.com\/fr\/wp-json\/wp\/v2\/media\/18521"}],"wp:attachment":[{"href":"https:\/\/ulpmat.com\/fr\/wp-json\/wp\/v2\/media?parent=25499"}],"wp:term":[{"taxonomy":"product_brand","embeddable":true,"href":"https:\/\/ulpmat.com\/fr\/wp-json\/wp\/v2\/product_brand?post=25499"},{"taxonomy":"product_cat","embeddable":true,"href":"https:\/\/ulpmat.com\/fr\/wp-json\/wp\/v2\/product_cat?post=25499"},{"taxonomy":"product_tag","embeddable":true,"href":"https:\/\/ulpmat.com\/fr\/wp-json\/wp\/v2\/product_tag?post=25499"}],"curies":[{"name":"wp","href":"https:\/\/api.w.org\/{rel}","templated":true}]}}