{"id":25487,"date":"2025-10-16T13:56:08","date_gmt":"2025-10-16T05:56:08","guid":{"rendered":"https:\/\/ulpmat.com\/product\/chlorure-de-tungstene-2\/"},"modified":"2025-10-16T13:56:08","modified_gmt":"2025-10-16T05:56:08","slug":"chlorure-de-tungstene-2","status":"publish","type":"product","link":"https:\/\/ulpmat.com\/fr\/produit\/chlorure-de-tungstene-2\/","title":{"rendered":"Chlorure de tungst\u00e8ne"},"content":{"rendered":"<h2><span style=\"font-size: 14pt;\">Poudre de chlorure de tungst\u00e8ne Aper\u00e7u<\/span><\/h2>\n<p><span style=\"color: #0000ff;\"><a style=\"color: #0000ff;\" href=\"https:\/\/ulpmat.com\/fr\/recherche\/?type=name&#038;keyword=Tungsten+Chloride\">La poudre de chlorure de tungst\u00e8ne<\/a><\/span> est un important compos\u00e9 inorganique de haute puret\u00e9, couramment utilis\u00e9 dans le d\u00e9p\u00f4t chimique en phase vapeur (CVD), la gravure au plasma, la modification des mat\u00e9riaux et la synth\u00e8se organom\u00e9tallique. Il pr\u00e9sente une bonne volatilit\u00e9 et une bonne r\u00e9activit\u00e9 et convient particuli\u00e8rement \u00e0 la pr\u00e9paration de films de tungst\u00e8ne de haute puret\u00e9 ou comme pr\u00e9curseur pour la pr\u00e9paration de mat\u00e9riaux de haute performance.<\/p>\n<p>Nous fournissons de la poudre de chlorure de tungst\u00e8ne de haute puret\u00e9, cristalline de couleur violet fonc\u00e9 ou bleu violet, scell\u00e9e et r\u00e9sistante \u00e0 l&rsquo;humidit\u00e9. Diff\u00e9rentes sp\u00e9cifications et m\u00e9thodes d&#8217;emballage peuvent \u00eatre fournies en fonction des besoins du client.<\/p>\n<h2><span style=\"font-size: 14pt;\">Points forts du produit<\/span><\/h2>\n<p>Puret\u00e9 : 99,9%<br \/>\nForte volatilit\u00e9, convient au processus de d\u00e9p\u00f4t en phase vapeur<br \/>\nR\u00e9activit\u00e9 chimique \u00e9lev\u00e9e, convient \u00e0 diverses r\u00e9actions de synth\u00e8se m\u00e9tallo-organique<br \/>\n<span style=\"color: #0000ff;\"><a style=\"color: #0000ff;\" href=\"https:\/\/ulpmat.com\/fr\/service\/personnalisation\/\">Des formes d&#8217;emballage<\/a><\/span> (bouteilles en verre, joints en plastique fluor\u00e9, etc.) peuvent \u00eatre fournies selon les besoins<\/p>\n<h2><span style=\"font-size: 14pt;\">Applications de la poudre de chlorure de tungst\u00e8ne <\/span><\/h2>\n<p><span style=\"color: #0000ff;\"><a style=\"color: #0000ff;\" href=\"https:\/\/ulpmat.com\/fr\/candidature\/materiaux-semi-conducteurs\/\">Semi-conducteurs<\/a><\/span> fabrication de semi-conducteurs : En tant que pr\u00e9curseur du tungst\u00e8ne, il est utilis\u00e9 pour former des films de tungst\u00e8ne m\u00e9tallique dans des proc\u00e9d\u00e9s CVD \u00e0 basse pression ou \u00e0 plasma.<br \/>\nIng\u00e9nierie de surface : Il est utilis\u00e9 pour pr\u00e9parer des rev\u00eatements \u00e0 base de tungst\u00e8ne r\u00e9sistants \u00e0 la corrosion et aux temp\u00e9ratures \u00e9lev\u00e9es.<br \/>\nSynth\u00e8se chimique : Utilis\u00e9 comme acide de Lewis fort ou comme pr\u00e9curseur de complexe de tungst\u00e8ne dans la chimie organom\u00e9tallique.<br \/>\nMat\u00e9riaux de recherche scientifique : largement utilis\u00e9s en chimie inorganique et dans la recherche en science des mat\u00e9riaux, en particulier dans les domaines li\u00e9s aux halog\u00e9nures de m\u00e9taux de transition.<\/p>\n<h2><span style=\"font-size: 14pt;\">Rapport<\/span><\/h2>\n<p>Nous fournissons un <span style=\"color: #0000ff;\"><a style=\"color: #0000ff;\" href=\"https:\/\/ulpmat.com\/fr\/service\/analyse-chimique\/\">Certificat d&rsquo;analyse (COA)<\/a><\/span>la fiche de donn\u00e9es de s\u00e9curit\u00e9 (FDS) et d&rsquo;autres rapports sur les param\u00e8tres techniques n\u00e9cessaires pour chaque lot de marchandises. Si n\u00e9cessaire, nous pouvons participer \u00e0 des tests effectu\u00e9s par des tiers afin de garantir une qualit\u00e9 fiable et des donn\u00e9es transparentes.<\/p>\n","protected":false},"excerpt":{"rendered":"<p>Poudre de chlorure de tungst\u00e8ne Aper\u00e7u La poudre de chlorure de tungst\u00e8ne est un important compos\u00e9 inorganique de haute puret\u00e9, couramment utilis\u00e9 dans le d\u00e9p\u00f4t chimique en phase vapeur (CVD), la gravure au plasma, la modification des mat\u00e9riaux et la synth\u00e8se organom\u00e9tallique. Il pr\u00e9sente une bonne volatilit\u00e9 et une bonne r\u00e9activit\u00e9 et convient particuli\u00e8rement \u00e0 [&hellip;]<\/p>\n","protected":false},"featured_media":18599,"template":"","meta":{"_acf_changed":false},"product_brand":[132],"product_cat":[313],"product_tag":[],"class_list":{"0":"post-25487","1":"product","2":"type-product","3":"status-publish","4":"has-post-thumbnail","6":"product_brand-ulpmat","7":"product_cat-materiaux-halogenes","9":"first","10":"instock","11":"shipping-taxable","12":"product-type-variable"},"acf":[],"_links":{"self":[{"href":"https:\/\/ulpmat.com\/fr\/wp-json\/wp\/v2\/product\/25487","targetHints":{"allow":["GET"]}}],"collection":[{"href":"https:\/\/ulpmat.com\/fr\/wp-json\/wp\/v2\/product"}],"about":[{"href":"https:\/\/ulpmat.com\/fr\/wp-json\/wp\/v2\/types\/product"}],"wp:featuredmedia":[{"embeddable":true,"href":"https:\/\/ulpmat.com\/fr\/wp-json\/wp\/v2\/media\/18599"}],"wp:attachment":[{"href":"https:\/\/ulpmat.com\/fr\/wp-json\/wp\/v2\/media?parent=25487"}],"wp:term":[{"taxonomy":"product_brand","embeddable":true,"href":"https:\/\/ulpmat.com\/fr\/wp-json\/wp\/v2\/product_brand?post=25487"},{"taxonomy":"product_cat","embeddable":true,"href":"https:\/\/ulpmat.com\/fr\/wp-json\/wp\/v2\/product_cat?post=25487"},{"taxonomy":"product_tag","embeddable":true,"href":"https:\/\/ulpmat.com\/fr\/wp-json\/wp\/v2\/product_tag?post=25487"}],"curies":[{"name":"wp","href":"https:\/\/api.w.org\/{rel}","templated":true}]}}