{"id":25211,"date":"2025-10-16T13:56:17","date_gmt":"2025-10-16T05:56:17","guid":{"rendered":"https:\/\/ulpmat.com\/product\/tellurure-de-tungstene-2\/"},"modified":"2025-10-16T13:56:17","modified_gmt":"2025-10-16T05:56:17","slug":"tellurure-de-tungstene-2","status":"publish","type":"product","link":"https:\/\/ulpmat.com\/fr\/produit\/tellurure-de-tungstene-2\/","title":{"rendered":"Tellurure de tungst\u00e8ne"},"content":{"rendered":"<h2><span style=\"font-size: 14pt;\">Poudre de tellurure de tungst\u00e8ne Aper\u00e7u<\/span><\/h2>\n<p><span style=\"color: #0000ff;\"><a style=\"color: #0000ff;\" href=\"https:\/\/ulpmat.com\/fr\/recherche\/?type=name&#038;keyword=Tungsten+Telluride\">La poudre de tellurure de tungst\u00e8ne<\/a><\/span> est un tellurure de m\u00e9tal de transition unique en couches. Gr\u00e2ce \u00e0 son excellente structure \u00e9lectronique et \u00e0 ses propri\u00e9t\u00e9s topologiques, il a suscit\u00e9 un grand int\u00e9r\u00eat dans les domaines des dispositifs \u00e9lectroniques de nouvelle g\u00e9n\u00e9ration, de la recherche sur les mat\u00e9riaux quantiques et de la thermo\u00e9lectricit\u00e9. La poudre de tellurure de tungst\u00e8ne que nous fournissons pr\u00e9sente une grande puret\u00e9, une distribution granulom\u00e9trique uniforme et une bonne cristallinit\u00e9. Elle peut \u00eatre largement utilis\u00e9e dans la recherche et le d\u00e9veloppement en laboratoire et dans la production d&rsquo;essais industriels.<\/p>\n<p>Nous fournissons de la poudre de tellurure de tungst\u00e8ne dans diverses gammes de tailles de particules et pouvons la personnaliser en fonction des besoins du client. Chaque lot de produits fait l&rsquo;objet de tests rigoureux afin de s&rsquo;assurer que sa structure et ses performances r\u00e9pondent aux normes des applications haut de gamme.<\/p>\n<h2><span style=\"font-size: 14pt;\">Points forts du produit<\/span><\/h2>\n<p>Puret\u00e9 : 99,9<br \/>\nAnisotropie \u00e9lev\u00e9e, propice \u00e0 l&rsquo;exfoliation de mat\u00e9riaux bidimensionnels<br \/>\n\u00c9tats \u00e9lectroniques topologiques non triviaux (propri\u00e9t\u00e9s des semi-m\u00e9taux de Weyl)<br \/>\n<span style=\"color: #0000ff;\"><a style=\"color: #0000ff;\" href=\"https:\/\/ulpmat.com\/fr\/service\/personnalisation\/\">Personnalisable<\/a><\/span> conditionnement et m\u00e9thodes de traitement permettant de s&rsquo;adapter \u00e0 diff\u00e9rentes exp\u00e9riences ou processus de production<\/p>\n<h2><span style=\"font-size: 14pt;\">Applications de la poudre de tellurure de tungst\u00e8ne<\/span><\/h2>\n<p>Dispositifs \u00e9lectroniques de pointe : Les propri\u00e9t\u00e9s des semi-m\u00e9taux topologiques les rendent appropri\u00e9s pour les nouveaux transistors \u00e0 effet de champ (FET) et les dispositifs \u00e9lectroniques de faible puissance.<br \/>\nRecherche sur les mat\u00e9riaux quantiques : Largement utilis\u00e9 dans l&rsquo;\u00e9lectronique de spin, le transport quantique et la recherche sur les mat\u00e9riaux supraconducteurs.<br \/>\nMat\u00e9riaux thermo\u00e9lectriques : Son excellente conductivit\u00e9 \u00e9lectronique et sa faible conductivit\u00e9 thermique en font un candidat pour les mat\u00e9riaux de conversion thermo\u00e9lectrique \u00e0 haute performance.<br \/>\nDispositifs opto\u00e9lectroniques : Anisotropie unique et effets optiques non lin\u00e9aires dans le domaine de la photor\u00e9ponse.<\/p>\n<h2><span style=\"font-size: 14pt;\">Rapports<\/span><\/h2>\n<p>Nous fournissons un <span style=\"color: #0000ff;\"><a style=\"color: #0000ff;\" href=\"https:\/\/ulpmat.com\/fr\/service\/analyse-chimique\/\">Certificat d&rsquo;analyse (COA)<\/a><\/span>une fiche de donn\u00e9es de s\u00e9curit\u00e9 (MSDS), un spectre XRD, une image SEM et une analyse EDS (si n\u00e9cessaire) pour chaque lot de poudre WTe\u2082. Si n\u00e9cessaire, des services de test tiers sont disponibles pour aider les clients \u00e0 compl\u00e9ter la v\u00e9rification des mat\u00e9riaux.<\/p>\n","protected":false},"excerpt":{"rendered":"<p>Poudre de tellurure de tungst\u00e8ne Aper\u00e7u La poudre de tellurure de tungst\u00e8ne est un tellurure de m\u00e9tal de transition unique en couches. Gr\u00e2ce \u00e0 son excellente structure \u00e9lectronique et \u00e0 ses propri\u00e9t\u00e9s topologiques, il a suscit\u00e9 un grand int\u00e9r\u00eat dans les domaines des dispositifs \u00e9lectroniques de nouvelle g\u00e9n\u00e9ration, de la recherche sur les mat\u00e9riaux quantiques [&hellip;]<\/p>\n","protected":false},"featured_media":18061,"template":"","meta":{"_acf_changed":false},"product_brand":[132],"product_cat":[668,1087],"product_tag":[],"class_list":{"0":"post-25211","1":"product","2":"type-product","3":"status-publish","4":"has-post-thumbnail","6":"product_brand-ulpmat","7":"product_cat-materiaux-de-chalcogenure","8":"product_cat-materiaux-de-chalcogenure-fr","10":"first","11":"instock","12":"shipping-taxable","13":"product-type-variable"},"acf":[],"_links":{"self":[{"href":"https:\/\/ulpmat.com\/fr\/wp-json\/wp\/v2\/product\/25211","targetHints":{"allow":["GET"]}}],"collection":[{"href":"https:\/\/ulpmat.com\/fr\/wp-json\/wp\/v2\/product"}],"about":[{"href":"https:\/\/ulpmat.com\/fr\/wp-json\/wp\/v2\/types\/product"}],"wp:featuredmedia":[{"embeddable":true,"href":"https:\/\/ulpmat.com\/fr\/wp-json\/wp\/v2\/media\/18061"}],"wp:attachment":[{"href":"https:\/\/ulpmat.com\/fr\/wp-json\/wp\/v2\/media?parent=25211"}],"wp:term":[{"taxonomy":"product_brand","embeddable":true,"href":"https:\/\/ulpmat.com\/fr\/wp-json\/wp\/v2\/product_brand?post=25211"},{"taxonomy":"product_cat","embeddable":true,"href":"https:\/\/ulpmat.com\/fr\/wp-json\/wp\/v2\/product_cat?post=25211"},{"taxonomy":"product_tag","embeddable":true,"href":"https:\/\/ulpmat.com\/fr\/wp-json\/wp\/v2\/product_tag?post=25211"}],"curies":[{"name":"wp","href":"https:\/\/api.w.org\/{rel}","templated":true}]}}