{"id":24818,"date":"2025-11-10T14:59:16","date_gmt":"2025-11-10T06:59:16","guid":{"rendered":"https:\/\/ulpmat.com\/product\/oxyde-dindium-zinc-etain-izto\/"},"modified":"2025-11-10T14:59:16","modified_gmt":"2025-11-10T06:59:16","slug":"oxyde-dindium-zinc-etain-izto","status":"publish","type":"product","link":"https:\/\/ulpmat.com\/fr\/produit\/oxyde-dindium-zinc-etain-izto\/","title":{"rendered":"Oxyde d&rsquo;indium-zinc-\u00e9tain (IZTO)"},"content":{"rendered":"<h2><span style=\"font-size: 14pt;\">Cible de pulv\u00e9risation cathodique d&rsquo;oxyde d&rsquo;indium-zinc-\u00e9tain Vue d&rsquo;ensemble<\/span><\/h2>\n<p><span style=\"color: #0000ff;\"><a style=\"color: #0000ff;\" href=\"https:\/\/ulpmat.com\/fr\/recherche\/?type=name&#038;keyword=Indium+Zinc+Tin+Oxide\">La cible de pulv\u00e9risation d&rsquo;oxyde d&rsquo;indium-zinc-\u00e9tain<\/a><\/span> est un mat\u00e9riau compos\u00e9 de haute puret\u00e9 largement utilis\u00e9 dans l&rsquo;\u00e9lectronique en couches minces, les dispositifs opto\u00e9lectroniques et les applications d&rsquo;oxyde conducteur transparent (TCO). Gr\u00e2ce \u00e0 son excellente conductivit\u00e9 \u00e9lectrique, \u00e0 sa transparence optique et \u00e0 la formation d&rsquo;un film uniforme, la cible de pulv\u00e9risation d&rsquo;oxyde d&rsquo;indium-zinc-\u00e9tain joue un r\u00f4le essentiel dans le d\u00e9p\u00f4t de couches minces pour les technologies avanc\u00e9es d&rsquo;affichage, solaires et semi-conductrices. Nos cibles garantissent une puret\u00e9 de 99,99 % (4N), une structure dense et des performances de pulv\u00e9risation stables pour les applications industrielles et de recherche.<\/p>\n<p>Nous fournissons des cibles de pulv\u00e9risation IZTO de haute qualit\u00e9 aux instituts de recherche et aux fabricants. <span style=\"color: #0000ff;\"><a style=\"color: #0000ff;\" href=\"https:\/\/ulpmat.com\/fr\/service\/personnalisation\/\">Personnalisable<\/a><\/span> rapport.<span style=\"color: #0000ff;\"><a style=\"color: #0000ff;\" href=\"https:\/\/ulpmat.com\/fr\/contactez-nous\/\">Contactez nous<\/a><\/span> pour obtenir le meilleur prix et <span style=\"color: #0000ff;\"><a style=\"color: #0000ff;\" href=\"https:\/\/ulpmat.com\/fr\/service\/support-technique\/\">support technique.<\/a><\/span><\/p>\n<h2><span style=\"font-size: 14pt;\">Produits phares de la cible de pulv\u00e9risation d&rsquo;oxyde d&rsquo;indium-zinc-\u00e9tain<\/span><\/h2>\n<p>Puret\u00e9 sup\u00e9rieure : la puret\u00e9 de 99,99 % (4N) r\u00e9pond aux exigences strictes des applications TCO et des films minces.<br \/>\n<span style=\"color: #0000ff;\"><a style=\"color: #0000ff;\" href=\"https:\/\/ulpmat.com\/fr\/service\/personnalisation\/\">Personnalisable<\/a><\/span> Composition : Les rapports In:Zn:Sn et les dimensions de la cible peuvent \u00eatre ajust\u00e9s en fonction des exigences de d\u00e9p\u00f4t.<br \/>\nHaute performance : Excellente conductivit\u00e9 \u00e9lectrique, transparence optique et caract\u00e9ristiques de pulv\u00e9risation stables.<br \/>\nMat\u00e9riau stable : La structure dense, la composition uniforme et les faibles niveaux d&rsquo;impuret\u00e9 garantissent des r\u00e9sultats reproductibles pour les couches minces.<\/p>\n<h2><span style=\"font-size: 14pt;\">Applications des cibles de pulv\u00e9risation d&rsquo;oxyde d&rsquo;indium, de zinc et d&rsquo;\u00e9tain (IZTO) de haute qualit\u00e9<\/span><\/h2>\n<p>\u00c9lectronique en couches minces : Appliqu\u00e9e dans les \u00e9lectrodes transparentes, les transistors \u00e0 couche mince et les panneaux d&rsquo;affichage.<br \/>\n<span style=\"color: #0000ff;\"><a style=\"color: #0000ff;\" href=\"https:\/\/ulpmat.com\/fr\/candidature\/materiaux-optiques\/\">Appareils opto\u00e9lectroniques<\/a> <\/span>Dispositifs opto\u00e9lectroniques : Utilis\u00e9s dans les OLED, les photod\u00e9tecteurs, les capteurs infrarouges et les panneaux tactiles.<br \/>\nCellules solaires : Convient pour les couches d&rsquo;\u00e9lectrodes tampons et transparentes dans les cellules solaires CIGS et autres cellules solaires avanc\u00e9es.<br \/>\nRecherche et d\u00e9veloppement : Largement utilis\u00e9 dans les laboratoires pour la science des mat\u00e9riaux et la recherche sur les dispositifs.<br \/>\nDispositifs \u00e9nerg\u00e9tiques : Utilis\u00e9 dans les films conducteurs transparents pour les applications de stockage et de conversion de l&rsquo;\u00e9nergie.<\/p>\n<h2><span style=\"font-size: 14pt;\">Pourquoi nous choisir ?<\/span><\/h2>\n<p>Expertise industrielle : Sp\u00e9cialis\u00e9 dans la fourniture de cibles de pulv\u00e9risation de haute puret\u00e9 pour les technologies de TCO et de films minces.<br \/>\nSolutions personnalis\u00e9es : Souplesse dans la composition, les dimensions et les sp\u00e9cifications de puret\u00e9 des cibles.<br \/>\nQualit\u00e9 fiable : Un contr\u00f4le strict des impuret\u00e9s, une structure dense et une composition uniforme garantissent des performances stables.<br \/>\nLivraison mondiale : Exp\u00e9dition rapide et s\u00fbre dans le monde entier avec un emballage protecteur.<br \/>\n<span style=\"color: #0000ff;\"><a style=\"color: #0000ff;\" href=\"https:\/\/ulpmat.com\/fr\/service\/support-technique\/\">Assistance technique :<\/a><\/span> Une \u00e9quipe professionnelle fournit une documentation technique compl\u00e8te et des conseils.<\/p>\n<h2><span style=\"color: #0000ff;\"><a style=\"color: #0000ff;\" href=\"https:\/\/ulpmat.com\/fr\/societe\/faq\/\"><span style=\"font-size: 14pt;\">FAQ (Foire aux questions)<\/span><\/a><\/span><\/h2>\n<p>F1. Quelle est la puret\u00e9 de vos cibles de pulv\u00e9risation de l&rsquo;oxyde de zinc et d&rsquo;\u00e9tain (IZTO) ?<br \/>\nA1. Nos cibles ont une puret\u00e9 standard de 99,99 % (4N), ce qui garantit des r\u00e9sultats fiables pour les films minces avanc\u00e9s et les applications opto\u00e9lectroniques.<\/p>\n<p>F2. La composition ou la taille des cibles In2O3-ZnO-SnO2 peuvent-elles \u00eatre personnalis\u00e9es ?<br \/>\nA2. Oui, nous proposons des ratios In:Zn:Sn et des dimensions de cibles personnalisables en fonction des exigences de votre syst\u00e8me de d\u00e9p\u00f4t.<\/p>\n<p>F3. Comment les cibles de pulv\u00e9risation In2O3-ZnO-SnO2 doivent-elles \u00eatre stock\u00e9es ?<br \/>\nA3. Les cibles doivent \u00eatre stock\u00e9es dans un environnement frais et sec, \u00e0 l&rsquo;abri de l&rsquo;humidit\u00e9 et des contaminants, dans un emballage de protection.<\/p>\n<p>F4. Quelles sont les industries qui utilisent les cibles de pulv\u00e9risation In2O3-ZnO-SnO2 ?<br \/>\nA4. Largement utilis\u00e9es dans l&rsquo;\u00e9lectronique \u00e0 couche mince, l&rsquo;opto\u00e9lectronique, les cellules solaires, les semi-conducteurs et les laboratoires de recherche.<\/p>\n<p>Rapports<\/p>\n<p>Chaque lot de produits est fourni avec :<br \/>\n<span style=\"color: #0000ff;\"><a style=\"color: #0000ff;\" href=\"https:\/\/ulpmat.com\/fr\/documents\/certificat-danalyse\/\">Un certificat d&rsquo;analyse (COA)<\/a><\/span><br \/>\n<span style=\"color: #0000ff;\"><a style=\"color: #0000ff;\" href=\"https:\/\/ulpmat.com\/fr\/documents\/fiche-technique\/\">Fiche technique (TDS)<\/a><\/span><br \/>\n<span style=\"color: #0000ff;\"><a style=\"color: #0000ff;\" href=\"https:\/\/ulpmat.com\/fr\/documents\/fiche-de-donnees-de-securite\/\">Fiche de donn\u00e9es de s\u00e9curit\u00e9 (FDS)<\/a><\/span><br \/>\nDes rapports de tests effectu\u00e9s par des tiers sont disponibles sur demande pour r\u00e9pondre aux normes industrielles et de recherche.<\/p>\n","protected":false},"excerpt":{"rendered":"<p>Cible de pulv\u00e9risation cathodique d&rsquo;oxyde d&rsquo;indium-zinc-\u00e9tain Vue d&rsquo;ensemble La cible de pulv\u00e9risation d&rsquo;oxyde d&rsquo;indium-zinc-\u00e9tain est un mat\u00e9riau compos\u00e9 de haute puret\u00e9 largement utilis\u00e9 dans l&rsquo;\u00e9lectronique en couches minces, les dispositifs opto\u00e9lectroniques et les applications d&rsquo;oxyde conducteur transparent (TCO). Gr\u00e2ce \u00e0 son excellente conductivit\u00e9 \u00e9lectrique, \u00e0 sa transparence optique et \u00e0 la formation d&rsquo;un film uniforme, [&hellip;]<\/p>\n","protected":false},"featured_media":24819,"template":"","meta":{"_acf_changed":false},"product_brand":[132],"product_cat":[449,1197],"product_tag":[],"class_list":{"0":"post-24818","1":"product","2":"type-product","3":"status-publish","4":"has-post-thumbnail","6":"product_brand-ulpmat","7":"product_cat-cible-de-pulverisation-ceramique","8":"product_cat-oxydes-conducteurs-transparents-tcos","10":"first","11":"instock","12":"shipping-taxable","13":"product-type-variable"},"acf":[],"_links":{"self":[{"href":"https:\/\/ulpmat.com\/fr\/wp-json\/wp\/v2\/product\/24818","targetHints":{"allow":["GET"]}}],"collection":[{"href":"https:\/\/ulpmat.com\/fr\/wp-json\/wp\/v2\/product"}],"about":[{"href":"https:\/\/ulpmat.com\/fr\/wp-json\/wp\/v2\/types\/product"}],"wp:featuredmedia":[{"embeddable":true,"href":"https:\/\/ulpmat.com\/fr\/wp-json\/wp\/v2\/media\/24819"}],"wp:attachment":[{"href":"https:\/\/ulpmat.com\/fr\/wp-json\/wp\/v2\/media?parent=24818"}],"wp:term":[{"taxonomy":"product_brand","embeddable":true,"href":"https:\/\/ulpmat.com\/fr\/wp-json\/wp\/v2\/product_brand?post=24818"},{"taxonomy":"product_cat","embeddable":true,"href":"https:\/\/ulpmat.com\/fr\/wp-json\/wp\/v2\/product_cat?post=24818"},{"taxonomy":"product_tag","embeddable":true,"href":"https:\/\/ulpmat.com\/fr\/wp-json\/wp\/v2\/product_tag?post=24818"}],"curies":[{"name":"wp","href":"https:\/\/api.w.org\/{rel}","templated":true}]}}