{"id":24638,"date":"2025-11-10T14:59:22","date_gmt":"2025-11-10T06:59:22","guid":{"rendered":"https:\/\/ulpmat.com\/product\/tellurure-dindium-2\/"},"modified":"2025-11-10T14:59:22","modified_gmt":"2025-11-10T06:59:22","slug":"tellurure-dindium-2","status":"publish","type":"product","link":"https:\/\/ulpmat.com\/fr\/produit\/tellurure-dindium-2\/","title":{"rendered":"Tellurure d&rsquo;indium"},"content":{"rendered":"<h2><span style=\"font-size: 14pt;\">Aper\u00e7u des granul\u00e9s de tellurure d&rsquo;indium<\/span><\/h2>\n<p><span style=\"color: #0000ff;\"><a style=\"color: #0000ff;\" href=\"https:\/\/ulpmat.com\/fr\/recherche\/?type=name&#038;keyword=Indium+Telluride\">Les granul\u00e9s de tellurure d&rsquo;indium<\/a><\/span> (In2Te3) sont des compos\u00e9s semi-conducteurs de haute puret\u00e9 largement utilis\u00e9s dans les mat\u00e9riaux thermo\u00e9lectriques, les dispositifs infrarouges et le d\u00e9p\u00f4t de couches minces. D&rsquo;une puret\u00e9 de 99,99 %, nos granul\u00e9s d&rsquo;In\u2082Te\u2083 offrent une excellente stabilit\u00e9, une taille de particule uniforme et des performances sup\u00e9rieures pour les industries de pr\u00e9cision.<\/p>\n<p>Nous fournissons des granul\u00e9s de tellurure d&rsquo;indium de haute qualit\u00e9 avec une assurance qualit\u00e9 fiable et des prix comp\u00e9titifs. <span style=\"color: #0000ff;\"><a style=\"color: #0000ff;\" href=\"https:\/\/ulpmat.com\/fr\/contactez-nous\/\">Contactez nous<\/a> <\/span>d\u00e8s aujourd&rsquo;hui pour obtenir la meilleure offre.<\/p>\n<h2><span style=\"font-size: 14pt;\">Produits phares des granul\u00e9s In2Te3<\/span><\/h2>\n<p>Puret\u00e9 sup\u00e9rieure : la puret\u00e9 de 99,99 % garantit une qualit\u00e9 constante pour les applications avanc\u00e9es.<br \/>\nTaille des granul\u00e9s sur mesure : Taille standard de 3 \u00e0 6 mm avec des options personnalisables pour r\u00e9pondre \u00e0 des besoins sp\u00e9cifiques.<br \/>\nHaute performance : Convient aux semi-conducteurs, \u00e0 la conversion thermo\u00e9lectrique et \u00e0 l&rsquo;optique infrarouge.<br \/>\nStable et s\u00fbr : Mat\u00e9riau chimiquement stable avec une manipulation s\u00fbre dans des conditions de stockage appropri\u00e9es.<\/p>\n<h2><span style=\"font-size: 14pt;\">Applications des granul\u00e9s de tellurure d&rsquo;indium de haute qualit\u00e9<\/span><\/h2>\n<p><span style=\"color: #0000ff;\"><a style=\"color: #0000ff;\" href=\"https:\/\/ulpmat.com\/fr\/candidature\/materiaux-semi-conducteurs\/\">Semi-conducteurs :<\/a> <\/span>Utilis\u00e9s comme mat\u00e9riau fonctionnel dans les dispositifs \u00e9lectroniques et opto\u00e9lectroniques.<br \/>\nMat\u00e9riaux thermo\u00e9lectriques : Utilis\u00e9s dans les g\u00e9n\u00e9rateurs thermo\u00e9lectriques et les dispositifs de refroidissement.<br \/>\nOptique infrarouge : Utilis\u00e9e dans les d\u00e9tecteurs infrarouges, les lentilles et les applications de d\u00e9tection.<br \/>\nD\u00e9p\u00f4t de couches minces : Convient aux processus d&rsquo;\u00e9vaporation et de pulv\u00e9risation dans l&rsquo;industrie des semi-conducteurs.<br \/>\n\u00c9nergie solaire : incorpor\u00e9 dans les technologies avanc\u00e9es de cellules solaires afin d&rsquo;en am\u00e9liorer l&rsquo;efficacit\u00e9.<\/p>\n<h2><span style=\"font-size: 14pt;\">Pourquoi nous choisir ?<\/span><\/h2>\n<p>Expertise industrielle : Des d\u00e9cennies d&rsquo;exp\u00e9rience dans la fourniture de mat\u00e9riaux pour les semi-conducteurs, la thermo\u00e9lectricit\u00e9 et les applications infrarouges.<br \/>\nSolutions personnalis\u00e9es : Des tailles de granul\u00e9s et des emballages flexibles adapt\u00e9s aux besoins des clients.<br \/>\nLivraison fiable : Exp\u00e9dition rapide, s\u00fbre et mondiale pour r\u00e9pondre aux besoins de la recherche et de l&rsquo;industrie.<br \/>\nAssistance compl\u00e8te : Documentation technique compl\u00e8te et service client\u00e8le r\u00e9actif.<\/p>\n<h2><span style=\"color: #0000ff;\"><a style=\"color: #0000ff;\" href=\"https:\/\/ulpmat.com\/fr\/societe\/faq\/\"><span style=\"font-size: 14pt;\">FAQs (en anglais)<\/span><\/a><\/span><\/h2>\n<p>F1. Quelle est la puret\u00e9 de vos granul\u00e9s de tellurure d&rsquo;indium ?<br \/>\nA1. Nos granul\u00e9s ont une puret\u00e9 de 99,99 %, ce qui garantit une excellente qualit\u00e9 pour les industries sp\u00e9cialis\u00e9es.<\/p>\n<p>F2. La taille des granul\u00e9s d&rsquo;In2Te3 peut-elle \u00eatre personnalis\u00e9e ?<br \/>\nA2. Oui, nous proposons des granul\u00e9s de taille personnalis\u00e9e en plus de la gamme standard de 3 \u00e0 6 mm.<\/p>\n<p>F3. Comment les granul\u00e9s de tellurure d&rsquo;indium doivent-ils \u00eatre stock\u00e9s ?<br \/>\nA3. Ils doivent \u00eatre stock\u00e9s dans un environnement frais et sec, \u00e0 l&rsquo;abri de l&rsquo;humidit\u00e9 et des contaminants, dans des r\u00e9cipients herm\u00e9tiquement ferm\u00e9s.<\/p>\n<p>F4. Quelles sont les industries qui utilisent les granul\u00e9s de tellurure d&rsquo;indium ?<br \/>\nA4. Ils sont largement utilis\u00e9s dans les semi-conducteurs, la thermo\u00e9lectricit\u00e9, l&rsquo;optique infrarouge, l&rsquo;\u00e9nergie solaire et la fabrication \u00e9lectronique.<\/p>\n<h2><span style=\"font-size: 14pt;\">Rapports<\/span><\/h2>\n<p>Chaque lot de produits est fourni avec :<\/p>\n<p><span style=\"color: #0000ff;\"><a style=\"color: #0000ff;\" href=\"https:\/\/ulpmat.com\/fr\/documents\/certificat-danalyse\/\">Un certificat d&rsquo;analyse (COA)<\/a><\/span><\/p>\n<p><span style=\"color: #0000ff;\"><a style=\"color: #0000ff;\" href=\"https:\/\/ulpmat.com\/fr\/documents\/fiche-technique\/\">Fiche technique (TDS)<\/a><\/span><\/p>\n<p><span style=\"color: #0000ff;\"><a style=\"color: #0000ff;\" href=\"https:\/\/ulpmat.com\/fr\/documents\/fiche-de-donnees-de-securite\/\">Fiche de donn\u00e9es de s\u00e9curit\u00e9 (FDS)<\/a><\/span><\/p>\n<p>Rapport d&rsquo;identification d&rsquo;exp\u00e9dition<\/p>\n<p>Des rapports de tests effectu\u00e9s par des tiers sont disponibles sur demande pour r\u00e9pondre aux exigences des clients et de la r\u00e9glementation.<\/p>\n","protected":false},"excerpt":{"rendered":"<p>Aper\u00e7u des granul\u00e9s de tellurure d&rsquo;indium Les granul\u00e9s de tellurure d&rsquo;indium (In2Te3) sont des compos\u00e9s semi-conducteurs de haute puret\u00e9 largement utilis\u00e9s dans les mat\u00e9riaux thermo\u00e9lectriques, les dispositifs infrarouges et le d\u00e9p\u00f4t de couches minces. D&rsquo;une puret\u00e9 de 99,99 %, nos granul\u00e9s d&rsquo;In\u2082Te\u2083 offrent une excellente stabilit\u00e9, une taille de particule uniforme et des performances sup\u00e9rieures [&hellip;]<\/p>\n","protected":false},"featured_media":24639,"template":"","meta":{"_acf_changed":false},"product_brand":[132],"product_cat":[296],"product_tag":[2017],"class_list":{"0":"post-24638","1":"product","2":"type-product","3":"status-publish","4":"has-post-thumbnail","6":"product_brand-ulpmat","7":"product_cat-materiaux-devaporation","8":"product_tag-granules-de-tellurure-dindium","10":"first","11":"instock","12":"shipping-taxable","13":"product-type-variable"},"acf":[],"_links":{"self":[{"href":"https:\/\/ulpmat.com\/fr\/wp-json\/wp\/v2\/product\/24638","targetHints":{"allow":["GET"]}}],"collection":[{"href":"https:\/\/ulpmat.com\/fr\/wp-json\/wp\/v2\/product"}],"about":[{"href":"https:\/\/ulpmat.com\/fr\/wp-json\/wp\/v2\/types\/product"}],"wp:featuredmedia":[{"embeddable":true,"href":"https:\/\/ulpmat.com\/fr\/wp-json\/wp\/v2\/media\/24639"}],"wp:attachment":[{"href":"https:\/\/ulpmat.com\/fr\/wp-json\/wp\/v2\/media?parent=24638"}],"wp:term":[{"taxonomy":"product_brand","embeddable":true,"href":"https:\/\/ulpmat.com\/fr\/wp-json\/wp\/v2\/product_brand?post=24638"},{"taxonomy":"product_cat","embeddable":true,"href":"https:\/\/ulpmat.com\/fr\/wp-json\/wp\/v2\/product_cat?post=24638"},{"taxonomy":"product_tag","embeddable":true,"href":"https:\/\/ulpmat.com\/fr\/wp-json\/wp\/v2\/product_tag?post=24638"}],"curies":[{"name":"wp","href":"https:\/\/api.w.org\/{rel}","templated":true}]}}