{"id":24596,"date":"2025-11-10T14:59:22","date_gmt":"2025-11-10T06:59:22","guid":{"rendered":"https:\/\/ulpmat.com\/product\/chlorure-dindium\/"},"modified":"2025-11-10T14:59:22","modified_gmt":"2025-11-10T06:59:22","slug":"chlorure-dindium","status":"publish","type":"product","link":"https:\/\/ulpmat.com\/fr\/produit\/chlorure-dindium\/","title":{"rendered":"Chlorure d&rsquo;indium"},"content":{"rendered":"<h2><span style=\"font-size: 14pt;\">Chlorure d&rsquo;indium en poudre Aper\u00e7u<\/span><\/h2>\n<p><span style=\"color: #0000ff;\"><a style=\"color: #0000ff;\" href=\"https:\/\/ulpmat.com\/fr\/recherche\/?type=name&#038;keyword=Indium+Chloride\">La poudre de chlorure d&rsquo;indium<\/a><\/span> (InCl3) est un compos\u00e9 de haute puret\u00e9 aux applications multiples dans les secteurs de l&rsquo;\u00e9lectronique, des semi-conducteurs et de la chimie. D&rsquo;une puret\u00e9 de 99,999 %, notre poudre InCl\u2083 garantit des performances et une fiabilit\u00e9 sup\u00e9rieures dans une vari\u00e9t\u00e9 de processus technologiques avanc\u00e9s.<\/p>\n<p>Nous fournissons de la poudre de chlorure d&rsquo;indium (InCl3) de haute qualit\u00e9,<span style=\"color: #0000ff;\"><a style=\"color: #0000ff;\" href=\"https:\/\/ulpmat.com\/fr\/contactez-nous\/\">Contactez nous<\/a><\/span> pour obtenir des prix de gros.<\/p>\n<h2><span style=\"font-size: 14pt;\">Produits phares de la poudre de chlorure d&rsquo;indium<\/span><\/h2>\n<p>Puret\u00e9 sup\u00e9rieure : 99,995% de puret\u00e9, parfait pour les applications de pr\u00e9cision dans les industries des semi-conducteurs et de la chimie.<br \/>\nTaille des particules sur mesure : Adapt\u00e9es aux besoins sp\u00e9cifiques de votre application pour une performance maximale.<br \/>\nHaute performance : Id\u00e9al pour les applications de haute technologie o\u00f9 la fiabilit\u00e9 et la coh\u00e9rence sont primordiales.<br \/>\nStable et s\u00fbr : Chimiquement stable et manipulable en toute s\u00e9curit\u00e9 avec les pr\u00e9cautions d&rsquo;usage.<\/p>\n<h2><span style=\"font-size: 14pt;\">Applications du chlorure d&rsquo;indium en poudre<\/span><\/h2>\n<p><span style=\"color: #0000ff;\"><a style=\"color: #0000ff;\" href=\"https:\/\/ulpmat.com\/fr\/candidature\/materiaux-semi-conducteurs\/\">Semi-conducteurs :<\/a><\/span> Utilis\u00e9 dans la production de dispositifs semi-conducteurs et de rev\u00eatements en couches minces.<br \/>\nFabrication \u00e9lectronique : Utilis\u00e9 dans la production de composants tels que les transistors et les condensateurs.<br \/>\nCatalyseur : Agit comme catalyseur dans diverses r\u00e9actions chimiques, en particulier dans la synth\u00e8se organique.<br \/>\nSynth\u00e8se chimique : Il sert d&rsquo;interm\u00e9diaire cl\u00e9 dans la synth\u00e8se d&rsquo;autres compos\u00e9s \u00e0 base d&rsquo;indium.<br \/>\nD\u00e9p\u00f4t de couches minces : Id\u00e9al pour les cibles de pulv\u00e9risation et les processus de d\u00e9p\u00f4t de couches minces.<\/p>\n<h2><span style=\"font-size: 14pt;\">Pourquoi nous choisir ?<\/span><\/h2>\n<p>Expertise industrielle : Forts de nos ann\u00e9es d&rsquo;exp\u00e9rience, nous sommes sp\u00e9cialis\u00e9s dans la fourniture de mat\u00e9riaux r\u00e9pondant aux normes les plus strictes pour les applications industrielles de pointe.<br \/>\nSolutions personnalis\u00e9es : Nous offrons des options flexibles de taille de particules et d&#8217;emballage pour r\u00e9pondre \u00e0 vos besoins sp\u00e9cifiques.<br \/>\nLivraison fiable : Nous assurons une exp\u00e9dition rapide et fiable afin de respecter les d\u00e9lais de votre projet.<br \/>\nAssistance compl\u00e8te : Notre \u00e9quipe fournit une assistance technique et client\u00e8le compl\u00e8te \u00e0 chaque \u00e9tape de votre projet.<\/p>\n<h2><span style=\"font-size: 14pt;\">FAQ (Questions fr\u00e9quentes)<\/span><\/h2>\n<p>F1 : Quelle est la puret\u00e9 de votre poudre de chlorure d&rsquo;indium ?<br \/>\nA1.Notre poudre de chlorure d&rsquo;indium (InCl\u2083) est pure \u00e0 99,99%, id\u00e9ale pour les applications industrielles de haute performance.<\/p>\n<p>F2 : La taille des particules de la poudre d&rsquo;InCl\u2083 peut-elle \u00eatre personnalis\u00e9e ?<br \/>\nR2.Oui, nous proposons des tailles de particules personnalis\u00e9es en fonction de vos besoins sp\u00e9cifiques.<\/p>\n<p>F3.Comment la poudre de chlorure d&rsquo;indium doit-elle \u00eatre stock\u00e9e ?<br \/>\nA3 : Conservez la poudre dans un environnement frais et sec, \u00e0 l&rsquo;abri de l&rsquo;humidit\u00e9 et des contaminants. Conservez-la herm\u00e9tiquement ferm\u00e9e lorsqu&rsquo;elle n&rsquo;est pas utilis\u00e9e.<\/p>\n<p>F4.Quelles sont les industries qui utilisent la poudre de chlorure d&rsquo;indium ?<br \/>\nR4 : Le chlorure d&rsquo;indium est largement utilis\u00e9 dans les semi-conducteurs, l&rsquo;\u00e9lectronique, la synth\u00e8se chimique et les applications de catalyse.<\/p>\n<h2><span style=\"font-size: 14pt;\">Rapports<\/span><\/h2>\n<p>Chaque lot de produits est accompagn\u00e9 d&rsquo;un <span style=\"color: #0000ff;\"><a style=\"color: #0000ff;\" href=\"https:\/\/ulpmat.com\/fr\/documents\/certificat-danalyse\/\">Un certificat d&rsquo;analyse (COA)<\/a> <a style=\"color: #0000ff;\" href=\"https:\/\/ulpmat.com\/fr\/documents\/fiche-technique\/\">Fiche technique (TDS)<\/a><\/span>une <a href=\"https:\/\/ulpmat.com\/fr\/documents\/fiche-de-donnees-de-securite\/\"><span style=\"color: #0000ff;\">fiche de donn\u00e9es de s\u00e9curit\u00e9 (FDS)<\/span><\/a> et un rapport d&rsquo;identification de l&rsquo;exp\u00e9dition. Des rapports de tests effectu\u00e9s par des tiers sont \u00e9galement disponibles sur demande.<\/p>\n","protected":false},"excerpt":{"rendered":"<p>Chlorure d&rsquo;indium en poudre Aper\u00e7u La poudre de chlorure d&rsquo;indium (InCl3) est un compos\u00e9 de haute puret\u00e9 aux applications multiples dans les secteurs de l&rsquo;\u00e9lectronique, des semi-conducteurs et de la chimie. D&rsquo;une puret\u00e9 de 99,999 %, notre poudre InCl\u2083 garantit des performances et une fiabilit\u00e9 sup\u00e9rieures dans une vari\u00e9t\u00e9 de processus technologiques avanc\u00e9s. Nous fournissons [&hellip;]<\/p>\n","protected":false},"featured_media":24597,"template":"","meta":{"_acf_changed":false},"product_brand":[132],"product_cat":[313],"product_tag":[],"class_list":{"0":"post-24596","1":"product","2":"type-product","3":"status-publish","4":"has-post-thumbnail","6":"product_brand-ulpmat","7":"product_cat-materiaux-halogenes","9":"first","10":"instock","11":"shipping-taxable","12":"product-type-variable"},"acf":[],"_links":{"self":[{"href":"https:\/\/ulpmat.com\/fr\/wp-json\/wp\/v2\/product\/24596","targetHints":{"allow":["GET"]}}],"collection":[{"href":"https:\/\/ulpmat.com\/fr\/wp-json\/wp\/v2\/product"}],"about":[{"href":"https:\/\/ulpmat.com\/fr\/wp-json\/wp\/v2\/types\/product"}],"wp:featuredmedia":[{"embeddable":true,"href":"https:\/\/ulpmat.com\/fr\/wp-json\/wp\/v2\/media\/24597"}],"wp:attachment":[{"href":"https:\/\/ulpmat.com\/fr\/wp-json\/wp\/v2\/media?parent=24596"}],"wp:term":[{"taxonomy":"product_brand","embeddable":true,"href":"https:\/\/ulpmat.com\/fr\/wp-json\/wp\/v2\/product_brand?post=24596"},{"taxonomy":"product_cat","embeddable":true,"href":"https:\/\/ulpmat.com\/fr\/wp-json\/wp\/v2\/product_cat?post=24596"},{"taxonomy":"product_tag","embeddable":true,"href":"https:\/\/ulpmat.com\/fr\/wp-json\/wp\/v2\/product_tag?post=24596"}],"curies":[{"name":"wp","href":"https:\/\/api.w.org\/{rel}","templated":true}]}}