{"id":24554,"date":"2025-11-10T14:59:23","date_gmt":"2025-11-10T06:59:23","guid":{"rendered":"https:\/\/ulpmat.com\/product\/fluorure-dindium-2\/"},"modified":"2025-11-10T14:59:23","modified_gmt":"2025-11-10T06:59:23","slug":"fluorure-dindium-2","status":"publish","type":"product","link":"https:\/\/ulpmat.com\/fr\/produit\/fluorure-dindium-2\/","title":{"rendered":"Fluorure d&rsquo;indium"},"content":{"rendered":"<h2><span style=\"font-size: 14pt;\">Aper\u00e7u de la poudre de fluorure d&rsquo;indium<\/span><\/h2>\n<p><span style=\"color: #0000ff;\"><a style=\"color: #0000ff;\" href=\"https:\/\/ulpmat.com\/fr\/recherche\/?type=name&#038;keyword=Indium+Fluoride\">La poudre de fluorure d&rsquo;indium<\/a><\/span> (InF\u2083) est un compos\u00e9 chimique de haute puret\u00e9 largement utilis\u00e9 dans les applications des semi-conducteurs, de l&rsquo;opto\u00e9lectronique et comme agent fondant. Avec un niveau de puret\u00e9 \u00e9lev\u00e9 (99,995 %), notre poudre InF\u2083 est parfaite pour les industries qui exigent pr\u00e9cision et fiabilit\u00e9 dans leurs mat\u00e9riaux.<\/p>\n<p>Nous fournissons de la poudre InF3 de haute qualit\u00e9,<span style=\"color: #0000ff;\"><a style=\"color: #0000ff;\" href=\"https:\/\/ulpmat.com\/fr\/contactez-nous\/\">Contactez nous<\/a><\/span> pour obtenir un devis sp\u00e9cial.<\/p>\n<h2><span style=\"font-size: 14pt;\">Produits phares de la poudre de fluorure d&rsquo;indium<\/span><\/h2>\n<p>Puret\u00e9 sup\u00e9rieure : 99,995 % de puret\u00e9 pour une utilisation industrielle avanc\u00e9e.<br \/>\nTaille des particules personnalisable : Adapt\u00e9es pour r\u00e9pondre aux besoins sp\u00e9cifiques de votre application.<br \/>\nHaute performance : Excellentes performances dans les applications sensibles telles que les semi-conducteurs et l&rsquo;\u00e9lectronique.<br \/>\nStable et s\u00fbr : Chimiquement stable et manipulable en toute s\u00e9curit\u00e9 avec les pr\u00e9cautions n\u00e9cessaires.<\/p>\n<h2><span style=\"font-size: 14pt;\">Applications de la poudre de fluorure d&rsquo;indium<\/span><\/h2>\n<p><span style=\"color: #0000ff;\"><a style=\"color: #0000ff;\" href=\"https:\/\/ulpmat.com\/fr\/candidature\/materiaux-semi-conducteurs\/\">Semi-conducteurs :<\/a><\/span> Utilis\u00e9 dans le d\u00e9p\u00f4t de couches minces pour les dispositifs semi-conducteurs, garantissant la haute performance et la fiabilit\u00e9 des composants \u00e9lectroniques.<br \/>\n<span style=\"color: #0000ff;\"><a style=\"color: #0000ff;\" href=\"https:\/\/ulpmat.com\/fr\/candidature\/materiaux-optiques\/\">Opto\u00e9lectronique :<\/a><\/span> Am\u00e9liore les propri\u00e9t\u00e9s optiques, ce qui le rend id\u00e9al pour la production de DEL, de cellules solaires et de technologies d&rsquo;affichage.<br \/>\nAgent de fluxage : Il sert d&rsquo;agent fondant efficace pour le brasage, la brasure et le soudage, am\u00e9liorant la solidit\u00e9 des joints et r\u00e9duisant l&rsquo;oxydation.<br \/>\nRev\u00eatements thermiques : Utilis\u00e9s dans les rev\u00eatements de haute performance qui exigent une excellente stabilit\u00e9 thermique et une r\u00e9sistance aux conditions extr\u00eames.<br \/>\nTechnologie laser : Utilis\u00e9 dans les applications laser en raison de sa capacit\u00e9 \u00e0 affecter l&rsquo;indice de r\u00e9fraction des mat\u00e9riaux pour un contr\u00f4le pr\u00e9cis du faisceau laser.<\/p>\n<h2><span style=\"font-size: 14pt;\">Pourquoi nous choisir ?<\/span><\/h2>\n<p>Expertise industrielle : Gr\u00e2ce \u00e0 nos ann\u00e9es d&rsquo;exp\u00e9rience, nous comprenons les besoins uniques de nos clients et fournissons des mat\u00e9riaux qui r\u00e9pondent aux normes les plus strictes.<br \/>\nDes solutions sur mesure : Nous fournissons des solutions personnalis\u00e9es pour r\u00e9pondre aux exigences sp\u00e9cifiques de votre projet, garantissant ainsi des r\u00e9sultats optimaux.<br \/>\nLivraison rapide : Nous assurons une livraison rapide et fiable pour respecter les d\u00e9lais de votre projet.<br \/>\nAssistance compl\u00e8te : Des questions techniques au service apr\u00e8s-vente, notre \u00e9quipe est l\u00e0 pour vous aider \u00e0 chaque \u00e9tape.<\/p>\n<h2><span style=\"color: #0000ff;\"><a style=\"color: #0000ff;\" href=\"https:\/\/ulpmat.com\/fr\/societe\/faq\/\"><span style=\"font-size: 14pt;\">FAQs (en anglais)<\/span><\/a><\/span><\/h2>\n<p>F1. Quelle est la puret\u00e9 de votre poudre de fluorure d&rsquo;indium ?<br \/>\nA1. Notre poudre de fluorure d&rsquo;indium (InF\u2083) est pure \u00e0 99,99%, id\u00e9ale pour les applications de haute performance dans l&rsquo;\u00e9lectronique et les semi-conducteurs.<\/p>\n<p>F2 : Puis-je personnaliser la taille des particules de la poudre d&rsquo;InF\u2083 ?<br \/>\nR2.Oui, nous pouvons personnaliser la taille des particules pour r\u00e9pondre \u00e0 des applications sp\u00e9cifiques.<\/p>\n<p>F3.Comment la poudre d&rsquo;InF\u2083 doit-elle \u00eatre stock\u00e9e ?<br \/>\nA3. Conserver dans un endroit frais et sec, \u00e0 l&rsquo;abri de l&rsquo;humidit\u00e9 et de la lumi\u00e8re directe du soleil, afin de pr\u00e9server sa stabilit\u00e9.<\/p>\n<p>F4.Quelles sont les industries qui utilisent la poudre de fluorure d&rsquo;indium ?<br \/>\nR4 : Le fluorure d&rsquo;indium est largement utilis\u00e9 dans les semi-conducteurs, l&rsquo;opto\u00e9lectronique, les agents fondants pour le soudage, etc.<\/p>\n<h2><span style=\"font-size: 14pt;\">Rapports<\/span><\/h2>\n<p>Chaque lot de produits est accompagn\u00e9 d&rsquo;un <span style=\"color: #0000ff;\"><a style=\"color: #0000ff;\" href=\"https:\/\/ulpmat.com\/fr\/documents\/certificat-danalyse\/\">Certificat d&rsquo;analyse (COA)<\/a><\/span>, <span style=\"color: #0000ff;\"><a style=\"color: #0000ff;\" href=\"https:\/\/ulpmat.com\/fr\/documents\/fiche-technique\/\">Une fiche technique (TDS),<\/a> <a style=\"color: #0000ff;\" href=\"https:\/\/ulpmat.com\/fr\/documents\/fiche-de-donnees-de-securite\/\">Une fiche de donn\u00e9es de s\u00e9curit\u00e9 (FDS),<\/a><\/span> et un rapport d&rsquo;identification d&rsquo;exp\u00e9dition. Des rapports de tests effectu\u00e9s par des tiers sont \u00e9galement disponibles sur demande.<\/p>\n","protected":false},"excerpt":{"rendered":"<p>Aper\u00e7u de la poudre de fluorure d&rsquo;indium La poudre de fluorure d&rsquo;indium (InF\u2083) est un compos\u00e9 chimique de haute puret\u00e9 largement utilis\u00e9 dans les applications des semi-conducteurs, de l&rsquo;opto\u00e9lectronique et comme agent fondant. Avec un niveau de puret\u00e9 \u00e9lev\u00e9 (99,995 %), notre poudre InF\u2083 est parfaite pour les industries qui exigent pr\u00e9cision et fiabilit\u00e9 dans [&hellip;]<\/p>\n","protected":false},"featured_media":24555,"template":"","meta":{"_acf_changed":false},"product_brand":[132],"product_cat":[313],"product_tag":[2011],"class_list":{"0":"post-24554","1":"product","2":"type-product","3":"status-publish","4":"has-post-thumbnail","6":"product_brand-ulpmat","7":"product_cat-materiaux-halogenes","8":"product_tag-poudre-de-fluorure-dindium","10":"first","11":"instock","12":"shipping-taxable","13":"product-type-variable"},"acf":[],"_links":{"self":[{"href":"https:\/\/ulpmat.com\/fr\/wp-json\/wp\/v2\/product\/24554","targetHints":{"allow":["GET"]}}],"collection":[{"href":"https:\/\/ulpmat.com\/fr\/wp-json\/wp\/v2\/product"}],"about":[{"href":"https:\/\/ulpmat.com\/fr\/wp-json\/wp\/v2\/types\/product"}],"wp:featuredmedia":[{"embeddable":true,"href":"https:\/\/ulpmat.com\/fr\/wp-json\/wp\/v2\/media\/24555"}],"wp:attachment":[{"href":"https:\/\/ulpmat.com\/fr\/wp-json\/wp\/v2\/media?parent=24554"}],"wp:term":[{"taxonomy":"product_brand","embeddable":true,"href":"https:\/\/ulpmat.com\/fr\/wp-json\/wp\/v2\/product_brand?post=24554"},{"taxonomy":"product_cat","embeddable":true,"href":"https:\/\/ulpmat.com\/fr\/wp-json\/wp\/v2\/product_cat?post=24554"},{"taxonomy":"product_tag","embeddable":true,"href":"https:\/\/ulpmat.com\/fr\/wp-json\/wp\/v2\/product_tag?post=24554"}],"curies":[{"name":"wp","href":"https:\/\/api.w.org\/{rel}","templated":true}]}}