{"id":24518,"date":"2025-11-10T14:59:24","date_gmt":"2025-11-10T06:59:24","guid":{"rendered":"https:\/\/ulpmat.com\/product\/iodure-dindium\/"},"modified":"2025-11-10T14:59:24","modified_gmt":"2025-11-10T06:59:24","slug":"iodure-dindium","status":"publish","type":"product","link":"https:\/\/ulpmat.com\/fr\/produit\/iodure-dindium\/","title":{"rendered":"Iodure d&rsquo;indium"},"content":{"rendered":"<h2><span style=\"font-size: 14pt;\">Iodure d&rsquo;indium en poudre Aper\u00e7u<\/span><\/h2>\n<p><span style=\"color: #0000ff;\"><a style=\"color: #0000ff;\" href=\"https:\/\/ulpmat.com\/fr\/recherche\/?type=name&#038;keyword=Indium+Iodide\">La poudre d&rsquo;iodure d&rsquo;indium<\/a> <\/span>(InI) est un compos\u00e9 inorganique de haute puret\u00e9 largement utilis\u00e9 dans l&rsquo;\u00e9lectronique, l&rsquo;opto\u00e9lectronique, les semi-conducteurs et la science des mat\u00e9riaux. En tant qu&rsquo;important halog\u00e9nure de m\u00e9tal rare, la poudre d&rsquo;iode est largement utilis\u00e9e dans les cibles de pulv\u00e9risation, la croissance de couches minces et la fabrication de dispositifs semi-conducteurs. En raison de son excellente stabilit\u00e9 chimique et de sa grande solubilit\u00e9, la poudre d&rsquo;InI joue un r\u00f4le essentiel dans les dispositifs opto\u00e9lectroniques \u00e0 haut rendement et l&rsquo;opto\u00e9lectronique.<\/p>\n<h2><span style=\"font-size: 14pt;\">Principaux produits de la poudre d&rsquo;iodure d&rsquo;indium<\/span><\/h2>\n<p>Garantie de haute puret\u00e9 : L&rsquo;utilisation de mati\u00e8res premi\u00e8res pures \u00e0 99,999 % garantit une stabilit\u00e9 et des propri\u00e9t\u00e9s \u00e9lectriques excellentes.<br \/>\nSolubilit\u00e9 \u00e9lev\u00e9e : La poudre d&rsquo;iode a une bonne solubilit\u00e9 dans l&rsquo;eau et l&rsquo;alcool, ce qui la rend adapt\u00e9e \u00e0 divers processus de pr\u00e9paration et de d\u00e9p\u00f4t de solutions.<br \/>\nApplications \u00e9tendues : La poudre d&rsquo;InI n&rsquo;est pas seulement adapt\u00e9e aux dispositifs opto\u00e9lectroniques de haute technologie, mais a \u00e9galement des applications dans une vari\u00e9t\u00e9 de domaines, y compris les semi-conducteurs et le d\u00e9p\u00f4t de couches minces.<br \/>\n<span style=\"color: #0000ff;\"><a style=\"color: #0000ff;\" href=\"https:\/\/ulpmat.com\/fr\/service\/personnalisation\/\">Personnalisation :<\/a><\/span> Des options personnalis\u00e9es avec diff\u00e9rentes tailles de particules, puret\u00e9 et m\u00e9thodes de pulv\u00e9risation sont disponibles pour r\u00e9pondre \u00e0 diverses exigences techniques.<\/p>\n<h2><span style=\"font-size: 14pt;\">Applications de la poudre d&rsquo;iodure d&rsquo;indium<\/span><\/h2>\n<p><span style=\"color: #0000ff;\"><a style=\"color: #0000ff;\" href=\"https:\/\/ulpmat.com\/fr\/candidature\/materiaux-semi-conducteurs\/\">Semi-conducteurs<\/a> <\/span>Dispositifs : La poudre d&rsquo;iodure d&rsquo;indium est utilis\u00e9e dans la fabrication de mat\u00e9riaux et de dispositifs semi-conducteurs, en particulier dans les cibles de pulv\u00e9risation pour le d\u00e9p\u00f4t de couches minces et la production de dispositifs opto\u00e9lectroniques.<\/p>\n<p><span style=\"color: #0000ff;\"><a style=\"color: #0000ff;\" href=\"https:\/\/ulpmat.com\/fr\/candidature\/materiaux-optiques\/\">Dispositifs<\/a> <\/span>Opto\u00e9lectroniques : En opto\u00e9lectronique, la poudre d&rsquo;iodure d&rsquo;indium peut \u00eatre utilis\u00e9e pour fabriquer des photod\u00e9tecteurs, des diodes \u00e9lectroluminescentes, des diodes laser, etc. de haute performance.<\/p>\n<p>Croissance des couches minces : La poudre d&rsquo;iodure d&rsquo;indium joue un r\u00f4le important dans les applications de croissance de couches minces, notamment dans les composants opto\u00e9lectroniques, les cellules solaires et d&rsquo;autres mat\u00e9riaux de haute technologie.<\/p>\n<p>Cibles de pulv\u00e9risation : Utilis\u00e9es dans les rev\u00eatements par pulv\u00e9risation pour les produits \u00e9lectroniques, en particulier dans la production de dispositifs micro\u00e9lectroniques, les cibles d&rsquo;iodure d&rsquo;indium permettent un d\u00e9p\u00f4t de couches minces de haute qualit\u00e9.<\/p>\n<h2><span style=\"font-size: 14pt;\">Pourquoi nous choisir ?<\/span><\/h2>\n<p>Garantie de haute puret\u00e9 : Nous proposons une poudre d&rsquo;iodure d&rsquo;indium (InI) pure \u00e0 99,999 %, ce qui garantit des performances stables dans les applications haut de gamme.<br \/>\nOptions de personnalisation : Nous proposons des options personnalis\u00e9es telles que la taille des particules, la puret\u00e9 et la m\u00e9thode de pulv\u00e9risation pour r\u00e9pondre aux besoins de divers sc\u00e9narios d&rsquo;application.<br \/>\nLivraison efficace : Nous garantissons une livraison dans les d\u00e9lais et prenons en charge les commandes urgentes afin que les clients puissent r\u00e9pondre rapidement \u00e0 leurs besoins de production.<br \/>\nAssistance technique professionnelle : Notre \u00e9quipe technique fournit une assistance technique compl\u00e8te pour vous aider \u00e0 r\u00e9soudre tout probl\u00e8me pendant l&rsquo;application du produit.<\/p>\n<h2><span style=\"font-size: 14pt;\">Rapports<\/span><\/h2>\n<p>Chaque lot de produits est accompagn\u00e9 d&rsquo;un<span style=\"color: #0000ff;\"><a style=\"color: #0000ff;\" href=\"https:\/\/ulpmat.com\/fr\/documents\/certificat-danalyse\/\"> Certificat d&rsquo;analyse (COA),<\/a><\/span> <span style=\"color: #0000ff;\"><a style=\"color: #0000ff;\" href=\"https:\/\/ulpmat.com\/fr\/documents\/fiche-technique\/\">Une fiche technique (TDS)<\/a><\/span>, <span style=\"color: #0000ff;\"><a style=\"color: #0000ff;\" href=\"https:\/\/ulpmat.com\/fr\/documents\/fiche-de-donnees-de-securite\/\">Fiche de donn\u00e9es de s\u00e9curit\u00e9 (FDS)<\/a><\/span>) et le rapport d&rsquo;identification de l&rsquo;exp\u00e9dition. Des rapports de tests effectu\u00e9s par des tiers sont \u00e9galement disponibles sur demande.<\/p>\n","protected":false},"excerpt":{"rendered":"<p>Iodure d&rsquo;indium en poudre Aper\u00e7u La poudre d&rsquo;iodure d&rsquo;indium (InI) est un compos\u00e9 inorganique de haute puret\u00e9 largement utilis\u00e9 dans l&rsquo;\u00e9lectronique, l&rsquo;opto\u00e9lectronique, les semi-conducteurs et la science des mat\u00e9riaux. En tant qu&rsquo;important halog\u00e9nure de m\u00e9tal rare, la poudre d&rsquo;iode est largement utilis\u00e9e dans les cibles de pulv\u00e9risation, la croissance de couches minces et la fabrication [&hellip;]<\/p>\n","protected":false},"featured_media":24519,"template":"","meta":{"_acf_changed":false},"product_brand":[132],"product_cat":[313],"product_tag":[2005],"class_list":{"0":"post-24518","1":"product","2":"type-product","3":"status-publish","4":"has-post-thumbnail","6":"product_brand-ulpmat","7":"product_cat-materiaux-halogenes","8":"product_tag-iodure-dindium-en-poudre","10":"first","11":"instock","12":"shipping-taxable","13":"product-type-variable"},"acf":[],"_links":{"self":[{"href":"https:\/\/ulpmat.com\/fr\/wp-json\/wp\/v2\/product\/24518","targetHints":{"allow":["GET"]}}],"collection":[{"href":"https:\/\/ulpmat.com\/fr\/wp-json\/wp\/v2\/product"}],"about":[{"href":"https:\/\/ulpmat.com\/fr\/wp-json\/wp\/v2\/types\/product"}],"wp:featuredmedia":[{"embeddable":true,"href":"https:\/\/ulpmat.com\/fr\/wp-json\/wp\/v2\/media\/24519"}],"wp:attachment":[{"href":"https:\/\/ulpmat.com\/fr\/wp-json\/wp\/v2\/media?parent=24518"}],"wp:term":[{"taxonomy":"product_brand","embeddable":true,"href":"https:\/\/ulpmat.com\/fr\/wp-json\/wp\/v2\/product_brand?post=24518"},{"taxonomy":"product_cat","embeddable":true,"href":"https:\/\/ulpmat.com\/fr\/wp-json\/wp\/v2\/product_cat?post=24518"},{"taxonomy":"product_tag","embeddable":true,"href":"https:\/\/ulpmat.com\/fr\/wp-json\/wp\/v2\/product_tag?post=24518"}],"curies":[{"name":"wp","href":"https:\/\/api.w.org\/{rel}","templated":true}]}}