{"id":24482,"date":"2025-11-10T14:59:24","date_gmt":"2025-11-10T06:59:24","guid":{"rendered":"https:\/\/ulpmat.com\/product\/phosphure-dindium-4\/"},"modified":"2025-11-10T14:59:24","modified_gmt":"2025-11-10T06:59:24","slug":"phosphure-dindium-4","status":"publish","type":"product","link":"https:\/\/ulpmat.com\/fr\/produit\/phosphure-dindium-4\/","title":{"rendered":"Phosphure d&rsquo;indium"},"content":{"rendered":"<h2><span style=\"font-size: 14pt;\">Granul\u00e9s de phosphure d&rsquo;indium Aper\u00e7u<\/span><\/h2>\n<p><span style=\"color: #0000ff;\"><a style=\"color: #0000ff;\" href=\"https:\/\/ulpmat.com\/fr\/recherche\/?type=name&#038;keyword=Indium+Phosphide\">Les granul\u00e9s de phosphure d&rsquo;indium<\/a><\/span> (InP) est un mat\u00e9riau semi-conducteur de haute puret\u00e9 largement utilis\u00e9 dans les dispositifs opto\u00e9lectroniques, les communications par fibre optique, les dispositifs semi-conducteurs \u00e0 haute fr\u00e9quence et d&rsquo;autres domaines. Les particules d&rsquo;InP pr\u00e9sentent une excellente mobilit\u00e9 \u00e9lectronique et de faibles caract\u00e9ristiques de bruit, ce qui les rend particuli\u00e8rement adapt\u00e9es aux applications \u00e9lectroniques et opto\u00e9lectroniques \u00e0 grande vitesse et \u00e0 haute fr\u00e9quence. En tant que mat\u00e9riau cl\u00e9 pour l&rsquo;informatique quantique et la technologie infrarouge, les granul\u00e9s d&rsquo;InP jouent un r\u00f4le important dans la recherche scientifique et les \u00e9quipements de haute technologie.<\/p>\n<p>Nous proposons des granul\u00e9s d&rsquo;InP purs \u00e0 99,999 %, dont la taille des particules est personnalisable. Nous disposons d&rsquo;un stock important et d&rsquo;un <span style=\"color: #0000ff;\"><a style=\"color: #0000ff;\" href=\"https:\/\/ulpmat.com\/fr\/contactez-nous\/\">service apr\u00e8s-vente<\/a><\/span> de service apr\u00e8s-vente. <span style=\"color: #0000ff;\"><a style=\"color: #0000ff;\" href=\"https:\/\/ulpmat.com\/fr\/contactez-nous\/\">Contactez nous<\/a><\/span> aujourd&rsquo;hui.<\/p>\n<h2><span style=\"font-size: 14pt;\">Produits phares des granul\u00e9s de phosphure d&rsquo;indium<\/span><\/h2>\n<p>Mobilit\u00e9 \u00e9lev\u00e9e des \u00e9lectrons : Les granul\u00e9s d&rsquo;InP pr\u00e9sentent une mobilit\u00e9 \u00e9lectronique exceptionnellement \u00e9lev\u00e9e, ce qui les rend adapt\u00e9s aux dispositifs \u00e9lectroniques \u00e0 grande vitesse et aux applications \u00e0 faible bruit.<\/p>\n<p>Garantie de puret\u00e9 \u00e9lev\u00e9e : En utilisant des mati\u00e8res premi\u00e8res pures \u00e0 99,999 %, nous garantissons la stabilit\u00e9 du produit et d&rsquo;excellentes performances \u00e9lectriques.<\/p>\n<p>Options de personnalisation : Nous proposons des options personnalis\u00e9es avec des tailles de particules, des puret\u00e9s et des types de dopage diff\u00e9rents pour r\u00e9pondre \u00e0 diverses exigences techniques. Applications \u00e9tendues : Les particules d&rsquo;InP sont largement utilis\u00e9es dans des domaines de pointe tels que l&rsquo;informatique quantique, la technologie infrarouge et les communications par fibre optique.<\/p>\n<h2><span style=\"font-size: 14pt;\">Applications <\/span><span style=\"font-size: 14pt;\">des granul\u00e9s de phosphure d&rsquo;indium<\/span><\/h2>\n<p>Communications par fibre optique : Les granul\u00e9s d&rsquo;InP sont largement utilis\u00e9s dans la fabrication de photod\u00e9tecteurs, de lasers et de modulateurs efficaces, avec une application cl\u00e9 dans les syst\u00e8mes de communication \u00e0 fibre optique \u00e0 haut d\u00e9bit.<br \/>\nDispositifs semi-conducteurs : Ils sont utilis\u00e9s pour fabriquer des dispositifs semi-conducteurs \u00e0 haute vitesse et \u00e0 haute fr\u00e9quence tels que les transistors \u00e0 effet de champ (FET) et les photodiodes.<br \/>\nInformatique quantique : Les granules d&rsquo;InP sont l&rsquo;un des mat\u00e9riaux cl\u00e9s de l&rsquo;informatique quantique et des communications quantiques et ont d&rsquo;importantes applications dans les dispositifs quantiques de la prochaine g\u00e9n\u00e9ration.<br \/>\nD\u00e9tecteurs infrarouges : Les granul\u00e9s d&rsquo;InP jouent un r\u00f4le important dans l&rsquo;imagerie infrarouge, les lidars, les \u00e9quipements de vision nocturne et les capteurs de haute pr\u00e9cision.<br \/>\n<a href=\"https:\/\/ulpmat.com\/fr\/candidature\/materiaux-optiques\/\"><span style=\"color: #0000ff;\">Dispositifs<\/span><\/a> opto\u00e9lectroniques : Les granul\u00e9s d&rsquo;InP jouent un r\u00f4le essentiel dans la fabrication de dispositifs opto\u00e9lectroniques tels que les d\u00e9tecteurs infrarouges, les diodes \u00e9lectroluminescentes (DEL) et les diodes laser.<\/p>\n<h2><span style=\"font-size: 14pt;\">Pourquoi nous choisir ?<\/span><\/h2>\n<p><span style=\"color: #0000ff;\"><a style=\"color: #0000ff;\" href=\"https:\/\/ulpmat.com\/fr\/service\/personnalisation\/\">Personnalisation :<\/a> <\/span>Nous proposons des options personnalis\u00e9es avec des tailles, des puret\u00e9s et des types de dopage diff\u00e9rents pour r\u00e9pondre \u00e0 diverses exigences d&rsquo;application.<br \/>\nLivraison rapide : Nous garantissons une livraison dans les d\u00e9lais et r\u00e9pondons aux commandes urgentes, ce qui permet \u00e0 nos clients de satisfaire rapidement leurs besoins de production.<br \/>\nAssistance technique professionnelle : Notre \u00e9quipe technique fournit des conseils techniques complets et une assistance apr\u00e8s-vente pour vous aider \u00e0 r\u00e9soudre les probl\u00e8mes rencontr\u00e9s lors de l&rsquo;application du produit.<\/p>\n<h2><span style=\"font-size: 14pt;\">Rapports<\/span><\/h2>\n<p>Chaque lot de produits est accompagn\u00e9 d&rsquo;un <span style=\"color: #0000ff;\"><a style=\"color: #0000ff;\" href=\"https:\/\/ulpmat.com\/fr\/documents\/certificat-danalyse\/\">Un certificat d&rsquo;analyse (COA)<\/a><a style=\"color: #0000ff;\" href=\"https:\/\/ulpmat.com\/fr\/documents\/fiche-technique\/\"> Une fiche technique (TDS)<\/a><\/span>,<span style=\"color: #0000ff;\"><a style=\"color: #0000ff;\" href=\"https:\/\/ulpmat.com\/fr\/documents\/fiche-de-donnees-de-securite\/\"> Fiche de donn\u00e9es de s\u00e9curit\u00e9 (FDS),<\/a><\/span> et un rapport d&rsquo;identification d&rsquo;exp\u00e9dition. Des rapports de tests effectu\u00e9s par des tiers sont \u00e9galement disponibles sur demande.<\/p>\n","protected":false},"excerpt":{"rendered":"<p>Granul\u00e9s de phosphure d&rsquo;indium Aper\u00e7u Les granul\u00e9s de phosphure d&rsquo;indium (InP) est un mat\u00e9riau semi-conducteur de haute puret\u00e9 largement utilis\u00e9 dans les dispositifs opto\u00e9lectroniques, les communications par fibre optique, les dispositifs semi-conducteurs \u00e0 haute fr\u00e9quence et d&rsquo;autres domaines. Les particules d&rsquo;InP pr\u00e9sentent une excellente mobilit\u00e9 \u00e9lectronique et de faibles caract\u00e9ristiques de bruit, ce qui les [&hellip;]<\/p>\n","protected":false},"featured_media":24483,"template":"","meta":{"_acf_changed":false},"product_brand":[132],"product_cat":[296],"product_tag":[1993],"class_list":{"0":"post-24482","1":"product","2":"type-product","3":"status-publish","4":"has-post-thumbnail","6":"product_brand-ulpmat","7":"product_cat-materiaux-devaporation","8":"product_tag-granules-de-phosphure-dindium","10":"first","11":"instock","12":"shipping-taxable","13":"product-type-variable"},"acf":[],"_links":{"self":[{"href":"https:\/\/ulpmat.com\/fr\/wp-json\/wp\/v2\/product\/24482","targetHints":{"allow":["GET"]}}],"collection":[{"href":"https:\/\/ulpmat.com\/fr\/wp-json\/wp\/v2\/product"}],"about":[{"href":"https:\/\/ulpmat.com\/fr\/wp-json\/wp\/v2\/types\/product"}],"wp:featuredmedia":[{"embeddable":true,"href":"https:\/\/ulpmat.com\/fr\/wp-json\/wp\/v2\/media\/24483"}],"wp:attachment":[{"href":"https:\/\/ulpmat.com\/fr\/wp-json\/wp\/v2\/media?parent=24482"}],"wp:term":[{"taxonomy":"product_brand","embeddable":true,"href":"https:\/\/ulpmat.com\/fr\/wp-json\/wp\/v2\/product_brand?post=24482"},{"taxonomy":"product_cat","embeddable":true,"href":"https:\/\/ulpmat.com\/fr\/wp-json\/wp\/v2\/product_cat?post=24482"},{"taxonomy":"product_tag","embeddable":true,"href":"https:\/\/ulpmat.com\/fr\/wp-json\/wp\/v2\/product_tag?post=24482"}],"curies":[{"name":"wp","href":"https:\/\/api.w.org\/{rel}","templated":true}]}}