{"id":24410,"date":"2025-11-10T14:59:25","date_gmt":"2025-11-10T06:59:25","guid":{"rendered":"https:\/\/ulpmat.com\/product\/phosphure-dindium\/"},"modified":"2025-11-10T14:59:25","modified_gmt":"2025-11-10T06:59:25","slug":"phosphure-dindium","status":"publish","type":"product","link":"https:\/\/ulpmat.com\/fr\/produit\/phosphure-dindium\/","title":{"rendered":"Phosphure d&rsquo;indium"},"content":{"rendered":"<h2><span style=\"font-size: 14pt;\">Vue d&rsquo;ensemble des plaques de phosphure d&rsquo;indium<\/span><\/h2>\n<p><span style=\"color: #0000ff;\"><a style=\"color: #0000ff;\" href=\"https:\/\/ulpmat.com\/fr\/recherche\/?type=name&#038;keyword=Indium+Phosphide\">Les plaquettes en phosphure d&rsquo;indium<\/a><\/span> (InP) est un mat\u00e9riau semi-conducteur de haute performance largement utilis\u00e9 dans la fabrication de dispositifs opto\u00e9lectroniques \u00e0 grande vitesse, de syst\u00e8mes de communication par fibre optique et de dispositifs semi-conducteurs \u00e0 haute fr\u00e9quence. Gr\u00e2ce \u00e0 leur excellente mobilit\u00e9 \u00e9lectronique, leur faible bruit et leurs propri\u00e9t\u00e9s de large bande interdite, les plaquettes d&rsquo;InP ont d&rsquo;importantes applications dans l&rsquo;informatique quantique, les photod\u00e9tecteurs, les lasers et d&rsquo;autres domaines.<\/p>\n<h2><span style=\"font-size: 14pt;\">Principaux produits des plaquettes de phosphure d&rsquo;indium<\/span><\/h2>\n<p>Excellentes performances \u00e9lectroniques : Les plaquettes de phosphure d&rsquo;indium se caract\u00e9risent par une mobilit\u00e9 \u00e9lectronique \u00e9lev\u00e9e et un faible bruit, ce qui les rend adapt\u00e9es aux dispositifs \u00e9lectroniques \u00e0 haute vitesse, \u00e0 haute fr\u00e9quence et \u00e0 haute puissance.<\/p>\n<p>Excellentes propri\u00e9t\u00e9s optiques : Les propri\u00e9t\u00e9s de large bande interdite de l&rsquo;InP en font un mat\u00e9riau adapt\u00e9 aux communications par fibre optique et aux dispositifs opto\u00e9lectroniques.<\/p>\n<p><span style=\"color: #0000ff;\"><a style=\"color: #0000ff;\" href=\"https:\/\/ulpmat.com\/fr\/service\/personnalisation\/\">Personnalisation :<\/a> <\/span>Nous proposons des options personnalis\u00e9es dans diff\u00e9rentes tailles, \u00e9paisseurs et types de dopage pour r\u00e9pondre aux exigences de diverses applications.<\/p>\n<p>Assurance qualit\u00e9 \u00e9lev\u00e9e : Nos plaquettes d&rsquo;InP sont soumises \u00e0 des tests de qualit\u00e9 rigoureux afin de garantir une puret\u00e9, une stabilit\u00e9 et une coh\u00e9rence \u00e9lev\u00e9es, conform\u00e9ment aux normes internationales.<\/p>\n<h2><span style=\"font-size: 14pt;\">Applications des plaquettes de phosphure d&rsquo;indium<\/span><\/h2>\n<p>Communication par fibre optique : Les plaquettes de phosphure d&rsquo;indium sont largement utilis\u00e9es dans les syst\u00e8mes de communication par fibre optique \u00e0 haut d\u00e9bit, notamment les photodiodes, les lasers et les modulateurs optiques. Dispositifs \u00e0 semi-conducteurs : Utilis\u00e9es dans la fabrication de dispositifs semi-conducteurs \u00e0 haute fr\u00e9quence et \u00e0 grande vitesse, tels que les transistors \u00e0 effet de champ (FET) et les dispositifs \u00e0 micro-ondes de grande puissance.<\/p>\n<p>Informatique et communication quantiques : En tant que mat\u00e9riau cl\u00e9 pour l&rsquo;informatique et la communication quantiques, l&rsquo;InP a de nombreuses applications dans les technologies \u00e9lectroniques et opto\u00e9lectroniques de la prochaine g\u00e9n\u00e9ration.<\/p>\n<p><span style=\"color: #0000ff;\"><a style=\"color: #0000ff;\" href=\"https:\/\/ulpmat.com\/fr\/candidature\/materiaux-optiques\/\">Appareils opto\u00e9lectroniques<\/a> <\/span>Dispositifs opto\u00e9lectroniques : Largement utilis\u00e9 dans la fabrication de dispositifs opto\u00e9lectroniques tels que les photod\u00e9tecteurs, les DEL et les diodes laser.<br \/>\nImagerie infrarouge et LiDAR : utilis\u00e9s dans l&rsquo;imagerie infrarouge, les capteurs LiDAR et les \u00e9quipements de mesure optique de haute pr\u00e9cision.<\/p>\n<h2><span style=\"font-size: 14pt;\">Pourquoi nous choisir ?<\/span><\/h2>\n<p>Services personnalis\u00e9s : Nous proposons des options personnalis\u00e9es telles que la taille, le type de dopage et l&rsquo;orientation du cristal pour r\u00e9pondre aux diverses exigences des applications.<br \/>\nLivraison rapide : Nous assurons une livraison dans les d\u00e9lais et prenons en charge les commandes urgentes afin d&rsquo;aider les clients \u00e0 r\u00e9pondre rapidement \u00e0 leurs besoins de production.<br \/>\nAssistance technique professionnelle : Notre \u00e9quipe technique fournit une consultation et une assistance techniques compl\u00e8tes pour aider les clients \u00e0 choisir les meilleures solutions de produits.<\/p>\n<h2><span style=\"font-size: 14pt;\">Rapports<\/span><\/h2>\n<p>Chaque lot de produits est accompagn\u00e9 d&rsquo;un <span style=\"color: #0000ff;\"><a style=\"color: #0000ff;\" href=\"https:\/\/ulpmat.com\/fr\/documents\/certificat-danalyse\/\">Certificat d&rsquo;analyse (COA),<\/a><\/span> <span style=\"color: #0000ff;\"><a style=\"color: #0000ff;\" href=\"https:\/\/ulpmat.com\/fr\/documents\/fiche-technique\/\">Une fiche technique (TDS),<\/a><\/span> <span style=\"color: #0000ff;\"><a style=\"color: #0000ff;\" href=\"https:\/\/ulpmat.com\/fr\/documents\/fiche-de-donnees-de-securite\/\">Fiche de donn\u00e9es de s\u00e9curit\u00e9 (FDS), <\/a><\/span>et le rapport d&rsquo;identification de l&rsquo;exp\u00e9dition. Des rapports de tests effectu\u00e9s par des tiers sont \u00e9galement disponibles sur demande.<\/p>\n","protected":false},"excerpt":{"rendered":"<p>Vue d&rsquo;ensemble des plaques de phosphure d&rsquo;indium Les plaquettes en phosphure d&rsquo;indium (InP) est un mat\u00e9riau semi-conducteur de haute performance largement utilis\u00e9 dans la fabrication de dispositifs opto\u00e9lectroniques \u00e0 grande vitesse, de syst\u00e8mes de communication par fibre optique et de dispositifs semi-conducteurs \u00e0 haute fr\u00e9quence. Gr\u00e2ce \u00e0 leur excellente mobilit\u00e9 \u00e9lectronique, leur faible bruit et [&hellip;]<\/p>\n","protected":false},"featured_media":24411,"template":"","meta":{"_acf_changed":false},"product_brand":[132],"product_cat":[394],"product_tag":[],"class_list":{"0":"post-24410","1":"product","2":"type-product","3":"status-publish","4":"has-post-thumbnail","6":"product_brand-ulpmat","7":"product_cat-autres-materiaux","9":"first","10":"instock","11":"shipping-taxable","12":"product-type-variable"},"acf":[],"_links":{"self":[{"href":"https:\/\/ulpmat.com\/fr\/wp-json\/wp\/v2\/product\/24410","targetHints":{"allow":["GET"]}}],"collection":[{"href":"https:\/\/ulpmat.com\/fr\/wp-json\/wp\/v2\/product"}],"about":[{"href":"https:\/\/ulpmat.com\/fr\/wp-json\/wp\/v2\/types\/product"}],"wp:featuredmedia":[{"embeddable":true,"href":"https:\/\/ulpmat.com\/fr\/wp-json\/wp\/v2\/media\/24411"}],"wp:attachment":[{"href":"https:\/\/ulpmat.com\/fr\/wp-json\/wp\/v2\/media?parent=24410"}],"wp:term":[{"taxonomy":"product_brand","embeddable":true,"href":"https:\/\/ulpmat.com\/fr\/wp-json\/wp\/v2\/product_brand?post=24410"},{"taxonomy":"product_cat","embeddable":true,"href":"https:\/\/ulpmat.com\/fr\/wp-json\/wp\/v2\/product_cat?post=24410"},{"taxonomy":"product_tag","embeddable":true,"href":"https:\/\/ulpmat.com\/fr\/wp-json\/wp\/v2\/product_tag?post=24410"}],"curies":[{"name":"wp","href":"https:\/\/api.w.org\/{rel}","templated":true}]}}