{"id":24320,"date":"2025-11-17T09:36:53","date_gmt":"2025-11-17T01:36:53","guid":{"rendered":"https:\/\/ulpmat.com\/product\/arseniure-de-cadmium\/"},"modified":"2025-11-17T09:36:53","modified_gmt":"2025-11-17T01:36:53","slug":"arseniure-de-cadmium","status":"publish","type":"product","link":"https:\/\/ulpmat.com\/fr\/produit\/arseniure-de-cadmium\/","title":{"rendered":"Ars\u00e9niure de cadmium"},"content":{"rendered":"<h2><span style=\"font-size: 14pt;\">Aper\u00e7u des granul\u00e9s d&rsquo;ars\u00e9niure de cadmium<\/span><\/h2>\n<p><span style=\"color: #0000ff;\"><a style=\"color: #0000ff;\" href=\"https:\/\/ulpmat.com\/fr\/recherche\/?type=name&#038;keyword=Cadmium+Arsenide\">Les granul\u00e9s d&rsquo;ars\u00e9niure de cadmium<\/a><\/span> sont des mat\u00e9riaux semi-conducteurs dot\u00e9s d&rsquo;une grande mobilit\u00e9 \u00e9lectronique et de propri\u00e9t\u00e9s topologiques uniques, largement utilis\u00e9s dans les d\u00e9tecteurs infrarouges, les dispositifs opto\u00e9lectroniques, l&rsquo;\u00e9lectronique \u00e0 grande vitesse et la recherche scientifique. Leurs excellentes propri\u00e9t\u00e9s opto\u00e9lectroniques et leur stabilit\u00e9 en font un mat\u00e9riau de base essentiel pour les nouveaux mat\u00e9riaux opto\u00e9lectroniques et la recherche avanc\u00e9e sur les semi-conducteurs.<\/p>\n<p>Nous pouvons fournir des particules de Cd3As2 de haute puret\u00e9, avec des tailles de particules personnalis\u00e9es, une production de masse et une livraison rapide. Nous fournissons \u00e9galement une<span style=\"color: #0000ff;\"><a style=\"color: #0000ff;\" href=\"https:\/\/ulpmat.com\/fr\/service\/support-technique\/\"> une assistance technique pour l&rsquo;ensemble du processus<\/a> <\/span>pour les instituts de recherche et les entreprises clientes. N&rsquo;h\u00e9sitez pas \u00e0 nous <span style=\"color: #0000ff;\"><a style=\"color: #0000ff;\" href=\"https:\/\/ulpmat.com\/fr\/contactez-nous\/\">nous contacter<\/a><\/span> pour toute demande de renseignements ou d&rsquo;assistance <span style=\"color: #0000ff;\"><a style=\"color: #0000ff;\" href=\"https:\/\/ulpmat.com\/fr\/service\/support-technique\/\">techniques<\/a><\/span> techniques.<\/p>\n<h2><span style=\"font-size: 14pt;\">Points forts du produit<\/span><\/h2>\n<p>Grande puret\u00e9, faible teneur en impuret\u00e9s<br \/>\n<span style=\"color: #0000ff;\"><a style=\"color: #0000ff;\" href=\"https:\/\/ulpmat.com\/fr\/service\/personnalisation\/\">Taille des particules<\/a><\/span> taille des particules, taille uniforme des particules<br \/>\nExcellentes propri\u00e9t\u00e9s opto\u00e9lectroniques<br \/>\nEmballage personnalisable, petits emballages disponibles, faible quantit\u00e9 minimale de commande<br \/>\nConvient \u00e0 divers processus de pr\u00e9paration des mat\u00e9riaux<br \/>\nConvient aux besoins de la recherche et de l&rsquo;industrialisation<br \/>\nApprovisionnement stable, permet les exp\u00e9ditions en vrac<\/p>\n<h2><span style=\"font-size: 14pt;\">Applications des granul\u00e9s d&rsquo;ars\u00e9niure de cadmium<\/span><\/h2>\n<p>Utilis\u00e9s dans la pr\u00e9paration de composants fonctionnels opto\u00e9lectroniques tels que les d\u00e9tecteurs infrarouges.<br \/>\nAppliqu\u00e9s aux mat\u00e9riaux topologiques, aux dispositifs \u00e9lectroniques \u00e0 grande vitesse et aux exp\u00e9riences de recherche scientifique.<br \/>\nUtilis\u00e9s pour l&rsquo;\u00e9vaporation, le frittage, la pr\u00e9paration de cibles et le d\u00e9veloppement de films minces \u00e0 haute performance.<\/p>\n<h2><span style=\"font-size: 14pt;\">FAQs<\/span><\/h2>\n<p>Q1 : Comment les granul\u00e9s de Cd3As2 sont-ils conditionn\u00e9s ?<br \/>\nR1 : Nous utilisons une encapsulation par gaz inerte, une double couche de sacs scell\u00e9s et des bo\u00eetes antichocs pour garantir la stabilit\u00e9 et la s\u00e9curit\u00e9 du produit pendant le transport international.<\/p>\n<p>Q2 : Le transport international est-il s\u00fbr ? Pouvez-vous fournir la documentation n\u00e9cessaire ?<br \/>\nR2 : Nous fournissons un emballage et une documentation conformes aux r\u00e9glementations internationales en mati\u00e8re d&rsquo;exp\u00e9dition. Nous pouvons envoyer votre produit par DHL, FedEx, etc., et inclure une fiche de donn\u00e9es de s\u00e9curit\u00e9 et les informations n\u00e9cessaires sur l&rsquo;exp\u00e9dition des produits chimiques.<\/p>\n<p>Q3 : La puret\u00e9 du produit et la taille des particules peuvent-elles \u00eatre personnalis\u00e9es ?<br \/>\nR3 : Oui, nous proposons une puret\u00e9 de 99,999 % et prenons en charge diff\u00e9rentes gammes de tailles de particules.<\/p>\n<p>Q4 : Comment le produit doit-il \u00eatre stock\u00e9 pour conserver ses performances ?<br \/>\nR4 : Le Cd3As2 doit \u00eatre stock\u00e9 dans un environnement frais, sec et \u00e0 l&rsquo;abri de la lumi\u00e8re, et doit rester scell\u00e9 pour \u00e9viter l&rsquo;oxydation. Pour un stockage \u00e0 long terme, il peut \u00eatre stock\u00e9 dans une atmosph\u00e8re de gaz inerte.<\/p>\n<h2><span style=\"font-size: 14pt;\">Rapports<\/span><\/h2>\n<p>Chaque lot est fourni avec :<br \/>\n<span style=\"color: #0000ff;\"><a style=\"color: #0000ff;\" href=\"https:\/\/ulpmat.com\/fr\/service\/analyse-chimique\/\">Un certificat d&rsquo;analyse (COA)<\/a><\/span><br \/>\n<span style=\"color: #0000ff;\"><a style=\"color: #0000ff;\" href=\"https:\/\/ulpmat.com\/fr\/documents\/fiche-technique\/\">Fiche technique (TDS)<\/a><\/span><br \/>\n<span style=\"color: #0000ff;\"><a style=\"color: #0000ff;\" href=\"https:\/\/ulpmat.com\/fr\/documents\/fiche-de-donnees-de-securite\/\">Fiche de donn\u00e9es de s\u00e9curit\u00e9 (FDS)<\/a><\/span><br \/>\nRapports de tests effectu\u00e9s par des tiers disponibles sur demande<\/p>\n<h2><span style=\"font-size: 14pt;\">Pourquoi nous choisir ?<\/span><\/h2>\n<p>Nous poss\u00e9dons un syst\u00e8me complet de production de mat\u00e9riaux et de contr\u00f4le de la qualit\u00e9, ce qui nous permet de fournir des produits Cd3As2 stables et de haute puret\u00e9. Nous proposons des services personnalis\u00e9s et des conseils techniques, ainsi qu&rsquo;une r\u00e9ponse rapide, une livraison fiable et un service apr\u00e8s-vente complet <span style=\"color: #0000ff;\"><a style=\"color: #0000ff;\" href=\"https:\/\/ulpmat.com\/fr\/service\/service-apres-vente\/\">service apr\u00e8s-vente complet<\/a> <\/span>aux clients du monde entier. Nous sommes un fournisseur de mat\u00e9riaux digne de confiance pour les instituts de recherche et les fabricants de <span style=\"color: #0000ff;\"><a style=\"color: #0000ff;\" href=\"https:\/\/ulpmat.com\/fr\/candidature\/materiaux-semi-conducteurs\/\">semi-conducteurs<\/a><\/span> semi-conducteurs.<\/p>\n","protected":false},"excerpt":{"rendered":"<p>Aper\u00e7u des granul\u00e9s d&rsquo;ars\u00e9niure de cadmium Les granul\u00e9s d&rsquo;ars\u00e9niure de cadmium sont des mat\u00e9riaux semi-conducteurs dot\u00e9s d&rsquo;une grande mobilit\u00e9 \u00e9lectronique et de propri\u00e9t\u00e9s topologiques uniques, largement utilis\u00e9s dans les d\u00e9tecteurs infrarouges, les dispositifs opto\u00e9lectroniques, l&rsquo;\u00e9lectronique \u00e0 grande vitesse et la recherche scientifique. Leurs excellentes propri\u00e9t\u00e9s opto\u00e9lectroniques et leur stabilit\u00e9 en font un mat\u00e9riau de base [&hellip;]<\/p>\n","protected":false},"featured_media":24321,"template":"","meta":{"_acf_changed":false},"product_brand":[132],"product_cat":[296],"product_tag":[],"class_list":{"0":"post-24320","1":"product","2":"type-product","3":"status-publish","4":"has-post-thumbnail","6":"product_brand-ulpmat","7":"product_cat-materiaux-devaporation","9":"first","10":"instock","11":"shipping-taxable","12":"product-type-variable"},"acf":[],"_links":{"self":[{"href":"https:\/\/ulpmat.com\/fr\/wp-json\/wp\/v2\/product\/24320","targetHints":{"allow":["GET"]}}],"collection":[{"href":"https:\/\/ulpmat.com\/fr\/wp-json\/wp\/v2\/product"}],"about":[{"href":"https:\/\/ulpmat.com\/fr\/wp-json\/wp\/v2\/types\/product"}],"wp:featuredmedia":[{"embeddable":true,"href":"https:\/\/ulpmat.com\/fr\/wp-json\/wp\/v2\/media\/24321"}],"wp:attachment":[{"href":"https:\/\/ulpmat.com\/fr\/wp-json\/wp\/v2\/media?parent=24320"}],"wp:term":[{"taxonomy":"product_brand","embeddable":true,"href":"https:\/\/ulpmat.com\/fr\/wp-json\/wp\/v2\/product_brand?post=24320"},{"taxonomy":"product_cat","embeddable":true,"href":"https:\/\/ulpmat.com\/fr\/wp-json\/wp\/v2\/product_cat?post=24320"},{"taxonomy":"product_tag","embeddable":true,"href":"https:\/\/ulpmat.com\/fr\/wp-json\/wp\/v2\/product_tag?post=24320"}],"curies":[{"name":"wp","href":"https:\/\/api.w.org\/{rel}","templated":true}]}}