{"id":24266,"date":"2025-11-17T09:36:54","date_gmt":"2025-11-17T01:36:54","guid":{"rendered":"https:\/\/ulpmat.com\/product\/chlorure-de-cadmium\/"},"modified":"2025-11-17T09:36:54","modified_gmt":"2025-11-17T01:36:54","slug":"chlorure-de-cadmium","status":"publish","type":"product","link":"https:\/\/ulpmat.com\/fr\/produit\/chlorure-de-cadmium\/","title":{"rendered":"Chlorure de cadmium"},"content":{"rendered":"<h2><span style=\"font-size: 14pt;\">Chlorure de cadmium en poudre Aper\u00e7u<\/span><\/h2>\n<p><span style=\"font-size: 12pt; color: #0000ff;\"><a style=\"color: #0000ff;\" href=\"https:\/\/ulpmat.com\/fr\/recherche\/?type=name&#038;keyword=Cadmium+Chloride\">La poudre de chlorure de cadmium<\/a> <\/span> est un sel inorganique de grande puret\u00e9 qui pr\u00e9sente une excellente stabilit\u00e9 chimique et une bonne solubilit\u00e9. Il est largement utilis\u00e9 dans l&rsquo;optimisation des mat\u00e9riaux solaires en couches minces, la pr\u00e9paration de mat\u00e9riaux fonctionnels opto\u00e9lectroniques, la recherche en laboratoire et la synth\u00e8se chimique. En tant qu&rsquo;additif stable, il joue un r\u00f4le important dans les cellules solaires CdTe\/CIGS, les r\u00e9actifs chimiques et la modification des mat\u00e9riaux.<\/p>\n<p>Nous proposons de la poudre de CdCl2 de haute puret\u00e9 dans diverses sp\u00e9cifications et offrons des services personnalis\u00e9s pour la taille des particules, l&#8217;emballage et les degr\u00e9s de puret\u00e9 afin de r\u00e9pondre aux divers besoins des clients de la recherche et de l&rsquo;industrie. Pour obtenir des devis, des donn\u00e9es techniques ou des \u00e9chantillons, n&rsquo;h\u00e9sitez pas \u00e0 nous contacter. Nous vous apporterons un soutien imm\u00e9diat pour votre projet afin de vous aider \u00e0 faire progresser rapidement vos activit\u00e9s de<span style=\"color: #0000ff;\"><a style=\"color: #0000ff;\" href=\"https:\/\/ulpmat.com\/fr\/societe\/rd\/\"> R&amp;D<\/a> <\/span>ou de production.<\/p>\n<h2><span style=\"font-size: 14pt;\">Points forts du produit<\/span><\/h2>\n<p>Grande puret\u00e9 et faibles impuret\u00e9s<br \/>\nBonne solubilit\u00e9 et facilit\u00e9 d&rsquo;utilisation<br \/>\nPoudre uniforme et stabilit\u00e9 des lots<br \/>\nCompatible avec de multiples sc\u00e9narios d&rsquo;application<br \/>\n<span style=\"color: #0000ff;\"><a style=\"color: #0000ff;\" href=\"https:\/\/ulpmat.com\/fr\/service\/personnalisation\/\">Services d&#8217;emballage<\/a> <\/span>disponibles<br \/>\nConvient \u00e0 la recherche et \u00e0 la production de masse<\/p>\n<h2><span style=\"font-size: 14pt;\">Applications du chlorure de cadmium en poudre<\/span><\/h2>\n<p>Utilis\u00e9 pour am\u00e9liorer la cristallisation et les processus de recuit des couches minces dans les cellules solaires CdTe.<\/p>\n<p>Utilis\u00e9 comme mati\u00e8re premi\u00e8re dans la synth\u00e8se chimique pour pr\u00e9parer divers compos\u00e9s \u00e0 base de cadmium.<\/p>\n<p>Utilis\u00e9 dans des applications de laboratoire telles que les mat\u00e9riaux opto\u00e9lectroniques, les catalyseurs et la recherche sur les sels.<\/p>\n<h2><span style=\"color: #0000ff;\"><a style=\"color: #0000ff;\" href=\"https:\/\/ulpmat.com\/fr\/societe\/faq\/\"><span style=\"font-size: 14pt;\">FAQ (Foire aux questions)<\/span><\/a><\/span><\/h2>\n<p>Q1 : Quelle m\u00e9thode d&#8217;emballage utilisez-vous pour votre poudre de CdCl2 ?<\/p>\n<p>R1 : Nous utilisons des sacs scell\u00e9s \u00e0 double couche, r\u00e9sistants \u00e0 l&rsquo;humidit\u00e9, avec une couche ext\u00e9rieure de mat\u00e9riau rigide absorbant les chocs, afin de garantir que la poudre n&rsquo;absorbe pas l&rsquo;humidit\u00e9 et ne s&rsquo;agglom\u00e8re pas pendant le transport.<\/p>\n<p>Q2 : Le produit peut-il \u00eatre exp\u00e9di\u00e9 \u00e0 l&rsquo;\u00e9tranger ? Le produit est-il s\u00fbr pendant le transport ?<\/p>\n<p>R2 : Tous les produits peuvent \u00eatre exp\u00e9di\u00e9s dans le monde entier par fret a\u00e9rien, fret maritime, livraison express, etc., et sont accompagn\u00e9s d&rsquo;une fiche de donn\u00e9es de s\u00e9curit\u00e9 et des documents n\u00e9cessaires pour garantir une livraison s\u00fbre et conforme.<\/p>\n<p>Q3 : Pouvez-vous fournir du CdCl2 avec diff\u00e9rentes puret\u00e9s ou tailles de particules ?<\/p>\n<p>R3 : Oui, nous proposons une puret\u00e9 \u00e9lev\u00e9e de 99,99 % et pouvons ajuster la taille des particules de poudre et les sp\u00e9cifications d&#8217;emballage en fonction des besoins.<\/p>\n<p>Q4 : Comment la poudre de CdCl2 doit-elle \u00eatre stock\u00e9e pour conserver sa qualit\u00e9 ?<\/p>\n<p>R4 : Il est recommand\u00e9 de la stocker dans un environnement sec et frais, scell\u00e9 et \u00e0 l&rsquo;abri de la lumi\u00e8re, et d&rsquo;\u00e9viter une exposition prolong\u00e9e \u00e0 l&rsquo;air humide pour emp\u00eacher l&rsquo;absorption d&rsquo;humidit\u00e9 et l&rsquo;alt\u00e9ration de son efficacit\u00e9.<\/p>\n<h2><span style=\"font-size: 14pt;\">Rapports<\/span><\/h2>\n<p>Chaque lot est fourni avec :<br \/>\n<span style=\"color: #0000ff;\"><a style=\"color: #0000ff;\" href=\"https:\/\/ulpmat.com\/fr\/service\/analyse-chimique\/\">Un certificat d&rsquo;analyse (COA)<\/a><\/span><br \/>\n<span style=\"color: #0000ff;\"><a style=\"color: #0000ff;\" href=\"https:\/\/ulpmat.com\/fr\/documents\/fiche-technique\/\">Fiche technique (TDS)<\/a><\/span><br \/>\n<span style=\"color: #0000ff;\"><a style=\"color: #0000ff;\" href=\"https:\/\/ulpmat.com\/fr\/documents\/fiche-de-donnees-de-securite\/\">Fiche de donn\u00e9es de s\u00e9curit\u00e9 (FDS)<\/a><\/span><br \/>\nRapports de tests effectu\u00e9s par des tiers disponibles sur demande<\/p>\n<h2><span style=\"font-size: 14pt;\">Pourquoi nous choisir ?<\/span><\/h2>\n<p>Nous poss\u00e9dons des capacit\u00e9s de production de produits chimiques fins et un syst\u00e8me de contr\u00f4le de la qualit\u00e9 rigoureux, ce qui nous permet de fournir de la poudre de chlorure de cadmium de haute qualit\u00e9 sur une base \u00e0 long terme. Avec une coh\u00e9rence stable des lots, des services de personnalisation flexibles, une r\u00e9ponse logistique rapide et une assistance technique professionnelle, nous sommes en mesure d&rsquo;offrir des produits de haute qualit\u00e9 \u00e0 des prix comp\u00e9titifs <span style=\"color: #0000ff;\"><a style=\"color: #0000ff;\" href=\"https:\/\/ulpmat.com\/fr\/service\/support-technique\/\">technique professionnelle,<\/a> <\/span>nous fournissons des solutions mat\u00e9rielles fiables pour aider la recherche et les projets industriels \u00e0 progresser efficacement, ce qui fait de nous un fournisseur de haute qualit\u00e9 digne d&rsquo;une coop\u00e9ration \u00e0 long terme.<\/p>\n","protected":false},"excerpt":{"rendered":"<p>Chlorure de cadmium en poudre Aper\u00e7u La poudre de chlorure de cadmium est un sel inorganique de grande puret\u00e9 qui pr\u00e9sente une excellente stabilit\u00e9 chimique et une bonne solubilit\u00e9. Il est largement utilis\u00e9 dans l&rsquo;optimisation des mat\u00e9riaux solaires en couches minces, la pr\u00e9paration de mat\u00e9riaux fonctionnels opto\u00e9lectroniques, la recherche en laboratoire et la synth\u00e8se chimique. [&hellip;]<\/p>\n","protected":false},"featured_media":24267,"template":"","meta":{"_acf_changed":false},"product_brand":[132],"product_cat":[313],"product_tag":[],"class_list":{"0":"post-24266","1":"product","2":"type-product","3":"status-publish","4":"has-post-thumbnail","6":"product_brand-ulpmat","7":"product_cat-materiaux-halogenes","9":"first","10":"instock","11":"shipping-taxable","12":"product-type-variable"},"acf":[],"_links":{"self":[{"href":"https:\/\/ulpmat.com\/fr\/wp-json\/wp\/v2\/product\/24266","targetHints":{"allow":["GET"]}}],"collection":[{"href":"https:\/\/ulpmat.com\/fr\/wp-json\/wp\/v2\/product"}],"about":[{"href":"https:\/\/ulpmat.com\/fr\/wp-json\/wp\/v2\/types\/product"}],"wp:featuredmedia":[{"embeddable":true,"href":"https:\/\/ulpmat.com\/fr\/wp-json\/wp\/v2\/media\/24267"}],"wp:attachment":[{"href":"https:\/\/ulpmat.com\/fr\/wp-json\/wp\/v2\/media?parent=24266"}],"wp:term":[{"taxonomy":"product_brand","embeddable":true,"href":"https:\/\/ulpmat.com\/fr\/wp-json\/wp\/v2\/product_brand?post=24266"},{"taxonomy":"product_cat","embeddable":true,"href":"https:\/\/ulpmat.com\/fr\/wp-json\/wp\/v2\/product_cat?post=24266"},{"taxonomy":"product_tag","embeddable":true,"href":"https:\/\/ulpmat.com\/fr\/wp-json\/wp\/v2\/product_tag?post=24266"}],"curies":[{"name":"wp","href":"https:\/\/api.w.org\/{rel}","templated":true}]}}