{"id":24242,"date":"2025-11-17T09:36:55","date_gmt":"2025-11-17T01:36:55","guid":{"rendered":"https:\/\/ulpmat.com\/product\/oxyde-de-cadmium-2\/"},"modified":"2025-11-17T09:36:55","modified_gmt":"2025-11-17T01:36:55","slug":"oxyde-de-cadmium-2","status":"publish","type":"product","link":"https:\/\/ulpmat.com\/fr\/produit\/oxyde-de-cadmium-2\/","title":{"rendered":"Oxyde de cadmium"},"content":{"rendered":"<h2><span style=\"font-size: 14pt;\">Aper\u00e7u de la poudre d&rsquo;oxyde de cadmium<\/span><\/h2>\n<p><span style=\"color: #0000ff;\"><a style=\"color: #0000ff;\" href=\"https:\/\/ulpmat.com\/fr\/recherche\/?type=name&#038;keyword=Cadmium+oxide\">La poudre d&rsquo;oxyde de cadmium<\/a><\/span> est un oxyde semi-conducteur de type n \u00e0 haute performance, dot\u00e9 d&rsquo;une excellente conductivit\u00e9 et d&rsquo;une grande transparence, largement utilis\u00e9 dans la pr\u00e9paration de films conducteurs transparents, de dispositifs opto\u00e9lectroniques et de mat\u00e9riaux catalytiques et optiques. En raison de ses propri\u00e9t\u00e9s chimiques stables et de son excellente stabilit\u00e9 thermique, la poudre d&rsquo;oxyde de cadmium est devenue un mat\u00e9riau important pour le d\u00e9veloppement de dispositifs opto\u00e9lectroniques et \u00e9lectroniques avanc\u00e9s.<\/p>\n<p>Nous pouvons fournir de la poudre de CdO de haute puret\u00e9 et de taille uniforme, avec des tailles de particules, des degr\u00e9s de puret\u00e9 et des sp\u00e9cifications d&#8217;emballage personnalis\u00e9s pour r\u00e9pondre aux divers besoins des clients de la recherche et de l&rsquo;industrie. Pour obtenir un devis ou demander des \u00e9chantillons, contactez-nous. Notre \u00e9quipe vous r\u00e9pondra rapidement et vous fournira une assistance technique et mat\u00e9rielle professionnelle pour votre projet.<\/p>\n<h2><span style=\"font-size: 14pt;\">Points forts du produit<\/span><\/h2>\n<p>Grande puret\u00e9, peu d&rsquo;impuret\u00e9s<br \/>\nParticules de poudre uniformes, faciles \u00e0 disperser<br \/>\nConductivit\u00e9 et propri\u00e9t\u00e9s optiques stables<br \/>\nPrise en charge de diverses technologies de traitement et de pr\u00e9paration de films minces<br \/>\n<span style=\"color: #0000ff;\"><a style=\"color: #0000ff;\" href=\"https:\/\/ulpmat.com\/fr\/service\/personnalisation\/\">Emballage et taille<\/a> <\/span>conditionnement et taille des particules disponibles sur demande<br \/>\nGrande r\u00e9gularit\u00e9 des lots, adapt\u00e9e \u00e0 la R&amp;D et \u00e0 la production de masse<\/p>\n<h2><span style=\"font-size: 14pt;\">Applications de la poudre d&rsquo;oxyde de cadmium <\/span><\/h2>\n<p>Utilis\u00e9 pour la pr\u00e9paration de films conducteurs transparents et de dispositifs opto\u00e9lectroniques fonctionnels.<\/p>\n<p>Peut \u00eatre utilis\u00e9 dans les mat\u00e9riaux photocatalytiques, les dispositifs sensibles aux gaz et la recherche sur les semi-conducteurs.<\/p>\n<p>Mati\u00e8re premi\u00e8re de base pour les supports de catalyseurs ou les mat\u00e9riaux optiques.<\/p>\n<h2><span style=\"color: #0000ff;\"><a style=\"color: #0000ff;\" href=\"https:\/\/ulpmat.com\/fr\/societe\/faq\/\"><span style=\"font-size: 14pt;\">FAQ<\/span><\/a><\/span><\/h2>\n<p>Q1 : Comment la poudre de CdO est-elle conditionn\u00e9e pour garantir un transport s\u00fbr ?<\/p>\n<p>R1 : Nous utilisons des sacs ou des bouteilles scell\u00e9s \u00e0 l&rsquo;\u00e9preuve de l&rsquo;humidit\u00e9, avec une couche d&#8217;emballage ext\u00e9rieure r\u00e9sistante aux chocs pour garantir que la poudre reste s\u00e8che et ne s&rsquo;agglom\u00e8re pas pendant le transport et le stockage.<\/p>\n<p>Q2 : Pourquoi choisir notre poudre de CdO plut\u00f4t que d&rsquo;autres fournisseurs ?<\/p>\n<p>R2 : Nous assurons une gestion stricte des lots, un approvisionnement stable et une assistance technique compl\u00e8te afin de garantir la fiabilit\u00e9 des performances de la poudre et de r\u00e9pondre aux exigences strictes de la recherche et de la production industrielle de mat\u00e9riaux de haute performance.<\/p>\n<p>Q3 : La puret\u00e9 du produit et la taille des particules peuvent-elles \u00eatre personnalis\u00e9es ?<\/p>\n<p>R3 : Oui, nous proposons des options de puret\u00e9 \u00e9lev\u00e9e allant de 99,99 % \u00e0 99,999 %, et nous pouvons personnaliser diff\u00e9rentes tailles de particules et sp\u00e9cifications de dispersibilit\u00e9 en fonction des besoins du client.<\/p>\n<p>Q4 : Comment la poudre de CdO doit-elle \u00eatre stock\u00e9e pour conserver ses performances ?<\/p>\n<p>R4 : Il est recommand\u00e9 de la stocker dans un environnement sec, \u00e0 l&rsquo;abri de la lumi\u00e8re et scell\u00e9, en \u00e9vitant l&rsquo;humidit\u00e9 et l&rsquo;oxydation. Pour un stockage \u00e0 long terme, elle peut \u00eatre stock\u00e9e dans une atmosph\u00e8re de gaz inerte.<\/p>\n<h2><span style=\"font-size: 14pt;\">Rapports<\/span><\/h2>\n<p>Chaque lot est fourni avec :<br \/>\n<span style=\"color: #0000ff;\"><a style=\"color: #0000ff;\" href=\"https:\/\/ulpmat.com\/fr\/service\/analyse-chimique\/\">Un certificat d&rsquo;analyse (COA)<\/a><\/span><br \/>\n<span style=\"color: #0000ff;\"><a style=\"color: #0000ff;\" href=\"https:\/\/ulpmat.com\/fr\/documents\/fiche-technique\/\">Fiche technique (TDS)<\/a><\/span><br \/>\n<span style=\"color: #0000ff;\"><a style=\"color: #0000ff;\" href=\"https:\/\/ulpmat.com\/fr\/documents\/fiche-de-donnees-de-securite\/\">Fiche de donn\u00e9es de s\u00e9curit\u00e9 (FDS)<\/a><\/span><br \/>\nRapports de tests effectu\u00e9s par des tiers disponibles sur demande<\/p>\n<h2><span style=\"font-size: 14pt;\">Pourquoi nous choisir ?<\/span><\/h2>\n<p>Nous poss\u00e9dons une technologie avanc\u00e9e de production de poudre de CdO, un syst\u00e8me rigoureux de gestion de la qualit\u00e9 et des capacit\u00e9s d&rsquo;approvisionnement stables, ce qui nous permet de fournir des produits d&rsquo;une grande puret\u00e9, de taille uniforme et toujours tr\u00e8s performants. Associ\u00e9s \u00e0 des services techniques \u00e0 r\u00e9ponse rapide, \u00e0 une production personnalis\u00e9e et \u00e0 des capacit\u00e9s d&rsquo;exp\u00e9dition mondiales, nous fournissons des solutions mat\u00e9rielles fiables, efficaces et durables aux clients de la recherche et de l&rsquo;industrie, ce qui fait de nous un partenaire \u00e0 long terme digne de confiance.<\/p>\n","protected":false},"excerpt":{"rendered":"<p>Aper\u00e7u de la poudre d&rsquo;oxyde de cadmium La poudre d&rsquo;oxyde de cadmium est un oxyde semi-conducteur de type n \u00e0 haute performance, dot\u00e9 d&rsquo;une excellente conductivit\u00e9 et d&rsquo;une grande transparence, largement utilis\u00e9 dans la pr\u00e9paration de films conducteurs transparents, de dispositifs opto\u00e9lectroniques et de mat\u00e9riaux catalytiques et optiques. En raison de ses propri\u00e9t\u00e9s chimiques stables [&hellip;]<\/p>\n","protected":false},"featured_media":24243,"template":"","meta":{"_acf_changed":false},"product_brand":[132],"product_cat":[335],"product_tag":[],"class_list":{"0":"post-24242","1":"product","2":"type-product","3":"status-publish","4":"has-post-thumbnail","6":"product_brand-ulpmat","7":"product_cat-oxydes","9":"first","10":"instock","11":"shipping-taxable","12":"product-type-variable"},"acf":[],"_links":{"self":[{"href":"https:\/\/ulpmat.com\/fr\/wp-json\/wp\/v2\/product\/24242","targetHints":{"allow":["GET"]}}],"collection":[{"href":"https:\/\/ulpmat.com\/fr\/wp-json\/wp\/v2\/product"}],"about":[{"href":"https:\/\/ulpmat.com\/fr\/wp-json\/wp\/v2\/types\/product"}],"wp:featuredmedia":[{"embeddable":true,"href":"https:\/\/ulpmat.com\/fr\/wp-json\/wp\/v2\/media\/24243"}],"wp:attachment":[{"href":"https:\/\/ulpmat.com\/fr\/wp-json\/wp\/v2\/media?parent=24242"}],"wp:term":[{"taxonomy":"product_brand","embeddable":true,"href":"https:\/\/ulpmat.com\/fr\/wp-json\/wp\/v2\/product_brand?post=24242"},{"taxonomy":"product_cat","embeddable":true,"href":"https:\/\/ulpmat.com\/fr\/wp-json\/wp\/v2\/product_cat?post=24242"},{"taxonomy":"product_tag","embeddable":true,"href":"https:\/\/ulpmat.com\/fr\/wp-json\/wp\/v2\/product_tag?post=24242"}],"curies":[{"name":"wp","href":"https:\/\/api.w.org\/{rel}","templated":true}]}}