{"id":23882,"date":"2025-11-18T17:58:29","date_gmt":"2025-11-18T09:58:29","guid":{"rendered":"https:\/\/ulpmat.com\/product\/metal-argente-4\/"},"modified":"2025-11-18T17:58:29","modified_gmt":"2025-11-18T09:58:29","slug":"metal-argente-4","status":"publish","type":"product","link":"https:\/\/ulpmat.com\/fr\/produit\/metal-argente-4\/","title":{"rendered":"M\u00e9tal argent\u00e9"},"content":{"rendered":"<h2><span style=\"font-size: 14pt;\">Aper\u00e7u des pastilles d&rsquo;argent m\u00e9tal <\/span><\/h2>\n<p><span style=\"color: #0000ff;\"><a style=\"color: #0000ff;\" href=\"https:\/\/ulpmat.com\/fr\/recherche\/?type=name&#038;keyword=Silver+metal\">Les pastilles d&rsquo;argent m\u00e9tal<\/a> <\/span>sont des mat\u00e9riaux m\u00e9talliques de haute puret\u00e9, faciles \u00e0 traiter, dot\u00e9s d&rsquo;une excellente conductivit\u00e9 \u00e9lectrique et thermique et d&rsquo;une grande stabilit\u00e9 chimique. Elles sont largement utilis\u00e9es dans les composants \u00e9lectroniques, les processus de galvanoplastie, la pr\u00e9paration de catalyseurs chimiques et les exp\u00e9riences de recherche scientifique de haut niveau, ce qui en fait un mat\u00e9riau de base indispensable pour les applications en laboratoire et dans l&rsquo;industrie.<\/p>\n<p>Nous pouvons fournir des pastilles d&rsquo;argent m\u00e9tal de diff\u00e9rents diam\u00e8tres, tailles de particules et degr\u00e9s de puret\u00e9, avec un emballage personnalis\u00e9 et une classification sp\u00e9ciale des tailles de particules pour r\u00e9pondre aux besoins de la recherche scientifique, de l&rsquo;industrie et des processus haut de gamme. <span style=\"color: #0000ff;\"><a style=\"color: #0000ff;\" href=\"https:\/\/ulpmat.com\/fr\/contactez-nous\/\">Contactez nous<\/a><\/span> d\u00e8s maintenant pour des solutions personnalis\u00e9es.<\/p>\n<h2><span style=\"font-size: 14pt;\">Points forts du produit<\/span><\/h2>\n<p>Haute puret\u00e9 garantie (99,999 %)<br \/>\nDistribution uniforme de la taille des particules<br \/>\nFacile \u00e0 fondre et \u00e0 m\u00e9langer<br \/>\nExcellente conductivit\u00e9 \u00e9lectrique et thermique<br \/>\nBonne r\u00e9sistance \u00e0 l&rsquo;oxydation<br \/>\nDisponible en vrac avec des d\u00e9lais de livraison stables<br \/>\nPlusieurs tailles de particules et options d&#8217;emballage <span style=\"color: #0000ff;\"><a style=\"color: #0000ff;\" href=\"https:\/\/ulpmat.com\/fr\/candidature\/materiaux-optiques\/\">d&#8217;emballage<\/a> <\/span>disponible<\/p>\n<h2><span style=\"font-size: 14pt;\">Applications des pastilles d&rsquo;argent m\u00e9tal<\/span><\/h2>\n<p>Convient pour les soudures et les charges conductrices dans la fabrication de composants \u00e9lectroniques.<\/p>\n<p>Peuvent \u00eatre utilis\u00e9es comme supports de catalyseurs ou r\u00e9actifs dans l&rsquo;industrie chimique.<\/p>\n<p>Utilis\u00e9s pour la pr\u00e9paration des mat\u00e9riaux dans la galvanoplastie de l&rsquo;argent, l&rsquo;\u00e9vaporation des couches minces et les exp\u00e9riences de recherche scientifique.<\/p>\n<h2><span style=\"color: #0000ff;\"><a style=\"color: #0000ff;\" href=\"https:\/\/ulpmat.com\/fr\/societe\/faq\/\"><span style=\"font-size: 14pt;\">FAQ<\/span><\/a><\/span><\/h2>\n<p>Q1 : Comment les pastilles d&rsquo;argent m\u00e9tal sont-elles conditionn\u00e9es ?<\/p>\n<p>R1 : Nous utilisons des sacs sous vide r\u00e9sistants \u00e0 l&rsquo;humidit\u00e9 et aux chocs, ainsi que des bo\u00eetes ext\u00e9rieures robustes pour garantir que les particules ne sont pas endommag\u00e9es pendant le transport.<\/p>\n<p>Q2 : La puret\u00e9 et la taille des particules peuvent-elles \u00eatre personnalis\u00e9es ?<\/p>\n<p>R2 : Oui, la puret\u00e9 peut atteindre 99,99%-99,999% et la taille des particules peut \u00eatre adapt\u00e9e aux besoins du client.<\/p>\n<p>Q3 : Comment stocker les particules d&rsquo;argent pour prolonger leur dur\u00e9e de vie ?<\/p>\n<p>R3 : Il convient de les conserver dans un environnement sec et frais, sous scell\u00e9s, en \u00e9vitant les temp\u00e9ratures \u00e9lev\u00e9es et l&rsquo;humidit\u00e9 afin d&#8217;emp\u00eacher l&rsquo;oxydation de la surface.<\/p>\n<p>Q4 : Quels sont les services apr\u00e8s-vente que vous proposez ?<\/p>\n<p>R4 : Nous fournissons une assistance technique, des solutions personnalis\u00e9es pour la taille des particules, des garanties d&rsquo;approvisionnement en vrac et des services de suivi de la qualit\u00e9 des produits.<\/p>\n<h2><span style=\"font-size: 14pt;\">Rapports<\/span><\/h2>\n<p>Chaque lot est fourni avec :<br \/>\n<span style=\"color: #0000ff;\"><a style=\"color: #0000ff;\" href=\"https:\/\/ulpmat.com\/fr\/service\/analyse-chimique\/\">Un certificat d&rsquo;analyse (COA)<\/a><\/span><br \/>\n<span style=\"color: #0000ff;\"><a style=\"color: #0000ff;\" href=\"https:\/\/ulpmat.com\/fr\/documents\/fiche-technique\/\">Fiche technique (TDS)<\/a><\/span><br \/>\n<span style=\"color: #0000ff;\"><a style=\"color: #0000ff;\" href=\"https:\/\/ulpmat.com\/fr\/documents\/fiche-de-donnees-de-securite\/\">Fiche de donn\u00e9es de s\u00e9curit\u00e9 (FDS)<\/a><\/span><br \/>\nRapports de tests effectu\u00e9s par des tiers disponibles sur demande<\/p>\n<h2><span style=\"font-size: 14pt;\">Pourquoi nous choisir ?<\/span><\/h2>\n<p>Nous sommes sp\u00e9cialis\u00e9s dans la recherche et la fourniture de pastilles m\u00e9talliques de haute puret\u00e9. Nous contr\u00f4lons strictement la puret\u00e9, l&rsquo;uniformit\u00e9 des particules et la coh\u00e9rence des lots afin de r\u00e9pondre aux besoins de la recherche scientifique, de l&rsquo;industrie et des applications \u00e9lectroniques. Nos particules d&rsquo;argent m\u00e9tal poss\u00e8dent une excellente conductivit\u00e9 \u00e9lectrique et thermique ainsi qu&rsquo;une grande stabilit\u00e9 chimique, ce qui permet un traitement et des applications efficaces. En nous choisissant, vous avez la garantie d&rsquo;un produit de qualit\u00e9 fiable, de services personnalis\u00e9s et de capacit\u00e9s de livraison mondiales, ce qui fait de nous le partenaire id\u00e9al pour les laboratoires de recherche, les fabricants d&rsquo;\u00e9lectronique et les clients industriels haut de gamme.<\/p>\n","protected":false},"excerpt":{"rendered":"<p>Aper\u00e7u des pastilles d&rsquo;argent m\u00e9tal Les pastilles d&rsquo;argent m\u00e9tal sont des mat\u00e9riaux m\u00e9talliques de haute puret\u00e9, faciles \u00e0 traiter, dot\u00e9s d&rsquo;une excellente conductivit\u00e9 \u00e9lectrique et thermique et d&rsquo;une grande stabilit\u00e9 chimique. Elles sont largement utilis\u00e9es dans les composants \u00e9lectroniques, les processus de galvanoplastie, la pr\u00e9paration de catalyseurs chimiques et les exp\u00e9riences de recherche scientifique de [&hellip;]<\/p>\n","protected":false},"featured_media":23883,"template":"","meta":{"_acf_changed":false},"product_brand":[132],"product_cat":[296],"product_tag":[1981],"class_list":{"0":"post-23882","1":"product","2":"type-product","3":"status-publish","4":"has-post-thumbnail","6":"product_brand-ulpmat","7":"product_cat-materiaux-devaporation","8":"product_tag-pastilles-de-metal-argente","10":"first","11":"instock","12":"shipping-taxable","13":"product-type-variable"},"acf":[],"_links":{"self":[{"href":"https:\/\/ulpmat.com\/fr\/wp-json\/wp\/v2\/product\/23882","targetHints":{"allow":["GET"]}}],"collection":[{"href":"https:\/\/ulpmat.com\/fr\/wp-json\/wp\/v2\/product"}],"about":[{"href":"https:\/\/ulpmat.com\/fr\/wp-json\/wp\/v2\/types\/product"}],"wp:featuredmedia":[{"embeddable":true,"href":"https:\/\/ulpmat.com\/fr\/wp-json\/wp\/v2\/media\/23883"}],"wp:attachment":[{"href":"https:\/\/ulpmat.com\/fr\/wp-json\/wp\/v2\/media?parent=23882"}],"wp:term":[{"taxonomy":"product_brand","embeddable":true,"href":"https:\/\/ulpmat.com\/fr\/wp-json\/wp\/v2\/product_brand?post=23882"},{"taxonomy":"product_cat","embeddable":true,"href":"https:\/\/ulpmat.com\/fr\/wp-json\/wp\/v2\/product_cat?post=23882"},{"taxonomy":"product_tag","embeddable":true,"href":"https:\/\/ulpmat.com\/fr\/wp-json\/wp\/v2\/product_tag?post=23882"}],"curies":[{"name":"wp","href":"https:\/\/api.w.org\/{rel}","templated":true}]}}