{"id":23858,"date":"2025-11-18T17:58:30","date_gmt":"2025-11-18T09:58:30","guid":{"rendered":"https:\/\/ulpmat.com\/product\/metal-argente-3\/"},"modified":"2025-11-18T17:58:30","modified_gmt":"2025-11-18T09:58:30","slug":"metal-argente-3","status":"publish","type":"product","link":"https:\/\/ulpmat.com\/fr\/produit\/metal-argente-3\/","title":{"rendered":"M\u00e9tal argent\u00e9"},"content":{"rendered":"<h2><span style=\"font-size: 14pt;\">Film m\u00e9tallique argent\u00e9 Aper\u00e7u<\/span><\/h2>\n<p><span style=\"color: #0000ff;\"><a style=\"color: #0000ff;\" href=\"https:\/\/ulpmat.com\/fr\/recherche\/?type=name&#038;keyword=Silver+metal\">La feuille d&rsquo;argent m\u00e9tal<\/a><\/span> est un mat\u00e9riau m\u00e9tallique de haute puret\u00e9, tr\u00e8s ductile, dot\u00e9 d&rsquo;une excellente conductivit\u00e9 \u00e9lectrique et thermique et d&rsquo;une grande stabilit\u00e9 chimique. Il est largement utilis\u00e9 dans la fabrication d&rsquo;appareils \u00e9lectroniques, de batteries et de films conducteurs, dans les exp\u00e9riences chimiques, dans l&rsquo;artisanat d\u00e9coratif et dans le traitement industriel haut de gamme, ce qui en fait un mat\u00e9riau important pour la recherche scientifique et la production industrielle.<\/p>\n<p>Nous proposons des feuilles d&rsquo;argent de diff\u00e9rentes \u00e9paisseurs, tailles et degr\u00e9s de puret\u00e9, et pouvons fournir des services de traitement personnalis\u00e9s en fonction des exigences du client, tels que la d\u00e9coupe, le laminage ou l&#8217;emballage en couches. N&rsquo;h\u00e9sitez pas \u00e0 <span style=\"color: #0000ff;\"><a style=\"color: #0000ff;\" href=\"https:\/\/ulpmat.com\/fr\/contactez-nous\/\">contactez-nous<\/a><\/span> d\u00e8s aujourd&rsquo;hui.<\/p>\n<h2><span style=\"font-size: 14pt;\">Points forts du produit<\/span><\/h2>\n<p>Grande puret\u00e9 garantie (99,999 %)<br \/>\nExcellente ductilit\u00e9 et facilit\u00e9 de mise en \u0153uvre<br \/>\nExcellente conductivit\u00e9 \u00e9lectrique et thermique<br \/>\nSurface lisse, sans pores<br \/>\nPlusieurs \u00e9paisseurs disponibles<br \/>\nDimensions et laminage sur mesure possibles<br \/>\nLe traitement anti-oxydation prolonge la dur\u00e9e de vie<\/p>\n<h2><span style=\"font-size: 14pt;\">Applications des feuilles d&rsquo;argent m\u00e9tal<\/span><\/h2>\n<p>Couche conductrice dans les composants \u00e9lectroniques et les batteries.<br \/>\nMat\u00e9riau de support dans les exp\u00e9riences chimiques et les r\u00e9actions catalytiques.<br \/>\nConvient aux mat\u00e9riaux d\u00e9coratifs et r\u00e9fl\u00e9chissants dans les proc\u00e9d\u00e9s haut de gamme.<br \/>\nJoue un r\u00f4le cl\u00e9 dans l&rsquo;\u00e9vaporation sous vide et les proc\u00e9d\u00e9s <span style=\"color: #0000ff;\"><a style=\"color: #0000ff;\" href=\"https:\/\/ulpmat.com\/fr\/candidature\/materiaux-optiques\/\">optique<\/a> <\/span>pr\u00e9paration de couches minces optiques.<\/p>\n<h2><span style=\"color: #0000ff;\"><a style=\"color: #0000ff;\" href=\"https:\/\/ulpmat.com\/fr\/societe\/faq\/\"><span style=\"font-size: 14pt;\">FAQ (Foire aux questions)<\/span><\/a><\/span><\/h2>\n<p>Q1 : Comment les feuilles d&rsquo;argent m\u00e9tal sont-elles emball\u00e9es pour garantir un transport s\u00fbr ?<br \/>\nR1 : Les feuilles d&rsquo;argent sont emball\u00e9es dans un film r\u00e9sistant \u00e0 l&rsquo;humidit\u00e9 et dans des tubes en carton ou des caisses en bois afin d&rsquo;\u00e9viter les d\u00e9formations et les rayures superficielles.<\/p>\n<p>Q2 : L&rsquo;\u00e9paisseur et la taille de la feuille m\u00e9tallique argent\u00e9e peuvent-elles \u00eatre personnalis\u00e9es ?<br \/>\nR2 : Oui, la largeur et la longueur peuvent \u00eatre adapt\u00e9es aux besoins du client.<\/p>\n<p>Q3 : Quelles sont les conditions de stockage des feuilles m\u00e9talliques argent\u00e9es ?<br \/>\nR3 : Les feuilles m\u00e9talliques argent\u00e9es doivent \u00eatre conserv\u00e9es dans un endroit sec, frais et sombre, en \u00e9vitant tout contact avec les acides, les alcalis et les substances corrosives.<\/p>\n<p>Q4 : Quels sont les services apr\u00e8s-vente offerts par votre soci\u00e9t\u00e9 ?<br \/>\nR4 : Nous fournissons des conseils techniques, un traitement personnalis\u00e9, un approvisionnement en vrac, un suivi de la qualit\u00e9 des produits et une r\u00e9ponse rapide aux commentaires sur les probl\u00e8mes.<\/p>\n<h2><span style=\"font-size: 14pt;\">Rapports<\/span><\/h2>\n<p>Chaque lot est fourni avec :<br \/>\n<span style=\"color: #0000ff;\"><a style=\"color: #0000ff;\" href=\"https:\/\/ulpmat.com\/fr\/service\/analyse-chimique\/\">Un certificat d&rsquo;analyse (COA)<\/a><\/span><br \/>\n<span style=\"color: #0000ff;\"><a style=\"color: #0000ff;\" href=\"https:\/\/ulpmat.com\/fr\/documents\/fiche-technique\/\">Fiche technique (TDS)<\/a><\/span><br \/>\n<span style=\"color: #0000ff;\"><a style=\"color: #0000ff;\" href=\"https:\/\/ulpmat.com\/fr\/documents\/fiche-de-donnees-de-securite\/\">Fiche de donn\u00e9es de s\u00e9curit\u00e9 (FDS)<\/a><\/span><br \/>\nRapports de tests effectu\u00e9s par des tiers disponibles sur demande<\/p>\n<h2><span style=\"font-size: 14pt;\">Pourquoi nous choisir ?<\/span><\/h2>\n<p>Nous sommes sp\u00e9cialis\u00e9s dans la recherche et la fourniture de feuilles d&rsquo;argent de haute puret\u00e9, en contr\u00f4lant strictement l&rsquo;\u00e9paisseur, la surface lisse et l&rsquo;uniformit\u00e9 des lots afin de r\u00e9pondre aux besoins de la fabrication \u00e9lectronique, des exp\u00e9riences chimiques et du traitement industriel haut de gamme. En nous choisissant, vous b\u00e9n\u00e9ficiez de produits en feuilles d&rsquo;argent de haute qualit\u00e9 et personnalisables, ainsi que d&rsquo;un service apr\u00e8s-vente professionnel, ce qui fait de nous un partenaire id\u00e9al pour les laboratoires de recherche, l&rsquo;industrie \u00e9lectronique et les processus haut de gamme.<\/p>\n","protected":false},"excerpt":{"rendered":"<p>Film m\u00e9tallique argent\u00e9 Aper\u00e7u La feuille d&rsquo;argent m\u00e9tal est un mat\u00e9riau m\u00e9tallique de haute puret\u00e9, tr\u00e8s ductile, dot\u00e9 d&rsquo;une excellente conductivit\u00e9 \u00e9lectrique et thermique et d&rsquo;une grande stabilit\u00e9 chimique. Il est largement utilis\u00e9 dans la fabrication d&rsquo;appareils \u00e9lectroniques, de batteries et de films conducteurs, dans les exp\u00e9riences chimiques, dans l&rsquo;artisanat d\u00e9coratif et dans le traitement [&hellip;]<\/p>\n","protected":false},"featured_media":23860,"template":"","meta":{"_acf_changed":false},"product_brand":[132],"product_cat":[394],"product_tag":[1975],"class_list":{"0":"post-23858","1":"product","2":"type-product","3":"status-publish","4":"has-post-thumbnail","6":"product_brand-ulpmat","7":"product_cat-autres-materiaux","8":"product_tag-feuille-de-metal-argente","10":"first","11":"instock","12":"shipping-taxable","13":"product-type-variable"},"acf":[],"_links":{"self":[{"href":"https:\/\/ulpmat.com\/fr\/wp-json\/wp\/v2\/product\/23858","targetHints":{"allow":["GET"]}}],"collection":[{"href":"https:\/\/ulpmat.com\/fr\/wp-json\/wp\/v2\/product"}],"about":[{"href":"https:\/\/ulpmat.com\/fr\/wp-json\/wp\/v2\/types\/product"}],"wp:featuredmedia":[{"embeddable":true,"href":"https:\/\/ulpmat.com\/fr\/wp-json\/wp\/v2\/media\/23860"}],"wp:attachment":[{"href":"https:\/\/ulpmat.com\/fr\/wp-json\/wp\/v2\/media?parent=23858"}],"wp:term":[{"taxonomy":"product_brand","embeddable":true,"href":"https:\/\/ulpmat.com\/fr\/wp-json\/wp\/v2\/product_brand?post=23858"},{"taxonomy":"product_cat","embeddable":true,"href":"https:\/\/ulpmat.com\/fr\/wp-json\/wp\/v2\/product_cat?post=23858"},{"taxonomy":"product_tag","embeddable":true,"href":"https:\/\/ulpmat.com\/fr\/wp-json\/wp\/v2\/product_tag?post=23858"}],"curies":[{"name":"wp","href":"https:\/\/api.w.org\/{rel}","templated":true}]}}