{"id":23789,"date":"2025-11-18T17:58:30","date_gmt":"2025-11-18T09:58:30","guid":{"rendered":"https:\/\/ulpmat.com\/product\/metal-argente-2\/"},"modified":"2025-11-18T17:58:30","modified_gmt":"2025-11-18T09:58:30","slug":"metal-argente-2","status":"publish","type":"product","link":"https:\/\/ulpmat.com\/fr\/produit\/metal-argente-2\/","title":{"rendered":"M\u00e9tal argent\u00e9"},"content":{"rendered":"<h2><span style=\"font-size: 14pt;\">Cible de pulv\u00e9risation d&rsquo;argent m\u00e9tal Vue d&rsquo;ensemble<\/span><\/h2>\n<p><span style=\"color: #0000ff;\"><a style=\"color: #0000ff;\" href=\"https:\/\/ulpmat.com\/fr\/recherche\/?type=name&#038;keyword=Silver+metal\">Les cibles de pulv\u00e9risation <\/a><\/span>sont des mat\u00e9riaux m\u00e9talliques de grande puret\u00e9 qui pr\u00e9sentent une excellente conductivit\u00e9 \u00e9lectrique et thermique et qui sont facilement et uniform\u00e9ment pulv\u00e9ris\u00e9s sous forme de films. Elles sont largement utilis\u00e9es dans la fabrication de composants \u00e9lectroniques, de couches minces optiques, de capteurs, de dispositifs d&rsquo;\u00e9nergie solaire et d&rsquo;autres couches minces industrielles de haute pr\u00e9cision.<\/p>\n<p>Nous proposons des cibles de pulv\u00e9risation d&rsquo;argent m\u00e9tal dans diff\u00e9rentes sp\u00e9cifications, tailles et \u00e9paisseurs <span style=\"color: #0000ff;\"><a style=\"color: #0000ff;\" href=\"https:\/\/ulpmat.com\/fr\/service\/support-technique\/\">nous prenons en charge<\/a> <\/span>nous proposons des cibles de pulv\u00e9risation d&rsquo;argent m\u00e9tal dans diff\u00e9rentes sp\u00e9cifications, tailles et \u00e9paisseurs, ainsi qu&rsquo;un traitement personnalis\u00e9 et des traitements de surface sp\u00e9ciaux pour r\u00e9pondre aux divers besoins de nos clients dans les domaines de la recherche scientifique et de la production industrielle. N&rsquo;h\u00e9sitez pas \u00e0 <span style=\"color: #0000ff;\"><a style=\"color: #0000ff;\" href=\"https:\/\/ulpmat.com\/fr\/contactez-nous\/\">contacter<\/a> <\/span>notre \u00e9quipe de professionnels pour des solutions de haute qualit\u00e9.<\/p>\n<h2><span style=\"font-size: 14pt;\">Points forts du produit<\/span><\/h2>\n<p>Haute puret\u00e9 garantie (99,999 %)<br \/>\nStructure uniforme et dense pour une efficacit\u00e9 de pulv\u00e9risation \u00e9lev\u00e9e<br \/>\nExcellente conductivit\u00e9 \u00e9lectrique et thermique<br \/>\nPeut \u00eatre transform\u00e9 en diff\u00e9rentes formes et tailles<br \/>\nSurface lisse, sans pores ni fissures<br \/>\n<span style=\"color: #0000ff;\"><a style=\"color: #0000ff;\" href=\"https:\/\/ulpmat.com\/fr\/service\/collage-des-cibles\/\">Collage de la cible<\/a> <\/span>services de collage de cibles disponibles<br \/>\nConvient \u00e0 la pulv\u00e9risation DC et RF<br \/>\nProduction personnalis\u00e9e pour r\u00e9pondre aux exigences de processus particuliers<\/p>\n<h2><span style=\"font-size: 14pt;\">Applications de la cible de pulv\u00e9risation d&rsquo;argent m\u00e9tal<\/span><\/h2>\n<p>Utilis\u00e9e pour la fabrication par pulv\u00e9risation de couches minces dans les appareils \u00e9lectroniques et les semi-conducteurs.<br \/>\nEn tant que mat\u00e9riau conducteur pour les couches minces dans les <span style=\"color: #0000ff;\"><a style=\"color: #0000ff;\" href=\"https:\/\/ulpmat.com\/fr\/candidature\/solaire-photovoltaique\/\">cellules solaires<\/a> <\/span>et les dispositifs photovolta\u00efques.<br \/>\nConvient pour le d\u00e9p\u00f4t de couches conductrices dans les capteurs \u00e0 haute performance.<br \/>\nUtilis\u00e9 pour la fabrication de films optiques r\u00e9fl\u00e9chissants et de films m\u00e9talliques d\u00e9coratifs.<\/p>\n<h2><span style=\"color: #0000ff;\"><a style=\"color: #0000ff;\" href=\"https:\/\/ulpmat.com\/fr\/societe\/faq\/\"><span style=\"font-size: 14pt;\">Foire aux questions<\/span><\/a><\/span><\/h2>\n<p>Q1 : Comment la cible de pulv\u00e9risation d&rsquo;argent est-elle emball\u00e9e et exp\u00e9di\u00e9e ?<br \/>\nR1 : Un emballage r\u00e9sistant aux chocs et \u00e0 l&rsquo;humidit\u00e9 est utilis\u00e9, fix\u00e9 avec de la mousse ou des caisses en bois pour s&rsquo;assurer que la cible n&rsquo;est pas endommag\u00e9e pendant le transport.<\/p>\n<p>Q2 : La puret\u00e9 et les sp\u00e9cifications de la cible d&rsquo;argent peuvent-elles \u00eatre personnalis\u00e9es ?<br \/>\nR2 : Oui, la puret\u00e9 est disponible de 99,99 % \u00e0 99,999 %, et la taille et l&rsquo;\u00e9paisseur peuvent \u00eatre personnalis\u00e9es en fonction des exigences du client.<\/p>\n<p>Q3 : Comment la cible de pulv\u00e9risation doit-elle \u00eatre stock\u00e9e pour conserver ses performances ?<br \/>\nR3 : Veuillez la stocker dans un environnement sec, frais et sombre, en \u00e9vitant tout contact avec des produits chimiques corrosifs et de l&rsquo;air tr\u00e8s humide.<\/p>\n<p>Q4 : Quels sont les <span style=\"color: #0000ff;\"><a style=\"color: #0000ff;\" href=\"https:\/\/ulpmat.com\/fr\/service\/service-apres-vente\/\">services apr\u00e8s-vente<\/a><\/span> votre soci\u00e9t\u00e9 fournit-elle ?<br \/>\nR4 : Nous fournissons <span style=\"color: #0000ff;\"><a style=\"color: #0000ff;\" href=\"https:\/\/ulpmat.com\/fr\/service\/support-technique\/\">une assistance technique,<\/a> <\/span>un traitement personnalis\u00e9, un approvisionnement en vrac, un suivi des performances des objectifs et des services de r\u00e9ponse rapide aux probl\u00e8mes.<\/p>\n<h2><span style=\"font-size: 14pt;\">Rapports<\/span><\/h2>\n<p>Chaque lot est fourni avec :<br \/>\n<span style=\"color: #0000ff;\"><a style=\"color: #0000ff;\" href=\"https:\/\/ulpmat.com\/fr\/service\/analyse-chimique\/\">Un certificat d&rsquo;analyse (COA)<\/a><\/span><br \/>\n<span style=\"color: #0000ff;\"><a style=\"color: #0000ff;\" href=\"https:\/\/ulpmat.com\/fr\/documents\/fiche-technique\/\">Fiche technique (TDS)<\/a><\/span><br \/>\n<span style=\"color: #0000ff;\"><a style=\"color: #0000ff;\" href=\"https:\/\/ulpmat.com\/fr\/documents\/fiche-de-donnees-de-securite\/\">Fiche de donn\u00e9es de s\u00e9curit\u00e9 (FDS)<\/a><\/span><br \/>\nRapports de tests effectu\u00e9s par des tiers disponibles sur demande<\/p>\n<h2><span style=\"font-size: 14pt;\">Pourquoi nous choisir ?<\/span><\/h2>\n<p>Nous sommes sp\u00e9cialis\u00e9s dans la recherche et la fourniture de cibles de pulv\u00e9risation d&rsquo;argent m\u00e9tal de haute puret\u00e9, en contr\u00f4lant strictement la puret\u00e9, la densit\u00e9 et la surface lisse des cibles afin de garantir des films de pulv\u00e9risation uniformes et stables. En nous choisissant, vous b\u00e9n\u00e9ficiez de produits fiables, de services personnalis\u00e9s et d&rsquo;une assistance technique professionnelle, ce qui fait de nous un partenaire de choix pour la fabrication \u00e9lectronique, les couches minces optiques et les applications industrielles de haute pr\u00e9cision.<\/p>\n","protected":false},"excerpt":{"rendered":"<p>Cible de pulv\u00e9risation d&rsquo;argent m\u00e9tal Vue d&rsquo;ensemble Les cibles de pulv\u00e9risation sont des mat\u00e9riaux m\u00e9talliques de grande puret\u00e9 qui pr\u00e9sentent une excellente conductivit\u00e9 \u00e9lectrique et thermique et qui sont facilement et uniform\u00e9ment pulv\u00e9ris\u00e9s sous forme de films. Elles sont largement utilis\u00e9es dans la fabrication de composants \u00e9lectroniques, de couches minces optiques, de capteurs, de dispositifs [&hellip;]<\/p>\n","protected":false},"featured_media":23790,"template":"","meta":{"_acf_changed":false},"product_brand":[132],"product_cat":[274],"product_tag":[1969],"class_list":{"0":"post-23789","1":"product","2":"type-product","3":"status-publish","4":"has-post-thumbnail","6":"product_brand-ulpmat","7":"product_cat-cible-de-pulverisation-metallique","8":"product_tag-cible-de-pulverisation-dargent-metal","10":"first","11":"instock","12":"shipping-taxable","13":"product-type-variable"},"acf":[],"_links":{"self":[{"href":"https:\/\/ulpmat.com\/fr\/wp-json\/wp\/v2\/product\/23789","targetHints":{"allow":["GET"]}}],"collection":[{"href":"https:\/\/ulpmat.com\/fr\/wp-json\/wp\/v2\/product"}],"about":[{"href":"https:\/\/ulpmat.com\/fr\/wp-json\/wp\/v2\/types\/product"}],"wp:featuredmedia":[{"embeddable":true,"href":"https:\/\/ulpmat.com\/fr\/wp-json\/wp\/v2\/media\/23790"}],"wp:attachment":[{"href":"https:\/\/ulpmat.com\/fr\/wp-json\/wp\/v2\/media?parent=23789"}],"wp:term":[{"taxonomy":"product_brand","embeddable":true,"href":"https:\/\/ulpmat.com\/fr\/wp-json\/wp\/v2\/product_brand?post=23789"},{"taxonomy":"product_cat","embeddable":true,"href":"https:\/\/ulpmat.com\/fr\/wp-json\/wp\/v2\/product_cat?post=23789"},{"taxonomy":"product_tag","embeddable":true,"href":"https:\/\/ulpmat.com\/fr\/wp-json\/wp\/v2\/product_tag?post=23789"}],"curies":[{"name":"wp","href":"https:\/\/api.w.org\/{rel}","templated":true}]}}