{"id":23765,"date":"2025-11-18T17:58:31","date_gmt":"2025-11-18T09:58:31","guid":{"rendered":"https:\/\/ulpmat.com\/product\/metal-argente\/"},"modified":"2025-11-18T17:58:31","modified_gmt":"2025-11-18T09:58:31","slug":"metal-argente","status":"publish","type":"product","link":"https:\/\/ulpmat.com\/fr\/produit\/metal-argente\/","title":{"rendered":"M\u00e9tal argent\u00e9"},"content":{"rendered":"<h2><span style=\"font-size: 14pt;\">Silver metal Rotary Target Vue d&rsquo;ensemble<\/span><\/h2>\n<p><span style=\"color: #0000ff;\"><a style=\"color: #0000ff;\" href=\"https:\/\/ulpmat.com\/fr\/recherche\/?type=name&#038;keyword=Silver+metal\">Les cibles rotatives en argent m\u00e9tal<\/a> <\/span>Les cibles rotatives sont des mat\u00e9riaux m\u00e9talliques de haute puret\u00e9 con\u00e7us pour la pulv\u00e9risation industrielle et la fabrication de films minces de grande surface. Leur conception de filage am\u00e9liore l&rsquo;uniformit\u00e9 de la pulv\u00e9risation et prolonge la dur\u00e9e de vie des cibles, ce qui les rend largement utilis\u00e9es dans les dispositifs semi-conducteurs, les films minces optiques, les films d\u00e9coratifs et les cellules solaires <span style=\"color: #0000ff;\"><a style=\"color: #0000ff;\" href=\"https:\/\/ulpmat.com\/fr\/candidature\/solaire-photovoltaique\/\">cellules solaires.<\/a><\/span><\/p>\n<p>Nous proposons une vari\u00e9t\u00e9 de cibles rotatives en argent m\u00e9tal de diff\u00e9rentes tailles et sp\u00e9cifications, y compris des diam\u00e8tres, des \u00e9paisseurs et des formes sur mesure. Nous proposons \u00e9galement des traitements de surface et un usinage de pr\u00e9cision selon les exigences du client. N&rsquo;h\u00e9sitez pas \u00e0<span style=\"color: #0000ff;\"><a style=\"color: #0000ff;\" href=\"https:\/\/ulpmat.com\/fr\/contactez-nous\/\"> nous contacter.<\/a><\/span><\/p>\n<h2><span style=\"font-size: 14pt;\">Points forts du produit <\/span><span style=\"font-size: 14pt;\">Cible rotative en m\u00e9tal argent\u00e9<\/span><\/h2>\n<p>Mat\u00e9riau argent\u00e9 de haute puret\u00e9 (99,99 %)<br \/>\nPulv\u00e9risation uniforme, am\u00e9liorant l&rsquo;homog\u00e9n\u00e9it\u00e9 de l&rsquo;\u00e9paisseur du film<br \/>\nExcellente conductivit\u00e9 \u00e9lectrique et thermique<br \/>\nStructure \u00e0 haute densit\u00e9, r\u00e9duisant la contamination particulaire<br \/>\nConvient aux films minces de grande surface et \u00e0 la production industrielle<br \/>\nPeut \u00eatre transform\u00e9 en diff\u00e9rents diam\u00e8tres et \u00e9paisseurs<br \/>\nPrise en charge des traitements de surface personnalis\u00e9s et des besoins d&rsquo;usinage<\/p>\n<h2><span style=\"font-size: 14pt;\">Applications de la cible rotative en argent m\u00e9tal<\/span><\/h2>\n<p>Utilis\u00e9e pour le d\u00e9p\u00f4t de films conducteurs de haute pr\u00e9cision dans les dispositifs \u00e0 semi-conducteurs.<br \/>\nFournit des couches r\u00e9fl\u00e9chissantes uniformes dans la fabrication de couches minces optiques.<br \/>\nConvient \u00e0 la fabrication de couches conductrices dans les cellules solaires et les modules photovolta\u00efques.<br \/>\nPeut \u00eatre utilis\u00e9e pour la pulv\u00e9risation de films m\u00e9talliques d\u00e9coratifs et de rev\u00eatements fonctionnels.<\/p>\n<h2><span style=\"color: #0000ff;\"><a style=\"color: #0000ff;\" href=\"https:\/\/ulpmat.com\/fr\/societe\/faq\/\"><span style=\"font-size: 14pt;\">FAQ<\/span><\/a><\/span><\/h2>\n<p>Q1 : Comment les cibles rotatives sont-elles emball\u00e9es et transport\u00e9es ?<br \/>\nR1 : Les cibles sont emball\u00e9es dans des caisses en bois sp\u00e9cialis\u00e9es r\u00e9sistantes aux chocs et dans des films r\u00e9sistants \u00e0 l&rsquo;humidit\u00e9. Des structures de soutien sont utilis\u00e9es pendant le transport pour garantir que les cibles restent intactes.<\/p>\n<p>Q2 : Comment contr\u00f4lez-vous la puret\u00e9 et les sp\u00e9cifications de vos cibles rotatives ?<br \/>\nR2 : Nous pouvons fournir des cibles rotatives en m\u00e9tal argent\u00e9 de haute puret\u00e9 allant de 99,9 % \u00e0 99,99 %, et nous pouvons personnaliser le diam\u00e8tre, l&rsquo;\u00e9paisseur et la structure rotative pour r\u00e9pondre aux diff\u00e9rentes exigences des processus.<\/p>\n<p>Q3 : Quelles sont les pr\u00e9cautions \u00e0 prendre lors du stockage des cibles rotatives ?<br \/>\nR3 : Les cibles rotatives doivent \u00eatre stock\u00e9es dans un environnement sec et \u00e0 basse temp\u00e9rature, en \u00e9vitant la lumi\u00e8re directe du soleil et le contact avec des acides corrosifs et des alcalis, afin de garantir la stabilit\u00e9 \u00e0 long terme des performances des cibles.<\/p>\n<p>Q4 : Quels sont les <span style=\"color: #0000ff;\"><a style=\"color: #0000ff;\" href=\"https:\/\/ulpmat.com\/fr\/service\/service-apres-vente\/\">services apr\u00e8s-vente<\/a> <\/span>fournissez-vous ?<br \/>\nA4 : Nous fournissons des produits <span style=\"color: #0000ff;\"><a style=\"color: #0000ff;\" href=\"https:\/\/ulpmat.com\/fr\/service\/personnalisation\/\">des services personnalis\u00e9s<\/a> <\/span>des conseils techniques, un approvisionnement en vrac, un suivi des performances et des services de r\u00e9ponse rapide aux probl\u00e8mes.<\/p>\n<h2><span style=\"font-size: 14pt;\">Rapports<\/span><\/h2>\n<p>Chaque lot est fourni avec :<br \/>\n<span style=\"color: #0000ff;\"><a style=\"color: #0000ff;\" href=\"https:\/\/ulpmat.com\/fr\/service\/analyse-chimique\/\">Un certificat d&rsquo;analyse (COA)<\/a><\/span><br \/>\n<span style=\"color: #0000ff;\"><a style=\"color: #0000ff;\" href=\"https:\/\/ulpmat.com\/fr\/documents\/fiche-technique\/\">Fiche technique (TDS)<\/a><\/span><br \/>\n<span style=\"color: #0000ff;\"><a style=\"color: #0000ff;\" href=\"https:\/\/ulpmat.com\/fr\/documents\/fiche-de-donnees-de-securite\/\">Fiche de donn\u00e9es de s\u00e9curit\u00e9 (FDS)<\/a><\/span><br \/>\nRapports de tests effectu\u00e9s par des tiers disponibles sur demande<\/p>\n<h2><span style=\"font-size: 14pt;\">Pourquoi nous choisir ?<\/span><\/h2>\n<p>Nous sommes sp\u00e9cialis\u00e9s dans la <span style=\"color: #0000ff;\"><a style=\"color: #0000ff;\" href=\"https:\/\/ulpmat.com\/fr\/societe\/rd\/\">R&amp;D<\/a><\/span> et la production de cibles de filage en argent de haute puret\u00e9, en contr\u00f4lant strictement la puret\u00e9 de la cible, la densit\u00e9 et la pr\u00e9cision de la structure de filage pour garantir des films pulv\u00e9ris\u00e9s uniformes et stables. En nous choisissant, vous b\u00e9n\u00e9ficiez de cibles de haute performance, de services de traitement personnalis\u00e9s et d&rsquo;une assistance technique compl\u00e8te, ce qui fait de nous un partenaire de choix pour la production de semi-conducteurs, de couches minces optiques et la production industrielle.<\/p>\n","protected":false},"excerpt":{"rendered":"<p>Silver metal Rotary Target Vue d&rsquo;ensemble Les cibles rotatives en argent m\u00e9tal Les cibles rotatives sont des mat\u00e9riaux m\u00e9talliques de haute puret\u00e9 con\u00e7us pour la pulv\u00e9risation industrielle et la fabrication de films minces de grande surface. Leur conception de filage am\u00e9liore l&rsquo;uniformit\u00e9 de la pulv\u00e9risation et prolonge la dur\u00e9e de vie des cibles, ce qui [&hellip;]<\/p>\n","protected":false},"featured_media":23766,"template":"","meta":{"_acf_changed":false},"product_brand":[132],"product_cat":[274,464],"product_tag":[1963],"class_list":{"0":"post-23765","1":"product","2":"type-product","3":"status-publish","4":"has-post-thumbnail","6":"product_brand-ulpmat","7":"product_cat-cible-de-pulverisation-metallique","8":"product_cat-cibles-rotatives","9":"product_tag-cible-rotative-en-metal-argente","11":"first","12":"instock","13":"shipping-taxable","14":"product-type-variable"},"acf":[],"_links":{"self":[{"href":"https:\/\/ulpmat.com\/fr\/wp-json\/wp\/v2\/product\/23765","targetHints":{"allow":["GET"]}}],"collection":[{"href":"https:\/\/ulpmat.com\/fr\/wp-json\/wp\/v2\/product"}],"about":[{"href":"https:\/\/ulpmat.com\/fr\/wp-json\/wp\/v2\/types\/product"}],"wp:featuredmedia":[{"embeddable":true,"href":"https:\/\/ulpmat.com\/fr\/wp-json\/wp\/v2\/media\/23766"}],"wp:attachment":[{"href":"https:\/\/ulpmat.com\/fr\/wp-json\/wp\/v2\/media?parent=23765"}],"wp:term":[{"taxonomy":"product_brand","embeddable":true,"href":"https:\/\/ulpmat.com\/fr\/wp-json\/wp\/v2\/product_brand?post=23765"},{"taxonomy":"product_cat","embeddable":true,"href":"https:\/\/ulpmat.com\/fr\/wp-json\/wp\/v2\/product_cat?post=23765"},{"taxonomy":"product_tag","embeddable":true,"href":"https:\/\/ulpmat.com\/fr\/wp-json\/wp\/v2\/product_tag?post=23765"}],"curies":[{"name":"wp","href":"https:\/\/api.w.org\/{rel}","templated":true}]}}