{"id":23729,"date":"2025-11-18T17:58:31","date_gmt":"2025-11-18T09:58:31","guid":{"rendered":"https:\/\/ulpmat.com\/product\/seleniure-dargent\/"},"modified":"2025-11-18T17:58:31","modified_gmt":"2025-11-18T09:58:31","slug":"seleniure-dargent","status":"publish","type":"product","link":"https:\/\/ulpmat.com\/fr\/produit\/seleniure-dargent\/","title":{"rendered":"S\u00e9l\u00e9niure d&rsquo;argent"},"content":{"rendered":"<h2><span style=\"font-size: 14pt;\">Aper\u00e7u de la poudre de s\u00e9l\u00e9niure d&rsquo;argent<\/span><\/h2>\n<p><span style=\"color: #0000ff;\"><a style=\"color: #0000ff;\" href=\"https:\/\/ulpmat.com\/fr\/recherche\/?type=name&#038;keyword=Silver+selenide\">La poudre de s\u00e9l\u00e9niure d&rsquo;argent<\/a><\/span> est un mat\u00e9riau de s\u00e9l\u00e9niure d&rsquo;argent aux propri\u00e9t\u00e9s \u00e9lectriques uniques, pr\u00e9sentant une conductivit\u00e9 \u00e9lev\u00e9e, une bonne stabilit\u00e9 et un large potentiel en tant que mat\u00e9riau fonctionnel. En raison de son comportement sup\u00e9rieur en mati\u00e8re de transport d&rsquo;ions et de ses propri\u00e9t\u00e9s thermo\u00e9lectriques, l&rsquo;Ag\u2082Se est largement utilis\u00e9 dans le d\u00e9veloppement de d\u00e9tecteurs infrarouges, de dispositifs thermo\u00e9lectriques, de mat\u00e9riaux composites conducteurs et de composants \u00e9lectroniques, ce qui en fait un mat\u00e9riau fonctionnel important pour la recherche scientifique et la fabrication d&rsquo;appareils \u00e9lectroniques haut de gamme.<\/p>\n<p>Nous proposons une gamme compl\u00e8te de produits allant de la poudre d&rsquo;Ag\u2082Se de haute puret\u00e9 \u00e0 des gammes de tailles de particules personnalis\u00e9es, ce qui permet un approvisionnement stable depuis la qualit\u00e9 laboratoire jusqu&rsquo;aux lots industriels. Nous pouvons \u00e9galement fournir des formulations et des solutions d&#8217;emballage personnalis\u00e9es en fonction des exigences de votre processus. Pour toute demande de renseignements ou de param\u00e8tres techniques, veuillez <span style=\"color: #0000ff;\"><a style=\"color: #0000ff;\" href=\"https:\/\/ulpmat.com\/fr\/contactez-nous\/\">contactez-nous.<\/a><\/span><\/p>\n<h2><span style=\"font-size: 14pt;\">Points forts du produit<\/span><\/h2>\n<p>Poudre de s\u00e9l\u00e9niure d&rsquo;argent de haute puret\u00e9<br \/>\nTaille des particules contr\u00f4lable, excellente dispersibilit\u00e9<br \/>\nConvient \u00e0 divers films fonctionnels et mat\u00e9riaux composites<br \/>\nExcellentes propri\u00e9t\u00e9s thermo\u00e9lectriques<br \/>\nChimiquement stable, facile \u00e0 stocker<br \/>\nProduction et conditionnement sur mesure possibles<\/p>\n<h2><span style=\"font-size: 14pt;\">Applications de la poudre de s\u00e9l\u00e9niure d&rsquo;argent<\/span><\/h2>\n<p>Utilis\u00e9 dans le d\u00e9veloppement de mat\u00e9riaux de conversion thermo\u00e9lectrique et de dispositifs d&rsquo;\u00e9nergie thermique \u00e0 l&rsquo;\u00e9tat solide.<\/p>\n<p>Applications dans la d\u00e9tection de la lumi\u00e8re infrarouge et les \u00e9l\u00e9ments de conversion photo\u00e9lectrique.<\/p>\n<p>Applications personnalis\u00e9es dans les mat\u00e9riaux composites conducteurs et les syst\u00e8mes d&rsquo;\u00e9lectrodes \u00e0 l&rsquo;\u00e9tat solide.<\/p>\n<p>Utilisation pour la recherche exp\u00e9rimentale, la synth\u00e8se de mat\u00e9riaux et l&rsquo;exploration de nouveaux composants \u00e9lectroniques.<\/p>\n<h2><a href=\"https:\/\/ulpmat.com\/fr\/societe\/faq\/\"><span style=\"font-size: 14pt; color: #0000ff;\">FAQ<\/span><\/a><\/h2>\n<p>Q1 : Quelle est la forme d&#8217;emballage de la poudre d&rsquo;Ag2Se ?<br \/>\nR1 : La poudre est conditionn\u00e9e dans des bouteilles scell\u00e9es \u00e0 l&rsquo;\u00e9preuve de l&rsquo;humidit\u00e9 ou dans des sacs en papier d&rsquo;aluminium avec des mat\u00e9riaux de rembourrage suppl\u00e9mentaires pour assurer un transport stable, adapt\u00e9 au fret a\u00e9rien international et au stockage \u00e0 long terme en laboratoire.<\/p>\n<p>Q2 : Quels sont les principaux avantages de l&rsquo;utilisation de la poudre d&rsquo;Ag2Se ?<br \/>\nR2 : Sa conductivit\u00e9 \u00e9lectrique \u00e9lev\u00e9e et son excellent coefficient thermo\u00e9lectrique en font un mat\u00e9riau exceptionnel pour les applications thermo\u00e9lectriques et \u00e9lectroniques. Il pr\u00e9sente \u00e9galement une stabilit\u00e9 structurelle et une bonne reproductibilit\u00e9, ce qui le rend adapt\u00e9 \u00e0 la recherche et au d\u00e9veloppement ainsi qu&rsquo;\u00e0 la production de masse.<\/p>\n<p>Q3 : Quel <span style=\"color: #0000ff;\"><a style=\"color: #0000ff;\" href=\"https:\/\/ulpmat.com\/fr\/service\/support-technique\/\">support technique<\/a><\/span> ou les services que nous pouvons fournir ?<br \/>\nR3 : Nous proposons notamment la personnalisation de la taille des particules, l&rsquo;ajustement de la composition, la consultation sur les proc\u00e9d\u00e9s, la livraison rapide d&rsquo;\u00e9chantillons et des conseils sur l&rsquo;utilisation des mat\u00e9riaux afin d&rsquo;assurer un degr\u00e9 \u00e9lev\u00e9 d&rsquo;ad\u00e9quation entre la poudre et le proc\u00e9d\u00e9 du client.<\/p>\n<p>Q4 : Comment la poudre d&rsquo;Ag2Se doit-elle \u00eatre stock\u00e9e ?<br \/>\nR4 : Il est recommand\u00e9 de la stocker dans un environnement sec, \u00e0 l&rsquo;abri de la lumi\u00e8re et scell\u00e9. Apr\u00e8s ouverture, le r\u00e9cipient doit \u00eatre maintenu aussi herm\u00e9tiquement que possible pour \u00e9viter que l&rsquo;humidit\u00e9 n&rsquo;affecte les performances de la poudre.<\/p>\n<h2><span style=\"font-size: 14pt;\">Rapports<\/span><\/h2>\n<p>Chaque lot est fourni avec :<br \/>\n<span style=\"color: #0000ff;\"><a style=\"color: #0000ff;\" href=\"https:\/\/ulpmat.com\/fr\/service\/analyse-chimique\/\">Un certificat d&rsquo;analyse (COA)<\/a><\/span><br \/>\n<span style=\"color: #0000ff;\"><a style=\"color: #0000ff;\" href=\"https:\/\/ulpmat.com\/fr\/documents\/fiche-technique\/\">Fiche technique (TDS)<\/a><\/span><br \/>\n<span style=\"color: #0000ff;\"><a style=\"color: #0000ff;\" href=\"https:\/\/ulpmat.com\/fr\/documents\/fiche-de-donnees-de-securite\/\">Fiche de donn\u00e9es de s\u00e9curit\u00e9 (FDS)<\/a><\/span><br \/>\nRapports de tests effectu\u00e9s par des tiers disponibles sur demande<\/p>\n<h2><span style=\"font-size: 14pt;\">Pourquoi nous choisir ?<\/span><\/h2>\n<p>Nous nous concentrons depuis longtemps sur la recherche, le d\u00e9veloppement et la production de compos\u00e9s \u00e0 base d&rsquo;argent et de poudres fonctionnelles. Nous utilisons un syst\u00e8me rigoureux de contr\u00f4le des mat\u00e9riaux et des processus de synth\u00e8se avanc\u00e9s pour garantir une grande coh\u00e9rence en termes de puret\u00e9, de taille des particules et de performance pour chaque lot. Nous assurons une livraison mondiale, une personnalisation flexible et une r\u00e9ponse technique rapide, ce qui fait de nous un fournisseur de mat\u00e9riaux de confiance pour les instituts de recherche, les laboratoires universitaires et les entreprises de fabrication de produits \u00e9lectroniques.<\/p>\n","protected":false},"excerpt":{"rendered":"<p>Aper\u00e7u de la poudre de s\u00e9l\u00e9niure d&rsquo;argent La poudre de s\u00e9l\u00e9niure d&rsquo;argent est un mat\u00e9riau de s\u00e9l\u00e9niure d&rsquo;argent aux propri\u00e9t\u00e9s \u00e9lectriques uniques, pr\u00e9sentant une conductivit\u00e9 \u00e9lev\u00e9e, une bonne stabilit\u00e9 et un large potentiel en tant que mat\u00e9riau fonctionnel. En raison de son comportement sup\u00e9rieur en mati\u00e8re de transport d&rsquo;ions et de ses propri\u00e9t\u00e9s thermo\u00e9lectriques, l&rsquo;Ag\u2082Se [&hellip;]<\/p>\n","protected":false},"featured_media":23730,"template":"","meta":{"_acf_changed":false},"product_brand":[132],"product_cat":[668,1087],"product_tag":[1951],"class_list":{"0":"post-23729","1":"product","2":"type-product","3":"status-publish","4":"has-post-thumbnail","6":"product_brand-ulpmat","7":"product_cat-materiaux-de-chalcogenure","8":"product_cat-materiaux-de-chalcogenure-fr","9":"product_tag-poudre-de-seleniure-dargent","11":"first","12":"instock","13":"shipping-taxable","14":"product-type-variable"},"acf":[],"_links":{"self":[{"href":"https:\/\/ulpmat.com\/fr\/wp-json\/wp\/v2\/product\/23729","targetHints":{"allow":["GET"]}}],"collection":[{"href":"https:\/\/ulpmat.com\/fr\/wp-json\/wp\/v2\/product"}],"about":[{"href":"https:\/\/ulpmat.com\/fr\/wp-json\/wp\/v2\/types\/product"}],"wp:featuredmedia":[{"embeddable":true,"href":"https:\/\/ulpmat.com\/fr\/wp-json\/wp\/v2\/media\/23730"}],"wp:attachment":[{"href":"https:\/\/ulpmat.com\/fr\/wp-json\/wp\/v2\/media?parent=23729"}],"wp:term":[{"taxonomy":"product_brand","embeddable":true,"href":"https:\/\/ulpmat.com\/fr\/wp-json\/wp\/v2\/product_brand?post=23729"},{"taxonomy":"product_cat","embeddable":true,"href":"https:\/\/ulpmat.com\/fr\/wp-json\/wp\/v2\/product_cat?post=23729"},{"taxonomy":"product_tag","embeddable":true,"href":"https:\/\/ulpmat.com\/fr\/wp-json\/wp\/v2\/product_tag?post=23729"}],"curies":[{"name":"wp","href":"https:\/\/api.w.org\/{rel}","templated":true}]}}