{"id":23675,"date":"2025-11-18T17:58:36","date_gmt":"2025-11-18T09:58:36","guid":{"rendered":"https:\/\/ulpmat.com\/product\/alliage-dargent-et-de-chrome\/"},"modified":"2025-11-18T17:58:36","modified_gmt":"2025-11-18T09:58:36","slug":"alliage-dargent-et-de-chrome","status":"publish","type":"product","link":"https:\/\/ulpmat.com\/fr\/produit\/alliage-dargent-et-de-chrome\/","title":{"rendered":"Alliage d&rsquo;argent et de chrome"},"content":{"rendered":"<h2><span style=\"font-size: 14pt;\">Cibles de pulv\u00e9risation cathodique en alliage d&rsquo;argent et de chrome Aper\u00e7u<\/span><\/h2>\n<p><span style=\"color: #0000ff;\"><a style=\"color: #0000ff;\" href=\"https:\/\/ulpmat.com\/fr\/recherche\/?type=name&#038;keyword=Silver+Chromium+Alloy\">Les cibles de pulv\u00e9risation en alliage argent-chrome<\/a><\/span> les cibles de pulv\u00e9risation sont des mat\u00e9riaux d&rsquo;alliage argent-chrome de haute puret\u00e9, combinant l&rsquo;excellente conductivit\u00e9 de l&rsquo;argent avec la duret\u00e9 et la r\u00e9sistance \u00e0 la corrosion du chrome. Largement utilis\u00e9es dans la pr\u00e9paration de films conducteurs transparents, d&rsquo;appareils \u00e9lectroniques et de rev\u00eatements anticorrosion, elles am\u00e9liorent consid\u00e9rablement la conductivit\u00e9 et la stabilit\u00e9 des films et conviennent \u00e0 divers proc\u00e9d\u00e9s de pulv\u00e9risation DC et RF.<\/p>\n<p>Nous offrons une vari\u00e9t\u00e9 de cibles de pulv\u00e9risation d&rsquo;AgCr, y compris des formes rondes et carr\u00e9es, avec des \u00e9paisseurs et des rapports de composition personnalisables pour r\u00e9pondre aux divers besoins de la recherche scientifique et de la production industrielle. <span style=\"color: #0000ff;\"><a style=\"color: #0000ff;\" href=\"https:\/\/ulpmat.com\/fr\/contactez-nous\/\">Contactez nous.<\/a><\/span><\/p>\n<h2><span style=\"font-size: 14pt;\">Points forts du produit<\/span><\/h2>\n<p>Alliage AgCr de haute puret\u00e9 (99,99 %)<br \/>\nDistribution uniforme de la composition, performances stables<br \/>\nDensit\u00e9 \u00e9lev\u00e9e, porosit\u00e9 r\u00e9duite, qualit\u00e9 de film am\u00e9lior\u00e9e<br \/>\nExcellente conductivit\u00e9 et r\u00e9sistance \u00e0 la corrosion<br \/>\nDimensions et \u00e9paisseurs personnalisables, adaptables \u00e0 divers \u00e9quipements<br \/>\nBonne stabilit\u00e9 de la pulv\u00e9risation \u00e0 haute temp\u00e9rature<br \/>\n<span style=\"color: #0000ff;\"><a style=\"color: #0000ff;\" href=\"https:\/\/ulpmat.com\/fr\/service\/collage-des-cibles\/\">Collage de cibles<\/a><\/span> services disponibles<br \/>\nPrise en charge de l&rsquo;approvisionnement en petits et grands lots<\/p>\n<h2><span style=\"font-size: 14pt;\">Applications des cibles de pulv\u00e9risation d&rsquo;alliages argent-chrome<\/span><\/h2>\n<p>Utilis\u00e9es pour le d\u00e9p\u00f4t de films conducteurs transparents (TCO) afin d&rsquo;am\u00e9liorer les performances opto\u00e9lectroniques.<br \/>\nConvient pour les rev\u00eatements conducteurs et r\u00e9sistants \u00e0 l&rsquo;usure sur les appareils \u00e9lectroniques.<br \/>\nConvient aux rev\u00eatements d\u00e9coratifs et anticorrosion des films industriels.<br \/>\nConvient aux exp\u00e9riences de recherche scientifique et aux processus de pr\u00e9paration de films minces de haute pr\u00e9cision.<\/p>\n<h2><span style=\"color: #0000ff; font-size: 14pt;\"><a style=\"color: #0000ff;\" href=\"https:\/\/ulpmat.com\/fr\/societe\/faq\/\">FAQ (Foire aux questions)<\/a><\/span><\/h2>\n<p>Q1 : Quelles sont les m\u00e9thodes d&#8217;emballage et d&rsquo;exp\u00e9dition des cibles de pulv\u00e9risation d&rsquo;AgCr ?<br \/>\nR1 : Les cibles sont emball\u00e9es dans un emballage r\u00e9sistant \u00e0 l&rsquo;humidit\u00e9 et \u00e0 l&rsquo;oxydation, doubl\u00e9 d&rsquo;une mousse absorbant les chocs pour garantir que la surface de la cible reste intacte tout au long du transport.<\/p>\n<p>Q2 : La cible doit-elle faire l&rsquo;objet d&rsquo;un traitement sp\u00e9cial avant d&rsquo;\u00eatre utilis\u00e9e ?<br \/>\nR2 : Nous recommandons un l\u00e9ger nettoyage de la surface ou un nettoyage ionique avant la pulv\u00e9risation pour garantir un d\u00e9p\u00f4t uniforme du film.<\/p>\n<p>Q3 : Comment les cibles en AgCr doivent-elles \u00eatre stock\u00e9es pour garantir leur performance ?<br \/>\nR3 : Les cibles doivent \u00eatre stock\u00e9es dans un environnement sec et ferm\u00e9, en \u00e9vitant une exposition prolong\u00e9e \u00e0 l&rsquo;humidit\u00e9 de l&rsquo;air et aux produits chimiques corrosifs.<\/p>\n<p>Q4 : Quel service \u00e0 la client\u00e8le offrez-vous ?<br \/>\nR4 : Nous proposons des tailles et des rapports de composition personnalis\u00e9s, des conseils sur le processus de pulv\u00e9risation, des tests de performance et une <span style=\"color: #0000ff;\"><a style=\"color: #0000ff;\" href=\"https:\/\/ulpmat.com\/fr\/service\/support-technique\/\">assistance<span style=\"color: #0000ff;\">technique<\/span><\/a><\/span>rapide.<\/p>\n<h2><span style=\"font-size: 14pt;\">Rapports<\/span><\/h2>\n<p data-start=\"3124\" data-end=\"3154\">Chaque lot est fourni avec :<\/p>\n<p data-start=\"3157\" data-end=\"3192\"><span style=\"color: #0000ff;\"><a style=\"color: #0000ff;\" href=\"https:\/\/ulpmat.com\/fr\/documents\/certificat-danalyse\/\">Un certificat d&rsquo;analyse (COA)<\/a><\/span><\/p>\n<p data-start=\"3195\" data-end=\"3227\"><span style=\"color: #0000ff;\"><a style=\"color: #0000ff;\" href=\"https:\/\/ulpmat.com\/fr\/documents\/fiche-technique\/\">Fiche technique (TDS)<\/a><\/span><\/p>\n<p data-start=\"3230\" data-end=\"3269\"><span style=\"color: #0000ff;\"><a style=\"color: #0000ff;\" href=\"https:\/\/ulpmat.com\/fr\/documents\/fiche-de-donnees-de-securite\/\">Fiche de donn\u00e9es de s\u00e9curit\u00e9 (FDS)<\/a><\/span><\/p>\n<p data-start=\"3272\" data-end=\"3326\">Rapports de tests effectu\u00e9s par des tiers disponibles sur demande<\/p>\n<h2><span style=\"font-size: 14pt;\">Pourquoi nous choisir ?<\/span><\/h2>\n<p>Nous sommes sp\u00e9cialis\u00e9s dans la <span style=\"color: #0000ff;\"><a style=\"color: #0000ff;\" href=\"https:\/\/ulpmat.com\/fr\/societe\/rd\/\">R&amp;D<\/a> <\/span>et la production de cibles de pulv\u00e9risation d&rsquo;AgCr de haute puret\u00e9, en contr\u00f4lant strictement l&rsquo;uniformit\u00e9 de la composition, la densit\u00e9 et la conductivit\u00e9. En nous choisissant, vous obtiendrez des cibles de haute performance, des services personnalis\u00e9s, une <span style=\"color: #0000ff;\"><a style=\"color: #0000ff;\" href=\"https:\/\/ulpmat.com\/fr\/service\/support-technique\/\">technique professionnelle,<\/a><\/span> et un approvisionnement en vrac fiable, ce qui fait de nous le meilleur partenaire pour les laboratoires de recherche et les applications industrielles de couches minces.<\/p>\n","protected":false},"excerpt":{"rendered":"<p>Cibles de pulv\u00e9risation cathodique en alliage d&rsquo;argent et de chrome Aper\u00e7u Les cibles de pulv\u00e9risation en alliage argent-chrome les cibles de pulv\u00e9risation sont des mat\u00e9riaux d&rsquo;alliage argent-chrome de haute puret\u00e9, combinant l&rsquo;excellente conductivit\u00e9 de l&rsquo;argent avec la duret\u00e9 et la r\u00e9sistance \u00e0 la corrosion du chrome. Largement utilis\u00e9es dans la pr\u00e9paration de films conducteurs transparents, [&hellip;]<\/p>\n","protected":false},"featured_media":23676,"template":"","meta":{"_acf_changed":false},"product_brand":[132],"product_cat":[560],"product_tag":[1933],"class_list":{"0":"post-23675","1":"product","2":"type-product","3":"status-publish","4":"has-post-thumbnail","6":"product_brand-ulpmat","7":"product_cat-cible-de-pulverisation-dalliage","8":"product_tag-cible-de-pulverisation-cathodique-en-alliage-dargent-et-de-chrome","10":"first","11":"instock","12":"shipping-taxable","13":"product-type-variable"},"acf":[],"_links":{"self":[{"href":"https:\/\/ulpmat.com\/fr\/wp-json\/wp\/v2\/product\/23675","targetHints":{"allow":["GET"]}}],"collection":[{"href":"https:\/\/ulpmat.com\/fr\/wp-json\/wp\/v2\/product"}],"about":[{"href":"https:\/\/ulpmat.com\/fr\/wp-json\/wp\/v2\/types\/product"}],"wp:featuredmedia":[{"embeddable":true,"href":"https:\/\/ulpmat.com\/fr\/wp-json\/wp\/v2\/media\/23676"}],"wp:attachment":[{"href":"https:\/\/ulpmat.com\/fr\/wp-json\/wp\/v2\/media?parent=23675"}],"wp:term":[{"taxonomy":"product_brand","embeddable":true,"href":"https:\/\/ulpmat.com\/fr\/wp-json\/wp\/v2\/product_brand?post=23675"},{"taxonomy":"product_cat","embeddable":true,"href":"https:\/\/ulpmat.com\/fr\/wp-json\/wp\/v2\/product_cat?post=23675"},{"taxonomy":"product_tag","embeddable":true,"href":"https:\/\/ulpmat.com\/fr\/wp-json\/wp\/v2\/product_tag?post=23675"}],"curies":[{"name":"wp","href":"https:\/\/api.w.org\/{rel}","templated":true}]}}