{"id":23382,"date":"2025-10-31T11:38:13","date_gmt":"2025-10-31T03:38:13","guid":{"rendered":"https:\/\/ulpmat.com\/product\/fluorure-detainii\/"},"modified":"2025-10-31T11:38:13","modified_gmt":"2025-10-31T03:38:13","slug":"fluorure-detainii","status":"publish","type":"product","link":"https:\/\/ulpmat.com\/fr\/produit\/fluorure-detainii\/","title":{"rendered":"Fluorure d&rsquo;\u00e9tain(II)"},"content":{"rendered":"<h2><span style=\"font-family: georgia, palatino, serif; font-size: 14pt;\">Aper\u00e7u de la poudre de fluorure d&rsquo;\u00e9tain(II)<\/span><\/h2>\n<p><span style=\"font-family: georgia, palatino, serif;\"><span style=\"color: #0000ff;\"><a style=\"color: #0000ff;\" href=\"https:\/\/ulpmat.com\/fr\/recherche\/?type=name&#038;keyword=Tin%28II%29+Fluoride\"> La poudre de fluorure d&rsquo;\u00e9tain(II)<\/a><\/span> est un fluorure inorganique stable et de grande puret\u00e9, largement utilis\u00e9 dans les mat\u00e9riaux \u00e9lectroniques, les c\u00e9ramiques fonctionnelles, les supports de catalyseurs et la synth\u00e8se chimique. Ses excellentes propri\u00e9t\u00e9s \u00e9lectrochimiques et sa r\u00e9activit\u00e9 en font une mati\u00e8re premi\u00e8re essentielle pour les nouvelles \u00e9nergies et la chimie fine.<\/span><\/p>\n<p><span style=\"font-family: georgia, palatino, serif;\">Nous proposons de la poudre de fluorure d&rsquo;\u00e9tain(II) en diff\u00e9rentes tailles de particules et degr\u00e9s de puret\u00e9, et nous prenons en charge le conditionnement sur mesure. Notre \u00e9quipe technique peut aider les clients \u00e0 s\u00e9lectionner les mat\u00e9riaux, \u00e0 \u00e9valuer les performances et \u00e0 d\u00e9velopper des applications. Si vous avez des questions techniques ou relatives aux applications, n&rsquo;h\u00e9sitez pas \u00e0 nous contacter<span style=\"color: #0000ff;\"><a style=\"color: #0000ff;\" href=\"https:\/\/ulpmat.com\/fr\/contactez-nous\/\"> n&rsquo;h\u00e9sitez pas \u00e0 nous contacter.<\/a><\/span><\/span><\/p>\n<h2><span style=\"font-family: georgia, palatino, serif; font-size: 14pt;\">Points forts du produit<\/span><\/h2>\n<p><span style=\"font-family: georgia, palatino, serif;\">Puret\u00e9 : 99,9<\/span><br \/>\n<span style=\"font-family: georgia, palatino, serif;\">Stabilit\u00e9 chimique \u00e9lev\u00e9e : R\u00e9sistance \u00e0 la d\u00e9composition, faible hygroscopicit\u00e9<\/span><br \/>\n<span style=\"font-family: georgia, palatino, serif;\">Structure de particules fines : Facilite le contr\u00f4le de la r\u00e9action et la dispersion uniforme<\/span><br \/>\n<span style=\"font-family: georgia, palatino, serif;\">Diff\u00e9rentes tailles de particules disponibles : Permet une distribution allant du nanom\u00e8tre au microm\u00e8tre<\/span><br \/>\n<span style=\"font-family: georgia, palatino, serif;\">Convient aux mat\u00e9riaux pour batteries, au verre fonctionnel, au d\u00e9p\u00f4t chimique en phase vapeur et \u00e0 d&rsquo;autres applications<\/span><\/p>\n<h2><span style=\"font-family: georgia, palatino, serif; font-size: 14pt;\">Applications de la poudre de fluorure d&rsquo;\u00e9tain(II)<\/span><\/h2>\n<p><span style=\"font-family: georgia, palatino, serif;\">Mat\u00e9riaux pour batteries au lithium : Utilis\u00e9 comme agent de pr\u00e9traitement des anodes et stabilisateur d&rsquo;interface<\/span><br \/>\n<span style=\"font-family: georgia, palatino, serif;\">Dentifrice\/produits chimiques quotidiens : Utilis\u00e9 comme additif de fluorure pour am\u00e9liorer les propri\u00e9t\u00e9s anti-caries<\/span><br \/>\n<span style=\"font-family: georgia, palatino, serif;\">C\u00e9ramique fonctionnelle\/verre : Am\u00e9lioration des caract\u00e9ristiques de fusion et des propri\u00e9t\u00e9s optiques<\/span><br \/>\n<span style=\"font-family: georgia, palatino, serif;\">Produits chimiques \u00e9lectroniques : Utilis\u00e9 comme r\u00e9actif contenant du fluor ou comme additif de galvanoplastie<\/span><br \/>\n<span style=\"font-family: georgia, palatino, serif;\">D\u00e9p\u00f4t de couches minces : Utilis\u00e9 comme pr\u00e9curseur pour les films fluor\u00e9s dans les processus de d\u00e9p\u00f4t en phase vapeur (CVD) ou de pulv\u00e9risation cathodique (sputtering)<\/span><\/p>\n<h2><span style=\"font-family: georgia, palatino, serif; font-size: 14pt;\">Rapports<\/span><\/h2>\n<p><span style=\"font-family: georgia, palatino, serif;\">Nous fournissons un <span style=\"color: #0000ff;\"><a style=\"color: #0000ff;\" href=\"https:\/\/ulpmat.com\/fr\/service\/analyse-chimique\/\">Certificat d&rsquo;analyse (COA)<\/a><\/span>une fiche de donn\u00e9es de s\u00e9curit\u00e9 (MSDS) et d&rsquo;autres rapports pertinents avec chaque exp\u00e9dition. Nous prenons \u00e9galement en charge les tests effectu\u00e9s par des tiers pour une meilleure assurance qualit\u00e9.<\/span><\/p>\n","protected":false},"excerpt":{"rendered":"<p>Aper\u00e7u de la poudre de fluorure d&rsquo;\u00e9tain(II) La poudre de fluorure d&rsquo;\u00e9tain(II) est un fluorure inorganique stable et de grande puret\u00e9, largement utilis\u00e9 dans les mat\u00e9riaux \u00e9lectroniques, les c\u00e9ramiques fonctionnelles, les supports de catalyseurs et la synth\u00e8se chimique. Ses excellentes propri\u00e9t\u00e9s \u00e9lectrochimiques et sa r\u00e9activit\u00e9 en font une mati\u00e8re premi\u00e8re essentielle pour les nouvelles \u00e9nergies [&hellip;]<\/p>\n","protected":false},"featured_media":23383,"template":"","meta":{"_acf_changed":false},"product_brand":[132],"product_cat":[313],"product_tag":[],"class_list":{"0":"post-23382","1":"product","2":"type-product","3":"status-publish","4":"has-post-thumbnail","6":"product_brand-ulpmat","7":"product_cat-materiaux-halogenes","9":"first","10":"instock","11":"shipping-taxable","12":"product-type-variable"},"acf":[],"_links":{"self":[{"href":"https:\/\/ulpmat.com\/fr\/wp-json\/wp\/v2\/product\/23382","targetHints":{"allow":["GET"]}}],"collection":[{"href":"https:\/\/ulpmat.com\/fr\/wp-json\/wp\/v2\/product"}],"about":[{"href":"https:\/\/ulpmat.com\/fr\/wp-json\/wp\/v2\/types\/product"}],"wp:featuredmedia":[{"embeddable":true,"href":"https:\/\/ulpmat.com\/fr\/wp-json\/wp\/v2\/media\/23383"}],"wp:attachment":[{"href":"https:\/\/ulpmat.com\/fr\/wp-json\/wp\/v2\/media?parent=23382"}],"wp:term":[{"taxonomy":"product_brand","embeddable":true,"href":"https:\/\/ulpmat.com\/fr\/wp-json\/wp\/v2\/product_brand?post=23382"},{"taxonomy":"product_cat","embeddable":true,"href":"https:\/\/ulpmat.com\/fr\/wp-json\/wp\/v2\/product_cat?post=23382"},{"taxonomy":"product_tag","embeddable":true,"href":"https:\/\/ulpmat.com\/fr\/wp-json\/wp\/v2\/product_tag?post=23382"}],"curies":[{"name":"wp","href":"https:\/\/api.w.org\/{rel}","templated":true}]}}