{"id":23054,"date":"2025-10-31T11:38:16","date_gmt":"2025-10-31T03:38:16","guid":{"rendered":"https:\/\/ulpmat.com\/product\/sulfure-detain-5\/"},"modified":"2025-10-31T11:38:16","modified_gmt":"2025-10-31T03:38:16","slug":"sulfure-detain-5","status":"publish","type":"product","link":"https:\/\/ulpmat.com\/fr\/produit\/sulfure-detain-5\/","title":{"rendered":"Sulfure d&rsquo;\u00e9tain"},"content":{"rendered":"<h2><span style=\"font-family: georgia, palatino, serif; font-size: 14pt;\">Aper\u00e7u de la poudre de sulfure d&rsquo;\u00e9tain<\/span><\/h2>\n<p><span style=\"font-family: georgia, palatino, serif;\"><span style=\"color: #0000ff;\"><a style=\"color: #0000ff;\" href=\"https:\/\/ulpmat.com\/fr\/recherche\/?type=name&#038;keyword=Tin+Sulfide\">La poudre de sulfure d&rsquo;\u00e9tain<\/a> <\/span>est un mat\u00e9riau fonctionnel de haute puret\u00e9 con\u00e7u sp\u00e9cifiquement pour le d\u00e9veloppement de dispositifs \u00e9lectroniques et de mat\u00e9riaux opto\u00e9lectroniques. Sa puret\u00e9 atteint 99,999 % et la taille uniforme de ses particules en fait un mat\u00e9riau adapt\u00e9 au d\u00e9p\u00f4t de couches minces de haute qualit\u00e9 et \u00e0 la fabrication de dispositifs.<\/span><\/p>\n<p><span style=\"font-family: georgia, palatino, serif;\">Nous proposons de la poudre de sulfure d&rsquo;\u00e9tain dans diff\u00e9rentes sp\u00e9cifications et pouvons personnaliser la taille des particules et les sp\u00e9cifications d&#8217;emballage pour r\u00e9pondre aux besoins des clients. Nous fournissons \u00e9galement une<span style=\"color: #0000ff;\"><a style=\"color: #0000ff;\" href=\"https:\/\/ulpmat.com\/fr\/service\/support-technique\/\"> support technique<\/a><\/span> et un <span style=\"color: #0000ff;\"><a style=\"color: #0000ff;\" href=\"https:\/\/ulpmat.com\/fr\/service\/service-apres-vente\/\">service apr\u00e8s-vente<\/a><\/span> pour garantir une utilisation sans probl\u00e8me.<\/span><\/p>\n<h2><span style=\"font-family: georgia, palatino, serif; font-size: 14pt;\">Points forts du produit<\/span><\/h2>\n<p><span style=\"font-family: georgia, palatino, serif;\">Puret\u00e9 : 99,99 % \u00e0 99,999 %<\/span><br \/>\n<span style=\"font-family: georgia, palatino, serif;\">Taille de particule uniforme et excellente dispersion<\/span><br \/>\n<span style=\"font-family: georgia, palatino, serif;\">Convient \u00e0 divers proc\u00e9d\u00e9s de fabrication de films minces<\/span><br \/>\n<span style=\"font-family: georgia, palatino, serif;\"><span style=\"color: #0000ff;\"><a style=\"color: #0000ff;\" href=\"https:\/\/ulpmat.com\/fr\/service\/personnalisation\/\">Emballage<\/a><\/span> conditionnement<\/span><br \/>\n<span style=\"font-family: georgia, palatino, serif;\">Grande stabilit\u00e9, convient au stockage \u00e0 long terme<\/span><\/p>\n<h2><span style=\"font-family: georgia, palatino, serif; font-size: 14pt;\">Applications de la poudre de sulfure d&rsquo;\u00e9tain<\/span><\/h2>\n<p><span style=\"font-family: georgia, palatino, serif;\"><span style=\"color: #0000ff;\"><a style=\"color: #0000ff;\" href=\"https:\/\/ulpmat.com\/fr\/candidature\/materiaux-semi-conducteurs\/\">Dispositifs semi-conducteurs<\/a><\/span>: Utilis\u00e9 dans la fabrication de dispositifs opto\u00e9lectroniques de haute performance et de transistors \u00e0 couche mince.<\/span><br \/>\n<span style=\"font-family: georgia, palatino, serif;\">Mat\u00e9riaux photovolta\u00efques : Utilis\u00e9 comme couche d&rsquo;absorption de la lumi\u00e8re dans les cellules solaires pour am\u00e9liorer l&rsquo;efficacit\u00e9 de la conversion.<\/span><br \/>\n<span style=\"font-family: georgia, palatino, serif;\"><span style=\"color: #0000ff;\"><a style=\"color: #0000ff;\" href=\"https:\/\/ulpmat.com\/fr\/candidature\/materiaux-optiques\/\">Dispositifs opto\u00e9lectroniques<\/a><\/span>: Convient \u00e0 la fabrication de photod\u00e9tecteurs et de photocapteurs.<\/span><br \/>\n<span style=\"font-family: georgia, palatino, serif;\">Autres mat\u00e9riaux fonctionnels : Potentiel dans les mat\u00e9riaux thermo\u00e9lectriques et les catalyseurs.<\/span><\/p>\n<h2><span style=\"font-family: georgia, palatino, serif; font-size: 14pt;\">Rapports<\/span><\/h2>\n<p><span style=\"font-family: georgia, palatino, serif;\">Nous fournissons un<span style=\"color: #0000ff;\"><a style=\"color: #0000ff;\" href=\"https:\/\/ulpmat.com\/fr\/service\/analyse-chimique\/\"> Certificat d&rsquo;analyse (COA)<\/a><\/span>une fiche de donn\u00e9es de s\u00e9curit\u00e9 (MSDS) et d&rsquo;autres rapports techniques pertinents pour chaque lot de poudre de SnS. Cela permet d&rsquo;effectuer des essais par une tierce partie faisant autorit\u00e9 afin de garantir la qualit\u00e9 du produit et la confiance du client.<\/span><\/p>\n","protected":false},"excerpt":{"rendered":"<p>Aper\u00e7u de la poudre de sulfure d&rsquo;\u00e9tain La poudre de sulfure d&rsquo;\u00e9tain est un mat\u00e9riau fonctionnel de haute puret\u00e9 con\u00e7u sp\u00e9cifiquement pour le d\u00e9veloppement de dispositifs \u00e9lectroniques et de mat\u00e9riaux opto\u00e9lectroniques. Sa puret\u00e9 atteint 99,999 % et la taille uniforme de ses particules en fait un mat\u00e9riau adapt\u00e9 au d\u00e9p\u00f4t de couches minces de haute [&hellip;]<\/p>\n","protected":false},"featured_media":23055,"template":"","meta":{"_acf_changed":false},"product_brand":[132],"product_cat":[668,1087],"product_tag":[],"class_list":{"0":"post-23054","1":"product","2":"type-product","3":"status-publish","4":"has-post-thumbnail","6":"product_brand-ulpmat","7":"product_cat-materiaux-de-chalcogenure","8":"product_cat-materiaux-de-chalcogenure-fr","10":"first","11":"instock","12":"shipping-taxable","13":"product-type-variable"},"acf":[],"_links":{"self":[{"href":"https:\/\/ulpmat.com\/fr\/wp-json\/wp\/v2\/product\/23054","targetHints":{"allow":["GET"]}}],"collection":[{"href":"https:\/\/ulpmat.com\/fr\/wp-json\/wp\/v2\/product"}],"about":[{"href":"https:\/\/ulpmat.com\/fr\/wp-json\/wp\/v2\/types\/product"}],"wp:featuredmedia":[{"embeddable":true,"href":"https:\/\/ulpmat.com\/fr\/wp-json\/wp\/v2\/media\/23055"}],"wp:attachment":[{"href":"https:\/\/ulpmat.com\/fr\/wp-json\/wp\/v2\/media?parent=23054"}],"wp:term":[{"taxonomy":"product_brand","embeddable":true,"href":"https:\/\/ulpmat.com\/fr\/wp-json\/wp\/v2\/product_brand?post=23054"},{"taxonomy":"product_cat","embeddable":true,"href":"https:\/\/ulpmat.com\/fr\/wp-json\/wp\/v2\/product_cat?post=23054"},{"taxonomy":"product_tag","embeddable":true,"href":"https:\/\/ulpmat.com\/fr\/wp-json\/wp\/v2\/product_tag?post=23054"}],"curies":[{"name":"wp","href":"https:\/\/api.w.org\/{rel}","templated":true}]}}