{"id":23006,"date":"2025-10-31T11:38:16","date_gmt":"2025-10-31T03:38:16","guid":{"rendered":"https:\/\/ulpmat.com\/product\/sulfure-detain-3\/"},"modified":"2025-10-31T11:38:16","modified_gmt":"2025-10-31T03:38:16","slug":"sulfure-detain-3","status":"publish","type":"product","link":"https:\/\/ulpmat.com\/fr\/produit\/sulfure-detain-3\/","title":{"rendered":"Sulfure d&rsquo;\u00e9tain"},"content":{"rendered":"<h2><span style=\"font-family: georgia, palatino, serif; font-size: 14pt;\">Granul\u00e9s de sulfure d&rsquo;\u00e9tain Aper\u00e7u<\/span><\/h2>\n<p><span style=\"font-family: georgia, palatino, serif;\"><span style=\"color: #0000ff;\"><a style=\"color: #0000ff;\" href=\"https:\/\/ulpmat.com\/fr\/recherche\/?type=name&#038;keyword=Tin+Sulfide\">Les granul\u00e9s de sulfure d&rsquo;\u00e9tain<\/a><\/span> sont des mat\u00e9riaux de haute performance con\u00e7us pour le d\u00e9veloppement de nouveaux dispositifs \u00e9lectroniques et de couches minces fonctionnelles. Ils pr\u00e9sentent une structure en couches, une excellente stabilit\u00e9 thermique et des propri\u00e9t\u00e9s semi-conductrices. Ils sont largement utilis\u00e9s dans la pr\u00e9paration des cibles de pulv\u00e9risation, les dispositifs opto\u00e9lectroniques, les \u00e9lectrodes de stockage d&rsquo;\u00e9nergie et d&rsquo;autres domaines.<\/span><\/p>\n<p><span style=\"font-family: georgia, palatino, serif;\">Nous proposons des granul\u00e9s de sulfure d&rsquo;\u00e9tain de diff\u00e9rentes tailles, avec une morphologie uniforme et une grande puret\u00e9, ce qui les rend adapt\u00e9s \u00e0 la fois \u00e0 la R&amp;D en laboratoire et aux applications industrielles. Il est \u00e9galement possible de les personnaliser en fonction de vos besoins sp\u00e9cifiques. Si vous avez des questions lors de l&rsquo;utilisation, n&rsquo;h\u00e9sitez pas \u00e0 <span style=\"color: #0000ff;\"><a style=\"color: #0000ff;\" href=\"https:\/\/ulpmat.com\/fr\/contactez-nous\/\">nous contacter<\/a><\/span> pour <span style=\"color: #0000ff;\"><a style=\"color: #0000ff;\" href=\"https:\/\/ulpmat.com\/fr\/service\/support-technique\/\">l&rsquo;assistance technique.<\/a><\/span><\/span><\/p>\n<h2><span style=\"font-family: georgia, palatino, serif; font-size: 14pt;\">Points forts du produit<\/span><\/h2>\n<p><span style=\"font-family: georgia, palatino, serif;\">Puret\u00e9 : 99,99 %<\/span><br \/>\n<span style=\"font-family: georgia, palatino, serif;\">La structure en couches permet une exfoliation facile pour pr\u00e9parer des mat\u00e9riaux bidimensionnels<\/span><br \/>\n<span style=\"font-family: georgia, palatino, serif;\">La distribution contr\u00f4lable de la taille des particules facilite la pr\u00e9paration de cibles de pulv\u00e9risation ou de mat\u00e9riaux composites<\/span><br \/>\n<span style=\"font-family: georgia, palatino, serif;\">Emballage et taille des particules personnalisables<\/span><br \/>\n<span style=\"font-family: georgia, palatino, serif;\">Convient \u00e0 des applications telles que le d\u00e9p\u00f4t de couches minces, le stockage de l&rsquo;\u00e9nergie, l&rsquo;\u00e9lectrocatalyse et les dispositifs opto\u00e9lectroniques<\/span><\/p>\n<h2><span style=\"font-family: georgia, palatino, serif; font-size: 14pt;\">Applications des granul\u00e9s de sulfure d&rsquo;\u00e9tain<\/span><\/h2>\n<p><span style=\"font-family: georgia, palatino, serif;\">Mati\u00e8re premi\u00e8re pour cible de pulv\u00e9risation : Utilis\u00e9 pour la pr\u00e9paration de films minces SnS\u2082, largement utilis\u00e9s dans les dispositifs opto\u00e9lectroniques et semi-conducteurs.<\/span><br \/>\n<span style=\"font-family: georgia, palatino, serif;\">Mat\u00e9riau \u00e9nerg\u00e9tique : Peut \u00eatre utilis\u00e9 comme mat\u00e9riau d&rsquo;anode pour les batteries au lithium\/sodium, pr\u00e9sentant d&rsquo;excellentes propri\u00e9t\u00e9s de stockage de l&rsquo;\u00e9nergie. Dispositifs opto\u00e9lectroniques : Utilis\u00e9 dans de nouveaux dispositifs semi-conducteurs bidimensionnels tels que les photod\u00e9tecteurs, les cellules photovolta\u00efques et les transistors \u00e0 effet de champ.<\/span><br \/>\n<span style=\"font-family: georgia, palatino, serif;\">Catalyse et d\u00e9tection : Actifs dans les capteurs de gaz, l&rsquo;\u00e9lectrocatalyse et la photocatalyse.<\/span><\/p>\n<h2><span style=\"font-family: georgia, palatino, serif; font-size: 14pt;\">Rapports <\/span><\/h2>\n<p><span style=\"font-family: georgia, palatino, serif;\">Nous fournissons un <span style=\"color: #0000ff;\"><a style=\"color: #0000ff;\" href=\"https:\/\/ulpmat.com\/fr\/service\/analyse-chimique\/\"><span style=\"color: #0000ff;\">certificat d&rsquo;<\/span>analyse (COA)<\/a><\/span>, une fiche de donn\u00e9es de s\u00e9curit\u00e9 (MSDS) et d&rsquo;autres documents pertinents pour chaque lot de produits afin de garantir la tra\u00e7abilit\u00e9 et une qualit\u00e9 constante. Nous proposons \u00e9galement des services d&rsquo;essais par des tiers pour r\u00e9pondre aux besoins de recherche et de v\u00e9rification de la qualit\u00e9.<\/span><\/p>\n","protected":false},"excerpt":{"rendered":"<p>Granul\u00e9s de sulfure d&rsquo;\u00e9tain Aper\u00e7u Les granul\u00e9s de sulfure d&rsquo;\u00e9tain sont des mat\u00e9riaux de haute performance con\u00e7us pour le d\u00e9veloppement de nouveaux dispositifs \u00e9lectroniques et de couches minces fonctionnelles. Ils pr\u00e9sentent une structure en couches, une excellente stabilit\u00e9 thermique et des propri\u00e9t\u00e9s semi-conductrices. Ils sont largement utilis\u00e9s dans la pr\u00e9paration des cibles de pulv\u00e9risation, les [&hellip;]<\/p>\n","protected":false},"featured_media":22971,"template":"","meta":{"_acf_changed":false},"product_brand":[132],"product_cat":[296],"product_tag":[],"class_list":{"0":"post-23006","1":"product","2":"type-product","3":"status-publish","4":"has-post-thumbnail","6":"product_brand-ulpmat","7":"product_cat-materiaux-devaporation","9":"first","10":"instock","11":"shipping-taxable","12":"product-type-variable"},"acf":[],"_links":{"self":[{"href":"https:\/\/ulpmat.com\/fr\/wp-json\/wp\/v2\/product\/23006","targetHints":{"allow":["GET"]}}],"collection":[{"href":"https:\/\/ulpmat.com\/fr\/wp-json\/wp\/v2\/product"}],"about":[{"href":"https:\/\/ulpmat.com\/fr\/wp-json\/wp\/v2\/types\/product"}],"wp:featuredmedia":[{"embeddable":true,"href":"https:\/\/ulpmat.com\/fr\/wp-json\/wp\/v2\/media\/22971"}],"wp:attachment":[{"href":"https:\/\/ulpmat.com\/fr\/wp-json\/wp\/v2\/media?parent=23006"}],"wp:term":[{"taxonomy":"product_brand","embeddable":true,"href":"https:\/\/ulpmat.com\/fr\/wp-json\/wp\/v2\/product_brand?post=23006"},{"taxonomy":"product_cat","embeddable":true,"href":"https:\/\/ulpmat.com\/fr\/wp-json\/wp\/v2\/product_cat?post=23006"},{"taxonomy":"product_tag","embeddable":true,"href":"https:\/\/ulpmat.com\/fr\/wp-json\/wp\/v2\/product_tag?post=23006"}],"curies":[{"name":"wp","href":"https:\/\/api.w.org\/{rel}","templated":true}]}}