{"id":22777,"date":"2025-10-31T11:38:18","date_gmt":"2025-10-31T03:38:18","guid":{"rendered":"https:\/\/ulpmat.com\/product\/telluride-en-etain-2\/"},"modified":"2025-10-31T11:38:18","modified_gmt":"2025-10-31T03:38:18","slug":"telluride-en-etain-2","status":"publish","type":"product","link":"https:\/\/ulpmat.com\/fr\/produit\/telluride-en-etain-2\/","title":{"rendered":"Telluride en \u00e9tain"},"content":{"rendered":"<h2><span style=\"font-family: georgia, palatino, serif; font-size: 14pt;\">Poudre de tellurure d&rsquo;\u00e9tain Aper\u00e7u<\/span><\/h2>\n<p><span style=\"font-family: georgia, palatino, serif;\"><span style=\"color: #0000ff;\"><a style=\"color: #0000ff;\" href=\"https:\/\/ulpmat.com\/fr\/recherche\/?type=name&#038;keyword=Tin+Telluride\">La poudre de tellurure d&rsquo;\u00e9tain<\/a> <\/span>est un mat\u00e9riau de haute puret\u00e9 con\u00e7u pour les processus de d\u00e9p\u00f4t de couches minces de haute performance. Son excellente conductivit\u00e9 et sa stabilit\u00e9 thermique en font un mat\u00e9riau largement utilis\u00e9 dans l&rsquo;\u00e9lectronique, le photovolta\u00efque et la thermo\u00e9lectricit\u00e9.<\/span><\/p>\n<p><span style=\"font-family: georgia, palatino, serif;\">Nous proposons une grande vari\u00e9t\u00e9 de sp\u00e9cifications pour la poudre de tellurure d&rsquo;\u00e9tain et pouvons les adapter \u00e0 vos besoins sp\u00e9cifiques. Nous fournissons \u00e9galement un <span style=\"color: #0000ff;\"><a style=\"color: #0000ff;\" href=\"https:\/\/ulpmat.com\/fr\/service\/service-apres-vente\/\">un service apr\u00e8s-vente complet<\/a><\/span>-N&rsquo;h\u00e9sitez pas \u00e0 <span style=\"color: #0000ff;\"><a style=\"color: #0000ff;\" href=\"https:\/\/ulpmat.com\/fr\/contactez-nous\/\">n&rsquo;h\u00e9sitez pas \u00e0 nous contacter<\/a> <\/span>n&rsquo;h\u00e9sitez pas \u00e0 nous contacter si vous avez des questions.<\/span><\/p>\n<h2><span style=\"font-family: georgia, palatino, serif; font-size: 14pt;\">Points forts du produit<\/span><\/h2>\n<p><span style=\"font-family: georgia, palatino, serif;\">Puret\u00e9 : 99,999 %<\/span><br \/>\n<span style=\"font-family: georgia, palatino, serif;\">Haute densit\u00e9 : Assure un d\u00e9p\u00f4t uniforme de couches minces<\/span><br \/>\n<span style=\"font-family: georgia, palatino, serif;\">Tailles et formes personnalisables<\/span><br \/>\n<span style=\"font-family: georgia, palatino, serif;\"><span style=\"color: #0000ff;\"><a style=\"color: #0000ff;\" href=\"https:\/\/ulpmat.com\/fr\/service\/personnalisation\/\">Emballage<\/a> <\/span>personnalisables<\/span><br \/>\n<span style=\"font-family: georgia, palatino, serif;\">Convient aux applications thermo\u00e9lectriques, photovolta\u00efques et semi-conductrices<\/span><\/p>\n<h2><span style=\"font-family: georgia, palatino, serif; font-size: 14pt;\">Applications de la poudre de tellurure d&rsquo;\u00e9tain<\/span><\/h2>\n<p><span style=\"font-family: georgia, palatino, serif;\">Mat\u00e9riaux thermo\u00e9lectriques : Utilis\u00e9s dans les applications de conversion thermo\u00e9lectrique, convertissant efficacement la chaleur en \u00e9lectricit\u00e9 \u00e0 de faibles gradients de temp\u00e9rature.<\/span><br \/>\n<span style=\"font-family: georgia, palatino, serif;\"><span style=\"color: #0000ff;\"><a style=\"color: #0000ff;\" href=\"https:\/\/ulpmat.com\/fr\/candidature\/materiaux-semi-conducteurs\/\">Semi-conducteurs<\/a><\/span> semi-conducteurs : Convient \u00e0 l&rsquo;industrie des semi-conducteurs, en particulier pour le d\u00e9p\u00f4t de couches minces et les applications de s\u00e9parateur de batterie.<\/span><br \/>\n<span style=\"font-family: georgia, palatino, serif;\">Photovolta\u00efque : dans les cellules solaires, la poudre de SnTe agit comme un film conducteur transparent, am\u00e9liorant les performances photovolta\u00efques des cellules.<\/span><br \/>\n<span style=\"font-family: georgia, palatino, serif;\">Rev\u00eatements optiques : Utilis\u00e9 dans les lentilles optiques, les miroirs et d&rsquo;autres composants optiques, il fournit des rev\u00eatements fonctionnels stables et \u00e0 haute r\u00e9flectivit\u00e9.<\/span><\/p>\n<h2><span style=\"font-family: georgia, palatino, serif; font-size: 14pt;\">Rapports<\/span><\/h2>\n<p><span style=\"font-family: georgia, palatino, serif;\">Nous fournissons un<span style=\"color: #0000ff;\"><a style=\"color: #0000ff;\" href=\"https:\/\/ulpmat.com\/fr\/service\/analyse-chimique\/\"> Un certificat d&rsquo;analyse (COA)<\/a><\/span> Nous fournissons un certificat d&rsquo;analyse (COA), une fiche de donn\u00e9es de s\u00e9curit\u00e9 (MSDS) et d&rsquo;autres rapports pertinents pour chaque lot de poudre SnTe. Nous proposons \u00e9galement des services de test par des tiers afin de garantir que nos produits r\u00e9pondent aux normes de qualit\u00e9 et de performance de l&rsquo;industrie.<\/span><\/p>\n","protected":false},"excerpt":{"rendered":"<p>Poudre de tellurure d&rsquo;\u00e9tain Aper\u00e7u La poudre de tellurure d&rsquo;\u00e9tain est un mat\u00e9riau de haute puret\u00e9 con\u00e7u pour les processus de d\u00e9p\u00f4t de couches minces de haute performance. Son excellente conductivit\u00e9 et sa stabilit\u00e9 thermique en font un mat\u00e9riau largement utilis\u00e9 dans l&rsquo;\u00e9lectronique, le photovolta\u00efque et la thermo\u00e9lectricit\u00e9. Nous proposons une grande vari\u00e9t\u00e9 de sp\u00e9cifications [&hellip;]<\/p>\n","protected":false},"featured_media":22778,"template":"","meta":{"_acf_changed":false},"product_brand":[132],"product_cat":[668,1087],"product_tag":[],"class_list":{"0":"post-22777","1":"product","2":"type-product","3":"status-publish","4":"has-post-thumbnail","6":"product_brand-ulpmat","7":"product_cat-materiaux-de-chalcogenure","8":"product_cat-materiaux-de-chalcogenure-fr","10":"first","11":"instock","12":"shipping-taxable","13":"product-type-variable"},"acf":[],"_links":{"self":[{"href":"https:\/\/ulpmat.com\/fr\/wp-json\/wp\/v2\/product\/22777","targetHints":{"allow":["GET"]}}],"collection":[{"href":"https:\/\/ulpmat.com\/fr\/wp-json\/wp\/v2\/product"}],"about":[{"href":"https:\/\/ulpmat.com\/fr\/wp-json\/wp\/v2\/types\/product"}],"wp:featuredmedia":[{"embeddable":true,"href":"https:\/\/ulpmat.com\/fr\/wp-json\/wp\/v2\/media\/22778"}],"wp:attachment":[{"href":"https:\/\/ulpmat.com\/fr\/wp-json\/wp\/v2\/media?parent=22777"}],"wp:term":[{"taxonomy":"product_brand","embeddable":true,"href":"https:\/\/ulpmat.com\/fr\/wp-json\/wp\/v2\/product_brand?post=22777"},{"taxonomy":"product_cat","embeddable":true,"href":"https:\/\/ulpmat.com\/fr\/wp-json\/wp\/v2\/product_cat?post=22777"},{"taxonomy":"product_tag","embeddable":true,"href":"https:\/\/ulpmat.com\/fr\/wp-json\/wp\/v2\/product_tag?post=22777"}],"curies":[{"name":"wp","href":"https:\/\/api.w.org\/{rel}","templated":true}]}}