{"id":22735,"date":"2025-10-31T11:38:18","date_gmt":"2025-10-31T03:38:18","guid":{"rendered":"https:\/\/ulpmat.com\/product\/telluride-en-etain\/"},"modified":"2025-10-31T11:38:18","modified_gmt":"2025-10-31T03:38:18","slug":"telluride-en-etain","status":"publish","type":"product","link":"https:\/\/ulpmat.com\/fr\/produit\/telluride-en-etain\/","title":{"rendered":"Telluride en \u00e9tain"},"content":{"rendered":"<h2><span style=\"font-family: georgia, palatino, serif; font-size: 14pt;\">Cibles de pulv\u00e9risation du tellurure d&rsquo;\u00e9tain Vue d&rsquo;ensemble<\/span><\/h2>\n<p><span style=\"font-family: georgia, palatino, serif;\"><span style=\"color: #0000ff;\"><a style=\"color: #0000ff;\" href=\"https:\/\/ulpmat.com\/fr\/recherche\/?type=name&#038;keyword=Tin+Telluride\">Les cibles de pulv\u00e9risation au tellurure d&rsquo;\u00e9tain<\/a><\/span> sont des mat\u00e9riaux de haute performance con\u00e7us sp\u00e9cifiquement pour les processus de d\u00e9p\u00f4t de couches minces. Elles sont constitu\u00e9es d&rsquo;un alliage d&rsquo;\u00e9tain (Sn) et de tellure (Te). Leur excellente conductivit\u00e9, leur stabilit\u00e9 thermique et leur fiabilit\u00e9 en font des mat\u00e9riaux id\u00e9aux pour l&rsquo;\u00e9lectronique, l&rsquo;optique et l&rsquo;\u00e9nergie.<\/span><\/p>\n<p><span style=\"font-family: georgia, palatino, serif;\">Nous proposons des cibles de pulv\u00e9risation de tellurure d&rsquo;\u00e9tain dans une vari\u00e9t\u00e9 de formes et de tailles, y compris des formes rondes et rectangulaires, et nous pouvons les personnaliser pour r\u00e9pondre \u00e0 vos besoins sp\u00e9cifiques. Nous fournissons \u00e9galement un <span style=\"color: #0000ff;\"><a style=\"color: #0000ff;\" href=\"https:\/\/ulpmat.com\/fr\/service\/service-apres-vente\/\">un service apr\u00e8s-vente complet<\/a><\/span>; n&rsquo;h\u00e9sitez pas \u00e0<span style=\"color: #0000ff;\"><a style=\"color: #0000ff;\" href=\"https:\/\/ulpmat.com\/fr\/contactez-nous\/\"> n&rsquo;h\u00e9sitez pas \u00e0 nous contacter<\/a><\/span> si vous avez des questions.<\/span><\/p>\n<h2><span style=\"font-family: georgia, palatino, serif; font-size: 14pt;\">Points forts du produit<\/span><\/h2>\n<p><span style=\"font-family: georgia, palatino, serif;\">Puret\u00e9 : 99,99 %<\/span><br \/>\n<span style=\"font-family: georgia, palatino, serif;\">La densit\u00e9 \u00e9lev\u00e9e garantit un d\u00e9p\u00f4t uniforme de couches minces<\/span><br \/>\n<span style=\"font-family: georgia, palatino, serif;\">Tailles et formes personnalisables<\/span><br \/>\n<span style=\"font-family: georgia, palatino, serif;\"><span style=\"color: #0000ff;\"><a style=\"color: #0000ff;\" href=\"https:\/\/ulpmat.com\/fr\/service\/collage-des-cibles\/\">Collage cibl\u00e9<\/a><\/span> services de collage de cibles disponibles<\/span><br \/>\n<span style=\"font-family: georgia, palatino, serif;\">Convient aux semi-conducteurs, aux rev\u00eatements optiques, aux cellules solaires et \u00e0 d&rsquo;autres applications de haute pr\u00e9cision<\/span><\/p>\n<h2><span style=\"font-family: georgia, palatino, serif; font-size: 14pt;\">Applications des cibles de pulv\u00e9risation de tellurure d&rsquo;\u00e9tain<\/span><\/h2>\n<p><span style=\"font-family: georgia, palatino, serif;\"><span style=\"color: #0000ff;\"><a style=\"color: #0000ff;\" href=\"https:\/\/ulpmat.com\/fr\/candidature\/materiaux-semi-conducteurs\/\">Semi-conducteurs<\/a><\/span>: Dans la fabrication de dispositifs semi-conducteurs, les cibles SnTe sont utilis\u00e9es comme mat\u00e9riaux de d\u00e9p\u00f4t de couches minces pour les couches d&rsquo;interconnexion et de contact.<\/span><br \/>\n<span style=\"font-family: georgia, palatino, serif;\">Photovolta\u00efque : dans les cellules solaires, elles sont utilis\u00e9es comme films conducteurs transparents (TCF) pour am\u00e9liorer l&rsquo;efficacit\u00e9 de la conversion photo\u00e9lectrique.<\/span><br \/>\n<span style=\"font-family: georgia, palatino, serif;\"><span style=\"color: #0000ff;\"><a style=\"color: #0000ff;\" href=\"https:\/\/ulpmat.com\/fr\/candidature\/materiaux-optiques\/\">Rev\u00eatements optiques :<\/a> <\/span>Ils peuvent \u00eatre utilis\u00e9s pour les rev\u00eatements de miroirs, les couches r\u00e9fl\u00e9chissantes et les rev\u00eatements sur les composants optiques, offrant d&rsquo;excellentes performances optiques et une grande stabilit\u00e9. Emballages \u00e9lectroniques : En tant que mat\u00e9riau conducteur et dissipateur de chaleur, il joue un r\u00f4le essentiel dans l&#8217;emballage \u00e9lectronique de haute pr\u00e9cision.<\/span><\/p>\n<h2><span style=\"font-family: georgia, palatino, serif; font-size: 14pt;\">Rapports<\/span><\/h2>\n<p><span style=\"font-family: georgia, palatino, serif;\">Nous fournissons un <span style=\"color: #0000ff;\"><a style=\"color: #0000ff;\" href=\"https:\/\/ulpmat.com\/fr\/service\/analyse-chimique\/\">Un certificat d&rsquo;analyse (COA)<\/a><\/span> Fiche de donn\u00e9es de s\u00e9curit\u00e9 (FDS) et d&rsquo;autres rapports pertinents avec chaque exp\u00e9dition. Nous prenons \u00e9galement en charge les tests effectu\u00e9s par des tiers pour une meilleure assurance qualit\u00e9.<\/span><\/p>\n","protected":false},"excerpt":{"rendered":"<p>Cibles de pulv\u00e9risation du tellurure d&rsquo;\u00e9tain Vue d&rsquo;ensemble Les cibles de pulv\u00e9risation au tellurure d&rsquo;\u00e9tain sont des mat\u00e9riaux de haute performance con\u00e7us sp\u00e9cifiquement pour les processus de d\u00e9p\u00f4t de couches minces. Elles sont constitu\u00e9es d&rsquo;un alliage d&rsquo;\u00e9tain (Sn) et de tellure (Te). Leur excellente conductivit\u00e9, leur stabilit\u00e9 thermique et leur fiabilit\u00e9 en font des mat\u00e9riaux [&hellip;]<\/p>\n","protected":false},"featured_media":22736,"template":"","meta":{"_acf_changed":false},"product_brand":[132],"product_cat":[449],"product_tag":[],"class_list":{"0":"post-22735","1":"product","2":"type-product","3":"status-publish","4":"has-post-thumbnail","6":"product_brand-ulpmat","7":"product_cat-cible-de-pulverisation-ceramique","9":"first","10":"instock","11":"shipping-taxable","12":"product-type-variable"},"acf":[],"_links":{"self":[{"href":"https:\/\/ulpmat.com\/fr\/wp-json\/wp\/v2\/product\/22735","targetHints":{"allow":["GET"]}}],"collection":[{"href":"https:\/\/ulpmat.com\/fr\/wp-json\/wp\/v2\/product"}],"about":[{"href":"https:\/\/ulpmat.com\/fr\/wp-json\/wp\/v2\/types\/product"}],"wp:featuredmedia":[{"embeddable":true,"href":"https:\/\/ulpmat.com\/fr\/wp-json\/wp\/v2\/media\/22736"}],"wp:attachment":[{"href":"https:\/\/ulpmat.com\/fr\/wp-json\/wp\/v2\/media?parent=22735"}],"wp:term":[{"taxonomy":"product_brand","embeddable":true,"href":"https:\/\/ulpmat.com\/fr\/wp-json\/wp\/v2\/product_brand?post=22735"},{"taxonomy":"product_cat","embeddable":true,"href":"https:\/\/ulpmat.com\/fr\/wp-json\/wp\/v2\/product_cat?post=22735"},{"taxonomy":"product_tag","embeddable":true,"href":"https:\/\/ulpmat.com\/fr\/wp-json\/wp\/v2\/product_tag?post=22735"}],"curies":[{"name":"wp","href":"https:\/\/api.w.org\/{rel}","templated":true}]}}