{"id":21917,"date":"2025-10-31T10:22:19","date_gmt":"2025-10-31T02:22:19","guid":{"rendered":"https:\/\/ulpmat.com\/product\/tellure-metal-2\/"},"modified":"2025-10-31T10:22:19","modified_gmt":"2025-10-31T02:22:19","slug":"tellure-metal-2","status":"publish","type":"product","link":"https:\/\/ulpmat.com\/fr\/produit\/tellure-metal-2\/","title":{"rendered":"Tellure m\u00e9tal"},"content":{"rendered":"<h2><span style=\"font-family: georgia, palatino, serif; font-size: 14pt;\">Poudre m\u00e9tallique de tellure Aper\u00e7u<\/span><\/h2>\n<p><span style=\"font-family: georgia, palatino, serif;\"><span style=\"color: #0000ff;\"><a style=\"color: #0000ff;\" href=\"https:\/\/ulpmat.com\/fr\/recherche\/?type=name&#038;keyword=Tellurium+metal\">La poudre de tellure m\u00e9tallique<\/a> <\/span>est un mat\u00e9riau fonctionnel de haute puret\u00e9, dont la taille des particules est contr\u00f4lable, con\u00e7u pour des applications avanc\u00e9es dans les domaines de l&rsquo;\u00e9lectronique, de l&rsquo;opto\u00e9lectronique, des alliages, de la thermo\u00e9lectricit\u00e9 et de la synth\u00e8se chimique. Son excellente stabilit\u00e9, sa conductivit\u00e9 \u00e9lectrique et ses propri\u00e9t\u00e9s semi-conductrices uniques r\u00e9pondent aux exigences de la recherche et du d\u00e9veloppement de mat\u00e9riaux de pointe et de la production industrielle.<\/span><\/p>\n<p><span style=\"font-family: georgia, palatino, serif;\">Nous proposons des poudres m\u00e9talliques de tellure de diff\u00e9rentes tailles et pouvons les personnaliser pour r\u00e9pondre \u00e0 vos besoins sp\u00e9cifiques. Nos produits respectent strictement les normes industrielles en mati\u00e8re de contr\u00f4le de la qualit\u00e9 et b\u00e9n\u00e9ficient d&rsquo;un<span style=\"color: #0000ff;\"><a style=\"color: #0000ff;\" href=\"https:\/\/ulpmat.com\/fr\/service\/support-technique\/\"> apr\u00e8s-vente<\/a><\/span>.<\/span><\/p>\n<h2><span style=\"font-family: georgia, palatino, serif; font-size: 14pt;\">Points forts du produit<\/span><\/h2>\n<p><span style=\"font-family: georgia, palatino, serif;\">Puret\u00e9 : 99,99 % \u00e0 99,999 %<\/span><br \/>\n<span style=\"font-family: georgia, palatino, serif;\">Gamme de taille de particules contr\u00f4lable, classement personnalisable disponible<\/span><br \/>\n<span style=\"font-family: georgia, palatino, serif;\">Faible teneur en oxyg\u00e8ne et en impuret\u00e9s, adapt\u00e9 aux applications de pr\u00e9cision<\/span><br \/>\n<span style=\"font-family: georgia, palatino, serif;\">Performance stable, adapt\u00e9e \u00e0 une vari\u00e9t\u00e9 d&rsquo;applications, y compris la m\u00e9tallurgie des poudres, le rev\u00eatement par \u00e9vaporation et les mat\u00e9riaux thermo\u00e9lectriques<\/span><br \/>\n<span style=\"font-family: georgia, palatino, serif;\">Emballage sous vide disponible pour \u00e9viter l&rsquo;oxydation et l&rsquo;absorption d&rsquo;humidit\u00e9<\/span><\/p>\n<h2><span style=\"font-family: georgia, palatino, serif; font-size: 14pt;\">Applications de la poudre m\u00e9tallique de tellure<\/span><\/h2>\n<p><span style=\"font-family: georgia, palatino, serif;\"><span style=\"color: #0000ff;\"><a style=\"color: #0000ff;\" href=\"https:\/\/ulpmat.com\/fr\/candidature\/materiaux-semi-conducteurs\/\">Mat\u00e9riaux semi-conducteurs<\/a> <\/span>et \u00e9lectroniques : Utilis\u00e9e dans la synth\u00e8se de tellurides tels que le telluride de cadmium (CdTe) et le telluride de bismuth (Bi\u2082Te\u2083) pour les dispositifs semi-conducteurs. Mat\u00e9riaux thermo\u00e9lectriques : Utilis\u00e9s dans la fabrication de modules thermo\u00e9lectriques pour la production d&rsquo;\u00e9nergie thermo\u00e9lectrique et la gestion thermique.<\/span><br \/>\n<span style=\"font-family: georgia, palatino, serif;\">Photovolta\u00efque : utilis\u00e9 comme \u00e9l\u00e9ment cl\u00e9 dans les cellules solaires \u00e0 couche mince en CdTe.<\/span><br \/>\n<span style=\"font-family: georgia, palatino, serif;\">Alliages et m\u00e9tallurgie : Am\u00e9liore les propri\u00e9t\u00e9s de traitement des m\u00e9taux et est utilis\u00e9 dans des alliages tels que le plomb et le cuivre.<\/span><br \/>\n<span style=\"font-family: georgia, palatino, serif;\">R\u00e9actifs chimiques : Utilis\u00e9s comme pr\u00e9curseurs dans la synth\u00e8se organique, les nanomat\u00e9riaux et les catalyseurs.<\/span><\/p>\n<h2><span style=\"font-family: georgia, palatino, serif; font-size: 14pt;\">Rapports<\/span><\/h2>\n<p><span style=\"font-family: georgia, palatino, serif;\">Chaque lot de poudre de tellure est accompagn\u00e9 d&rsquo;un <span style=\"color: #0000ff;\"><a style=\"color: #0000ff;\" href=\"https:\/\/ulpmat.com\/fr\/service\/analyse-chimique\/\">Certificat d&rsquo;analyse (COA)<\/a><\/span>chaque lot de poudre de tellure est accompagn\u00e9 d&rsquo;un certificat d&rsquo;analyse (COA), d&rsquo;une fiche de donn\u00e9es de s\u00e9curit\u00e9 (MSDS) et d&rsquo;un rapport sur la distribution de la taille des particules. Nous prenons \u00e9galement en charge les tests d&rsquo;une tierce partie afin de garantir que votre achat est enti\u00e8rement garanti sur le plan technique et de la qualit\u00e9.<\/span><\/p>\n","protected":false},"excerpt":{"rendered":"<p>Poudre m\u00e9tallique de tellure Aper\u00e7u La poudre de tellure m\u00e9tallique est un mat\u00e9riau fonctionnel de haute puret\u00e9, dont la taille des particules est contr\u00f4lable, con\u00e7u pour des applications avanc\u00e9es dans les domaines de l&rsquo;\u00e9lectronique, de l&rsquo;opto\u00e9lectronique, des alliages, de la thermo\u00e9lectricit\u00e9 et de la synth\u00e8se chimique. Son excellente stabilit\u00e9, sa conductivit\u00e9 \u00e9lectrique et ses propri\u00e9t\u00e9s [&hellip;]<\/p>\n","protected":false},"featured_media":21918,"template":"","meta":{"_acf_changed":false},"product_brand":[132],"product_cat":[276],"product_tag":[],"class_list":{"0":"post-21917","1":"product","2":"type-product","3":"status-publish","4":"has-post-thumbnail","6":"product_brand-ulpmat","7":"product_cat-metaux-purs-et-alliages","9":"first","10":"instock","11":"shipping-taxable","12":"product-type-variable"},"acf":[],"_links":{"self":[{"href":"https:\/\/ulpmat.com\/fr\/wp-json\/wp\/v2\/product\/21917","targetHints":{"allow":["GET"]}}],"collection":[{"href":"https:\/\/ulpmat.com\/fr\/wp-json\/wp\/v2\/product"}],"about":[{"href":"https:\/\/ulpmat.com\/fr\/wp-json\/wp\/v2\/types\/product"}],"wp:featuredmedia":[{"embeddable":true,"href":"https:\/\/ulpmat.com\/fr\/wp-json\/wp\/v2\/media\/21918"}],"wp:attachment":[{"href":"https:\/\/ulpmat.com\/fr\/wp-json\/wp\/v2\/media?parent=21917"}],"wp:term":[{"taxonomy":"product_brand","embeddable":true,"href":"https:\/\/ulpmat.com\/fr\/wp-json\/wp\/v2\/product_brand?post=21917"},{"taxonomy":"product_cat","embeddable":true,"href":"https:\/\/ulpmat.com\/fr\/wp-json\/wp\/v2\/product_cat?post=21917"},{"taxonomy":"product_tag","embeddable":true,"href":"https:\/\/ulpmat.com\/fr\/wp-json\/wp\/v2\/product_tag?post=21917"}],"curies":[{"name":"wp","href":"https:\/\/api.w.org\/{rel}","templated":true}]}}