{"id":20874,"date":"2025-09-30T16:33:15","date_gmt":"2025-09-30T08:33:15","guid":{"rendered":"https:\/\/ulpmat.com\/product\/bismuth-metal-4\/"},"modified":"2025-09-30T16:33:15","modified_gmt":"2025-09-30T08:33:15","slug":"bismuth-metal-4","status":"publish","type":"product","link":"https:\/\/ulpmat.com\/fr\/produit\/bismuth-metal-4\/","title":{"rendered":"Bismuth m\u00e9tal"},"content":{"rendered":"<h2><span style=\"font-size: 14pt;\">Aper\u00e7u des granul\u00e9s de bismuth m\u00e9tal<\/span><\/h2>\n<p><span style=\"color: #0000ff;\"><a style=\"color: #0000ff;\" href=\"https:\/\/ulpmat.com\/fr\/recherche\/?type=formula&#038;keyword=Bi\">Les granul\u00e9s de bismuth m\u00e9tal<\/a> <\/span>sont des m\u00e9taux de haute puret\u00e9 con\u00e7us pour la fabrication de pr\u00e9cision, les additifs d&rsquo;alliage et les applications de haute performance. Dot\u00e9s d&rsquo;une excellente conductivit\u00e9 \u00e9lectrique et thermique et d&rsquo;une bonne stabilit\u00e9 chimique, ils sont largement utilis\u00e9s dans l&rsquo;\u00e9lectronique, la m\u00e9tallurgie, la chimie et la radioprotection.<\/p>\n<p>Nous fournissons des granul\u00e9s de bismuth m\u00e9tal de diff\u00e9rentes sp\u00e9cifications et tailles de particules pour r\u00e9pondre \u00e0 divers besoins industriels et nous pouvons les personnaliser en fonction de vos exigences particuli\u00e8res. Nous fournissons \u00e9galement un service apr\u00e8s-vente complet. Si vous avez des questions concernant l&rsquo;utilisation, n&rsquo;h\u00e9sitez pas \u00e0 <span style=\"color: #0000ff;\"><a style=\"color: #0000ff;\" href=\"https:\/\/ulpmat.com\/fr\/contactez-nous\/\">n&rsquo;h\u00e9sitez pas \u00e0 nous contacter.<\/a><\/span><\/p>\n<h2><span style=\"font-size: 14pt;\"><strong>Points forts du produit<\/strong><\/span><\/h2>\n<p>Puret\u00e9 : 99,99 % \u00e0 99,9999 %<br \/>\nExcellente conductivit\u00e9 \u00e9lectrique et thermique, adapt\u00e9e aux applications de dissipation thermique efficaces<br \/>\nDistribution uniforme des particules, facile \u00e0 traiter et \u00e0 former<br \/>\nTaille et forme des particules personnalisables pour r\u00e9pondre \u00e0 une vari\u00e9t\u00e9 de besoins industriels<br \/>\nLiaison avec la cible personnalisable<\/p>\n<h2><span style=\"font-size: 14pt;\">Applications des granul\u00e9s de bismuth m\u00e9tal<\/span><\/h2>\n<p>Industrie \u00e9lectronique : utilis\u00e9 pour les mat\u00e9riaux de dissipation thermique, la fabrication de batteries et les couches conductrices des composants \u00e9lectroniques.<br \/>\nFabrication d&rsquo;alliages : En tant qu&rsquo;additif d&rsquo;alliage, il am\u00e9liore la r\u00e9sistance \u00e0 la corrosion et les performances de traitement des m\u00e9taux.<br \/>\nIndustrie chimique : utilis\u00e9 dans la production de catalyseurs et dans les processus de r\u00e9action chimique, avec des propri\u00e9t\u00e9s chimiques stables.<br \/>\nRadioprotection : Le bismuth poss\u00e8de de bonnes propri\u00e9t\u00e9s antiradiation et est largement utilis\u00e9 dans la protection contre les rayons X et la m\u00e9decine nucl\u00e9aire.<\/p>\n<h2><span style=\"font-size: 14pt;\">Rapports<\/span><\/h2>\n<p>Nous fournissons un certificat d&rsquo;analyse (COA), une fiche de donn\u00e9es de s\u00e9curit\u00e9 (MSDS) et d&rsquo;autres rapports pertinents pour chaque lot de particules m\u00e9talliques de bismuth afin de garantir que la qualit\u00e9 du produit est conforme aux normes de l&rsquo;industrie. En outre, nous prenons \u00e9galement en charge les tests effectu\u00e9s par des tiers afin d&rsquo;am\u00e9liorer encore l&rsquo;assurance qualit\u00e9.<\/p>\n","protected":false},"excerpt":{"rendered":"<p>Aper\u00e7u des granul\u00e9s de bismuth m\u00e9tal Les granul\u00e9s de bismuth m\u00e9tal sont des m\u00e9taux de haute puret\u00e9 con\u00e7us pour la fabrication de pr\u00e9cision, les additifs d&rsquo;alliage et les applications de haute performance. Dot\u00e9s d&rsquo;une excellente conductivit\u00e9 \u00e9lectrique et thermique et d&rsquo;une bonne stabilit\u00e9 chimique, ils sont largement utilis\u00e9s dans l&rsquo;\u00e9lectronique, la m\u00e9tallurgie, la chimie et [&hellip;]<\/p>\n","protected":false},"featured_media":13732,"template":"","meta":{"_acf_changed":false},"product_brand":[132],"product_cat":[296],"product_tag":[],"class_list":{"0":"post-20874","1":"product","2":"type-product","3":"status-publish","4":"has-post-thumbnail","6":"product_brand-ulpmat","7":"product_cat-materiaux-devaporation","9":"first","10":"instock","11":"shipping-taxable","12":"product-type-variable"},"acf":[],"_links":{"self":[{"href":"https:\/\/ulpmat.com\/fr\/wp-json\/wp\/v2\/product\/20874","targetHints":{"allow":["GET"]}}],"collection":[{"href":"https:\/\/ulpmat.com\/fr\/wp-json\/wp\/v2\/product"}],"about":[{"href":"https:\/\/ulpmat.com\/fr\/wp-json\/wp\/v2\/types\/product"}],"wp:featuredmedia":[{"embeddable":true,"href":"https:\/\/ulpmat.com\/fr\/wp-json\/wp\/v2\/media\/13732"}],"wp:attachment":[{"href":"https:\/\/ulpmat.com\/fr\/wp-json\/wp\/v2\/media?parent=20874"}],"wp:term":[{"taxonomy":"product_brand","embeddable":true,"href":"https:\/\/ulpmat.com\/fr\/wp-json\/wp\/v2\/product_brand?post=20874"},{"taxonomy":"product_cat","embeddable":true,"href":"https:\/\/ulpmat.com\/fr\/wp-json\/wp\/v2\/product_cat?post=20874"},{"taxonomy":"product_tag","embeddable":true,"href":"https:\/\/ulpmat.com\/fr\/wp-json\/wp\/v2\/product_tag?post=20874"}],"curies":[{"name":"wp","href":"https:\/\/api.w.org\/{rel}","templated":true}]}}