{"id":20724,"date":"2025-09-30T16:33:17","date_gmt":"2025-09-30T08:33:17","guid":{"rendered":"https:\/\/ulpmat.com\/product\/oxyde-de-bismuth-3\/"},"modified":"2025-09-30T16:33:17","modified_gmt":"2025-09-30T08:33:17","slug":"oxyde-de-bismuth-3","status":"publish","type":"product","link":"https:\/\/ulpmat.com\/fr\/produit\/oxyde-de-bismuth-3\/","title":{"rendered":"Oxyde de bismuth"},"content":{"rendered":"<h2><span style=\"font-size: 14pt;\">Aper\u00e7u des granul\u00e9s d&rsquo;oxyde de bismuth<\/span><\/h2>\n<p><span style=\"color: #0000ff;\"><a style=\"color: #0000ff;\" href=\"https:\/\/ulpmat.com\/fr\/recherche\/?type=name&#038;keyword=Bi2O3\">Les granul\u00e9s d&rsquo;oxyde de bismuth<\/a><\/span> les granul\u00e9s d&rsquo;oxyde de bismuth sont un mat\u00e9riau de haute performance largement utilis\u00e9 dans les catalyseurs, les c\u00e9ramiques, les capteurs de gaz et d&rsquo;autres domaines. Il pr\u00e9sente une excellente stabilit\u00e9 chimique et thermique et d&rsquo;excellentes propri\u00e9t\u00e9s \u00e9lectriques, ce qui lui permet de r\u00e9pondre aux besoins de diverses industries de haute technologie.<\/p>\n<p>Nous fournissons des granul\u00e9s d&rsquo;oxyde de bismuth dans diff\u00e9rentes sp\u00e9cifications et tailles de particules, et nous pouvons les personnaliser en fonction des besoins sp\u00e9cifiques des clients. Nous fournissons \u00e9galement un service apr\u00e8s-vente complet afin de garantir que chaque lot de marchandises puisse r\u00e9pondre aux besoins des clients <span style=\"color: #0000ff;\"><a style=\"color: #0000ff;\" href=\"https:\/\/ulpmat.com\/fr\/service\/personnalisation\/\">clients<\/a><\/span>.<\/p>\n<h2><span style=\"font-size: 14pt;\">Points forts du produit<\/span><\/h2>\n<p>Puret\u00e9 : 99,999 %<br \/>\nStabilit\u00e9 \u00e9lev\u00e9e : Stabilit\u00e9 chimique et \u00e0 haute temp\u00e9rature, convient aux environnements de travail difficiles<br \/>\nEmballage : <span style=\"color: #0000ff;\"><a style=\"color: #0000ff;\" href=\"https:\/\/ulpmat.com\/fr\/service\/personnalisation\/\">Personnalisable<\/a><\/span><br \/>\nLarge application : Convient aux r\u00e9actions catalytiques, aux mat\u00e9riaux c\u00e9ramiques, aux capteurs de gaz et \u00e0 d&rsquo;autres domaines<\/p>\n<h2><span style=\"font-size: 14pt;\">Applications des granul\u00e9s d&rsquo;oxyde de bismuth<\/span><\/h2>\n<p>Catalyseur : En tant que mat\u00e9riau catalytique, Bi2O3 peut augmenter la vitesse de r\u00e9action et est largement utilis\u00e9 dans la purification des gaz d&rsquo;\u00e9chappement des automobiles, dans l&rsquo;industrie chimique et dans d&rsquo;autres domaines.<br \/>\nCapteur de gaz : Les granul\u00e9s d&rsquo;oxyde de bismuth ont d&rsquo;excellentes propri\u00e9t\u00e9s \u00e9lectriques et sont utilis\u00e9s pour la d\u00e9tection de gaz, tels que les gaz toxiques, les polluants atmosph\u00e9riques, etc.<br \/>\nMat\u00e9riaux c\u00e9ramiques : Son excellente stabilit\u00e9 \u00e0 haute temp\u00e9rature et sa r\u00e9sistance \u00e0 la corrosion en font un choix id\u00e9al pour les mat\u00e9riaux c\u00e9ramiques de haute performance.<br \/>\n\u00c9lectronique : Utilis\u00e9 dans les dispositifs opto\u00e9lectroniques et les capteurs, en particulier dans les \u00e9crans \u00e0 haute performance et les composants photovolta\u00efques.<\/p>\n<h2><span style=\"font-size: 14pt;\">Rapports<\/span><\/h2>\n<p>Nous fournissons des certificats d&rsquo;analyse (COA), des fiches de donn\u00e9es de s\u00e9curit\u00e9 (MSDS) et d&rsquo;autres rapports pertinents pour chaque exp\u00e9dition. En outre, nous prenons \u00e9galement en charge les tests effectu\u00e9s par des tiers pour une meilleure assurance qualit\u00e9.<\/p>\n","protected":false},"excerpt":{"rendered":"<p>Aper\u00e7u des granul\u00e9s d&rsquo;oxyde de bismuth Les granul\u00e9s d&rsquo;oxyde de bismuth les granul\u00e9s d&rsquo;oxyde de bismuth sont un mat\u00e9riau de haute performance largement utilis\u00e9 dans les catalyseurs, les c\u00e9ramiques, les capteurs de gaz et d&rsquo;autres domaines. Il pr\u00e9sente une excellente stabilit\u00e9 chimique et thermique et d&rsquo;excellentes propri\u00e9t\u00e9s \u00e9lectriques, ce qui lui permet de r\u00e9pondre aux [&hellip;]<\/p>\n","protected":false},"featured_media":13753,"template":"","meta":{"_acf_changed":false},"product_brand":[132],"product_cat":[296],"product_tag":[],"class_list":{"0":"post-20724","1":"product","2":"type-product","3":"status-publish","4":"has-post-thumbnail","6":"product_brand-ulpmat","7":"product_cat-materiaux-devaporation","9":"first","10":"instock","11":"shipping-taxable","12":"product-type-variable"},"acf":[],"_links":{"self":[{"href":"https:\/\/ulpmat.com\/fr\/wp-json\/wp\/v2\/product\/20724","targetHints":{"allow":["GET"]}}],"collection":[{"href":"https:\/\/ulpmat.com\/fr\/wp-json\/wp\/v2\/product"}],"about":[{"href":"https:\/\/ulpmat.com\/fr\/wp-json\/wp\/v2\/types\/product"}],"wp:featuredmedia":[{"embeddable":true,"href":"https:\/\/ulpmat.com\/fr\/wp-json\/wp\/v2\/media\/13753"}],"wp:attachment":[{"href":"https:\/\/ulpmat.com\/fr\/wp-json\/wp\/v2\/media?parent=20724"}],"wp:term":[{"taxonomy":"product_brand","embeddable":true,"href":"https:\/\/ulpmat.com\/fr\/wp-json\/wp\/v2\/product_brand?post=20724"},{"taxonomy":"product_cat","embeddable":true,"href":"https:\/\/ulpmat.com\/fr\/wp-json\/wp\/v2\/product_cat?post=20724"},{"taxonomy":"product_tag","embeddable":true,"href":"https:\/\/ulpmat.com\/fr\/wp-json\/wp\/v2\/product_tag?post=20724"}],"curies":[{"name":"wp","href":"https:\/\/api.w.org\/{rel}","templated":true}]}}