{"id":20640,"date":"2025-09-30T16:33:18","date_gmt":"2025-09-30T08:33:18","guid":{"rendered":"https:\/\/ulpmat.com\/product\/oxyde-de-bismuth\/"},"modified":"2025-09-30T16:33:18","modified_gmt":"2025-09-30T08:33:18","slug":"oxyde-de-bismuth","status":"publish","type":"product","link":"https:\/\/ulpmat.com\/fr\/produit\/oxyde-de-bismuth\/","title":{"rendered":"Oxyde de bismuth"},"content":{"rendered":"<h2><span style=\"font-size: 14pt;\">Vue d&rsquo;ensemble des cibles de pulv\u00e9risation d&rsquo;oxyde de bismuth<\/span><\/h2>\n<p><span style=\"color: #0000ff;\"><a style=\"color: #0000ff;\" href=\"https:\/\/ulpmat.com\/fr\/recherche\/?type=name&#038;keyword=Bismuth+Oxide\">Les cibles de pulv\u00e9risation d&rsquo;oxyde de bismuth<\/a> <\/span>Les cibles de pulv\u00e9risation sont des mat\u00e9riaux de haute performance con\u00e7us pour les processus de d\u00e9p\u00f4t de couches minces. Elles pr\u00e9sentent une excellente stabilit\u00e9 chimique et une conductivit\u00e9 \u00e9lev\u00e9e et sont largement utilis\u00e9es en opto\u00e9lectronique, en thermo\u00e9lectricit\u00e9 et en catalyse. Leur grande puret\u00e9 et leur stabilit\u00e9 les rendent id\u00e9ales pour la pr\u00e9paration de couches minces de haute qualit\u00e9.<\/p>\n<p>Nous proposons des cibles d&rsquo;oxyde de bismuth dans une vari\u00e9t\u00e9 de formes et de tailles, y compris des formes rondes, rectangulaires et d&rsquo;autres formes personnalis\u00e9es. Nous assurons \u00e9galement un <span style=\"color: #0000ff;\"><a style=\"color: #0000ff;\" href=\"https:\/\/ulpmat.com\/fr\/service\/service-apres-vente\/\">apr\u00e8s-vente<\/a><\/span> si vous avez des questions sur l&rsquo;utilisation, n&rsquo;h\u00e9sitez pas \u00e0 nous contacter <span style=\"color: #0000ff;\"><a style=\"color: #0000ff;\" href=\"https:\/\/ulpmat.com\/fr\/contactez-nous\/\">nous contacter<\/a><\/span>.<\/p>\n<h2><span style=\"font-size: 14pt;\">Points forts du produit<\/span><\/h2>\n<p>Puret\u00e9 : 99,99 %<br \/>\nExcellente conductivit\u00e9 : Convient \u00e0 la fabrication de dispositifs \u00e9lectroniques et opto\u00e9lectroniques<br \/>\nGrande stabilit\u00e9 : Stable \u00e0 haute temp\u00e9rature et dans des environnements hautement corrosifs<br \/>\nEmballage personnalisable<br \/>\nTaille et forme personnalisables : Satisfaction des exigences sp\u00e9cifiques du processus<\/p>\n<h2><span style=\"font-size: 14pt;\">Applications de la cible de pulv\u00e9risation d&rsquo;oxyde de bismuth <\/span><\/h2>\n<p>Semi-conducteurs : L&rsquo;oxyde de bismuth est largement utilis\u00e9 dans les dispositifs semi-conducteurs en tant que composants cl\u00e9s tels que les mat\u00e9riaux d&rsquo;\u00e9lectrode et les couches di\u00e9lectriques.<br \/>\nMat\u00e9riaux opto\u00e9lectroniques : Utilis\u00e9 dans les photod\u00e9tecteurs, les cellules photovolta\u00efques et d&rsquo;autres applications opto\u00e9lectroniques, avec d&rsquo;excellentes caract\u00e9ristiques d&rsquo;absorption de la lumi\u00e8re.<br \/>\nApplications thermo\u00e9lectriques : En tant que mat\u00e9riau thermo\u00e9lectrique, il peut \u00eatre utilis\u00e9 dans les \u00e9quipements de production d&rsquo;\u00e9nergie thermo\u00e9lectrique et de r\u00e9frig\u00e9ration pour offrir d&rsquo;excellentes performances de conversion thermo\u00e9lectrique.<br \/>\nCatalyseur : Utilis\u00e9 comme catalyseur dans la protection de l&rsquo;environnement et le d\u00e9veloppement de l&rsquo;\u00e9nergie verte, en particulier dans les technologies de purification du gaz et de traitement de l&rsquo;eau.<\/p>\n<h2><span style=\"font-size: 14pt;\">Rapports<\/span><\/h2>\n<p>Nous fournissons des certificats d&rsquo;analyse (COA), des fiches de donn\u00e9es de s\u00e9curit\u00e9 (MSDS) et d&rsquo;autres rapports pertinents pour chaque exp\u00e9dition. En outre, nous prenons en charge les tests effectu\u00e9s par des tiers afin d&rsquo;am\u00e9liorer l&rsquo;assurance qualit\u00e9.<\/p>\n","protected":false},"excerpt":{"rendered":"<p>Vue d&rsquo;ensemble des cibles de pulv\u00e9risation d&rsquo;oxyde de bismuth Les cibles de pulv\u00e9risation d&rsquo;oxyde de bismuth Les cibles de pulv\u00e9risation sont des mat\u00e9riaux de haute performance con\u00e7us pour les processus de d\u00e9p\u00f4t de couches minces. Elles pr\u00e9sentent une excellente stabilit\u00e9 chimique et une conductivit\u00e9 \u00e9lev\u00e9e et sont largement utilis\u00e9es en opto\u00e9lectronique, en thermo\u00e9lectricit\u00e9 et en [&hellip;]<\/p>\n","protected":false},"featured_media":13767,"template":"","meta":{"_acf_changed":false},"product_brand":[132],"product_cat":[449],"product_tag":[],"class_list":{"0":"post-20640","1":"product","2":"type-product","3":"status-publish","4":"has-post-thumbnail","6":"product_brand-ulpmat","7":"product_cat-cible-de-pulverisation-ceramique","9":"first","10":"instock","11":"shipping-taxable","12":"product-type-variable"},"acf":[],"_links":{"self":[{"href":"https:\/\/ulpmat.com\/fr\/wp-json\/wp\/v2\/product\/20640","targetHints":{"allow":["GET"]}}],"collection":[{"href":"https:\/\/ulpmat.com\/fr\/wp-json\/wp\/v2\/product"}],"about":[{"href":"https:\/\/ulpmat.com\/fr\/wp-json\/wp\/v2\/types\/product"}],"wp:featuredmedia":[{"embeddable":true,"href":"https:\/\/ulpmat.com\/fr\/wp-json\/wp\/v2\/media\/13767"}],"wp:attachment":[{"href":"https:\/\/ulpmat.com\/fr\/wp-json\/wp\/v2\/media?parent=20640"}],"wp:term":[{"taxonomy":"product_brand","embeddable":true,"href":"https:\/\/ulpmat.com\/fr\/wp-json\/wp\/v2\/product_brand?post=20640"},{"taxonomy":"product_cat","embeddable":true,"href":"https:\/\/ulpmat.com\/fr\/wp-json\/wp\/v2\/product_cat?post=20640"},{"taxonomy":"product_tag","embeddable":true,"href":"https:\/\/ulpmat.com\/fr\/wp-json\/wp\/v2\/product_tag?post=20640"}],"curies":[{"name":"wp","href":"https:\/\/api.w.org\/{rel}","templated":true}]}}