{"id":20487,"date":"2025-09-30T16:33:20","date_gmt":"2025-09-30T08:33:20","guid":{"rendered":"https:\/\/ulpmat.com\/product\/tellurure-de-bismuth-iii\/"},"modified":"2025-09-30T16:33:20","modified_gmt":"2025-09-30T08:33:20","slug":"tellurure-de-bismuth-iii","status":"publish","type":"product","link":"https:\/\/ulpmat.com\/fr\/produit\/tellurure-de-bismuth-iii\/","title":{"rendered":"Tellurure de bismuth (III)"},"content":{"rendered":"<h2><span style=\"font-size: 14pt;\">Vue d&rsquo;ensemble des cibles de pulv\u00e9risation pour le tellurure de bismuth<\/span><\/h2>\n<p><span style=\"color: #0000ff;\"><a style=\"color: #0000ff;\" href=\"https:\/\/ulpmat.com\/fr\/recherche\/?type=name&#038;keyword=Bismuth+%28III%29+Telluride\">Les cibles de pulv\u00e9risation de tellurure de bismuth<\/a> <\/span>sont des mat\u00e9riaux de haute performance con\u00e7us pour les processus de d\u00e9p\u00f4t de couches minces et sont largement utilis\u00e9s dans le domaine thermo\u00e9lectrique. Leurs excellentes propri\u00e9t\u00e9s thermo\u00e9lectriques et leur r\u00e9sistance m\u00e9canique mod\u00e9r\u00e9e en font des mat\u00e9riaux id\u00e9aux pour la production d&rsquo;\u00e9nergie thermo\u00e9lectrique et les \u00e9quipements de refroidissement. Les cibles de pulv\u00e9risation de tellurure de bismuth (III) garantissent un d\u00e9p\u00f4t de film uniforme, une forte adh\u00e9rence et une teneur en impuret\u00e9s extr\u00eamement faible dans des conditions de puret\u00e9 \u00e9lev\u00e9e.<\/p>\n<h2><span style=\"font-size: 14pt;\">Points forts du produit<\/span><\/h2>\n<p>Puret\u00e9 : 99,9 % \u00e0 99,999 %<br \/>\nPerformance thermo\u00e9lectrique : Excellente conductivit\u00e9 thermique pour la production d&rsquo;\u00e9nergie thermo\u00e9lectrique et les \u00e9quipements de refroidissement<br \/>\nHaute densit\u00e9 : Assure l&rsquo;uniformit\u00e9 du film et des performances \u00e9lectriques fiables<br \/>\n<span style=\"color: #0000ff;\"><a style=\"color: #0000ff;\" href=\"https:\/\/ulpmat.com\/fr\/service\/personnalisation\/\">Personnalisable<\/a> <\/span>Taille et forme : Fournit une vari\u00e9t\u00e9 de sp\u00e9cifications pour r\u00e9pondre aux diff\u00e9rentes exigences des processus<br \/>\nUn service de reliure de cibles est disponible<\/p>\n<h2><span style=\"font-size: 14pt;\">Applications de la cible de pulv\u00e9risation de tellurure de bismuth <\/span><\/h2>\n<p>Mat\u00e9riaux thermo\u00e9lectriques : Bi2Te3 est l&rsquo;un des mat\u00e9riaux semi-conducteurs les plus couramment utilis\u00e9s pour la production d&rsquo;\u00e9nergie thermo\u00e9lectrique et le refroidissement.<br \/>\n<span style=\"color: #0000ff;\"><a style=\"color: #0000ff;\" href=\"https:\/\/ulpmat.com\/fr\/candidature\/materiaux-semi-conducteurs\/\">Semi-conducteurs<\/a><\/span> Semi-conducteurs : Largement utilis\u00e9s dans les capteurs de temp\u00e9rature, les photod\u00e9tecteurs et les d\u00e9tecteurs infrarouges.<br \/>\n<span style=\"color: #0000ff;\"><a style=\"color: #0000ff;\" href=\"https:\/\/ulpmat.com\/fr\/candidature\/materiaux-optiques\/\">Optique<\/a> <\/span>Rev\u00eatements : Peuvent \u00eatre utilis\u00e9s pour pr\u00e9parer des mat\u00e9riaux efficaces en couches minces et am\u00e9liorer les performances des dispositifs optiques.<br \/>\nSyst\u00e8mes de refroidissement thermo\u00e9lectrique : Pour les refroidisseurs thermo\u00e9lectriques et les \u00e9quipements de refroidissement \u00e0 haute performance, offrant un contr\u00f4le stable de la temp\u00e9rature.<\/p>\n<h2><span style=\"font-size: 14pt;\">Rapports<\/span><\/h2>\n<p>Nous fournissons des certificats d&rsquo;analyse, des fiches de donn\u00e9es de s\u00e9curit\u00e9 et d&rsquo;autres rapports pertinents pour chaque lot de cibles de pulv\u00e9risation en tellurure de bismuth afin de garantir que les produits r\u00e9pondent aux normes de qualit\u00e9 internationales. Parall\u00e8lement, nous prenons \u00e9galement en charge les tests effectu\u00e9s par des tiers afin d&rsquo;am\u00e9liorer encore l&rsquo;assurance qualit\u00e9.<\/p>\n","protected":false},"excerpt":{"rendered":"<p>Vue d&rsquo;ensemble des cibles de pulv\u00e9risation pour le tellurure de bismuth Les cibles de pulv\u00e9risation de tellurure de bismuth sont des mat\u00e9riaux de haute performance con\u00e7us pour les processus de d\u00e9p\u00f4t de couches minces et sont largement utilis\u00e9s dans le domaine thermo\u00e9lectrique. Leurs excellentes propri\u00e9t\u00e9s thermo\u00e9lectriques et leur r\u00e9sistance m\u00e9canique mod\u00e9r\u00e9e en font des mat\u00e9riaux [&hellip;]<\/p>\n","protected":false},"featured_media":13802,"template":"","meta":{"_acf_changed":false},"product_brand":[132],"product_cat":[449],"product_tag":[],"class_list":{"0":"post-20487","1":"product","2":"type-product","3":"status-publish","4":"has-post-thumbnail","6":"product_brand-ulpmat","7":"product_cat-cible-de-pulverisation-ceramique","9":"first","10":"instock","11":"shipping-taxable","12":"product-type-variable"},"acf":[],"_links":{"self":[{"href":"https:\/\/ulpmat.com\/fr\/wp-json\/wp\/v2\/product\/20487","targetHints":{"allow":["GET"]}}],"collection":[{"href":"https:\/\/ulpmat.com\/fr\/wp-json\/wp\/v2\/product"}],"about":[{"href":"https:\/\/ulpmat.com\/fr\/wp-json\/wp\/v2\/types\/product"}],"wp:featuredmedia":[{"embeddable":true,"href":"https:\/\/ulpmat.com\/fr\/wp-json\/wp\/v2\/media\/13802"}],"wp:attachment":[{"href":"https:\/\/ulpmat.com\/fr\/wp-json\/wp\/v2\/media?parent=20487"}],"wp:term":[{"taxonomy":"product_brand","embeddable":true,"href":"https:\/\/ulpmat.com\/fr\/wp-json\/wp\/v2\/product_brand?post=20487"},{"taxonomy":"product_cat","embeddable":true,"href":"https:\/\/ulpmat.com\/fr\/wp-json\/wp\/v2\/product_cat?post=20487"},{"taxonomy":"product_tag","embeddable":true,"href":"https:\/\/ulpmat.com\/fr\/wp-json\/wp\/v2\/product_tag?post=20487"}],"curies":[{"name":"wp","href":"https:\/\/api.w.org\/{rel}","templated":true}]}}