{"id":20475,"date":"2025-09-30T16:33:21","date_gmt":"2025-09-30T08:33:21","guid":{"rendered":"https:\/\/ulpmat.com\/product\/oxyde-de-bismuth-et-de-germanium-bgo-2\/"},"modified":"2025-09-30T16:33:21","modified_gmt":"2025-09-30T08:33:21","slug":"oxyde-de-bismuth-et-de-germanium-bgo-2","status":"publish","type":"product","link":"https:\/\/ulpmat.com\/fr\/produit\/oxyde-de-bismuth-et-de-germanium-bgo-2\/","title":{"rendered":"Oxyde de bismuth et de germanium (BGO)"},"content":{"rendered":"<h2><span style=\"font-size: 14pt;\">Aper\u00e7u de la poudre d&rsquo;oxyde de bismuth et de germanium<\/span><\/h2>\n<p><span style=\"color: #0000ff;\"><a style=\"color: #0000ff;\" href=\"https:\/\/ulpmat.com\/fr\/recherche\/?type=name&#038;keyword=Bismuth+Germanium+Oxide\">La poudre d&rsquo;oxyde de bismuth et de germanium<\/a> <\/span>est un mat\u00e9riau con\u00e7u pour les c\u00e9ramiques de haute performance et les proc\u00e9d\u00e9s de fabrication de couches minces fonctionnelles. Sa grande puret\u00e9, la distribution uniforme de ses particules et sa bonne stabilit\u00e9 chimique garantissent une composition coh\u00e9rente des films, une forte adh\u00e9rence et d&rsquo;excellentes propri\u00e9t\u00e9s \u00e9lectriques.<\/p>\n<p>Nous proposons la poudre d&rsquo;oxyde de bismuth et de germanium dans une large gamme de tailles de particules et pouvons la personnaliser en fonction de vos besoins sp\u00e9cifiques. Nous assurons un <span style=\"color: #0000ff;\"><a style=\"color: #0000ff;\" href=\"https:\/\/ulpmat.com\/fr\/service\/service-apres-vente\/\">apr\u00e8s-vente<\/a><\/span> pour vous garantir la meilleure exp\u00e9rience possible.<\/p>\n<h2><span style=\"font-size: 14pt;\">Points forts du produit<\/span><\/h2>\n<p>Puret\u00e9 : 99,999%<br \/>\nParticules tr\u00e8s uniformes, adapt\u00e9es au d\u00e9p\u00f4t de films fins<br \/>\nTaille et distribution des particules personnalisables<br \/>\n<span style=\"color: #0000ff;\"><a style=\"color: #0000ff;\" href=\"https:\/\/ulpmat.com\/fr\/service\/personnalisation\/\">Emballage<\/a><\/span> emballage<br \/>\nApplicable aux condensateurs c\u00e9ramiques, aux films de condensateurs, aux mat\u00e9riaux ferro\u00e9lectriques et \u00e0 d&rsquo;autres domaines<\/p>\n<h2><span style=\"font-size: 14pt;\">Application de la poudre d&rsquo;oxyde de bismuth et de germanium<\/span><\/h2>\n<p>Mat\u00e9riaux ferro\u00e9lectriques : En raison de sa bonne ferro\u00e9lectricit\u00e9, il peut \u00eatre utilis\u00e9 pour pr\u00e9parer des films ferro\u00e9lectriques de haute performance, qui sont utilis\u00e9s dans les m\u00e9moires non volatiles, les capteurs et d&rsquo;autres domaines.<br \/>\nC\u00e9ramiques pi\u00e9zo\u00e9lectriques : Bi4Ti3O12 est un composant important des mat\u00e9riaux pi\u00e9zo\u00e9lectriques et est utilis\u00e9 pour fabriquer divers capteurs et actionneurs.<br \/>\nCondensateurs : En tant que mat\u00e9riau \u00e0 constante di\u00e9lectrique \u00e9lev\u00e9e, il peut \u00eatre largement utilis\u00e9 dans la pr\u00e9paration de condensateurs \u00e0 haute fr\u00e9quence et de composants \u00e9lectroniques.<br \/>\nMat\u00e9riaux photo\u00e9lectriques et thermo\u00e9lectriques : Bi\u2084Ti\u2083O\u2081\u2082 poss\u00e8de de bonnes propri\u00e9t\u00e9s photo\u00e9lectriques et thermo\u00e9lectriques et peut \u00eatre utilis\u00e9 dans les dispositifs photo\u00e9lectriques et les mat\u00e9riaux de conversion thermo\u00e9lectrique.<\/p>\n<h2><span style=\"font-size: 14pt;\">Rapport<\/span><\/h2>\n<p>Nous fournissons un certificat d&rsquo;analyse (COA), une fiche de donn\u00e9es de s\u00e9curit\u00e9 (MSDS) et un rapport de test des composants pertinents pour chaque lot de poudre d&rsquo;oxyde de bismuth et de germanium. Afin de garantir la haute qualit\u00e9 du produit, nous prenons \u00e9galement en charge les tests effectu\u00e9s par des tiers pour renforcer la confiance des clients dans les performances du mat\u00e9riau.<\/p>\n","protected":false},"excerpt":{"rendered":"<p>Aper\u00e7u de la poudre d&rsquo;oxyde de bismuth et de germanium La poudre d&rsquo;oxyde de bismuth et de germanium est un mat\u00e9riau con\u00e7u pour les c\u00e9ramiques de haute performance et les proc\u00e9d\u00e9s de fabrication de couches minces fonctionnelles. Sa grande puret\u00e9, la distribution uniforme de ses particules et sa bonne stabilit\u00e9 chimique garantissent une composition coh\u00e9rente [&hellip;]<\/p>\n","protected":false},"featured_media":13929,"template":"","meta":{"_acf_changed":false},"product_brand":[132],"product_cat":[1184],"product_tag":[],"class_list":{"0":"post-20475","1":"product","2":"type-product","3":"status-publish","4":"has-post-thumbnail","6":"product_brand-ulpmat","7":"product_cat-autres-acides","9":"first","10":"instock","11":"shipping-taxable","12":"product-type-variable"},"acf":[],"_links":{"self":[{"href":"https:\/\/ulpmat.com\/fr\/wp-json\/wp\/v2\/product\/20475","targetHints":{"allow":["GET"]}}],"collection":[{"href":"https:\/\/ulpmat.com\/fr\/wp-json\/wp\/v2\/product"}],"about":[{"href":"https:\/\/ulpmat.com\/fr\/wp-json\/wp\/v2\/types\/product"}],"wp:featuredmedia":[{"embeddable":true,"href":"https:\/\/ulpmat.com\/fr\/wp-json\/wp\/v2\/media\/13929"}],"wp:attachment":[{"href":"https:\/\/ulpmat.com\/fr\/wp-json\/wp\/v2\/media?parent=20475"}],"wp:term":[{"taxonomy":"product_brand","embeddable":true,"href":"https:\/\/ulpmat.com\/fr\/wp-json\/wp\/v2\/product_brand?post=20475"},{"taxonomy":"product_cat","embeddable":true,"href":"https:\/\/ulpmat.com\/fr\/wp-json\/wp\/v2\/product_cat?post=20475"},{"taxonomy":"product_tag","embeddable":true,"href":"https:\/\/ulpmat.com\/fr\/wp-json\/wp\/v2\/product_tag?post=20475"}],"curies":[{"name":"wp","href":"https:\/\/api.w.org\/{rel}","templated":true}]}}