{"id":20433,"date":"2025-09-30T16:33:21","date_gmt":"2025-09-30T08:33:21","guid":{"rendered":"https:\/\/ulpmat.com\/product\/oxyde-de-bismuth-et-de-titane-2\/"},"modified":"2025-09-30T16:33:21","modified_gmt":"2025-09-30T08:33:21","slug":"oxyde-de-bismuth-et-de-titane-2","status":"publish","type":"product","link":"https:\/\/ulpmat.com\/fr\/produit\/oxyde-de-bismuth-et-de-titane-2\/","title":{"rendered":"Oxyde de bismuth et de titane"},"content":{"rendered":"<h2><span style=\"font-size: 14pt;\">Aper\u00e7u de la poudre d&rsquo;oxyde de bismuth et de titane<\/span><\/h2>\n<p><span style=\"color: #0000ff;\"><a style=\"color: #0000ff;\" href=\"https:\/\/ulpmat.com\/fr\/recherche\/?type=name&#038;keyword=Bismuth+titanium+oxide\">La poudre d&rsquo;oxyde de titane au bismuth<\/a> <\/span>est un mat\u00e9riau fonctionnel con\u00e7u pour les c\u00e9ramiques avanc\u00e9es et les proc\u00e9d\u00e9s de fabrication de couches minces. Sa composition pr\u00e9cise, sa grande puret\u00e9, son excellente stabilit\u00e9 thermique et ses propri\u00e9t\u00e9s di\u00e9lectriques en font un mat\u00e9riau adapt\u00e9 \u00e0 divers domaines de l&rsquo;\u00e9lectronique et de l&rsquo;opto\u00e9lectronique.<\/p>\n<p>Nous proposons de la poudre d&rsquo;oxyde de bismuth et de titane dans une grande vari\u00e9t\u00e9 de tailles de particules, et nous pouvons personnaliser la morphologie des particules, la distribution et les sp\u00e9cifications d&#8217;emballage en fonction de vos besoins sp\u00e9cifiques. Nos produits contr\u00f4lent strictement la teneur en impuret\u00e9s afin de garantir l&rsquo;homog\u00e9n\u00e9it\u00e9 d&rsquo;un lot \u00e0 l&rsquo;autre et peuvent r\u00e9pondre aux diff\u00e9rentes exigences de la recherche scientifique et de l&rsquo;\u00e9chelle industrielle.<\/p>\n<h2><span style=\"font-size: 14pt;\">Points forts du produit<\/span><\/h2>\n<p>Grande puret\u00e9 : 99,9<br \/>\nDistribution uniforme de la taille des particules, personnalisable<br \/>\nBonne stabilit\u00e9 thermique, convient au traitement \u00e0 haute temp\u00e9rature<br \/>\n<span style=\"color: #0000ff;\"><a style=\"color: #0000ff;\" href=\"https:\/\/ulpmat.com\/fr\/service\/personnalisation\/\">Personnalisable<\/a><\/span> taille des particules et emballage selon les besoins du client<\/p>\n<h2><span style=\"font-size: 14pt;\">Applications de la poudre d&rsquo;oxyde de bismuth et de titane<\/span><\/h2>\n<p>Composants c\u00e9ramiques ferro\u00e9lectriques et pi\u00e9zo\u00e9lectriques : En tant que type de mat\u00e9riau \u00e0 structure p\u00e9rovskite en couches, Bi\u2084Ti\u2083O\u2081\u2082 est largement utilis\u00e9 dans les m\u00e9moires ferro\u00e9lectriques, les actionneurs pi\u00e9zo\u00e9lectriques et les capteurs.<br \/>\nCondensateurs \u00e0 film : Il peut \u00eatre utilis\u00e9 comme mat\u00e9riau di\u00e9lectrique en film avec une constante di\u00e9lectrique \u00e9lev\u00e9e et de faibles caract\u00e9ristiques de perte, convenant au conditionnement des circuits int\u00e9gr\u00e9s et aux applications de condensateurs \u00e0 haute fr\u00e9quence.<br \/>\nDispositifs photo\u00e9lectriques : Il a des applications potentielles dans la photocatalyse et la conversion photo\u00e9lectrique, et peut \u00eatre utilis\u00e9 pour d\u00e9velopper de nouveaux mat\u00e9riaux optiques fonctionnels.<br \/>\nMat\u00e9riaux d&rsquo;isolation \u00e0 haute temp\u00e9rature : En raison de sa temp\u00e9rature de Curie \u00e9lev\u00e9e et de sa bonne isolation, il convient \u00e0 la pr\u00e9paration de couches d&rsquo;isolation dans des conditions extr\u00eames.<\/p>\n<h2><span style=\"font-size: 14pt;\">Rapport<\/span><\/h2>\n<p>Nous fournissons des certificats d&rsquo;analyse (COA), des fiches de donn\u00e9es de s\u00e9curit\u00e9 (MSDS) et des rapports de test de distribution de la taille des particules d\u00e9taill\u00e9s pour chaque lot de poudre d&rsquo;oxyde de titane au bismuth. Si vous avez besoin de tests par une tierce partie, nous pouvons \u00e9galement vous aider \u00e0 les r\u00e9aliser afin de garantir la tra\u00e7abilit\u00e9 de la qualit\u00e9 et la performance.<\/p>\n","protected":false},"excerpt":{"rendered":"<p>Aper\u00e7u de la poudre d&rsquo;oxyde de bismuth et de titane La poudre d&rsquo;oxyde de titane au bismuth est un mat\u00e9riau fonctionnel con\u00e7u pour les c\u00e9ramiques avanc\u00e9es et les proc\u00e9d\u00e9s de fabrication de couches minces. Sa composition pr\u00e9cise, sa grande puret\u00e9, son excellente stabilit\u00e9 thermique et ses propri\u00e9t\u00e9s di\u00e9lectriques en font un mat\u00e9riau adapt\u00e9 \u00e0 divers [&hellip;]<\/p>\n","protected":false},"featured_media":13809,"template":"","meta":{"_acf_changed":false},"product_brand":[132],"product_cat":[1184],"product_tag":[],"class_list":{"0":"post-20433","1":"product","2":"type-product","3":"status-publish","4":"has-post-thumbnail","6":"product_brand-ulpmat","7":"product_cat-autres-acides","9":"first","10":"instock","11":"shipping-taxable","12":"product-type-variable"},"acf":[],"_links":{"self":[{"href":"https:\/\/ulpmat.com\/fr\/wp-json\/wp\/v2\/product\/20433","targetHints":{"allow":["GET"]}}],"collection":[{"href":"https:\/\/ulpmat.com\/fr\/wp-json\/wp\/v2\/product"}],"about":[{"href":"https:\/\/ulpmat.com\/fr\/wp-json\/wp\/v2\/types\/product"}],"wp:featuredmedia":[{"embeddable":true,"href":"https:\/\/ulpmat.com\/fr\/wp-json\/wp\/v2\/media\/13809"}],"wp:attachment":[{"href":"https:\/\/ulpmat.com\/fr\/wp-json\/wp\/v2\/media?parent=20433"}],"wp:term":[{"taxonomy":"product_brand","embeddable":true,"href":"https:\/\/ulpmat.com\/fr\/wp-json\/wp\/v2\/product_brand?post=20433"},{"taxonomy":"product_cat","embeddable":true,"href":"https:\/\/ulpmat.com\/fr\/wp-json\/wp\/v2\/product_cat?post=20433"},{"taxonomy":"product_tag","embeddable":true,"href":"https:\/\/ulpmat.com\/fr\/wp-json\/wp\/v2\/product_tag?post=20433"}],"curies":[{"name":"wp","href":"https:\/\/api.w.org\/{rel}","templated":true}]}}