{"id":20355,"date":"2025-09-30T16:33:22","date_gmt":"2025-09-30T08:33:22","guid":{"rendered":"https:\/\/ulpmat.com\/product\/ferrite-de-bismuth\/"},"modified":"2025-09-30T16:33:22","modified_gmt":"2025-09-30T08:33:22","slug":"ferrite-de-bismuth","status":"publish","type":"product","link":"https:\/\/ulpmat.com\/fr\/produit\/ferrite-de-bismuth\/","title":{"rendered":"Ferrite de bismuth"},"content":{"rendered":"<h2><span style=\"font-size: 14pt;\">Vue d&rsquo;ensemble des cibles de pulv\u00e9risation de ferrite de bismuth<\/span><\/h2>\n<p><span style=\"color: #0000ff;\"><a style=\"color: #0000ff;\" href=\"https:\/\/ulpmat.com\/fr\/recherche\/?type=name&#038;keyword=Bismuth+Ferrite\">Les cibles de pulv\u00e9risation de ferrite de bismuth<\/a><\/span> sont des mat\u00e9riaux de haute performance con\u00e7us pour les processus avanc\u00e9s de d\u00e9p\u00f4t de couches minces fonctionnelles. Elles pr\u00e9sentent une densit\u00e9 et une puret\u00e9 de phase excellentes, garantissant l&rsquo;uniformit\u00e9, une bonne adh\u00e9rence et des propri\u00e9t\u00e9s multiferro\u00efques stables pendant la formation du film. Elles sont largement utilis\u00e9es dans le d\u00e9veloppement de dispositifs ferro\u00e9lectriques, pi\u00e9zo\u00e9lectriques et magn\u00e9to\u00e9lectriques.<\/p>\n<p>Nous proposons des cibles de pulv\u00e9risation de ferrite de bismuth de diff\u00e9rentes formes et tailles, y compris rondes et rectangulaires, qui peuvent \u00eatre personnalis\u00e9es en fonction de vos besoins sp\u00e9cifiques. Nous fournissons \u00e9galement un service apr\u00e8s-vente complet. Si vous avez des questions pendant l&rsquo;utilisation, n&rsquo;h\u00e9sitez pas \u00e0 <span style=\"color: #0000ff;\"><a style=\"color: #0000ff;\" href=\"https:\/\/ulpmat.com\/fr\/contactez-nous\/\">nous contacter<\/a><\/span>.<\/p>\n<h2><span style=\"font-size: 14pt;\">Points forts du produit<\/span><\/h2>\n<p>Puret\u00e9 : 99,95<br \/>\nHaute densit\u00e9, structure dense adapt\u00e9e au rev\u00eatement de pr\u00e9cision<br \/>\n<span style=\"color: #0000ff;\"><a style=\"color: #0000ff;\" href=\"https:\/\/ulpmat.com\/fr\/service\/personnalisation\/\">Taille et forme<\/a> <\/span>taille et forme<br \/>\nService de fixation de cible disponible<br \/>\nConvient \u00e0 la recherche sur les oxydes fonctionnels, aux dispositifs ferro\u00e9lectriques\/magn\u00e9to\u00e9lectriques et aux mat\u00e9riaux multiferro\u00efques en couches minces<\/p>\n<h2><span style=\"font-size: 14pt;\">Applications de la cible de pulv\u00e9risation de ferrite de bismuth<\/span><\/h2>\n<p>Recherche sur les dispositifs fonctionnels : En tant que mat\u00e9riau multiferro\u00efque typique, il est largement utilis\u00e9 dans la recherche fondamentale telle que les effets ferro\u00e9lectriques et magn\u00e9to\u00e9lectriques.<br \/>\nM\u00e9moire non volatile : Utilis\u00e9 comme mat\u00e9riau de couche fonctionnelle dans les m\u00e9moires ferro\u00e9lectriques \u00e0 acc\u00e8s al\u00e9atoire (FeRAM).<br \/>\nSpintronique : Ses propri\u00e9t\u00e9s de couplage magn\u00e9tique et \u00e9lectrique en font une application potentielle dans les dispositifs de couplage magn\u00e9to-\u00e9lectrique.<br \/>\nCapteurs \u00e0 couche mince : Couches fonctionnelles pour capteurs pi\u00e9zo\u00e9lectriques et photo\u00e9lectriques aux performances stables.<\/p>\n<h2><span style=\"font-size: 14pt;\">Rapports<\/span><\/h2>\n<p>Nous fournissons un certificat d&rsquo;analyse (COA), une fiche de donn\u00e9es de s\u00e9curit\u00e9 (MSDS) et d&rsquo;autres rapports pertinents pour chaque exp\u00e9dition. En outre, nous prenons \u00e9galement en charge les tests effectu\u00e9s par des tiers pour une meilleure assurance qualit\u00e9.<\/p>\n","protected":false},"excerpt":{"rendered":"<p>Vue d&rsquo;ensemble des cibles de pulv\u00e9risation de ferrite de bismuth Les cibles de pulv\u00e9risation de ferrite de bismuth sont des mat\u00e9riaux de haute performance con\u00e7us pour les processus avanc\u00e9s de d\u00e9p\u00f4t de couches minces fonctionnelles. Elles pr\u00e9sentent une densit\u00e9 et une puret\u00e9 de phase excellentes, garantissant l&rsquo;uniformit\u00e9, une bonne adh\u00e9rence et des propri\u00e9t\u00e9s multiferro\u00efques stables [&hellip;]<\/p>\n","protected":false},"featured_media":13830,"template":"","meta":{"_acf_changed":false},"product_brand":[132],"product_cat":[449],"product_tag":[],"class_list":{"0":"post-20355","1":"product","2":"type-product","3":"status-publish","4":"has-post-thumbnail","6":"product_brand-ulpmat","7":"product_cat-cible-de-pulverisation-ceramique","9":"first","10":"instock","11":"shipping-taxable","12":"product-type-variable"},"acf":[],"_links":{"self":[{"href":"https:\/\/ulpmat.com\/fr\/wp-json\/wp\/v2\/product\/20355","targetHints":{"allow":["GET"]}}],"collection":[{"href":"https:\/\/ulpmat.com\/fr\/wp-json\/wp\/v2\/product"}],"about":[{"href":"https:\/\/ulpmat.com\/fr\/wp-json\/wp\/v2\/types\/product"}],"wp:featuredmedia":[{"embeddable":true,"href":"https:\/\/ulpmat.com\/fr\/wp-json\/wp\/v2\/media\/13830"}],"wp:attachment":[{"href":"https:\/\/ulpmat.com\/fr\/wp-json\/wp\/v2\/media?parent=20355"}],"wp:term":[{"taxonomy":"product_brand","embeddable":true,"href":"https:\/\/ulpmat.com\/fr\/wp-json\/wp\/v2\/product_brand?post=20355"},{"taxonomy":"product_cat","embeddable":true,"href":"https:\/\/ulpmat.com\/fr\/wp-json\/wp\/v2\/product_cat?post=20355"},{"taxonomy":"product_tag","embeddable":true,"href":"https:\/\/ulpmat.com\/fr\/wp-json\/wp\/v2\/product_tag?post=20355"}],"curies":[{"name":"wp","href":"https:\/\/api.w.org\/{rel}","templated":true}]}}