{"id":20241,"date":"2025-09-30T16:33:24","date_gmt":"2025-09-30T08:33:24","guid":{"rendered":"https:\/\/ulpmat.com\/product\/seleniure-de-bismuth-et-dantimoine\/"},"modified":"2025-09-30T16:33:24","modified_gmt":"2025-09-30T08:33:24","slug":"seleniure-de-bismuth-et-dantimoine","status":"publish","type":"product","link":"https:\/\/ulpmat.com\/fr\/produit\/seleniure-de-bismuth-et-dantimoine\/","title":{"rendered":"S\u00e9l\u00e9niure de bismuth et d&rsquo;antimoine"},"content":{"rendered":"<h2><span style=\"font-size: 14pt;\">Vue d&rsquo;ensemble des cibles de pulv\u00e9risation de s\u00e9l\u00e9niure de bismuth et d&rsquo;antimoine<\/span><\/h2>\n<p><span style=\"color: #0000ff;\"><a style=\"color: #0000ff;\" href=\"https:\/\/ulpmat.com\/fr\/recherche\/?type=name&#038;keyword=Bismuth+Antimony+Selenide\">Les cibles de pulv\u00e9risation de s\u00e9l\u00e9niure de bismuth et d&rsquo;antimoine<\/a><\/span> sont des mat\u00e9riaux de haute performance con\u00e7us pour les mat\u00e9riaux thermo\u00e9lectriques et les applications de couches minces fonctionnelles. Elles conviennent aux processus de d\u00e9p\u00f4t avanc\u00e9s tels que l&rsquo;\u00e9pitaxie par faisceaux mol\u00e9culaires (MBE), la pulv\u00e9risation magn\u00e9tron (PVD) et le d\u00e9p\u00f4t par laser puls\u00e9 (PLD). Avec un contr\u00f4le pr\u00e9cis de la composition, une grande puret\u00e9 et une microstructure uniforme, ils peuvent soutenir efficacement une croissance stable et reproductible des films, r\u00e9pondant ainsi aux besoins de la recherche scientifique et de l&rsquo;industrie en mati\u00e8re de thermo\u00e9lectricit\u00e9, d&rsquo;isolants topologiques et de mat\u00e9riaux de conversion de l&rsquo;\u00e9nergie.<\/p>\n<p>Nous fournissons des cibles de s\u00e9l\u00e9niure de bismuth et d&rsquo;antimoine dans une vari\u00e9t\u00e9 de tailles et de rapports, avec des solutions de composition personnalis\u00e9es bas\u00e9es sur les besoins des clients, prenant en charge diff\u00e9rentes formes telles que rondes, rectangulaires et annulaires. Nous fournissons \u00e9galement une assistance technique pour l&rsquo;ensemble du processus. Si vous avez des questions sur les param\u00e8tres du processus ou la compatibilit\u00e9, n&rsquo;h\u00e9sitez pas \u00e0 <span style=\"color: #0000ff;\"><a style=\"color: #0000ff;\" href=\"https:\/\/ulpmat.com\/fr\/contactez-nous\/\">nous contacter<\/a><\/span>.<\/p>\n<h2><span style=\"font-size: 14pt;\">Points forts du produit<\/span><\/h2>\n<p>Composition ajustable (rapport typique : Bi:Sb:Se = 1:1:2)<br \/>\nGrande puret\u00e9 : 99,99 %<br \/>\nHaute densit\u00e9, structure compacte, qualit\u00e9 de film am\u00e9lior\u00e9e<br \/>\nLa taille, la forme et la proportion peuvent \u00eatre <span style=\"color: #0000ff;\"><a style=\"color: #0000ff;\" href=\"https:\/\/ulpmat.com\/fr\/service\/personnalisation\/\">personnalis\u00e9es<\/a> <\/span>selon les besoins<br \/>\nUn service de fixation de la cible peut \u00eatre fourni<br \/>\nApplicable aux dispositifs thermo\u00e9lectriques, aux isolants topologiques, \u00e0 l&rsquo;\u00e9lectronique flexible et aux d\u00e9tecteurs infrarouges<\/p>\n<h2><span style=\"font-size: 14pt;\">Applications de <\/span><span style=\"font-size: 14pt;\">Cible de pulv\u00e9risation de s\u00e9l\u00e9niure de bismuth et d&rsquo;antimoine <\/span><\/h2>\n<p>Mat\u00e9riaux thermo\u00e9lectriques : Les alliages BiSbSe constituent une classe importante de mat\u00e9riaux thermo\u00e9lectriques \u00e0 basse temp\u00e9rature dot\u00e9s d&rsquo;excellentes propri\u00e9t\u00e9s thermo\u00e9lectriques (coefficient Seebeck \u00e9lev\u00e9, faible conductivit\u00e9 thermique) et sont largement utilis\u00e9s dans la production d&rsquo;\u00e9nergie thermo\u00e9lectrique et la r\u00e9frig\u00e9ration par diff\u00e9rence de temp\u00e9rature.<br \/>\nRecherche sur les isolants topologiques : Le syst\u00e8me composite BiSbSe pr\u00e9sente une structure \u00e9lectronique topologique non triviale, ce qui en fait un choix id\u00e9al pour l&rsquo;\u00e9tude de nouveaux mat\u00e9riaux quantiques.<br \/>\nD\u00e9tection infrarouge et conversion d&rsquo;\u00e9nergie : Le BiSbSe pr\u00e9sente une bonne aptitude au traitement des films et une bonne stabilit\u00e9 dans les domaines de l&rsquo;imagerie infrarouge, de la r\u00e9cup\u00e9ration d&rsquo;\u00e9nergie et de la gestion thermique.<\/p>\n<h2><span style=\"font-size: 14pt;\">Rapport<\/span><\/h2>\n<p>Nous fournissons un certificat d&rsquo;analyse (COA), une fiche de donn\u00e9es de s\u00e9curit\u00e9 (MSDS) et un rapport d&rsquo;essai des composants pertinents pour chaque lot de produits. Nous prenons \u00e9galement en charge les tests effectu\u00e9s par des agences tierces conform\u00e9ment aux exigences des clients afin de garantir la qualit\u00e9 et la fiabilit\u00e9 des produits.<\/p>\n","protected":false},"excerpt":{"rendered":"<p>Vue d&rsquo;ensemble des cibles de pulv\u00e9risation de s\u00e9l\u00e9niure de bismuth et d&rsquo;antimoine Les cibles de pulv\u00e9risation de s\u00e9l\u00e9niure de bismuth et d&rsquo;antimoine sont des mat\u00e9riaux de haute performance con\u00e7us pour les mat\u00e9riaux thermo\u00e9lectriques et les applications de couches minces fonctionnelles. Elles conviennent aux processus de d\u00e9p\u00f4t avanc\u00e9s tels que l&rsquo;\u00e9pitaxie par faisceaux mol\u00e9culaires (MBE), la [&hellip;]<\/p>\n","protected":false},"featured_media":13865,"template":"","meta":{"_acf_changed":false},"product_brand":[132],"product_cat":[449],"product_tag":[],"class_list":{"0":"post-20241","1":"product","2":"type-product","3":"status-publish","4":"has-post-thumbnail","6":"product_brand-ulpmat","7":"product_cat-cible-de-pulverisation-ceramique","9":"first","10":"instock","11":"shipping-taxable","12":"product-type-variable"},"acf":[],"_links":{"self":[{"href":"https:\/\/ulpmat.com\/fr\/wp-json\/wp\/v2\/product\/20241","targetHints":{"allow":["GET"]}}],"collection":[{"href":"https:\/\/ulpmat.com\/fr\/wp-json\/wp\/v2\/product"}],"about":[{"href":"https:\/\/ulpmat.com\/fr\/wp-json\/wp\/v2\/types\/product"}],"wp:featuredmedia":[{"embeddable":true,"href":"https:\/\/ulpmat.com\/fr\/wp-json\/wp\/v2\/media\/13865"}],"wp:attachment":[{"href":"https:\/\/ulpmat.com\/fr\/wp-json\/wp\/v2\/media?parent=20241"}],"wp:term":[{"taxonomy":"product_brand","embeddable":true,"href":"https:\/\/ulpmat.com\/fr\/wp-json\/wp\/v2\/product_brand?post=20241"},{"taxonomy":"product_cat","embeddable":true,"href":"https:\/\/ulpmat.com\/fr\/wp-json\/wp\/v2\/product_cat?post=20241"},{"taxonomy":"product_tag","embeddable":true,"href":"https:\/\/ulpmat.com\/fr\/wp-json\/wp\/v2\/product_tag?post=20241"}],"curies":[{"name":"wp","href":"https:\/\/api.w.org\/{rel}","templated":true}]}}