{"id":20205,"date":"2025-09-30T16:33:24","date_gmt":"2025-09-30T08:33:24","guid":{"rendered":"https:\/\/ulpmat.com\/product\/tellurure-de-bismuth-et-dantimoine\/"},"modified":"2025-09-30T16:33:24","modified_gmt":"2025-09-30T08:33:24","slug":"tellurure-de-bismuth-et-dantimoine","status":"publish","type":"product","link":"https:\/\/ulpmat.com\/fr\/produit\/tellurure-de-bismuth-et-dantimoine\/","title":{"rendered":"Tellurure de bismuth et d&rsquo;antimoine"},"content":{"rendered":"<h2><span style=\"font-size: 14pt;\">Vue d&rsquo;ensemble des cibles de pulv\u00e9risation du tellurure de bismuth et d&rsquo;antimoine<\/span><\/h2>\n<p><span style=\"color: #0000ff;\"><a style=\"color: #0000ff;\" href=\"https:\/\/ulpmat.com\/fr\/recherche\/?type=name&#038;keyword=Bismuth+Antimony+Telluride\">Les cibles de pulv\u00e9risation de tellurure de bismuth et d&rsquo;antimoine<\/a><\/span> sont des mat\u00e9riaux fonctionnels de haute performance d\u00e9velopp\u00e9s pour les applications de couches minces dans les appareils thermo\u00e9lectriques et \u00e9lectroniques. Le contr\u00f4le pr\u00e9cis de leur composition et leur structure dense garantissent des performances thermo\u00e9lectriques stables et un excellent collage des films. La grande puret\u00e9 du mat\u00e9riau permet un processus de d\u00e9p\u00f4t avec peu de d\u00e9fauts et une grande r\u00e9gularit\u00e9.<\/p>\n<p>Nous proposons des cibles de pulv\u00e9risation de tellurure de bismuth et d&rsquo;antimoine de diff\u00e9rentes formes et tailles, y compris des structures rondes, rectangulaires et en anneau, et nous pouvons les personnaliser en fonction de vos besoins sp\u00e9cifiques. Nous fournissons \u00e9galement des services d&rsquo;assistance technique complets. Si vous avez des questions sur l&rsquo;utilisation ou les performances, n&rsquo;h\u00e9sitez pas \u00e0 <span style=\"color: #0000ff;\"><a style=\"color: #0000ff;\" href=\"https:\/\/ulpmat.com\/fr\/contactez-nous\/\">nous contacter<\/a><\/span>.<\/p>\n<h2><span style=\"font-size: 14pt;\">Points forts du produit<\/span><\/h2>\n<p>Contr\u00f4le pr\u00e9cis de la composition (rapport atomique Bi:Sb:Te r\u00e9glable)<br \/>\nFrittage dense \u00e0 haute densit\u00e9 pour un d\u00e9p\u00f4t uniforme<br \/>\n<span style=\"color: #0000ff;\"><a style=\"color: #0000ff;\" href=\"https:\/\/ulpmat.com\/fr\/service\/personnalisation\/\">Taille et formulation<\/a><\/span> personnalisables (type n et type p)<br \/>\nService de collage de cibles disponible<br \/>\nApplicable aux dispositifs thermo\u00e9lectriques, aux dispositifs micro\u00e9lectroniques \u00e0 couche mince et aux syst\u00e8mes MEMS<\/p>\n<h2><span style=\"font-size: 14pt;\">Applications de la cible de pulv\u00e9risation de tellurure de bismuth et d&rsquo;antimoine<\/span><\/h2>\n<p>Dispositifs thermo\u00e9lectriques : BiSbTe est l&rsquo;un des mat\u00e9riaux thermo\u00e9lectriques les plus efficaces \u00e0 temp\u00e9rature ambiante et peut \u00eatre utilis\u00e9 pour fabriquer des modules de refroidissement thermo\u00e9lectriques, des dispositifs de r\u00e9cup\u00e9ration d&rsquo;\u00e9nergie (TEG), etc.<br \/>\nEmballage micro\u00e9lectronique : convient \u00e0 la fabrication de capteurs de diff\u00e9rence de temp\u00e9rature de faible puissance, de dispositifs de refroidissement sur puce et d&rsquo;autres dispositifs fonctionnels.<br \/>\nDispositifs MEMS : utilis\u00e9s pour les micro-g\u00e9n\u00e9rateurs thermo\u00e9lectriques et les micro-refroidisseurs, avec une bonne compatibilit\u00e9 d&rsquo;int\u00e9gration et des performances de film stables.<br \/>\n\u00c9lectronique souple et dispositifs portables : excellente structure de film, adapt\u00e9e aux dispositifs thermo\u00e9lectriques pliables, am\u00e9liorant le confort et l&rsquo;efficacit\u00e9 \u00e9nerg\u00e9tique.<\/p>\n<h2><span style=\"font-size: 14pt;\">Rapport<\/span><\/h2>\n<p>Nous fournissons des certificats d&rsquo;analyse (COA) d\u00e9taill\u00e9s, des fiches de donn\u00e9es de s\u00e9curit\u00e9 (MSDS) et des rapports de test des composants pour chaque lot de produits. Si des essais par une tierce partie ou une v\u00e9rification de param\u00e8tres sp\u00e9ciaux sont n\u00e9cessaires, nous pouvons \u00e9galement fournir une assistance afin de garantir aux clients une assurance qualit\u00e9 fiable.<\/p>\n","protected":false},"excerpt":{"rendered":"<p>Vue d&rsquo;ensemble des cibles de pulv\u00e9risation du tellurure de bismuth et d&rsquo;antimoine Les cibles de pulv\u00e9risation de tellurure de bismuth et d&rsquo;antimoine sont des mat\u00e9riaux fonctionnels de haute performance d\u00e9velopp\u00e9s pour les applications de couches minces dans les appareils thermo\u00e9lectriques et \u00e9lectroniques. Le contr\u00f4le pr\u00e9cis de leur composition et leur structure dense garantissent des performances [&hellip;]<\/p>\n","protected":false},"featured_media":14331,"template":"","meta":{"_acf_changed":false},"product_brand":[132],"product_cat":[449],"product_tag":[],"class_list":{"0":"post-20205","1":"product","2":"type-product","3":"status-publish","4":"has-post-thumbnail","6":"product_brand-ulpmat","7":"product_cat-cible-de-pulverisation-ceramique","9":"first","10":"instock","11":"shipping-taxable","12":"product-type-variable"},"acf":[],"_links":{"self":[{"href":"https:\/\/ulpmat.com\/fr\/wp-json\/wp\/v2\/product\/20205","targetHints":{"allow":["GET"]}}],"collection":[{"href":"https:\/\/ulpmat.com\/fr\/wp-json\/wp\/v2\/product"}],"about":[{"href":"https:\/\/ulpmat.com\/fr\/wp-json\/wp\/v2\/types\/product"}],"wp:featuredmedia":[{"embeddable":true,"href":"https:\/\/ulpmat.com\/fr\/wp-json\/wp\/v2\/media\/14331"}],"wp:attachment":[{"href":"https:\/\/ulpmat.com\/fr\/wp-json\/wp\/v2\/media?parent=20205"}],"wp:term":[{"taxonomy":"product_brand","embeddable":true,"href":"https:\/\/ulpmat.com\/fr\/wp-json\/wp\/v2\/product_brand?post=20205"},{"taxonomy":"product_cat","embeddable":true,"href":"https:\/\/ulpmat.com\/fr\/wp-json\/wp\/v2\/product_cat?post=20205"},{"taxonomy":"product_tag","embeddable":true,"href":"https:\/\/ulpmat.com\/fr\/wp-json\/wp\/v2\/product_tag?post=20205"}],"curies":[{"name":"wp","href":"https:\/\/api.w.org\/{rel}","templated":true}]}}