{"id":19953,"date":"2025-10-10T15:22:57","date_gmt":"2025-10-10T07:22:57","guid":{"rendered":"https:\/\/ulpmat.com\/product\/iodure-de-plomb-2\/"},"modified":"2025-10-10T15:22:57","modified_gmt":"2025-10-10T07:22:57","slug":"iodure-de-plomb-2","status":"publish","type":"product","link":"https:\/\/ulpmat.com\/fr\/produit\/iodure-de-plomb-2\/","title":{"rendered":"Iodure de plomb"},"content":{"rendered":"<h2><span style=\"font-size: 14pt;\">Poudre d&rsquo;iodure de plomb Aper\u00e7u<\/span><\/h2>\n<p><span style=\"color: #0000ff;\"><a style=\"color: #0000ff;\" href=\"https:\/\/ulpmat.com\/fr\/recherche\/?type=name&#038;keyword=Lead+Iodide\">La poudre d&rsquo;iodure de plomb<\/a><\/span> est un oxyde de plomb de haute performance largement utilis\u00e9 en opto\u00e9lectronique, dans les cellules solaires, dans le d\u00e9p\u00f4t de couches minces et dans d&rsquo;autres industries chimiques. Ses excellentes propri\u00e9t\u00e9s \u00e9lectriques et opto\u00e9lectroniques en font un mat\u00e9riau cl\u00e9 dans de nombreuses industries de haute technologie.<\/p>\n<p>Nous fournissons des poudres d&rsquo;iodure de plomb avec diff\u00e9rentes sp\u00e9cifications et r\u00e9partitions granulom\u00e9triques afin de r\u00e9pondre aux diverses exigences techniques. En fonction de vos besoins sp\u00e9cifiques, nous pouvons \u00e9galement fournir des poudres d&rsquo;iodure de plomb <span style=\"color: #0000ff;\"><a style=\"color: #0000ff;\" href=\"https:\/\/ulpmat.com\/fr\/service\/personnalisation\/\">services<\/a> <\/span>services personnalis\u00e9s afin de garantir les meilleures performances.<\/p>\n<h2><span style=\"font-size: 14pt;\">Points forts du produit<\/span><\/h2>\n<p>Puret\u00e9 : 99,99 %<br \/>\nExcellentes performances opto\u00e9lectroniques, adapt\u00e9es aux cellules solaires et aux dispositifs opto\u00e9lectroniques<br \/>\nTaille et distribution des particules de poudre personnalisables<br \/>\nEmballage personnalisable<br \/>\nApplicable aux mat\u00e9riaux opto\u00e9lectroniques, aux dispositifs \u00e9lectroniques, au d\u00e9p\u00f4t de couches minces et \u00e0 d&rsquo;autres domaines<\/p>\n<h2><span style=\"font-size: 14pt;\">Applications de la poudre d&rsquo;iodure de plomb <\/span><\/h2>\n<p>Mat\u00e9riaux opto\u00e9lectroniques : En tant que mat\u00e9riau pour cellules photovolta\u00efques, il poss\u00e8de de bonnes propri\u00e9t\u00e9s d&rsquo;absorption de la lumi\u00e8re et est largement utilis\u00e9 dans les cellules solaires et les dispositifs opto\u00e9lectroniques.<br \/>\nD\u00e9p\u00f4t de couches minces : utilis\u00e9 pour le d\u00e9p\u00f4t de couches minces de mat\u00e9riaux opto\u00e9lectroniques, offrant une efficacit\u00e9 de conversion photo\u00e9lectrique de haute qualit\u00e9.<br \/>\nDispositifs \u00e9lectroniques : utilis\u00e9s dans les dispositifs semi-conducteurs, les mat\u00e9riaux optiques et les batteries, avec une bonne conductivit\u00e9 \u00e9lectrique.<br \/>\nCatalyseurs : utilis\u00e9s pour les r\u00e9actions catalytiques, en particulier dans la synth\u00e8se chimique et la catalyse environnementale.<\/p>\n<h2><span style=\"font-size: 14pt;\">Rapports<\/span><\/h2>\n<p>Nous fournissons un certificat d&rsquo;analyse (COA), une fiche de donn\u00e9es de s\u00e9curit\u00e9 (MSDS) et d&rsquo;autres rapports pertinents pour chaque lot de poudre de PbI2. En outre, nous prenons \u00e9galement en charge les tests effectu\u00e9s par des tiers afin d&rsquo;am\u00e9liorer l&rsquo;assurance qualit\u00e9 et de garantir la stabilit\u00e9 et la fiabilit\u00e9 du produit.<\/p>\n","protected":false},"excerpt":{"rendered":"<p>Poudre d&rsquo;iodure de plomb Aper\u00e7u La poudre d&rsquo;iodure de plomb est un oxyde de plomb de haute performance largement utilis\u00e9 en opto\u00e9lectronique, dans les cellules solaires, dans le d\u00e9p\u00f4t de couches minces et dans d&rsquo;autres industries chimiques. Ses excellentes propri\u00e9t\u00e9s \u00e9lectriques et opto\u00e9lectroniques en font un mat\u00e9riau cl\u00e9 dans de nombreuses industries de haute technologie. [&hellip;]<\/p>\n","protected":false},"featured_media":14248,"template":"","meta":{"_acf_changed":false},"product_brand":[132],"product_cat":[313],"product_tag":[],"class_list":{"0":"post-19953","1":"product","2":"type-product","3":"status-publish","4":"has-post-thumbnail","6":"product_brand-ulpmat","7":"product_cat-materiaux-halogenes","9":"first","10":"instock","11":"shipping-taxable","12":"product-type-variable"},"acf":[],"_links":{"self":[{"href":"https:\/\/ulpmat.com\/fr\/wp-json\/wp\/v2\/product\/19953","targetHints":{"allow":["GET"]}}],"collection":[{"href":"https:\/\/ulpmat.com\/fr\/wp-json\/wp\/v2\/product"}],"about":[{"href":"https:\/\/ulpmat.com\/fr\/wp-json\/wp\/v2\/types\/product"}],"wp:featuredmedia":[{"embeddable":true,"href":"https:\/\/ulpmat.com\/fr\/wp-json\/wp\/v2\/media\/14248"}],"wp:attachment":[{"href":"https:\/\/ulpmat.com\/fr\/wp-json\/wp\/v2\/media?parent=19953"}],"wp:term":[{"taxonomy":"product_brand","embeddable":true,"href":"https:\/\/ulpmat.com\/fr\/wp-json\/wp\/v2\/product_brand?post=19953"},{"taxonomy":"product_cat","embeddable":true,"href":"https:\/\/ulpmat.com\/fr\/wp-json\/wp\/v2\/product_cat?post=19953"},{"taxonomy":"product_tag","embeddable":true,"href":"https:\/\/ulpmat.com\/fr\/wp-json\/wp\/v2\/product_tag?post=19953"}],"curies":[{"name":"wp","href":"https:\/\/api.w.org\/{rel}","templated":true}]}}