{"id":19318,"date":"2025-10-15T14:49:42","date_gmt":"2025-10-15T06:49:42","guid":{"rendered":"https:\/\/ulpmat.com\/product\/rhenium-metal-4\/"},"modified":"2025-10-15T14:49:42","modified_gmt":"2025-10-15T06:49:42","slug":"rhenium-metal-4","status":"publish","type":"product","link":"https:\/\/ulpmat.com\/fr\/produit\/rhenium-metal-4\/","title":{"rendered":"Rh\u00e9nium m\u00e9tal"},"content":{"rendered":"<h2><span style=\"font-size: 14pt;\">Granul\u00e9s de rh\u00e9nium m\u00e9tal Aper\u00e7u<\/span><\/h2>\n<p><span style=\"color: #0000ff;\"><a style=\"color: #0000ff;\" href=\"https:\/\/ulpmat.com\/fr\/recherche\/?type=name&#038;keyword=Rhenium+metal\"> Les granul\u00e9s de rh\u00e9nium m\u00e9tal<\/a> <\/span>sont des mati\u00e8res premi\u00e8res m\u00e9talliques de haute puret\u00e9 con\u00e7ues pour le d\u00e9veloppement de mat\u00e9riaux avanc\u00e9s et les applications haut de gamme. Son point de fusion \u00e9lev\u00e9, son excellente r\u00e9sistance aux temp\u00e9ratures \u00e9lev\u00e9es et \u00e0 la corrosion en font un mat\u00e9riau cl\u00e9 indispensable dans l&rsquo;a\u00e9rospatiale, l&rsquo;\u00e9lectronique, le rev\u00eatement sous vide et d&rsquo;autres domaines.<\/p>\n<p>Nous fournissons des granul\u00e9s de rh\u00e9nium m\u00e9tal dans une large gamme de tailles de particules afin de r\u00e9pondre aux diff\u00e9rentes exigences des processus. Dans le m\u00eame temps, nous assurons un conditionnement et un emballage \u00e0 la demande afin de nous adapter aux besoins des diff\u00e9rents laboratoires ou applications industrielles.<\/p>\n<h2><span style=\"font-size: 14pt;\">Points forts du produit<\/span><\/h2>\n<p>Puret\u00e9 : 99,9<br \/>\nPoint de fusion \u00e9lev\u00e9 (3186\u00b0C), adapt\u00e9 aux applications \u00e0 tr\u00e8s haute temp\u00e9rature<br \/>\nExcellente r\u00e9sistance \u00e0 l&rsquo;oxydation et \u00e0 la corrosion<br \/>\nParticules uniformes, bonne fluidit\u00e9, facile \u00e0 alimenter<br \/>\n<span style=\"color: #0000ff;\"><a style=\"color: #0000ff;\" href=\"https:\/\/ulpmat.com\/fr\/service\/personnalisation\/\">Taille des particules et<\/a> <\/span>taille des particules et conditionnement<\/p>\n<h2><span style=\"font-size: 14pt;\">Applications des granul\u00e9s de rh\u00e9nium m\u00e9tal<\/span><\/h2>\n<p>A\u00e9rospatiale et moteurs a\u00e9rospatiaux : renforcement des alliages \u00e0 haute temp\u00e9rature, am\u00e9lioration de la durabilit\u00e9 et de la stabilit\u00e9 thermique.<br \/>\nAppareils \u00e9lectroniques : excellentes performances dans les tubes \u00e0 vide, les thermocouples et les emballages micro\u00e9lectroniques.<br \/>\nRev\u00eatements et enduits : en tant qu&rsquo;additif sp\u00e9cial pour rev\u00eatements, il am\u00e9liore la r\u00e9sistance \u00e0 la corrosion et l&rsquo;adh\u00e9rence du rev\u00eatement.<br \/>\nCatalyseur : dans les r\u00e9actions d&rsquo;hydrocraquage du p\u00e9trole, le rh\u00e9nium est largement utilis\u00e9 comme composant de catalyseur \u00e0 haut rendement.<\/p>\n<h2><span style=\"font-size: 14pt;\">Rapports<\/span><\/h2>\n<p>Nous fournissons des <span style=\"color: #0000ff;\"><a style=\"color: #0000ff;\" href=\"https:\/\/ulpmat.com\/fr\/service\/analyse-chimique\/\">Certificat d&rsquo;analyse (COA)<\/a><\/span>des fiches de donn\u00e9es de s\u00e9curit\u00e9 (FDS) et des rapports d&rsquo;inspection connexes pour chaque lot de particules de rh\u00e9nium. Nous pouvons \u00e9galement fournir des r\u00e9sultats de tests effectu\u00e9s par des tiers \u00e0 la demande du client afin de garantir une qualit\u00e9 fiable.<\/p>\n","protected":false},"excerpt":{"rendered":"<p>Granul\u00e9s de rh\u00e9nium m\u00e9tal Aper\u00e7u Les granul\u00e9s de rh\u00e9nium m\u00e9tal sont des mati\u00e8res premi\u00e8res m\u00e9talliques de haute puret\u00e9 con\u00e7ues pour le d\u00e9veloppement de mat\u00e9riaux avanc\u00e9s et les applications haut de gamme. Son point de fusion \u00e9lev\u00e9, son excellente r\u00e9sistance aux temp\u00e9ratures \u00e9lev\u00e9es et \u00e0 la corrosion en font un mat\u00e9riau cl\u00e9 indispensable dans l&rsquo;a\u00e9rospatiale, l&rsquo;\u00e9lectronique, [&hellip;]<\/p>\n","protected":false},"featured_media":19319,"template":"","meta":{"_acf_changed":false},"product_brand":[132],"product_cat":[296],"product_tag":[],"class_list":{"0":"post-19318","1":"product","2":"type-product","3":"status-publish","4":"has-post-thumbnail","6":"product_brand-ulpmat","7":"product_cat-materiaux-devaporation","9":"first","10":"instock","11":"shipping-taxable","12":"product-type-variable"},"acf":[],"_links":{"self":[{"href":"https:\/\/ulpmat.com\/fr\/wp-json\/wp\/v2\/product\/19318","targetHints":{"allow":["GET"]}}],"collection":[{"href":"https:\/\/ulpmat.com\/fr\/wp-json\/wp\/v2\/product"}],"about":[{"href":"https:\/\/ulpmat.com\/fr\/wp-json\/wp\/v2\/types\/product"}],"wp:featuredmedia":[{"embeddable":true,"href":"https:\/\/ulpmat.com\/fr\/wp-json\/wp\/v2\/media\/19319"}],"wp:attachment":[{"href":"https:\/\/ulpmat.com\/fr\/wp-json\/wp\/v2\/media?parent=19318"}],"wp:term":[{"taxonomy":"product_brand","embeddable":true,"href":"https:\/\/ulpmat.com\/fr\/wp-json\/wp\/v2\/product_brand?post=19318"},{"taxonomy":"product_cat","embeddable":true,"href":"https:\/\/ulpmat.com\/fr\/wp-json\/wp\/v2\/product_cat?post=19318"},{"taxonomy":"product_tag","embeddable":true,"href":"https:\/\/ulpmat.com\/fr\/wp-json\/wp\/v2\/product_tag?post=19318"}],"curies":[{"name":"wp","href":"https:\/\/api.w.org\/{rel}","templated":true}]}}