{"id":17226,"date":"2025-10-20T17:39:58","date_gmt":"2025-10-20T09:39:58","guid":{"rendered":"https:\/\/ulpmat.com\/product\/phosphure-de-tantale\/"},"modified":"2025-10-20T17:39:58","modified_gmt":"2025-10-20T09:39:58","slug":"phosphure-de-tantale","status":"publish","type":"product","link":"https:\/\/ulpmat.com\/fr\/produit\/phosphure-de-tantale\/","title":{"rendered":"Phosphure de tantale"},"content":{"rendered":"<h2><span style=\"font-size: 14pt;\">Aper\u00e7u de la poudre de phosphure de tantale<\/span><\/h2>\n<p><span style=\"color: #0000ff;\"><a style=\"color: #0000ff;\" href=\"https:\/\/ulpmat.com\/fr\/recherche\/?type=name&#038;keyword=Tantalum+Phosphide\">La poudre de phosphure de tantale<\/a><\/span> est un mat\u00e9riau fonctionnel de haute performance, dot\u00e9 d&rsquo;excellentes propri\u00e9t\u00e9s \u00e9lectriques et d&rsquo;une grande stabilit\u00e9 chimique. Elle pr\u00e9sente une grande puret\u00e9 et des particules uniformes, et convient aux dispositifs \u00e9lectroniques, au carbure c\u00e9ment\u00e9 et aux mat\u00e9riaux r\u00e9sistants \u00e0 l&rsquo;usure \u00e0 haute temp\u00e9rature.<\/p>\n<p>Nous fournissons de la poudre de phosphure de tantale avec diff\u00e9rentes tailles de particules pour r\u00e9pondre aux diff\u00e9rentes exigences des processus, et nous pouvons personnaliser l&#8217;emballage et l&rsquo;assistance technique en fonction des besoins des clients. Nous fournissons \u00e9galement un service apr\u00e8s-vente complet. Si vous avez des questions, n&rsquo;h\u00e9sitez pas \u00e0 nous c<span style=\"color: #0000ff;\"><a style=\"color: #0000ff;\" href=\"https:\/\/ulpmat.com\/fr\/contactez-nous\/\">ontactez-nous.<\/a><\/span><\/p>\n<h2><span style=\"font-size: 14pt;\">Points forts du produit<\/span><\/h2>\n<p>Puret\u00e9 : 99,9%<br \/>\nHaute densit\u00e9, particules uniformes, faciles \u00e0 disperser uniform\u00e9ment<br \/>\n<span style=\"color: #0000ff;\"><a style=\"color: #0000ff;\" href=\"https:\/\/ulpmat.com\/fr\/service\/personnalisation\/\">Personnalisable<\/a><\/span> distribution de la taille des particules et sp\u00e9cifications d&#8217;emballage<br \/>\nConvient \u00e0 la fabrication d&rsquo;appareils \u00e9lectroniques, \u00e0 la pr\u00e9paration de carbure c\u00e9ment\u00e9 et aux rev\u00eatements r\u00e9sistants \u00e0 l&rsquo;usure \u00e0 haute temp\u00e9rature<\/p>\n<h2><span style=\"font-size: 14pt;\">Applications de la poudre de phosphure de tantale<\/span><\/h2>\n<p>Appareils \u00e9lectroniques : utilis\u00e9 comme composant cl\u00e9 dans les semi-conducteurs et les mat\u00e9riaux supraconducteurs, pr\u00e9sentant une bonne conductivit\u00e9 et une bonne stabilit\u00e9 thermique.<br \/>\nCarbure c\u00e9ment\u00e9 : Mati\u00e8re premi\u00e8re importante pour le carbure c\u00e9ment\u00e9 \u00e0 base de tantale, il am\u00e9liore la duret\u00e9 et la r\u00e9sistance \u00e0 l&rsquo;usure du mat\u00e9riau.<br \/>\nRev\u00eatement haute temp\u00e9rature : utilis\u00e9 pour les rev\u00eatements protecteurs dans les environnements \u00e0 haute temp\u00e9rature afin d&rsquo;am\u00e9liorer la dur\u00e9e de vie et la stabilit\u00e9 des \u00e9quipements.<br \/>\nMat\u00e9riau catalytique : support pour certains catalyseurs synth\u00e9tiques, pr\u00e9sentant une bonne stabilit\u00e9 chimique et une bonne activit\u00e9 catalytique.<\/p>\n<h2><span style=\"font-size: 14pt;\">Rapports<\/span><\/h2>\n<p>Nous fournissons des rapports d\u00e9taill\u00e9s <span style=\"color: #0000ff;\"><a style=\"color: #0000ff;\" href=\"https:\/\/ulpmat.com\/fr\/service\/analyse-chimique\/\">Certificat d&rsquo;analyse (COA)<\/a><\/span>des fiches de donn\u00e9es de s\u00e9curit\u00e9 (FDS) et des rapports d&rsquo;essai connexes pour chaque lot de marchandises afin de garantir la stabilit\u00e9 et la fiabilit\u00e9 de la qualit\u00e9 des produits. Nous prenons \u00e9galement en charge les services d&rsquo;essai de tiers afin de renforcer la confiance des clients.<\/p>\n","protected":false},"excerpt":{"rendered":"<p>Aper\u00e7u de la poudre de phosphure de tantale La poudre de phosphure de tantale est un mat\u00e9riau fonctionnel de haute performance, dot\u00e9 d&rsquo;excellentes propri\u00e9t\u00e9s \u00e9lectriques et d&rsquo;une grande stabilit\u00e9 chimique. Elle pr\u00e9sente une grande puret\u00e9 et des particules uniformes, et convient aux dispositifs \u00e9lectroniques, au carbure c\u00e9ment\u00e9 et aux mat\u00e9riaux r\u00e9sistants \u00e0 l&rsquo;usure \u00e0 haute [&hellip;]<\/p>\n","protected":false},"featured_media":17227,"template":"","meta":{"_acf_changed":false},"product_brand":[132],"product_cat":[1190],"product_tag":[],"class_list":{"0":"post-17226","1":"product","2":"type-product","3":"status-publish","4":"has-post-thumbnail","6":"product_brand-ulpmat","7":"product_cat-materiaux-phosphores","9":"first","10":"instock","11":"shipping-taxable","12":"product-type-variable"},"acf":[],"_links":{"self":[{"href":"https:\/\/ulpmat.com\/fr\/wp-json\/wp\/v2\/product\/17226","targetHints":{"allow":["GET"]}}],"collection":[{"href":"https:\/\/ulpmat.com\/fr\/wp-json\/wp\/v2\/product"}],"about":[{"href":"https:\/\/ulpmat.com\/fr\/wp-json\/wp\/v2\/types\/product"}],"wp:featuredmedia":[{"embeddable":true,"href":"https:\/\/ulpmat.com\/fr\/wp-json\/wp\/v2\/media\/17227"}],"wp:attachment":[{"href":"https:\/\/ulpmat.com\/fr\/wp-json\/wp\/v2\/media?parent=17226"}],"wp:term":[{"taxonomy":"product_brand","embeddable":true,"href":"https:\/\/ulpmat.com\/fr\/wp-json\/wp\/v2\/product_brand?post=17226"},{"taxonomy":"product_cat","embeddable":true,"href":"https:\/\/ulpmat.com\/fr\/wp-json\/wp\/v2\/product_cat?post=17226"},{"taxonomy":"product_tag","embeddable":true,"href":"https:\/\/ulpmat.com\/fr\/wp-json\/wp\/v2\/product_tag?post=17226"}],"curies":[{"name":"wp","href":"https:\/\/api.w.org\/{rel}","templated":true}]}}