{"id":17076,"date":"2025-10-20T17:39:59","date_gmt":"2025-10-20T09:39:59","guid":{"rendered":"https:\/\/ulpmat.com\/product\/tellurure-de-tantale-2\/"},"modified":"2025-10-20T17:39:59","modified_gmt":"2025-10-20T09:39:59","slug":"tellurure-de-tantale-2","status":"publish","type":"product","link":"https:\/\/ulpmat.com\/fr\/produit\/tellurure-de-tantale-2\/","title":{"rendered":"Tellurure de tantale"},"content":{"rendered":"<h2><span style=\"font-size: 14pt;\">Poudre de tellurure de tantale Aper\u00e7u<\/span><\/h2>\n<p><span style=\"color: #0000ff;\"><a style=\"color: #0000ff;\" href=\"https:\/\/ulpmat.com\/fr\/recherche\/?type=name&#038;keyword=Tantalum+Telluride\">La poudre de tellurure de tantale<\/a><\/span> est un tellurure de m\u00e9tal de transition haute performance \u00e0 structure stratifi\u00e9e, largement utilis\u00e9 dans des domaines de pointe tels que la conversion d&rsquo;\u00e9nergie, les dispositifs \u00e9lectroniques, les dispositifs opto\u00e9lectroniques et la catalyse. Nous fournissons de la poudre de tellurure de tantale de haute puret\u00e9 avec un excellent contr\u00f4le de la taille des particules et une grande stabilit\u00e9 chimique, convenant \u00e0 diverses recherches scientifiques et utilisations industrielles.<\/p>\n<p>Nous pouvons fournir diff\u00e9rentes distributions granulom\u00e9triques et m\u00e9thodes d&#8217;emballage en fonction des besoins du client <span style=\"color: #0000ff;\"><a style=\"color: #0000ff;\" href=\"https:\/\/ulpmat.com\/fr\/service\/personnalisation\/\">production<\/a><\/span> nous pouvons fournir diff\u00e9rentes distributions granulom\u00e9triques et m\u00e9thodes d&#8217;emballage en fonction des besoins du client, prendre en charge la production personnalis\u00e9e et veiller \u00e0 ce que les performances du mat\u00e9riau et l&rsquo;application soient parfaitement adapt\u00e9es.<\/p>\n<h2><span style=\"font-size: 14pt;\">Points forts du produit<\/span><\/h2>\n<p>Puret\u00e9 : 99,9<br \/>\nTaille des particules : personnalisable<br \/>\nStructure stable, d\u00e9collement facile des cristaux en couches<br \/>\nBonne conductivit\u00e9 et stabilit\u00e9 thermique<br \/>\nConvient \u00e0 une utilisation sous protection atmosph\u00e9rique<br \/>\nPrise en charge des m\u00e9thodes d&#8217;emballage et de traitement personnalis\u00e9es<\/p>\n<h2><span style=\"font-size: 14pt;\">Applications de la poudre de tellurure de tantale<\/span><\/h2>\n<p>Mat\u00e9riaux \u00e9lectroniques et opto\u00e9lectroniques : utilis\u00e9s pour les dispositifs \u00e9lectroniques bidimensionnels, les transistors \u00e0 effet de champ (FET), les mat\u00e9riaux optiques non lin\u00e9aires, etc.<br \/>\nMat\u00e9riaux thermo\u00e9lectriques : Gr\u00e2ce \u00e0 leurs propri\u00e9t\u00e9s particuli\u00e8res de transport \u00e9lectrothermique, ils peuvent \u00eatre utilis\u00e9s pour d\u00e9velopper des dispositifs thermo\u00e9lectriques \u00e0 haute performance.<br \/>\nMat\u00e9riaux \u00e9nerg\u00e9tiques : utilis\u00e9s comme mat\u00e9riaux d&rsquo;\u00e9lectrode dans les batteries lithium-ion\/sodium-ion.<br \/>\nSupports de catalyseurs : utilis\u00e9s pour la construction de sites actifs de r\u00e9action en \u00e9lectrocatalyse et photocatalyse.<br \/>\nObjet de la recherche : syst\u00e8me mod\u00e8le de mat\u00e9riaux en couches bidimensionnelles dans la recherche en physique des mat\u00e9riaux et en nanotechnologie.<\/p>\n<h2><span style=\"font-size: 14pt;\">Rapport<\/span><\/h2>\n<p>Nous fournissons un <span style=\"color: #0000ff;\"><a style=\"color: #0000ff;\" href=\"https:\/\/ulpmat.com\/fr\/service\/analyse-chimique\/\">Certificat d&rsquo;analyse (COA)<\/a><\/span>une fiche de donn\u00e9es de s\u00e9curit\u00e9 (MSDS) et un diagramme de distribution de la taille des particules pour chaque lot de poudre de tellurure de tantale. Nous soutenons les services d&rsquo;essai de tiers pour garantir l&rsquo;authenticit\u00e9 et la fiabilit\u00e9 de la qualit\u00e9 des mat\u00e9riaux.<\/p>\n","protected":false},"excerpt":{"rendered":"<p>Poudre de tellurure de tantale Aper\u00e7u La poudre de tellurure de tantale est un tellurure de m\u00e9tal de transition haute performance \u00e0 structure stratifi\u00e9e, largement utilis\u00e9 dans des domaines de pointe tels que la conversion d&rsquo;\u00e9nergie, les dispositifs \u00e9lectroniques, les dispositifs opto\u00e9lectroniques et la catalyse. Nous fournissons de la poudre de tellurure de tantale de [&hellip;]<\/p>\n","protected":false},"featured_media":17053,"template":"","meta":{"_acf_changed":false},"product_brand":[132],"product_cat":[668,1087],"product_tag":[],"class_list":{"0":"post-17076","1":"product","2":"type-product","3":"status-publish","4":"has-post-thumbnail","6":"product_brand-ulpmat","7":"product_cat-materiaux-de-chalcogenure","8":"product_cat-materiaux-de-chalcogenure-fr","10":"first","11":"instock","12":"shipping-taxable","13":"product-type-variable"},"acf":[],"_links":{"self":[{"href":"https:\/\/ulpmat.com\/fr\/wp-json\/wp\/v2\/product\/17076","targetHints":{"allow":["GET"]}}],"collection":[{"href":"https:\/\/ulpmat.com\/fr\/wp-json\/wp\/v2\/product"}],"about":[{"href":"https:\/\/ulpmat.com\/fr\/wp-json\/wp\/v2\/types\/product"}],"wp:featuredmedia":[{"embeddable":true,"href":"https:\/\/ulpmat.com\/fr\/wp-json\/wp\/v2\/media\/17053"}],"wp:attachment":[{"href":"https:\/\/ulpmat.com\/fr\/wp-json\/wp\/v2\/media?parent=17076"}],"wp:term":[{"taxonomy":"product_brand","embeddable":true,"href":"https:\/\/ulpmat.com\/fr\/wp-json\/wp\/v2\/product_brand?post=17076"},{"taxonomy":"product_cat","embeddable":true,"href":"https:\/\/ulpmat.com\/fr\/wp-json\/wp\/v2\/product_cat?post=17076"},{"taxonomy":"product_tag","embeddable":true,"href":"https:\/\/ulpmat.com\/fr\/wp-json\/wp\/v2\/product_tag?post=17076"}],"curies":[{"name":"wp","href":"https:\/\/api.w.org\/{rel}","templated":true}]}}