{"id":16824,"date":"2025-10-21T14:25:45","date_gmt":"2025-10-21T06:25:45","guid":{"rendered":"https:\/\/ulpmat.com\/product\/hafnium-metal\/"},"modified":"2025-10-21T14:25:45","modified_gmt":"2025-10-21T06:25:45","slug":"hafnium-metal","status":"publish","type":"product","link":"https:\/\/ulpmat.com\/fr\/produit\/hafnium-metal\/","title":{"rendered":"Hafnium m\u00e9tal"},"content":{"rendered":"<h2><span style=\"font-size: 14pt;\">Cibles de pulv\u00e9risation cathodique en m\u00e9tal hafnium Vue d&rsquo;ensemble<\/span><\/h2>\n<p><span style=\"color: #0000ff;\"><a style=\"color: #0000ff;\" href=\"https:\/\/ulpmat.com\/fr\/recherche\/?type=name&#038;keyword=Hafnium+metal\"> Les cibles de pulv\u00e9risation<\/a><\/span> sont des mat\u00e9riaux de haute performance con\u00e7us sp\u00e9cifiquement pour les processus de d\u00e9p\u00f4t de couches minces. D&rsquo;une puret\u00e9 de 99,9 %, elles offrent une stabilit\u00e9 thermique, une densit\u00e9 et une r\u00e9sistance excellentes, garantissant un d\u00e9p\u00f4t uniforme de couches minces, une forte adh\u00e9rence et des niveaux d&rsquo;impuret\u00e9 extr\u00eamement faibles.<\/p>\n<p>Nous proposons des cibles de pulv\u00e9risation de m\u00e9tal Hafnium dans une vari\u00e9t\u00e9 de formes et de tailles, y compris rondes, rectangulaires et personnalis\u00e9es, afin de r\u00e9pondre aux besoins sp\u00e9cifiques de nos clients. Nous fournissons \u00e9galement un service apr\u00e8s-vente complet ; n&rsquo;h\u00e9sitez pas \u00e0 <span style=\"color: #0000ff;\"><a style=\"color: #0000ff;\" href=\"https:\/\/ulpmat.com\/fr\/contactez-nous\/\">n&rsquo;h\u00e9sitez pas \u00e0 nous contacter<\/a><\/span> n&rsquo;h\u00e9sitez pas \u00e0 nous contacter si vous avez des questions.<\/p>\n<h2><span style=\"font-size: 14pt;\">Points forts du produit<\/span><\/h2>\n<p>Puret\u00e9 : 99,9<\/p>\n<p>La densit\u00e9 \u00e9lev\u00e9e garantit un d\u00e9p\u00f4t uniforme de couches minces<\/p>\n<p>Grande r\u00e9sistance et stabilit\u00e9 thermique pour les applications de pulv\u00e9risation \u00e0 haute puissance<\/p>\n<p>Tailles et formes personnalisables<\/p>\n<p><span style=\"color: #0000ff;\"><a style=\"color: #0000ff;\" href=\"https:\/\/ulpmat.com\/fr\/service\/collage-des-cibles\/\">Collage de cibles<\/a> <\/span>services disponibles<\/p>\n<p>Convient aux applications dans les semi-conducteurs, les rev\u00eatements optiques, l&rsquo;a\u00e9rospatiale et d&rsquo;autres domaines<\/p>\n<h2><span style=\"font-size: 14pt;\">Applications de la cible de pulv\u00e9risation du m\u00e9tal Hafnium<\/span><\/h2>\n<p><span style=\"color: #0000ff;\"><a style=\"color: #0000ff;\" href=\"https:\/\/ulpmat.com\/fr\/candidature\/materiaux-semi-conducteurs\/\">Semi-conducteurs :<\/a><\/span> Utilis\u00e9e pour le d\u00e9p\u00f4t de couches minces \u00e0 haute temp\u00e9rature et \u00e0 haute puissance, telles que les \u00e9lectrodes et les couches de contact.<\/p>\n<p>Rev\u00eatements optiques : Utilis\u00e9s pour former des films minces hautement r\u00e9fl\u00e9chissants et de grande duret\u00e9 pour des applications telles que les composants optiques et les miroirs. A\u00e9rospatiale : Les cibles de pulv\u00e9risation Hf offrent une excellente r\u00e9sistance \u00e0 la corrosion et des performances \u00e0 haute temp\u00e9rature dans des environnements \u00e0 haute temp\u00e9rature et \u00e0 haute pression, ce qui les rend largement utilis\u00e9es dans les rev\u00eatements a\u00e9rospatiaux.<br \/>\n\u00c9lectricit\u00e9 et \u00e9nergie : Elles offrent une stabilit\u00e9 et une fiabilit\u00e9 exceptionnelles dans des applications telles que les films solaires et les films fonctionnels.<\/p>\n<h2><span style=\"font-size: 14pt;\">Rapports<\/span><\/h2>\n<p>Nous fournissons un <span style=\"color: #0000ff;\"><a style=\"color: #0000ff;\" href=\"https:\/\/ulpmat.com\/fr\/service\/analyse-chimique\/\">Certificat d&rsquo;analyse (COA)<\/a><\/span>une fiche de donn\u00e9es de s\u00e9curit\u00e9 (FDS) et d&rsquo;autres rapports pertinents avec chaque envoi. Nous prenons \u00e9galement en charge les tests effectu\u00e9s par des tiers afin d&rsquo;am\u00e9liorer l&rsquo;assurance qualit\u00e9 des produits.<\/p>\n","protected":false},"excerpt":{"rendered":"<p>Cibles de pulv\u00e9risation cathodique en m\u00e9tal hafnium Vue d&rsquo;ensemble Les cibles de pulv\u00e9risation sont des mat\u00e9riaux de haute performance con\u00e7us sp\u00e9cifiquement pour les processus de d\u00e9p\u00f4t de couches minces. D&rsquo;une puret\u00e9 de 99,9 %, elles offrent une stabilit\u00e9 thermique, une densit\u00e9 et une r\u00e9sistance excellentes, garantissant un d\u00e9p\u00f4t uniforme de couches minces, une forte adh\u00e9rence [&hellip;]<\/p>\n","protected":false},"featured_media":16825,"template":"","meta":{"_acf_changed":false},"product_brand":[132],"product_cat":[274],"product_tag":[],"class_list":{"0":"post-16824","1":"product","2":"type-product","3":"status-publish","4":"has-post-thumbnail","6":"product_brand-ulpmat","7":"product_cat-cible-de-pulverisation-metallique","9":"first","10":"instock","11":"shipping-taxable","12":"product-type-variable"},"acf":[],"_links":{"self":[{"href":"https:\/\/ulpmat.com\/fr\/wp-json\/wp\/v2\/product\/16824","targetHints":{"allow":["GET"]}}],"collection":[{"href":"https:\/\/ulpmat.com\/fr\/wp-json\/wp\/v2\/product"}],"about":[{"href":"https:\/\/ulpmat.com\/fr\/wp-json\/wp\/v2\/types\/product"}],"wp:featuredmedia":[{"embeddable":true,"href":"https:\/\/ulpmat.com\/fr\/wp-json\/wp\/v2\/media\/16825"}],"wp:attachment":[{"href":"https:\/\/ulpmat.com\/fr\/wp-json\/wp\/v2\/media?parent=16824"}],"wp:term":[{"taxonomy":"product_brand","embeddable":true,"href":"https:\/\/ulpmat.com\/fr\/wp-json\/wp\/v2\/product_brand?post=16824"},{"taxonomy":"product_cat","embeddable":true,"href":"https:\/\/ulpmat.com\/fr\/wp-json\/wp\/v2\/product_cat?post=16824"},{"taxonomy":"product_tag","embeddable":true,"href":"https:\/\/ulpmat.com\/fr\/wp-json\/wp\/v2\/product_tag?post=16824"}],"curies":[{"name":"wp","href":"https:\/\/api.w.org\/{rel}","templated":true}]}}